{"id":15637,"date":"2023-10-15T06:54:15","date_gmt":"2023-10-15T06:54:15","guid":{"rendered":"https:\/\/beurswand.nl\/product\/messestand-gestaltung-63\/"},"modified":"2025-03-13T09:33:23","modified_gmt":"2025-03-13T09:33:23","slug":"messestand-gestaltung-63","status":"publish","type":"product","link":"https:\/\/beurswand2026.webdeveloperz.nl\/de\/product\/messestand-gestaltung-63\/","title":{"rendered":"Messestand Design 63"},"content":{"rendered":"<p><strong>Exklusives Messestanddesign 63: Hinterlassen Sie einen unvergesslichen Eindruck!<\/strong><\/p>\n<p>Betreten Sie die B\u00fchne des Erfolgs mit unserem neuesten Messestanddesign 63. Mit einer gro\u00dfz\u00fcgigen Fl\u00e4che von 336 m\u00b2 wird jeder Winkel Ihrer Marke oder Ihres Unternehmens hervorgehoben. Das Design dieses Inselstandes bietet eine 360\u00b0-Sichtbarkeit, ideal f\u00fcr dynamische Veranstaltungen.<\/p>\n<p>Verleihen Sie der fortschrittlichen LED-Wand einen Hauch von Technologie: perfekt f\u00fcr die Anzeige von Videos, Pr\u00e4sentationen oder dynamischem Bildmaterial. Die robuste Fachwerkstruktur sorgt f\u00fcr Stabilit\u00e4t und ein professionelles Aussehen. Und nicht zu vergessen, eine praktische Speisekammer, um Ihr Team und Ihre Besucher mit Erfrischungen und Getr\u00e4nken zu versorgen.<\/p>\n<p>Dies ist nur ein kleiner Vorgeschmack auf das, was m\u00f6glich ist! Jedes Design kann ganz nach Ihren W\u00fcnschen gestaltet werden. Neugierig auf die M\u00f6glichkeiten? F\u00fcllen Sie das untenstehende Kontaktformular aus und erfahren Sie, was wir f\u00fcr Sie tun k\u00f6nnen!<\/p>\n","protected":false},"excerpt":{"rendered":"<p>Exklusives Messestanddesign 63: Hinterlassen Sie einen unvergesslichen Eindruck! Betreten Sie die B\u00fchne des Erfolgs mit unserem neuesten Messestanddesign 63. Mit einer gro\u00dfz\u00fcgigen Fl\u00e4che von 336 m\u00b2 wird jeder Winkel Ihrer Marke oder Ihres Unternehmens hervorgehoben. Das Design dieses Inselstandes bietet eine 360\u00b0-Sichtbarkeit, ideal f\u00fcr dynamische Veranstaltungen. Verleihen Sie der fortschrittlichen LED-Wand einen Hauch von Technologie: [&hellip;]<\/p>\n","protected":false},"featured_media":11614,"comment_status":"closed","ping_status":"open","template":"","meta":{"_acf_changed":false,"site-sidebar-layout":"default","site-content-layout":"","ast-site-content-layout":"default","site-content-style":"default","site-sidebar-style":"default","ast-global-header-display":"","ast-banner-title-visibility":"","ast-main-header-display":"","ast-hfb-above-header-display":"","ast-hfb-below-header-display":"","ast-hfb-mobile-header-display":"","site-post-title":"","ast-breadcrumbs-content":"","ast-featured-img":"","footer-sml-layout":"","ast-disable-related-posts":"","theme-transparent-header-meta":"","adv-header-id-meta":"","stick-header-meta":"","header-above-stick-meta":"","header-main-stick-meta":"","header-below-stick-meta":"","astra-migrate-meta-layouts":"default","ast-page-background-enabled":"default","ast-page-background-meta":{"desktop":{"background-color":"","background-image":"","background-repeat":"repeat","background-position":"center center","background-size":"auto","background-attachment":"scroll","background-type":"","background-media":"","overlay-type":"","overlay-color":"","overlay-opacity":"","overlay-gradient":""},"tablet":{"background-color":"","background-image":"","background-repeat":"repeat","background-position":"center center","background-size":"auto","background-attachment":"scroll","background-type":"","background-media":"","overlay-type":"","overlay-color":"","overlay-opacity":"","overlay-gradient":""},"mobile":{"background-color":"","background-image":"","background-repeat":"repeat","background-position":"center center","background-size":"auto","background-attachment":"scroll","background-type":"","background-media":"","overlay-type":"","overlay-color":"","overlay-opacity":"","overlay-gradient":""}},"ast-content-background-meta":{"desktop":{"background-color":"var(--ast-global-color-5)","background-image":"","background-repeat":"repeat","background-position":"center center","background-size":"auto","background-attachment":"scroll","background-type":"","background-media":"","overlay-type":"","overlay-color":"","overlay-opacity":"","overlay-gradient":""},"tablet":{"background-color":"var(--ast-global-color-5)","background-image":"","background-repeat":"repeat","background-position":"center center","background-size":"auto","background-attachment":"scroll","background-type":"","background-media":"","overlay-type":"","overlay-color":"","overlay-opacity":"","overlay-gradient":""},"mobile":{"background-color":"var(--ast-global-color-5)","background-image":"","background-repeat":"repeat","background-position":"center center","background-size":"auto","background-attachment":"scroll","background-type":"","background-media":"","overlay-type":"","overlay-color":"","overlay-opacity":"","overlay-gradient":""}}},"breedte":[],"design-oppervlakte":[430],"design-opstelling":[472],"design-optie":[448,473,418,381],"diepte":[],"oppervlakte":[],"opstelling":[],"optie":[],"pijler":[],"product_brand":[],"product_cat":[431,371,450,372,474,419,374,373,383],"product_tag":[],"class_list":{"0":"post-15637","1":"product","2":"type-product","3":"status-publish","4":"has-post-thumbnail","6":"design-oppervlakte-40-m2-und-groser","7":"design-opstelling-insel-stand","8":"design-optie-fachwerk","9":"design-optie-insel-stand","10":"design-optie-led-wand-de","11":"design-optie-speisekammer","12":"product_cat-40-m2-und-groser","13":"product_cat-entwurf","14":"product_cat-fachwerk","15":"product_cat-flache","16":"product_cat-insel-stand","17":"product_cat-led-wand-de","18":"product_cat-messestand-typ","19":"product_cat-optionen","20":"product_cat-speisekammer","21":"desktop-align-left","22":"tablet-align-left","23":"mobile-align-left","25":"first","26":"instock","27":"shipping-taxable","28":"product-type-simple"},"acf":[],"_links":{"self":[{"href":"https:\/\/beurswand2026.webdeveloperz.nl\/de\/wp-json\/wp\/v2\/product\/15637","targetHints":{"allow":["GET"]}}],"collection":[{"href":"https:\/\/beurswand2026.webdeveloperz.nl\/de\/wp-json\/wp\/v2\/product"}],"about":[{"href":"https:\/\/beurswand2026.webdeveloperz.nl\/de\/wp-json\/wp\/v2\/types\/product"}],"replies":[{"embeddable":true,"href":"https:\/\/beurswand2026.webdeveloperz.nl\/de\/wp-json\/wp\/v2\/comments?post=15637"}],"version-history":[{"count":1,"href":"https:\/\/beurswand2026.webdeveloperz.nl\/de\/wp-json\/wp\/v2\/product\/15637\/revisions"}],"predecessor-version":[{"id":15839,"href":"https:\/\/beurswand2026.webdeveloperz.nl\/de\/wp-json\/wp\/v2\/product\/15637\/revisions\/15839"}],"wp:featuredmedia":[{"embeddable":true,"href":"https:\/\/beurswand2026.webdeveloperz.nl\/de\/wp-json\/wp\/v2\/media\/11614"}],"wp:attachment":[{"href":"https:\/\/beurswand2026.webdeveloperz.nl\/de\/wp-json\/wp\/v2\/media?parent=15637"}],"wp:term":[{"taxonomy":"breedte","embeddable":true,"href":"https:\/\/beurswand2026.webdeveloperz.nl\/de\/wp-json\/wp\/v2\/breedte?post=15637"},{"taxonomy":"design-oppervlakte","embeddable":true,"href":"https:\/\/beurswand2026.webdeveloperz.nl\/de\/wp-json\/wp\/v2\/design-oppervlakte?post=15637"},{"taxonomy":"design-opstelling","embeddable":true,"href":"https:\/\/beurswand2026.webdeveloperz.nl\/de\/wp-json\/wp\/v2\/design-opstelling?post=15637"},{"taxonomy":"design-optie","embeddable":true,"href":"https:\/\/beurswand2026.webdeveloperz.nl\/de\/wp-json\/wp\/v2\/design-optie?post=15637"},{"taxonomy":"diepte","embeddable":true,"href":"https:\/\/beurswand2026.webdeveloperz.nl\/de\/wp-json\/wp\/v2\/diepte?post=15637"},{"taxonomy":"oppervlakte","embeddable":true,"href":"https:\/\/beurswand2026.webdeveloperz.nl\/de\/wp-json\/wp\/v2\/oppervlakte?post=15637"},{"taxonomy":"opstelling","embeddable":true,"href":"https:\/\/beurswand2026.webdeveloperz.nl\/de\/wp-json\/wp\/v2\/opstelling?post=15637"},{"taxonomy":"optie","embeddable":true,"href":"https:\/\/beurswand2026.webdeveloperz.nl\/de\/wp-json\/wp\/v2\/optie?post=15637"},{"taxonomy":"pijler","embeddable":true,"href":"https:\/\/beurswand2026.webdeveloperz.nl\/de\/wp-json\/wp\/v2\/pijler?post=15637"},{"taxonomy":"product_brand","embeddable":true,"href":"https:\/\/beurswand2026.webdeveloperz.nl\/de\/wp-json\/wp\/v2\/product_brand?post=15637"},{"taxonomy":"product_cat","embeddable":true,"href":"https:\/\/beurswand2026.webdeveloperz.nl\/de\/wp-json\/wp\/v2\/product_cat?post=15637"},{"taxonomy":"product_tag","embeddable":true,"href":"https:\/\/beurswand2026.webdeveloperz.nl\/de\/wp-json\/wp\/v2\/product_tag?post=15637"}],"curies":[{"name":"wp","href":"https:\/\/api.w.org\/{rel}","templated":true}]}}