{"id":15624,"date":"2023-10-15T06:48:03","date_gmt":"2023-10-15T06:48:03","guid":{"rendered":"https:\/\/beurswand.nl\/product\/messestand-design-56\/"},"modified":"2025-03-13T09:33:26","modified_gmt":"2025-03-13T09:33:26","slug":"messestand-design-56","status":"publish","type":"product","link":"https:\/\/beurswand2026.webdeveloperz.nl\/de\/product\/messestand-design-56\/","title":{"rendered":"Messestand Design 56"},"content":{"rendered":"<p><strong>Einzigartige Messestandgestaltung 56: Ihr Unternehmen im Rampenlicht!<\/strong><\/p>\n<p>Sie sind auf der Suche nach einem auff\u00e4lligen und funktionalen Messestand, der garantiert Aufmerksamkeit erregt? Entscheiden Sie sich f\u00fcr das innovative Messestanddesign 56! Mit einer gro\u00dfz\u00fcgigen Fl\u00e4che von \u00fcber 32 m2 bietet dieser Eckstand den n\u00f6tigen Raum f\u00fcr eine effektive Pr\u00e4sentation und Interaktion mit Ihren Besuchern. Der mitgelieferte Schreibtisch ist nicht nur stilvoll, sondern auch \u00e4u\u00dferst praktisch f\u00fcr all Ihre Vorf\u00fchrungen und Gespr\u00e4che. Dar\u00fcber hinaus ist der Stand mit einem Doppelboden ausgestattet, der f\u00fcr einen zus\u00e4tzlichen Hauch von Professionalit\u00e4t und Klasse sorgt.<\/p>\n<p>Dies ist nur ein Beispiel! Wir wissen, dass jeder Unternehmer einzigartig ist. Daher kann dieses Design ganz nach Ihren W\u00fcnschen gestaltet werden.<\/p>\n<p>Interessiert? Fordern Sie jetzt weitere Informationen \u00fcber das untenstehende Kontaktformular an und machen Sie den ersten Schritt zu einem unvergesslichen Messeerlebnis!<\/p>\n","protected":false},"excerpt":{"rendered":"<p>Einzigartige Messestandgestaltung 56: Ihr Unternehmen im Rampenlicht! Sie sind auf der Suche nach einem auff\u00e4lligen und funktionalen Messestand, der garantiert Aufmerksamkeit erregt? Entscheiden Sie sich f\u00fcr das innovative Messestanddesign 56! Mit einer gro\u00dfz\u00fcgigen Fl\u00e4che von \u00fcber 32 m2 bietet dieser Eckstand den n\u00f6tigen Raum f\u00fcr eine effektive Pr\u00e4sentation und Interaktion mit Ihren Besuchern. Der mitgelieferte [&hellip;]<\/p>\n","protected":false},"featured_media":11485,"comment_status":"closed","ping_status":"open","template":"","meta":{"_acf_changed":false,"site-sidebar-layout":"default","site-content-layout":"","ast-site-content-layout":"default","site-content-style":"default","site-sidebar-style":"default","ast-global-header-display":"","ast-banner-title-visibility":"","ast-main-header-display":"","ast-hfb-above-header-display":"","ast-hfb-below-header-display":"","ast-hfb-mobile-header-display":"","site-post-title":"","ast-breadcrumbs-content":"","ast-featured-img":"","footer-sml-layout":"","ast-disable-related-posts":"","theme-transparent-header-meta":"","adv-header-id-meta":"","stick-header-meta":"","header-above-stick-meta":"","header-main-stick-meta":"","header-below-stick-meta":"","astra-migrate-meta-layouts":"default","ast-page-background-enabled":"default","ast-page-background-meta":{"desktop":{"background-color":"","background-image":"","background-repeat":"repeat","background-position":"center center","background-size":"auto","background-attachment":"scroll","background-type":"","background-media":"","overlay-type":"","overlay-color":"","overlay-opacity":"","overlay-gradient":""},"tablet":{"background-color":"","background-image":"","background-repeat":"repeat","background-position":"center center","background-size":"auto","background-attachment":"scroll","background-type":"","background-media":"","overlay-type":"","overlay-color":"","overlay-opacity":"","overlay-gradient":""},"mobile":{"background-color":"","background-image":"","background-repeat":"repeat","background-position":"center center","background-size":"auto","background-attachment":"scroll","background-type":"","background-media":"","overlay-type":"","overlay-color":"","overlay-opacity":"","overlay-gradient":""}},"ast-content-background-meta":{"desktop":{"background-color":"var(--ast-global-color-5)","background-image":"","background-repeat":"repeat","background-position":"center center","background-size":"auto","background-attachment":"scroll","background-type":"","background-media":"","overlay-type":"","overlay-color":"","overlay-opacity":"","overlay-gradient":""},"tablet":{"background-color":"var(--ast-global-color-5)","background-image":"","background-repeat":"repeat","background-position":"center center","background-size":"auto","background-attachment":"scroll","background-type":"","background-media":"","overlay-type":"","overlay-color":"","overlay-opacity":"","overlay-gradient":""},"mobile":{"background-color":"var(--ast-global-color-5)","background-image":"","background-repeat":"repeat","background-position":"center center","background-size":"auto","background-attachment":"scroll","background-type":"","background-media":"","overlay-type":"","overlay-color":"","overlay-opacity":"","overlay-gradient":""}}},"breedte":[],"design-oppervlakte":[379],"design-opstelling":[414],"design-optie":[415,380],"diepte":[],"oppervlakte":[],"opstelling":[],"optie":[],"pijler":[],"product_brand":[],"product_cat":[384,416,371,417,372,374,373,382],"product_tag":[],"class_list":{"0":"post-15624","1":"product","2":"type-product","3":"status-publish","4":"has-post-thumbnail","6":"design-oppervlakte-25-40-m2-de","7":"design-opstelling-eckstand","8":"design-optie-erhohter-boden","9":"design-optie-schreibtisch","10":"product_cat-25-40-m2-de","11":"product_cat-eckstand","12":"product_cat-entwurf","13":"product_cat-erhohter-boden","14":"product_cat-flache","15":"product_cat-messestand-typ","16":"product_cat-optionen","17":"product_cat-schreibtisch","18":"desktop-align-left","19":"tablet-align-left","20":"mobile-align-left","22":"first","23":"instock","24":"shipping-taxable","25":"product-type-simple"},"acf":[],"_links":{"self":[{"href":"https:\/\/beurswand2026.webdeveloperz.nl\/de\/wp-json\/wp\/v2\/product\/15624","targetHints":{"allow":["GET"]}}],"collection":[{"href":"https:\/\/beurswand2026.webdeveloperz.nl\/de\/wp-json\/wp\/v2\/product"}],"about":[{"href":"https:\/\/beurswand2026.webdeveloperz.nl\/de\/wp-json\/wp\/v2\/types\/product"}],"replies":[{"embeddable":true,"href":"https:\/\/beurswand2026.webdeveloperz.nl\/de\/wp-json\/wp\/v2\/comments?post=15624"}],"version-history":[{"count":1,"href":"https:\/\/beurswand2026.webdeveloperz.nl\/de\/wp-json\/wp\/v2\/product\/15624\/revisions"}],"predecessor-version":[{"id":15846,"href":"https:\/\/beurswand2026.webdeveloperz.nl\/de\/wp-json\/wp\/v2\/product\/15624\/revisions\/15846"}],"wp:featuredmedia":[{"embeddable":true,"href":"https:\/\/beurswand2026.webdeveloperz.nl\/de\/wp-json\/wp\/v2\/media\/11485"}],"wp:attachment":[{"href":"https:\/\/beurswand2026.webdeveloperz.nl\/de\/wp-json\/wp\/v2\/media?parent=15624"}],"wp:term":[{"taxonomy":"breedte","embeddable":true,"href":"https:\/\/beurswand2026.webdeveloperz.nl\/de\/wp-json\/wp\/v2\/breedte?post=15624"},{"taxonomy":"design-oppervlakte","embeddable":true,"href":"https:\/\/beurswand2026.webdeveloperz.nl\/de\/wp-json\/wp\/v2\/design-oppervlakte?post=15624"},{"taxonomy":"design-opstelling","embeddable":true,"href":"https:\/\/beurswand2026.webdeveloperz.nl\/de\/wp-json\/wp\/v2\/design-opstelling?post=15624"},{"taxonomy":"design-optie","embeddable":true,"href":"https:\/\/beurswand2026.webdeveloperz.nl\/de\/wp-json\/wp\/v2\/design-optie?post=15624"},{"taxonomy":"diepte","embeddable":true,"href":"https:\/\/beurswand2026.webdeveloperz.nl\/de\/wp-json\/wp\/v2\/diepte?post=15624"},{"taxonomy":"oppervlakte","embeddable":true,"href":"https:\/\/beurswand2026.webdeveloperz.nl\/de\/wp-json\/wp\/v2\/oppervlakte?post=15624"},{"taxonomy":"opstelling","embeddable":true,"href":"https:\/\/beurswand2026.webdeveloperz.nl\/de\/wp-json\/wp\/v2\/opstelling?post=15624"},{"taxonomy":"optie","embeddable":true,"href":"https:\/\/beurswand2026.webdeveloperz.nl\/de\/wp-json\/wp\/v2\/optie?post=15624"},{"taxonomy":"pijler","embeddable":true,"href":"https:\/\/beurswand2026.webdeveloperz.nl\/de\/wp-json\/wp\/v2\/pijler?post=15624"},{"taxonomy":"product_brand","embeddable":true,"href":"https:\/\/beurswand2026.webdeveloperz.nl\/de\/wp-json\/wp\/v2\/product_brand?post=15624"},{"taxonomy":"product_cat","embeddable":true,"href":"https:\/\/beurswand2026.webdeveloperz.nl\/de\/wp-json\/wp\/v2\/product_cat?post=15624"},{"taxonomy":"product_tag","embeddable":true,"href":"https:\/\/beurswand2026.webdeveloperz.nl\/de\/wp-json\/wp\/v2\/product_tag?post=15624"}],"curies":[{"name":"wp","href":"https:\/\/api.w.org\/{rel}","templated":true}]}}