{"id":15595,"date":"2023-10-15T06:22:05","date_gmt":"2023-10-15T06:22:05","guid":{"rendered":"https:\/\/beurswand.nl\/product\/messestand-design-42\/"},"modified":"2025-03-13T09:33:33","modified_gmt":"2025-03-13T09:33:33","slug":"messestand-design-42","status":"publish","type":"product","link":"https:\/\/beurswand2026.webdeveloperz.nl\/de\/product\/messestand-design-42\/","title":{"rendered":"Messestand Design 42"},"content":{"rendered":"<hr>\n<p><strong>Einzigartiger Messestand Design 42<\/strong><\/p>\n<p>Sie suchen einen auff\u00e4lligen Messestand, der Ihre Marke ins Rampenlicht r\u00fcckt? Entdecken Sie unser exklusives Messestand-Design 42! Mit einer gro\u00dfz\u00fcgigen Fl\u00e4che von mehr als 40 m2 bietet dieser Inselstand reichlich Platz f\u00fcr Ihre Produkte und Pr\u00e4sentationen.<\/p>\n<p>Die elegante Schleife verleiht dem Ganzen einen stilvollen Touch und sorgt f\u00fcr einen sofortigen optischen Reiz. Der integrierte Schreibtisch bietet Platz f\u00fcr pers\u00f6nliche Gespr\u00e4che mit Besuchern, w\u00e4hrend die Speisekammer zus\u00e4tzliche Komfort- und Aufbewahrungsm\u00f6glichkeiten bietet.<\/p>\n<p>Dies ist nur ein Beispiel! M\u00f6chten Sie bestimmte Elemente individuell gestalten? Kein Problem. Wir sorgen daf\u00fcr, dass der Messestand ganz nach Ihren W\u00fcnschen gestaltet wird.<\/p>\n<p>Neugierig auf die M\u00f6glichkeiten? F\u00fcllen Sie das untenstehende Kontaktformular aus, um weitere Informationen zu erhalten. Lassen Sie uns gemeinsam Ihren Messeauftritt unvergesslich machen!<\/p>\n","protected":false},"excerpt":{"rendered":"<p>Einzigartiger Messestand Design 42 Sie suchen einen auff\u00e4lligen Messestand, der Ihre Marke ins Rampenlicht r\u00fcckt? Entdecken Sie unser exklusives Messestand-Design 42! Mit einer gro\u00dfz\u00fcgigen Fl\u00e4che von mehr als 40 m2 bietet dieser Inselstand reichlich Platz f\u00fcr Ihre Produkte und Pr\u00e4sentationen. Die elegante Schleife verleiht dem Ganzen einen stilvollen Touch und sorgt f\u00fcr einen sofortigen optischen [&hellip;]<\/p>\n","protected":false},"featured_media":11227,"comment_status":"closed","ping_status":"open","template":"","meta":{"_acf_changed":false,"site-sidebar-layout":"default","site-content-layout":"","ast-site-content-layout":"default","site-content-style":"default","site-sidebar-style":"default","ast-global-header-display":"","ast-banner-title-visibility":"","ast-main-header-display":"","ast-hfb-above-header-display":"","ast-hfb-below-header-display":"","ast-hfb-mobile-header-display":"","site-post-title":"","ast-breadcrumbs-content":"","ast-featured-img":"","footer-sml-layout":"","ast-disable-related-posts":"","theme-transparent-header-meta":"","adv-header-id-meta":"","stick-header-meta":"","header-above-stick-meta":"","header-main-stick-meta":"","header-below-stick-meta":"","astra-migrate-meta-layouts":"default","ast-page-background-enabled":"default","ast-page-background-meta":{"desktop":{"background-color":"","background-image":"","background-repeat":"repeat","background-position":"center center","background-size":"auto","background-attachment":"scroll","background-type":"","background-media":"","overlay-type":"","overlay-color":"","overlay-opacity":"","overlay-gradient":""},"tablet":{"background-color":"","background-image":"","background-repeat":"repeat","background-position":"center center","background-size":"auto","background-attachment":"scroll","background-type":"","background-media":"","overlay-type":"","overlay-color":"","overlay-opacity":"","overlay-gradient":""},"mobile":{"background-color":"","background-image":"","background-repeat":"repeat","background-position":"center center","background-size":"auto","background-attachment":"scroll","background-type":"","background-media":"","overlay-type":"","overlay-color":"","overlay-opacity":"","overlay-gradient":""}},"ast-content-background-meta":{"desktop":{"background-color":"var(--ast-global-color-5)","background-image":"","background-repeat":"repeat","background-position":"center center","background-size":"auto","background-attachment":"scroll","background-type":"","background-media":"","overlay-type":"","overlay-color":"","overlay-opacity":"","overlay-gradient":""},"tablet":{"background-color":"var(--ast-global-color-5)","background-image":"","background-repeat":"repeat","background-position":"center center","background-size":"auto","background-attachment":"scroll","background-type":"","background-media":"","overlay-type":"","overlay-color":"","overlay-opacity":"","overlay-gradient":""},"mobile":{"background-color":"var(--ast-global-color-5)","background-image":"","background-repeat":"repeat","background-position":"center center","background-size":"auto","background-attachment":"scroll","background-type":"","background-media":"","overlay-type":"","overlay-color":"","overlay-opacity":"","overlay-gradient":""}}},"breedte":[],"design-oppervlakte":[379],"design-opstelling":[472],"design-optie":[370,473,380,381],"diepte":[],"oppervlakte":[],"opstelling":[],"optie":[],"pijler":[],"product_brand":[],"product_cat":[384,377,371,372,474,374,373,382,383],"product_tag":[],"class_list":{"0":"post-15595","1":"product","2":"type-product","3":"status-publish","4":"has-post-thumbnail","6":"design-oppervlakte-25-40-m2-de","7":"design-opstelling-insel-stand","8":"design-optie-arch-de","9":"design-optie-insel-stand","10":"design-optie-schreibtisch","11":"design-optie-speisekammer","12":"product_cat-25-40-m2-de","13":"product_cat-arch-de","14":"product_cat-entwurf","15":"product_cat-flache","16":"product_cat-insel-stand","17":"product_cat-messestand-typ","18":"product_cat-optionen","19":"product_cat-schreibtisch","20":"product_cat-speisekammer","21":"desktop-align-left","22":"tablet-align-left","23":"mobile-align-left","25":"first","26":"instock","27":"shipping-taxable","28":"product-type-simple"},"acf":[],"_links":{"self":[{"href":"https:\/\/beurswand2026.webdeveloperz.nl\/de\/wp-json\/wp\/v2\/product\/15595","targetHints":{"allow":["GET"]}}],"collection":[{"href":"https:\/\/beurswand2026.webdeveloperz.nl\/de\/wp-json\/wp\/v2\/product"}],"about":[{"href":"https:\/\/beurswand2026.webdeveloperz.nl\/de\/wp-json\/wp\/v2\/types\/product"}],"replies":[{"embeddable":true,"href":"https:\/\/beurswand2026.webdeveloperz.nl\/de\/wp-json\/wp\/v2\/comments?post=15595"}],"version-history":[{"count":1,"href":"https:\/\/beurswand2026.webdeveloperz.nl\/de\/wp-json\/wp\/v2\/product\/15595\/revisions"}],"predecessor-version":[{"id":15860,"href":"https:\/\/beurswand2026.webdeveloperz.nl\/de\/wp-json\/wp\/v2\/product\/15595\/revisions\/15860"}],"wp:featuredmedia":[{"embeddable":true,"href":"https:\/\/beurswand2026.webdeveloperz.nl\/de\/wp-json\/wp\/v2\/media\/11227"}],"wp:attachment":[{"href":"https:\/\/beurswand2026.webdeveloperz.nl\/de\/wp-json\/wp\/v2\/media?parent=15595"}],"wp:term":[{"taxonomy":"breedte","embeddable":true,"href":"https:\/\/beurswand2026.webdeveloperz.nl\/de\/wp-json\/wp\/v2\/breedte?post=15595"},{"taxonomy":"design-oppervlakte","embeddable":true,"href":"https:\/\/beurswand2026.webdeveloperz.nl\/de\/wp-json\/wp\/v2\/design-oppervlakte?post=15595"},{"taxonomy":"design-opstelling","embeddable":true,"href":"https:\/\/beurswand2026.webdeveloperz.nl\/de\/wp-json\/wp\/v2\/design-opstelling?post=15595"},{"taxonomy":"design-optie","embeddable":true,"href":"https:\/\/beurswand2026.webdeveloperz.nl\/de\/wp-json\/wp\/v2\/design-optie?post=15595"},{"taxonomy":"diepte","embeddable":true,"href":"https:\/\/beurswand2026.webdeveloperz.nl\/de\/wp-json\/wp\/v2\/diepte?post=15595"},{"taxonomy":"oppervlakte","embeddable":true,"href":"https:\/\/beurswand2026.webdeveloperz.nl\/de\/wp-json\/wp\/v2\/oppervlakte?post=15595"},{"taxonomy":"opstelling","embeddable":true,"href":"https:\/\/beurswand2026.webdeveloperz.nl\/de\/wp-json\/wp\/v2\/opstelling?post=15595"},{"taxonomy":"optie","embeddable":true,"href":"https:\/\/beurswand2026.webdeveloperz.nl\/de\/wp-json\/wp\/v2\/optie?post=15595"},{"taxonomy":"pijler","embeddable":true,"href":"https:\/\/beurswand2026.webdeveloperz.nl\/de\/wp-json\/wp\/v2\/pijler?post=15595"},{"taxonomy":"product_brand","embeddable":true,"href":"https:\/\/beurswand2026.webdeveloperz.nl\/de\/wp-json\/wp\/v2\/product_brand?post=15595"},{"taxonomy":"product_cat","embeddable":true,"href":"https:\/\/beurswand2026.webdeveloperz.nl\/de\/wp-json\/wp\/v2\/product_cat?post=15595"},{"taxonomy":"product_tag","embeddable":true,"href":"https:\/\/beurswand2026.webdeveloperz.nl\/de\/wp-json\/wp\/v2\/product_tag?post=15595"}],"curies":[{"name":"wp","href":"https:\/\/api.w.org\/{rel}","templated":true}]}}