{"id":15579,"date":"2023-10-12T15:56:02","date_gmt":"2023-10-12T15:56:02","guid":{"rendered":"https:\/\/beurswand.nl\/product\/messestand-design-36\/"},"modified":"2025-03-13T09:33:36","modified_gmt":"2025-03-13T09:33:36","slug":"messestand-design-36","status":"publish","type":"product","link":"https:\/\/beurswand2026.webdeveloperz.nl\/de\/product\/messestand-design-36\/","title":{"rendered":"Messestand Design 36"},"content":{"rendered":"<p><strong>Einzigartiges Messestanddesign 36 \u2013 Schaffen Sie einen unvergesslichen Eindruck!<\/strong><\/p>\n<p>Sie suchen einen Messestand, der wirklich auff\u00e4llt? Unser Design 36 ist die L\u00f6sung f\u00fcr alle, die es wagen, gro\u00df zu denken! Mit einer gro\u00dfz\u00fcgigen Fl\u00e4che von mehr als 68 m2 bietet dieser Zwischenstand viel Platz, um Ihre Marke ins Rampenlicht zu stellen. Die eleganten LED-Kacheln sorgen f\u00fcr eine auff\u00e4llige Pr\u00e4sentation, w\u00e4hrend der Schreibtisch und die Speisekammer Funktionalit\u00e4t und Komfort bieten. Mit der robusten Traverse k\u00f6nnen Sie Ihrem Stand noch mehr Charakter verleihen.<\/p>\n<p>Dies ist nur ein Beispiel; wir passen das Design gerne an Ihre speziellen Bed\u00fcrfnisse an. Sind Sie neugierig geworden und m\u00f6chten weitere Informationen oder Optionen besprechen? Dann f\u00fcllen Sie jetzt das Kontaktformular aus und erfahren Sie, was wir f\u00fcr Sie tun k\u00f6nnen. Geben Sie Ihrer Marke die Aufmerksamkeit, die sie verdient, mit Design 36!<\/p>\n","protected":false},"excerpt":{"rendered":"<p>Einzigartiges Messestanddesign 36 \u2013 Schaffen Sie einen unvergesslichen Eindruck! Sie suchen einen Messestand, der wirklich auff\u00e4llt? Unser Design 36 ist die L\u00f6sung f\u00fcr alle, die es wagen, gro\u00df zu denken! Mit einer gro\u00dfz\u00fcgigen Fl\u00e4che von mehr als 68 m2 bietet dieser Zwischenstand viel Platz, um Ihre Marke ins Rampenlicht zu stellen. Die eleganten LED-Kacheln sorgen [&hellip;]<\/p>\n","protected":false},"featured_media":11155,"comment_status":"closed","ping_status":"open","template":"","meta":{"_acf_changed":false,"site-sidebar-layout":"default","site-content-layout":"","ast-site-content-layout":"default","site-content-style":"default","site-sidebar-style":"default","ast-global-header-display":"","ast-banner-title-visibility":"","ast-main-header-display":"","ast-hfb-above-header-display":"","ast-hfb-below-header-display":"","ast-hfb-mobile-header-display":"","site-post-title":"","ast-breadcrumbs-content":"","ast-featured-img":"","footer-sml-layout":"","ast-disable-related-posts":"","theme-transparent-header-meta":"","adv-header-id-meta":"","stick-header-meta":"","header-above-stick-meta":"","header-main-stick-meta":"","header-below-stick-meta":"","astra-migrate-meta-layouts":"default","ast-page-background-enabled":"default","ast-page-background-meta":{"desktop":{"background-color":"","background-image":"","background-repeat":"repeat","background-position":"center center","background-size":"auto","background-attachment":"scroll","background-type":"","background-media":"","overlay-type":"","overlay-color":"","overlay-opacity":"","overlay-gradient":""},"tablet":{"background-color":"","background-image":"","background-repeat":"repeat","background-position":"center center","background-size":"auto","background-attachment":"scroll","background-type":"","background-media":"","overlay-type":"","overlay-color":"","overlay-opacity":"","overlay-gradient":""},"mobile":{"background-color":"","background-image":"","background-repeat":"repeat","background-position":"center center","background-size":"auto","background-attachment":"scroll","background-type":"","background-media":"","overlay-type":"","overlay-color":"","overlay-opacity":"","overlay-gradient":""}},"ast-content-background-meta":{"desktop":{"background-color":"var(--ast-global-color-5)","background-image":"","background-repeat":"repeat","background-position":"center center","background-size":"auto","background-attachment":"scroll","background-type":"","background-media":"","overlay-type":"","overlay-color":"","overlay-opacity":"","overlay-gradient":""},"tablet":{"background-color":"var(--ast-global-color-5)","background-image":"","background-repeat":"repeat","background-position":"center center","background-size":"auto","background-attachment":"scroll","background-type":"","background-media":"","overlay-type":"","overlay-color":"","overlay-opacity":"","overlay-gradient":""},"mobile":{"background-color":"var(--ast-global-color-5)","background-image":"","background-repeat":"repeat","background-position":"center center","background-size":"auto","background-attachment":"scroll","background-type":"","background-media":"","overlay-type":"","overlay-color":"","overlay-opacity":"","overlay-gradient":""}}},"breedte":[],"design-oppervlakte":[430],"design-opstelling":[436],"design-optie":[448,477,380,381],"diepte":[],"oppervlakte":[],"opstelling":[],"optie":[],"pijler":[],"product_brand":[],"product_cat":[431,371,450,372,478,374,373,382,383,437],"product_tag":[],"class_list":{"0":"post-15579","1":"product","2":"type-product","3":"status-publish","4":"has-post-thumbnail","6":"design-oppervlakte-40-m2-und-groser","7":"design-opstelling-zwischenstand","8":"design-optie-fachwerk","9":"design-optie-led-kacheln","10":"design-optie-schreibtisch","11":"design-optie-speisekammer","12":"product_cat-40-m2-und-groser","13":"product_cat-entwurf","14":"product_cat-fachwerk","15":"product_cat-flache","16":"product_cat-led-kacheln","17":"product_cat-messestand-typ","18":"product_cat-optionen","19":"product_cat-schreibtisch","20":"product_cat-speisekammer","21":"product_cat-tabellenstand","22":"desktop-align-left","23":"tablet-align-left","24":"mobile-align-left","26":"first","27":"instock","28":"shipping-taxable","29":"product-type-simple"},"acf":[],"_links":{"self":[{"href":"https:\/\/beurswand2026.webdeveloperz.nl\/de\/wp-json\/wp\/v2\/product\/15579","targetHints":{"allow":["GET"]}}],"collection":[{"href":"https:\/\/beurswand2026.webdeveloperz.nl\/de\/wp-json\/wp\/v2\/product"}],"about":[{"href":"https:\/\/beurswand2026.webdeveloperz.nl\/de\/wp-json\/wp\/v2\/types\/product"}],"replies":[{"embeddable":true,"href":"https:\/\/beurswand2026.webdeveloperz.nl\/de\/wp-json\/wp\/v2\/comments?post=15579"}],"version-history":[{"count":1,"href":"https:\/\/beurswand2026.webdeveloperz.nl\/de\/wp-json\/wp\/v2\/product\/15579\/revisions"}],"predecessor-version":[{"id":15866,"href":"https:\/\/beurswand2026.webdeveloperz.nl\/de\/wp-json\/wp\/v2\/product\/15579\/revisions\/15866"}],"wp:featuredmedia":[{"embeddable":true,"href":"https:\/\/beurswand2026.webdeveloperz.nl\/de\/wp-json\/wp\/v2\/media\/11155"}],"wp:attachment":[{"href":"https:\/\/beurswand2026.webdeveloperz.nl\/de\/wp-json\/wp\/v2\/media?parent=15579"}],"wp:term":[{"taxonomy":"breedte","embeddable":true,"href":"https:\/\/beurswand2026.webdeveloperz.nl\/de\/wp-json\/wp\/v2\/breedte?post=15579"},{"taxonomy":"design-oppervlakte","embeddable":true,"href":"https:\/\/beurswand2026.webdeveloperz.nl\/de\/wp-json\/wp\/v2\/design-oppervlakte?post=15579"},{"taxonomy":"design-opstelling","embeddable":true,"href":"https:\/\/beurswand2026.webdeveloperz.nl\/de\/wp-json\/wp\/v2\/design-opstelling?post=15579"},{"taxonomy":"design-optie","embeddable":true,"href":"https:\/\/beurswand2026.webdeveloperz.nl\/de\/wp-json\/wp\/v2\/design-optie?post=15579"},{"taxonomy":"diepte","embeddable":true,"href":"https:\/\/beurswand2026.webdeveloperz.nl\/de\/wp-json\/wp\/v2\/diepte?post=15579"},{"taxonomy":"oppervlakte","embeddable":true,"href":"https:\/\/beurswand2026.webdeveloperz.nl\/de\/wp-json\/wp\/v2\/oppervlakte?post=15579"},{"taxonomy":"opstelling","embeddable":true,"href":"https:\/\/beurswand2026.webdeveloperz.nl\/de\/wp-json\/wp\/v2\/opstelling?post=15579"},{"taxonomy":"optie","embeddable":true,"href":"https:\/\/beurswand2026.webdeveloperz.nl\/de\/wp-json\/wp\/v2\/optie?post=15579"},{"taxonomy":"pijler","embeddable":true,"href":"https:\/\/beurswand2026.webdeveloperz.nl\/de\/wp-json\/wp\/v2\/pijler?post=15579"},{"taxonomy":"product_brand","embeddable":true,"href":"https:\/\/beurswand2026.webdeveloperz.nl\/de\/wp-json\/wp\/v2\/product_brand?post=15579"},{"taxonomy":"product_cat","embeddable":true,"href":"https:\/\/beurswand2026.webdeveloperz.nl\/de\/wp-json\/wp\/v2\/product_cat?post=15579"},{"taxonomy":"product_tag","embeddable":true,"href":"https:\/\/beurswand2026.webdeveloperz.nl\/de\/wp-json\/wp\/v2\/product_tag?post=15579"}],"curies":[{"name":"wp","href":"https:\/\/api.w.org\/{rel}","templated":true}]}}