{"id":15566,"date":"2023-10-12T15:49:10","date_gmt":"2023-10-12T15:49:10","guid":{"rendered":"https:\/\/beurswand.nl\/product\/messestand-design-29\/"},"modified":"2025-03-13T09:33:42","modified_gmt":"2025-03-13T09:33:42","slug":"messestand-design-29","status":"publish","type":"product","link":"https:\/\/beurswand2026.webdeveloperz.nl\/de\/product\/messestand-design-29\/","title":{"rendered":"Messestand Design 29"},"content":{"rendered":"<hr>\n<p><strong>Exklusive Messestandgestaltung 29 \u2013 Licht auf Ihre Marke!<\/strong><\/p>\n<p>Entdecken Sie die Magie unseres einzigartigen Design 29-Messestandes, perfekt f\u00fcr Marken, die sich von der Masse abheben wollen. Mit einer gro\u00dfz\u00fcgigen Fl\u00e4che von mehr als 12 m\u00b2 bietet dieser Eckstand eine gro\u00dfz\u00fcgige und attraktive Pr\u00e4sentationsfl\u00e4che. Aber halt, es gibt noch mehr! Das Glanzst\u00fcck ist zweifellos die fortschrittliche LED-Wand, die Ihre Produkte oder Dienstleistungen ins beste Licht r\u00fcckt.<\/p>\n<p>Ist Design 29 fast perfekt, aber h\u00e4tten Sie gerne einen anderen Touch? Kein Problem! Dieses Design kann v\u00f6llig individuell gestaltet werden. Lassen Sie Ihrer Fantasie freien Lauf und arbeiten Sie mit uns zusammen, um den idealen Stand f\u00fcr Ihre Marke zu gestalten.<\/p>\n<p>Sind Sie neugierig? M\u00f6chten Sie mehr erfahren? F\u00fcllen Sie das untenstehende Kontaktformular aus, um weitere Informationen zu erhalten. Seien Sie auf dem Messegel\u00e4nde einen Schritt voraus, beginnen Sie hier!<\/p>\n","protected":false},"excerpt":{"rendered":"<p>Exklusive Messestandgestaltung 29 \u2013 Licht auf Ihre Marke! Entdecken Sie die Magie unseres einzigartigen Design 29-Messestandes, perfekt f\u00fcr Marken, die sich von der Masse abheben wollen. Mit einer gro\u00dfz\u00fcgigen Fl\u00e4che von mehr als 12 m\u00b2 bietet dieser Eckstand eine gro\u00dfz\u00fcgige und attraktive Pr\u00e4sentationsfl\u00e4che. Aber halt, es gibt noch mehr! Das Glanzst\u00fcck ist zweifellos die fortschrittliche [&hellip;]<\/p>\n","protected":false},"featured_media":11056,"comment_status":"closed","ping_status":"open","template":"","meta":{"_acf_changed":false,"site-sidebar-layout":"default","site-content-layout":"","ast-site-content-layout":"default","site-content-style":"default","site-sidebar-style":"default","ast-global-header-display":"","ast-banner-title-visibility":"","ast-main-header-display":"","ast-hfb-above-header-display":"","ast-hfb-below-header-display":"","ast-hfb-mobile-header-display":"","site-post-title":"","ast-breadcrumbs-content":"","ast-featured-img":"","footer-sml-layout":"","ast-disable-related-posts":"","theme-transparent-header-meta":"","adv-header-id-meta":"","stick-header-meta":"","header-above-stick-meta":"","header-main-stick-meta":"","header-below-stick-meta":"","astra-migrate-meta-layouts":"default","ast-page-background-enabled":"default","ast-page-background-meta":{"desktop":{"background-color":"","background-image":"","background-repeat":"repeat","background-position":"center center","background-size":"auto","background-attachment":"scroll","background-type":"","background-media":"","overlay-type":"","overlay-color":"","overlay-opacity":"","overlay-gradient":""},"tablet":{"background-color":"","background-image":"","background-repeat":"repeat","background-position":"center center","background-size":"auto","background-attachment":"scroll","background-type":"","background-media":"","overlay-type":"","overlay-color":"","overlay-opacity":"","overlay-gradient":""},"mobile":{"background-color":"","background-image":"","background-repeat":"repeat","background-position":"center center","background-size":"auto","background-attachment":"scroll","background-type":"","background-media":"","overlay-type":"","overlay-color":"","overlay-opacity":"","overlay-gradient":""}},"ast-content-background-meta":{"desktop":{"background-color":"var(--ast-global-color-5)","background-image":"","background-repeat":"repeat","background-position":"center center","background-size":"auto","background-attachment":"scroll","background-type":"","background-media":"","overlay-type":"","overlay-color":"","overlay-opacity":"","overlay-gradient":""},"tablet":{"background-color":"var(--ast-global-color-5)","background-image":"","background-repeat":"repeat","background-position":"center center","background-size":"auto","background-attachment":"scroll","background-type":"","background-media":"","overlay-type":"","overlay-color":"","overlay-opacity":"","overlay-gradient":""},"mobile":{"background-color":"var(--ast-global-color-5)","background-image":"","background-repeat":"repeat","background-position":"center center","background-size":"auto","background-attachment":"scroll","background-type":"","background-media":"","overlay-type":"","overlay-color":"","overlay-opacity":"","overlay-gradient":""}}},"breedte":[],"design-oppervlakte":[368],"design-opstelling":[414],"design-optie":[418],"diepte":[],"oppervlakte":[],"opstelling":[],"optie":[],"pijler":[],"product_brand":[],"product_cat":[376,416,371,372,419,374,373],"product_tag":[],"class_list":{"0":"post-15566","1":"product","2":"type-product","3":"status-publish","4":"has-post-thumbnail","6":"design-oppervlakte-1-24-m2-de","7":"design-opstelling-eckstand","8":"design-optie-led-wand-de","9":"product_cat-1-24-m2-de","10":"product_cat-eckstand","11":"product_cat-entwurf","12":"product_cat-flache","13":"product_cat-led-wand-de","14":"product_cat-messestand-typ","15":"product_cat-optionen","16":"desktop-align-left","17":"tablet-align-left","18":"mobile-align-left","20":"first","21":"instock","22":"shipping-taxable","23":"product-type-simple"},"acf":[],"_links":{"self":[{"href":"https:\/\/beurswand2026.webdeveloperz.nl\/de\/wp-json\/wp\/v2\/product\/15566","targetHints":{"allow":["GET"]}}],"collection":[{"href":"https:\/\/beurswand2026.webdeveloperz.nl\/de\/wp-json\/wp\/v2\/product"}],"about":[{"href":"https:\/\/beurswand2026.webdeveloperz.nl\/de\/wp-json\/wp\/v2\/types\/product"}],"replies":[{"embeddable":true,"href":"https:\/\/beurswand2026.webdeveloperz.nl\/de\/wp-json\/wp\/v2\/comments?post=15566"}],"version-history":[{"count":1,"href":"https:\/\/beurswand2026.webdeveloperz.nl\/de\/wp-json\/wp\/v2\/product\/15566\/revisions"}],"predecessor-version":[{"id":15873,"href":"https:\/\/beurswand2026.webdeveloperz.nl\/de\/wp-json\/wp\/v2\/product\/15566\/revisions\/15873"}],"wp:featuredmedia":[{"embeddable":true,"href":"https:\/\/beurswand2026.webdeveloperz.nl\/de\/wp-json\/wp\/v2\/media\/11056"}],"wp:attachment":[{"href":"https:\/\/beurswand2026.webdeveloperz.nl\/de\/wp-json\/wp\/v2\/media?parent=15566"}],"wp:term":[{"taxonomy":"breedte","embeddable":true,"href":"https:\/\/beurswand2026.webdeveloperz.nl\/de\/wp-json\/wp\/v2\/breedte?post=15566"},{"taxonomy":"design-oppervlakte","embeddable":true,"href":"https:\/\/beurswand2026.webdeveloperz.nl\/de\/wp-json\/wp\/v2\/design-oppervlakte?post=15566"},{"taxonomy":"design-opstelling","embeddable":true,"href":"https:\/\/beurswand2026.webdeveloperz.nl\/de\/wp-json\/wp\/v2\/design-opstelling?post=15566"},{"taxonomy":"design-optie","embeddable":true,"href":"https:\/\/beurswand2026.webdeveloperz.nl\/de\/wp-json\/wp\/v2\/design-optie?post=15566"},{"taxonomy":"diepte","embeddable":true,"href":"https:\/\/beurswand2026.webdeveloperz.nl\/de\/wp-json\/wp\/v2\/diepte?post=15566"},{"taxonomy":"oppervlakte","embeddable":true,"href":"https:\/\/beurswand2026.webdeveloperz.nl\/de\/wp-json\/wp\/v2\/oppervlakte?post=15566"},{"taxonomy":"opstelling","embeddable":true,"href":"https:\/\/beurswand2026.webdeveloperz.nl\/de\/wp-json\/wp\/v2\/opstelling?post=15566"},{"taxonomy":"optie","embeddable":true,"href":"https:\/\/beurswand2026.webdeveloperz.nl\/de\/wp-json\/wp\/v2\/optie?post=15566"},{"taxonomy":"pijler","embeddable":true,"href":"https:\/\/beurswand2026.webdeveloperz.nl\/de\/wp-json\/wp\/v2\/pijler?post=15566"},{"taxonomy":"product_brand","embeddable":true,"href":"https:\/\/beurswand2026.webdeveloperz.nl\/de\/wp-json\/wp\/v2\/product_brand?post=15566"},{"taxonomy":"product_cat","embeddable":true,"href":"https:\/\/beurswand2026.webdeveloperz.nl\/de\/wp-json\/wp\/v2\/product_cat?post=15566"},{"taxonomy":"product_tag","embeddable":true,"href":"https:\/\/beurswand2026.webdeveloperz.nl\/de\/wp-json\/wp\/v2\/product_tag?post=15566"}],"curies":[{"name":"wp","href":"https:\/\/api.w.org\/{rel}","templated":true}]}}