{"id":15547,"date":"2023-10-12T15:17:00","date_gmt":"2023-10-12T15:17:00","guid":{"rendered":"https:\/\/beurswand.nl\/product\/messestand-design-19\/"},"modified":"2025-03-13T09:33:49","modified_gmt":"2025-03-13T09:33:49","slug":"messestand-design-19","status":"publish","type":"product","link":"https:\/\/beurswand2026.webdeveloperz.nl\/de\/product\/messestand-design-19\/","title":{"rendered":"Messestand Design 19"},"content":{"rendered":"<p><strong>Einzigartiges Messestand-Design 19<\/strong>  <\/p>\n<p>Sie suchen den Blickfang f\u00fcr Ihre n\u00e4chste Messe? Lernen Sie unser neuestes Messestanddesign 19 kennen! Mit einer gro\u00dfz\u00fcgigen Gr\u00f6\u00dfe von \u00fcber 36 m2 ist dieser Eckstand nicht zu \u00fcbersehen. Das moderne Traversensystem sorgt nicht nur f\u00fcr einen eleganten Look, sondern bietet auch vielseitige M\u00f6glichkeiten f\u00fcr Ihre Pr\u00e4sentation und Ihr Branding.<\/p>\n<p>Jedes Detail ist durchdacht, und jedes Element tr\u00e4gt zur ultimativen Pr\u00e4sentation Ihrer Marke bei. Aber das ist noch nicht alles! Unser Design 19 ist nur ein Beispiel daf\u00fcr. Haben Sie spezielle Anforderungen oder Ideen? Wir sind gerne bereit, das Design Ihren Vorstellungen und Bed\u00fcrfnissen anzupassen.<\/p>\n<p>Warten Sie nicht l\u00e4nger und entdecken Sie die M\u00f6glichkeiten! Fordern Sie jetzt weitere Informationen \u00fcber das untenstehende Kontaktformular an und lassen Sie uns gemeinsam den perfekten Messestand gestalten!<\/p>\n<p>\u2728 <em>Dieses Design kann vollst\u00e4ndig individuell gestaltet werden.<\/em> \u2728<\/p>\n","protected":false},"excerpt":{"rendered":"<p>Einzigartiges Messestand-Design 19 Sie suchen den Blickfang f\u00fcr Ihre n\u00e4chste Messe? Lernen Sie unser neuestes Messestanddesign 19 kennen! Mit einer gro\u00dfz\u00fcgigen Gr\u00f6\u00dfe von \u00fcber 36 m2 ist dieser Eckstand nicht zu \u00fcbersehen. Das moderne Traversensystem sorgt nicht nur f\u00fcr einen eleganten Look, sondern bietet auch vielseitige M\u00f6glichkeiten f\u00fcr Ihre Pr\u00e4sentation und Ihr Branding. Jedes Detail [&hellip;]<\/p>\n","protected":false},"featured_media":10936,"comment_status":"closed","ping_status":"open","template":"","meta":{"_acf_changed":false,"site-sidebar-layout":"default","site-content-layout":"","ast-site-content-layout":"default","site-content-style":"default","site-sidebar-style":"default","ast-global-header-display":"","ast-banner-title-visibility":"","ast-main-header-display":"","ast-hfb-above-header-display":"","ast-hfb-below-header-display":"","ast-hfb-mobile-header-display":"","site-post-title":"","ast-breadcrumbs-content":"","ast-featured-img":"","footer-sml-layout":"","ast-disable-related-posts":"","theme-transparent-header-meta":"","adv-header-id-meta":"","stick-header-meta":"","header-above-stick-meta":"","header-main-stick-meta":"","header-below-stick-meta":"","astra-migrate-meta-layouts":"default","ast-page-background-enabled":"default","ast-page-background-meta":{"desktop":{"background-color":"","background-image":"","background-repeat":"repeat","background-position":"center center","background-size":"auto","background-attachment":"scroll","background-type":"","background-media":"","overlay-type":"","overlay-color":"","overlay-opacity":"","overlay-gradient":""},"tablet":{"background-color":"","background-image":"","background-repeat":"repeat","background-position":"center center","background-size":"auto","background-attachment":"scroll","background-type":"","background-media":"","overlay-type":"","overlay-color":"","overlay-opacity":"","overlay-gradient":""},"mobile":{"background-color":"","background-image":"","background-repeat":"repeat","background-position":"center center","background-size":"auto","background-attachment":"scroll","background-type":"","background-media":"","overlay-type":"","overlay-color":"","overlay-opacity":"","overlay-gradient":""}},"ast-content-background-meta":{"desktop":{"background-color":"var(--ast-global-color-5)","background-image":"","background-repeat":"repeat","background-position":"center center","background-size":"auto","background-attachment":"scroll","background-type":"","background-media":"","overlay-type":"","overlay-color":"","overlay-opacity":"","overlay-gradient":""},"tablet":{"background-color":"var(--ast-global-color-5)","background-image":"","background-repeat":"repeat","background-position":"center center","background-size":"auto","background-attachment":"scroll","background-type":"","background-media":"","overlay-type":"","overlay-color":"","overlay-opacity":"","overlay-gradient":""},"mobile":{"background-color":"var(--ast-global-color-5)","background-image":"","background-repeat":"repeat","background-position":"center center","background-size":"auto","background-attachment":"scroll","background-type":"","background-media":"","overlay-type":"","overlay-color":"","overlay-opacity":"","overlay-gradient":""}}},"breedte":[],"design-oppervlakte":[379],"design-opstelling":[414],"design-optie":[448],"diepte":[],"oppervlakte":[],"opstelling":[],"optie":[],"pijler":[],"product_brand":[],"product_cat":[384,416,371,450,372,374,373],"product_tag":[],"class_list":{"0":"post-15547","1":"product","2":"type-product","3":"status-publish","4":"has-post-thumbnail","6":"design-oppervlakte-25-40-m2-de","7":"design-opstelling-eckstand","8":"design-optie-fachwerk","9":"product_cat-25-40-m2-de","10":"product_cat-eckstand","11":"product_cat-entwurf","12":"product_cat-fachwerk","13":"product_cat-flache","14":"product_cat-messestand-typ","15":"product_cat-optionen","16":"desktop-align-left","17":"tablet-align-left","18":"mobile-align-left","20":"first","21":"instock","22":"shipping-taxable","23":"product-type-simple"},"acf":[],"_links":{"self":[{"href":"https:\/\/beurswand2026.webdeveloperz.nl\/de\/wp-json\/wp\/v2\/product\/15547","targetHints":{"allow":["GET"]}}],"collection":[{"href":"https:\/\/beurswand2026.webdeveloperz.nl\/de\/wp-json\/wp\/v2\/product"}],"about":[{"href":"https:\/\/beurswand2026.webdeveloperz.nl\/de\/wp-json\/wp\/v2\/types\/product"}],"replies":[{"embeddable":true,"href":"https:\/\/beurswand2026.webdeveloperz.nl\/de\/wp-json\/wp\/v2\/comments?post=15547"}],"version-history":[{"count":1,"href":"https:\/\/beurswand2026.webdeveloperz.nl\/de\/wp-json\/wp\/v2\/product\/15547\/revisions"}],"predecessor-version":[{"id":15883,"href":"https:\/\/beurswand2026.webdeveloperz.nl\/de\/wp-json\/wp\/v2\/product\/15547\/revisions\/15883"}],"wp:featuredmedia":[{"embeddable":true,"href":"https:\/\/beurswand2026.webdeveloperz.nl\/de\/wp-json\/wp\/v2\/media\/10936"}],"wp:attachment":[{"href":"https:\/\/beurswand2026.webdeveloperz.nl\/de\/wp-json\/wp\/v2\/media?parent=15547"}],"wp:term":[{"taxonomy":"breedte","embeddable":true,"href":"https:\/\/beurswand2026.webdeveloperz.nl\/de\/wp-json\/wp\/v2\/breedte?post=15547"},{"taxonomy":"design-oppervlakte","embeddable":true,"href":"https:\/\/beurswand2026.webdeveloperz.nl\/de\/wp-json\/wp\/v2\/design-oppervlakte?post=15547"},{"taxonomy":"design-opstelling","embeddable":true,"href":"https:\/\/beurswand2026.webdeveloperz.nl\/de\/wp-json\/wp\/v2\/design-opstelling?post=15547"},{"taxonomy":"design-optie","embeddable":true,"href":"https:\/\/beurswand2026.webdeveloperz.nl\/de\/wp-json\/wp\/v2\/design-optie?post=15547"},{"taxonomy":"diepte","embeddable":true,"href":"https:\/\/beurswand2026.webdeveloperz.nl\/de\/wp-json\/wp\/v2\/diepte?post=15547"},{"taxonomy":"oppervlakte","embeddable":true,"href":"https:\/\/beurswand2026.webdeveloperz.nl\/de\/wp-json\/wp\/v2\/oppervlakte?post=15547"},{"taxonomy":"opstelling","embeddable":true,"href":"https:\/\/beurswand2026.webdeveloperz.nl\/de\/wp-json\/wp\/v2\/opstelling?post=15547"},{"taxonomy":"optie","embeddable":true,"href":"https:\/\/beurswand2026.webdeveloperz.nl\/de\/wp-json\/wp\/v2\/optie?post=15547"},{"taxonomy":"pijler","embeddable":true,"href":"https:\/\/beurswand2026.webdeveloperz.nl\/de\/wp-json\/wp\/v2\/pijler?post=15547"},{"taxonomy":"product_brand","embeddable":true,"href":"https:\/\/beurswand2026.webdeveloperz.nl\/de\/wp-json\/wp\/v2\/product_brand?post=15547"},{"taxonomy":"product_cat","embeddable":true,"href":"https:\/\/beurswand2026.webdeveloperz.nl\/de\/wp-json\/wp\/v2\/product_cat?post=15547"},{"taxonomy":"product_tag","embeddable":true,"href":"https:\/\/beurswand2026.webdeveloperz.nl\/de\/wp-json\/wp\/v2\/product_tag?post=15547"}],"curies":[{"name":"wp","href":"https:\/\/api.w.org\/{rel}","templated":true}]}}