{"id":15521,"date":"2023-10-12T14:03:11","date_gmt":"2023-10-12T14:03:11","guid":{"rendered":"https:\/\/beurswand.nl\/product\/messestand-entwuerfe-9\/"},"modified":"2025-03-13T09:33:56","modified_gmt":"2025-03-13T09:33:56","slug":"messestand-entwuerfe-9","status":"publish","type":"product","link":"https:\/\/beurswand2026.webdeveloperz.nl\/de\/product\/messestand-entwuerfe-9\/","title":{"rendered":"Messestand Designs 9"},"content":{"rendered":"<p><strong>Einzigartiges Messestanddesign 9 \u2013 Schaffen Sie Wirkung im Gro\u00dfformat!<\/strong><\/p>\n<p>Steigen Sie ein in die Zukunft der Messepr\u00e4sentation mit unserem ma\u00dfgeschneiderten Messestanddesign 9. Dieser beeindruckende Zwischenstand mit einer Fl\u00e4che von \u00fcber 96 m2 ist der richtige Weg, um Ihre Marke gro\u00df herauszustellen.<\/p>\n<p>Strahlende Akzente? Die eingebaute LED-Wand bietet ein unvergleichliches visuelles Erlebnis. Funktionalit\u00e4t und Stil vereinen sich in einem Schreibtisch, der perfekt f\u00fcr Interaktionen ist. Dank des Traversensystems l\u00e4sst sich dieser St\u00e4nder leicht an Ihre spezifischen Bed\u00fcrfnisse anpassen. Gehen Sie bequem und stilvoll auf dem Doppelboden und nutzen Sie die integrierte Speisekammer f\u00fcr ein perfektes G\u00e4steerlebnis.<\/p>\n<p>Dies ist nur ein Beispiel; passen Sie es nach Ihrem Geschmack und Ihren Bed\u00fcrfnissen an. Sind Sie bereit f\u00fcr ein unvergessliches Ausstellungserlebnis? Fordern Sie jetzt weitere Informationen an, indem Sie das nachstehende Kontaktformular verwenden. Ihre Vision, unser Know-how. Gemeinsam schaffen wir Magie!<\/p>\n","protected":false},"excerpt":{"rendered":"<p>Einzigartiges Messestanddesign 9 \u2013 Schaffen Sie Wirkung im Gro\u00dfformat! Steigen Sie ein in die Zukunft der Messepr\u00e4sentation mit unserem ma\u00dfgeschneiderten Messestanddesign 9. Dieser beeindruckende Zwischenstand mit einer Fl\u00e4che von \u00fcber 96 m2 ist der richtige Weg, um Ihre Marke gro\u00df herauszustellen. Strahlende Akzente? Die eingebaute LED-Wand bietet ein unvergleichliches visuelles Erlebnis. Funktionalit\u00e4t und Stil vereinen [&hellip;]<\/p>\n","protected":false},"featured_media":10811,"comment_status":"closed","ping_status":"closed","template":"","meta":{"_acf_changed":false,"site-sidebar-layout":"default","site-content-layout":"","ast-site-content-layout":"default","site-content-style":"default","site-sidebar-style":"default","ast-global-header-display":"","ast-banner-title-visibility":"","ast-main-header-display":"","ast-hfb-above-header-display":"","ast-hfb-below-header-display":"","ast-hfb-mobile-header-display":"","site-post-title":"","ast-breadcrumbs-content":"","ast-featured-img":"","footer-sml-layout":"","ast-disable-related-posts":"","theme-transparent-header-meta":"default","adv-header-id-meta":"","stick-header-meta":"default","header-above-stick-meta":"","header-main-stick-meta":"","header-below-stick-meta":"","astra-migrate-meta-layouts":"default","ast-page-background-enabled":"default","ast-page-background-meta":{"desktop":{"background-color":"","background-image":"","background-repeat":"repeat","background-position":"center center","background-size":"auto","background-attachment":"scroll","background-type":"","background-media":"","overlay-type":"","overlay-color":"","overlay-opacity":"","overlay-gradient":""},"tablet":{"background-color":"","background-image":"","background-repeat":"repeat","background-position":"center center","background-size":"auto","background-attachment":"scroll","background-type":"","background-media":"","overlay-type":"","overlay-color":"","overlay-opacity":"","overlay-gradient":""},"mobile":{"background-color":"","background-image":"","background-repeat":"repeat","background-position":"center center","background-size":"auto","background-attachment":"scroll","background-type":"","background-media":"","overlay-type":"","overlay-color":"","overlay-opacity":"","overlay-gradient":""}},"ast-content-background-meta":{"desktop":{"background-color":"var(--ast-global-color-5)","background-image":"","background-repeat":"repeat","background-position":"center center","background-size":"auto","background-attachment":"scroll","background-type":"","background-media":"","overlay-type":"","overlay-color":"","overlay-opacity":"","overlay-gradient":""},"tablet":{"background-color":"var(--ast-global-color-5)","background-image":"","background-repeat":"repeat","background-position":"center center","background-size":"auto","background-attachment":"scroll","background-type":"","background-media":"","overlay-type":"","overlay-color":"","overlay-opacity":"","overlay-gradient":""},"mobile":{"background-color":"var(--ast-global-color-5)","background-image":"","background-repeat":"repeat","background-position":"center center","background-size":"auto","background-attachment":"scroll","background-type":"","background-media":"","overlay-type":"","overlay-color":"","overlay-opacity":"","overlay-gradient":""}}},"breedte":[],"design-oppervlakte":[430],"design-opstelling":[436],"design-optie":[415,448,418,380,381],"diepte":[],"oppervlakte":[],"opstelling":[],"optie":[],"pijler":[],"product_brand":[],"product_cat":[431,371,417,450,372,419,374,373,382,383,437],"product_tag":[],"class_list":{"0":"post-15521","1":"product","2":"type-product","3":"status-publish","4":"has-post-thumbnail","6":"design-oppervlakte-40-m2-und-groser","7":"design-opstelling-zwischenstand","8":"design-optie-erhohter-boden","9":"design-optie-fachwerk","10":"design-optie-led-wand-de","11":"design-optie-schreibtisch","12":"design-optie-speisekammer","13":"product_cat-40-m2-und-groser","14":"product_cat-entwurf","15":"product_cat-erhohter-boden","16":"product_cat-fachwerk","17":"product_cat-flache","18":"product_cat-led-wand-de","19":"product_cat-messestand-typ","20":"product_cat-optionen","21":"product_cat-schreibtisch","22":"product_cat-speisekammer","23":"product_cat-tabellenstand","24":"desktop-align-left","25":"tablet-align-left","26":"mobile-align-left","28":"first","29":"instock","30":"shipping-taxable","31":"product-type-simple"},"acf":[],"_links":{"self":[{"href":"https:\/\/beurswand2026.webdeveloperz.nl\/de\/wp-json\/wp\/v2\/product\/15521","targetHints":{"allow":["GET"]}}],"collection":[{"href":"https:\/\/beurswand2026.webdeveloperz.nl\/de\/wp-json\/wp\/v2\/product"}],"about":[{"href":"https:\/\/beurswand2026.webdeveloperz.nl\/de\/wp-json\/wp\/v2\/types\/product"}],"replies":[{"embeddable":true,"href":"https:\/\/beurswand2026.webdeveloperz.nl\/de\/wp-json\/wp\/v2\/comments?post=15521"}],"version-history":[{"count":1,"href":"https:\/\/beurswand2026.webdeveloperz.nl\/de\/wp-json\/wp\/v2\/product\/15521\/revisions"}],"predecessor-version":[{"id":15893,"href":"https:\/\/beurswand2026.webdeveloperz.nl\/de\/wp-json\/wp\/v2\/product\/15521\/revisions\/15893"}],"wp:featuredmedia":[{"embeddable":true,"href":"https:\/\/beurswand2026.webdeveloperz.nl\/de\/wp-json\/wp\/v2\/media\/10811"}],"wp:attachment":[{"href":"https:\/\/beurswand2026.webdeveloperz.nl\/de\/wp-json\/wp\/v2\/media?parent=15521"}],"wp:term":[{"taxonomy":"breedte","embeddable":true,"href":"https:\/\/beurswand2026.webdeveloperz.nl\/de\/wp-json\/wp\/v2\/breedte?post=15521"},{"taxonomy":"design-oppervlakte","embeddable":true,"href":"https:\/\/beurswand2026.webdeveloperz.nl\/de\/wp-json\/wp\/v2\/design-oppervlakte?post=15521"},{"taxonomy":"design-opstelling","embeddable":true,"href":"https:\/\/beurswand2026.webdeveloperz.nl\/de\/wp-json\/wp\/v2\/design-opstelling?post=15521"},{"taxonomy":"design-optie","embeddable":true,"href":"https:\/\/beurswand2026.webdeveloperz.nl\/de\/wp-json\/wp\/v2\/design-optie?post=15521"},{"taxonomy":"diepte","embeddable":true,"href":"https:\/\/beurswand2026.webdeveloperz.nl\/de\/wp-json\/wp\/v2\/diepte?post=15521"},{"taxonomy":"oppervlakte","embeddable":true,"href":"https:\/\/beurswand2026.webdeveloperz.nl\/de\/wp-json\/wp\/v2\/oppervlakte?post=15521"},{"taxonomy":"opstelling","embeddable":true,"href":"https:\/\/beurswand2026.webdeveloperz.nl\/de\/wp-json\/wp\/v2\/opstelling?post=15521"},{"taxonomy":"optie","embeddable":true,"href":"https:\/\/beurswand2026.webdeveloperz.nl\/de\/wp-json\/wp\/v2\/optie?post=15521"},{"taxonomy":"pijler","embeddable":true,"href":"https:\/\/beurswand2026.webdeveloperz.nl\/de\/wp-json\/wp\/v2\/pijler?post=15521"},{"taxonomy":"product_brand","embeddable":true,"href":"https:\/\/beurswand2026.webdeveloperz.nl\/de\/wp-json\/wp\/v2\/product_brand?post=15521"},{"taxonomy":"product_cat","embeddable":true,"href":"https:\/\/beurswand2026.webdeveloperz.nl\/de\/wp-json\/wp\/v2\/product_cat?post=15521"},{"taxonomy":"product_tag","embeddable":true,"href":"https:\/\/beurswand2026.webdeveloperz.nl\/de\/wp-json\/wp\/v2\/product_tag?post=15521"}],"curies":[{"name":"wp","href":"https:\/\/api.w.org\/{rel}","templated":true}]}}