{"id":15517,"date":"2023-10-12T13:53:02","date_gmt":"2023-10-12T13:53:02","guid":{"rendered":"https:\/\/beurswand.nl\/product\/messestand-design-6\/"},"modified":"2025-03-13T09:33:58","modified_gmt":"2025-03-13T09:33:58","slug":"messestand-design-6","status":"publish","type":"product","link":"https:\/\/beurswand2026.webdeveloperz.nl\/de\/product\/messestand-design-6\/","title":{"rendered":"Messestand Design 6"},"content":{"rendered":"<p><strong>Einzigartiges Messestanddesign 6 \u2013 Der perfekte Inselstand!<\/strong>  <\/p>\n<p>Suchen Sie nach der perfekten M\u00f6glichkeit, sich von der Konkurrenz abzuheben? Unser neuestes Design 6, ein atemberaubender Inselstand, hat genau das, was Sie brauchen! Mit einer gro\u00dfz\u00fcgigen Fl\u00e4che von \u00fcber 40 m2 bietet dieser Stand eine beeindruckende Pr\u00e4sentationsfl\u00e4che f\u00fcr Ihre Marke.<\/p>\n<p>Beleuchten Sie Ihre Produkte mit unserer integrierten LED-Wand \u2013 ein garantierter Blickfang. Am stilvollen Schreibtisch lassen sich Gespr\u00e4che m\u00fchelos organisieren, und die eingebaute Speisekammer bietet Komfort f\u00fcr Ihre G\u00e4ste.<\/p>\n<p>Dies ist nur ein Beispiel; wir passen jedes Design an Ihre individuellen Bed\u00fcrfnisse und Anforderungen an. Sehen Sie das Potenzial? Z\u00f6gern Sie nicht und fordern Sie jetzt \u00fcber das Kontaktformular unten weitere Informationen an. Bleiben Sie stark, w\u00e4hlen Sie Design 6!   <\/p>\n","protected":false},"excerpt":{"rendered":"<p>Einzigartiges Messestanddesign 6 \u2013 Der perfekte Inselstand! Suchen Sie nach der perfekten M\u00f6glichkeit, sich von der Konkurrenz abzuheben? Unser neuestes Design 6, ein atemberaubender Inselstand, hat genau das, was Sie brauchen! Mit einer gro\u00dfz\u00fcgigen Fl\u00e4che von \u00fcber 40 m2 bietet dieser Stand eine beeindruckende Pr\u00e4sentationsfl\u00e4che f\u00fcr Ihre Marke. Beleuchten Sie Ihre Produkte mit unserer integrierten [&hellip;]<\/p>\n","protected":false},"featured_media":10775,"comment_status":"closed","ping_status":"open","template":"","meta":{"_acf_changed":false,"site-sidebar-layout":"default","site-content-layout":"","ast-site-content-layout":"default","site-content-style":"default","site-sidebar-style":"default","ast-global-header-display":"","ast-banner-title-visibility":"","ast-main-header-display":"","ast-hfb-above-header-display":"","ast-hfb-below-header-display":"","ast-hfb-mobile-header-display":"","site-post-title":"","ast-breadcrumbs-content":"","ast-featured-img":"","footer-sml-layout":"","ast-disable-related-posts":"","theme-transparent-header-meta":"","adv-header-id-meta":"","stick-header-meta":"","header-above-stick-meta":"","header-main-stick-meta":"","header-below-stick-meta":"","astra-migrate-meta-layouts":"default","ast-page-background-enabled":"default","ast-page-background-meta":{"desktop":{"background-color":"","background-image":"","background-repeat":"repeat","background-position":"center center","background-size":"auto","background-attachment":"scroll","background-type":"","background-media":"","overlay-type":"","overlay-color":"","overlay-opacity":"","overlay-gradient":""},"tablet":{"background-color":"","background-image":"","background-repeat":"repeat","background-position":"center center","background-size":"auto","background-attachment":"scroll","background-type":"","background-media":"","overlay-type":"","overlay-color":"","overlay-opacity":"","overlay-gradient":""},"mobile":{"background-color":"","background-image":"","background-repeat":"repeat","background-position":"center center","background-size":"auto","background-attachment":"scroll","background-type":"","background-media":"","overlay-type":"","overlay-color":"","overlay-opacity":"","overlay-gradient":""}},"ast-content-background-meta":{"desktop":{"background-color":"var(--ast-global-color-5)","background-image":"","background-repeat":"repeat","background-position":"center center","background-size":"auto","background-attachment":"scroll","background-type":"","background-media":"","overlay-type":"","overlay-color":"","overlay-opacity":"","overlay-gradient":""},"tablet":{"background-color":"var(--ast-global-color-5)","background-image":"","background-repeat":"repeat","background-position":"center center","background-size":"auto","background-attachment":"scroll","background-type":"","background-media":"","overlay-type":"","overlay-color":"","overlay-opacity":"","overlay-gradient":""},"mobile":{"background-color":"var(--ast-global-color-5)","background-image":"","background-repeat":"repeat","background-position":"center center","background-size":"auto","background-attachment":"scroll","background-type":"","background-media":"","overlay-type":"","overlay-color":"","overlay-opacity":"","overlay-gradient":""}}},"breedte":[],"design-oppervlakte":[379],"design-opstelling":[472],"design-optie":[473,418,380,381],"diepte":[],"oppervlakte":[],"opstelling":[],"optie":[],"pijler":[],"product_brand":[],"product_cat":[384,371,372,474,419,374,373,382,383],"product_tag":[],"class_list":{"0":"post-15517","1":"product","2":"type-product","3":"status-publish","4":"has-post-thumbnail","6":"design-oppervlakte-25-40-m2-de","7":"design-opstelling-insel-stand","8":"design-optie-insel-stand","9":"design-optie-led-wand-de","10":"design-optie-schreibtisch","11":"design-optie-speisekammer","12":"product_cat-25-40-m2-de","13":"product_cat-entwurf","14":"product_cat-flache","15":"product_cat-insel-stand","16":"product_cat-led-wand-de","17":"product_cat-messestand-typ","18":"product_cat-optionen","19":"product_cat-schreibtisch","20":"product_cat-speisekammer","21":"desktop-align-left","22":"tablet-align-left","23":"mobile-align-left","25":"first","26":"instock","27":"shipping-taxable","28":"product-type-simple"},"acf":[],"_links":{"self":[{"href":"https:\/\/beurswand2026.webdeveloperz.nl\/de\/wp-json\/wp\/v2\/product\/15517","targetHints":{"allow":["GET"]}}],"collection":[{"href":"https:\/\/beurswand2026.webdeveloperz.nl\/de\/wp-json\/wp\/v2\/product"}],"about":[{"href":"https:\/\/beurswand2026.webdeveloperz.nl\/de\/wp-json\/wp\/v2\/types\/product"}],"replies":[{"embeddable":true,"href":"https:\/\/beurswand2026.webdeveloperz.nl\/de\/wp-json\/wp\/v2\/comments?post=15517"}],"version-history":[{"count":1,"href":"https:\/\/beurswand2026.webdeveloperz.nl\/de\/wp-json\/wp\/v2\/product\/15517\/revisions"}],"predecessor-version":[{"id":15896,"href":"https:\/\/beurswand2026.webdeveloperz.nl\/de\/wp-json\/wp\/v2\/product\/15517\/revisions\/15896"}],"wp:featuredmedia":[{"embeddable":true,"href":"https:\/\/beurswand2026.webdeveloperz.nl\/de\/wp-json\/wp\/v2\/media\/10775"}],"wp:attachment":[{"href":"https:\/\/beurswand2026.webdeveloperz.nl\/de\/wp-json\/wp\/v2\/media?parent=15517"}],"wp:term":[{"taxonomy":"breedte","embeddable":true,"href":"https:\/\/beurswand2026.webdeveloperz.nl\/de\/wp-json\/wp\/v2\/breedte?post=15517"},{"taxonomy":"design-oppervlakte","embeddable":true,"href":"https:\/\/beurswand2026.webdeveloperz.nl\/de\/wp-json\/wp\/v2\/design-oppervlakte?post=15517"},{"taxonomy":"design-opstelling","embeddable":true,"href":"https:\/\/beurswand2026.webdeveloperz.nl\/de\/wp-json\/wp\/v2\/design-opstelling?post=15517"},{"taxonomy":"design-optie","embeddable":true,"href":"https:\/\/beurswand2026.webdeveloperz.nl\/de\/wp-json\/wp\/v2\/design-optie?post=15517"},{"taxonomy":"diepte","embeddable":true,"href":"https:\/\/beurswand2026.webdeveloperz.nl\/de\/wp-json\/wp\/v2\/diepte?post=15517"},{"taxonomy":"oppervlakte","embeddable":true,"href":"https:\/\/beurswand2026.webdeveloperz.nl\/de\/wp-json\/wp\/v2\/oppervlakte?post=15517"},{"taxonomy":"opstelling","embeddable":true,"href":"https:\/\/beurswand2026.webdeveloperz.nl\/de\/wp-json\/wp\/v2\/opstelling?post=15517"},{"taxonomy":"optie","embeddable":true,"href":"https:\/\/beurswand2026.webdeveloperz.nl\/de\/wp-json\/wp\/v2\/optie?post=15517"},{"taxonomy":"pijler","embeddable":true,"href":"https:\/\/beurswand2026.webdeveloperz.nl\/de\/wp-json\/wp\/v2\/pijler?post=15517"},{"taxonomy":"product_brand","embeddable":true,"href":"https:\/\/beurswand2026.webdeveloperz.nl\/de\/wp-json\/wp\/v2\/product_brand?post=15517"},{"taxonomy":"product_cat","embeddable":true,"href":"https:\/\/beurswand2026.webdeveloperz.nl\/de\/wp-json\/wp\/v2\/product_cat?post=15517"},{"taxonomy":"product_tag","embeddable":true,"href":"https:\/\/beurswand2026.webdeveloperz.nl\/de\/wp-json\/wp\/v2\/product_tag?post=15517"}],"curies":[{"name":"wp","href":"https:\/\/api.w.org\/{rel}","templated":true}]}}