{"id":15508,"date":"2023-10-12T13:46:45","date_gmt":"2023-10-12T13:46:45","guid":{"rendered":"https:\/\/beurswand.nl\/product\/messestand-design-5\/"},"modified":"2025-03-13T09:33:58","modified_gmt":"2025-03-13T09:33:58","slug":"messestand-design-5","status":"publish","type":"product","link":"https:\/\/beurswand2026.webdeveloperz.nl\/de\/product\/messestand-design-5\/","title":{"rendered":"Messestand Design 5"},"content":{"rendered":"<p><strong>Einzigartiges Messestanddesign 5 \u2013 Lassen Sie Ihre Marke strahlen!<\/strong><\/p>\n<p>Suchen Sie nach der perfekten M\u00f6glichkeit, Ihre Marke oder Ihr Produkt auf einer Messe oder Veranstaltung in Szene zu setzen? Unser Design 5 Messestand ist das, was Sie brauchen! Mit einer gro\u00dfz\u00fcgigen Gr\u00f6\u00dfe von \u00fcber 50 m\u00b2 haben Sie viel Platz, um zu beeindrucken. Als Headline-Stand positioniert er Ihre Marke direkt im Blickfeld der Besucher und verschafft Ihnen maximale Aufmerksamkeit.<\/p>\n<p>Funktionalit\u00e4t und \u00c4sthetik gehen Hand in Hand. Der Stand ist mit einem stilvollen Schreibtisch f\u00fcr Pr\u00e4sentationen und Beratungsgespr\u00e4che, einer Speisekammer f\u00fcr Ihren Cateringbedarf und praktischen Regalen f\u00fcr die Pr\u00e4sentation von Produkten oder Werbematerial ausgestattet.<\/p>\n<p>Dies ist nur ein Beispiel! M\u00f6chten Sie das Design an Ihre speziellen Bed\u00fcrfnisse anpassen? Kein Problem! F\u00fcllen Sie das untenstehende Kontaktformular aus, um weitere Informationen zu erhalten und herauszufinden, wie wir Ihre Vision zum Leben erwecken k\u00f6nnen. Verpassen Sie diese Gelegenheit nicht \u2013 vervollst\u00e4ndigen Sie Ihr Markenerlebnis noch heute!<\/p>\n","protected":false},"excerpt":{"rendered":"<p>Einzigartiges Messestanddesign 5 \u2013 Lassen Sie Ihre Marke strahlen! Suchen Sie nach der perfekten M\u00f6glichkeit, Ihre Marke oder Ihr Produkt auf einer Messe oder Veranstaltung in Szene zu setzen? Unser Design 5 Messestand ist das, was Sie brauchen! Mit einer gro\u00dfz\u00fcgigen Gr\u00f6\u00dfe von \u00fcber 50 m\u00b2 haben Sie viel Platz, um zu beeindrucken. Als Headline-Stand [&hellip;]<\/p>\n","protected":false},"featured_media":10768,"comment_status":"closed","ping_status":"open","template":"","meta":{"_acf_changed":false,"site-sidebar-layout":"default","site-content-layout":"","ast-site-content-layout":"default","site-content-style":"default","site-sidebar-style":"default","ast-global-header-display":"","ast-banner-title-visibility":"","ast-main-header-display":"","ast-hfb-above-header-display":"","ast-hfb-below-header-display":"","ast-hfb-mobile-header-display":"","site-post-title":"","ast-breadcrumbs-content":"","ast-featured-img":"","footer-sml-layout":"","ast-disable-related-posts":"","theme-transparent-header-meta":"","adv-header-id-meta":"","stick-header-meta":"","header-above-stick-meta":"","header-main-stick-meta":"","header-below-stick-meta":"","astra-migrate-meta-layouts":"default","ast-page-background-enabled":"default","ast-page-background-meta":{"desktop":{"background-color":"","background-image":"","background-repeat":"repeat","background-position":"center center","background-size":"auto","background-attachment":"scroll","background-type":"","background-media":"","overlay-type":"","overlay-color":"","overlay-opacity":"","overlay-gradient":""},"tablet":{"background-color":"","background-image":"","background-repeat":"repeat","background-position":"center center","background-size":"auto","background-attachment":"scroll","background-type":"","background-media":"","overlay-type":"","overlay-color":"","overlay-opacity":"","overlay-gradient":""},"mobile":{"background-color":"","background-image":"","background-repeat":"repeat","background-position":"center center","background-size":"auto","background-attachment":"scroll","background-type":"","background-media":"","overlay-type":"","overlay-color":"","overlay-opacity":"","overlay-gradient":""}},"ast-content-background-meta":{"desktop":{"background-color":"var(--ast-global-color-5)","background-image":"","background-repeat":"repeat","background-position":"center center","background-size":"auto","background-attachment":"scroll","background-type":"","background-media":"","overlay-type":"","overlay-color":"","overlay-opacity":"","overlay-gradient":""},"tablet":{"background-color":"var(--ast-global-color-5)","background-image":"","background-repeat":"repeat","background-position":"center center","background-size":"auto","background-attachment":"scroll","background-type":"","background-media":"","overlay-type":"","overlay-color":"","overlay-opacity":"","overlay-gradient":""},"mobile":{"background-color":"var(--ast-global-color-5)","background-image":"","background-repeat":"repeat","background-position":"center center","background-size":"auto","background-attachment":"scroll","background-type":"","background-media":"","overlay-type":"","overlay-color":"","overlay-opacity":"","overlay-gradient":""}}},"breedte":[],"design-oppervlakte":[430],"design-opstelling":[369],"design-optie":[467,380,381],"diepte":[],"oppervlakte":[],"opstelling":[],"optie":[],"pijler":[],"product_brand":[],"product_cat":[431,371,372,375,374,373,468,382,383],"product_tag":[],"class_list":{"0":"post-15508","1":"product","2":"type-product","3":"status-publish","4":"has-post-thumbnail","6":"design-oppervlakte-40-m2-und-groser","7":"design-opstelling-kopfstand","8":"design-optie-regale","9":"design-optie-schreibtisch","10":"design-optie-speisekammer","11":"product_cat-40-m2-und-groser","12":"product_cat-entwurf","13":"product_cat-flache","14":"product_cat-kopfstand","15":"product_cat-messestand-typ","16":"product_cat-optionen","17":"product_cat-regale","18":"product_cat-schreibtisch","19":"product_cat-speisekammer","20":"desktop-align-left","21":"tablet-align-left","22":"mobile-align-left","24":"first","25":"instock","26":"shipping-taxable","27":"product-type-simple"},"acf":[],"_links":{"self":[{"href":"https:\/\/beurswand2026.webdeveloperz.nl\/de\/wp-json\/wp\/v2\/product\/15508","targetHints":{"allow":["GET"]}}],"collection":[{"href":"https:\/\/beurswand2026.webdeveloperz.nl\/de\/wp-json\/wp\/v2\/product"}],"about":[{"href":"https:\/\/beurswand2026.webdeveloperz.nl\/de\/wp-json\/wp\/v2\/types\/product"}],"replies":[{"embeddable":true,"href":"https:\/\/beurswand2026.webdeveloperz.nl\/de\/wp-json\/wp\/v2\/comments?post=15508"}],"version-history":[{"count":1,"href":"https:\/\/beurswand2026.webdeveloperz.nl\/de\/wp-json\/wp\/v2\/product\/15508\/revisions"}],"predecessor-version":[{"id":15897,"href":"https:\/\/beurswand2026.webdeveloperz.nl\/de\/wp-json\/wp\/v2\/product\/15508\/revisions\/15897"}],"wp:featuredmedia":[{"embeddable":true,"href":"https:\/\/beurswand2026.webdeveloperz.nl\/de\/wp-json\/wp\/v2\/media\/10768"}],"wp:attachment":[{"href":"https:\/\/beurswand2026.webdeveloperz.nl\/de\/wp-json\/wp\/v2\/media?parent=15508"}],"wp:term":[{"taxonomy":"breedte","embeddable":true,"href":"https:\/\/beurswand2026.webdeveloperz.nl\/de\/wp-json\/wp\/v2\/breedte?post=15508"},{"taxonomy":"design-oppervlakte","embeddable":true,"href":"https:\/\/beurswand2026.webdeveloperz.nl\/de\/wp-json\/wp\/v2\/design-oppervlakte?post=15508"},{"taxonomy":"design-opstelling","embeddable":true,"href":"https:\/\/beurswand2026.webdeveloperz.nl\/de\/wp-json\/wp\/v2\/design-opstelling?post=15508"},{"taxonomy":"design-optie","embeddable":true,"href":"https:\/\/beurswand2026.webdeveloperz.nl\/de\/wp-json\/wp\/v2\/design-optie?post=15508"},{"taxonomy":"diepte","embeddable":true,"href":"https:\/\/beurswand2026.webdeveloperz.nl\/de\/wp-json\/wp\/v2\/diepte?post=15508"},{"taxonomy":"oppervlakte","embeddable":true,"href":"https:\/\/beurswand2026.webdeveloperz.nl\/de\/wp-json\/wp\/v2\/oppervlakte?post=15508"},{"taxonomy":"opstelling","embeddable":true,"href":"https:\/\/beurswand2026.webdeveloperz.nl\/de\/wp-json\/wp\/v2\/opstelling?post=15508"},{"taxonomy":"optie","embeddable":true,"href":"https:\/\/beurswand2026.webdeveloperz.nl\/de\/wp-json\/wp\/v2\/optie?post=15508"},{"taxonomy":"pijler","embeddable":true,"href":"https:\/\/beurswand2026.webdeveloperz.nl\/de\/wp-json\/wp\/v2\/pijler?post=15508"},{"taxonomy":"product_brand","embeddable":true,"href":"https:\/\/beurswand2026.webdeveloperz.nl\/de\/wp-json\/wp\/v2\/product_brand?post=15508"},{"taxonomy":"product_cat","embeddable":true,"href":"https:\/\/beurswand2026.webdeveloperz.nl\/de\/wp-json\/wp\/v2\/product_cat?post=15508"},{"taxonomy":"product_tag","embeddable":true,"href":"https:\/\/beurswand2026.webdeveloperz.nl\/de\/wp-json\/wp\/v2\/product_tag?post=15508"}],"curies":[{"name":"wp","href":"https:\/\/api.w.org\/{rel}","templated":true}]}}