{"id":15498,"date":"2023-10-15T07:08:48","date_gmt":"2023-10-15T07:08:48","guid":{"rendered":"https:\/\/beurswand.nl\/product\/messestand-gestaltung-79\/"},"modified":"2025-03-13T09:33:16","modified_gmt":"2025-03-13T09:33:16","slug":"messestand-gestaltung-79","status":"publish","type":"product","link":"https:\/\/beurswand2026.webdeveloperz.nl\/de\/product\/messestand-gestaltung-79\/","title":{"rendered":"Messestand Design 79"},"content":{"rendered":"<p><strong>Einzigartiges Messestand-Design 79: Ihr perfekter Eckstand!<\/strong><\/p>\n<p>Pr\u00e4sentieren Sie Ihre Marke mit Flair und Professionalit\u00e4t mit unserem Design 79 Messestand! Mit einem Raumma\u00df von mehr als 9 m\u00b2 bietet dieser Eckstand eine markante Pr\u00e4senz, die Besucher aus allen Richtungen anzieht. Das integrierte Pult bietet eine zentrale Anlaufstelle, ideal f\u00fcr Interaktionen, Produktdemonstrationen oder einfach zum Auslegen Ihrer Unternehmensunterlagen.<\/p>\n<p>Jeder Stand ist mehr als nur ein Raum, er ist eine Erweiterung Ihrer Marke. Und das Beste? Dies ist nur ein Beispiel! Es kann vollst\u00e4ndig an Ihre Bed\u00fcrfnisse angepasst werden.<\/p>\n<p>Interessiert? Dann klicken Sie jetzt auf das untenstehende Kontaktformular, um weitere Informationen zu erhalten. Finden Sie heraus, wie Design 79 Ihnen helfen kann, einen unvergesslichen Eindruck auf der Messe zu hinterlassen. Ihr Erfolg ist unsere Leidenschaft. Fordern Sie jetzt weitere Informationen an und beginnen Sie mit der Personalisierung!<\/p>\n","protected":false},"excerpt":{"rendered":"<p>Einzigartiges Messestand-Design 79: Ihr perfekter Eckstand! Pr\u00e4sentieren Sie Ihre Marke mit Flair und Professionalit\u00e4t mit unserem Design 79 Messestand! Mit einem Raumma\u00df von mehr als 9 m\u00b2 bietet dieser Eckstand eine markante Pr\u00e4senz, die Besucher aus allen Richtungen anzieht. Das integrierte Pult bietet eine zentrale Anlaufstelle, ideal f\u00fcr Interaktionen, Produktdemonstrationen oder einfach zum Auslegen Ihrer [&hellip;]<\/p>\n","protected":false},"featured_media":11931,"comment_status":"closed","ping_status":"open","template":"","meta":{"_acf_changed":false,"site-sidebar-layout":"default","site-content-layout":"","ast-site-content-layout":"default","site-content-style":"default","site-sidebar-style":"default","ast-global-header-display":"","ast-banner-title-visibility":"","ast-main-header-display":"","ast-hfb-above-header-display":"","ast-hfb-below-header-display":"","ast-hfb-mobile-header-display":"","site-post-title":"","ast-breadcrumbs-content":"","ast-featured-img":"","footer-sml-layout":"","ast-disable-related-posts":"","theme-transparent-header-meta":"","adv-header-id-meta":"","stick-header-meta":"","header-above-stick-meta":"","header-main-stick-meta":"","header-below-stick-meta":"","astra-migrate-meta-layouts":"default","ast-page-background-enabled":"default","ast-page-background-meta":{"desktop":{"background-color":"","background-image":"","background-repeat":"repeat","background-position":"center center","background-size":"auto","background-attachment":"scroll","background-type":"","background-media":"","overlay-type":"","overlay-color":"","overlay-opacity":"","overlay-gradient":""},"tablet":{"background-color":"","background-image":"","background-repeat":"repeat","background-position":"center center","background-size":"auto","background-attachment":"scroll","background-type":"","background-media":"","overlay-type":"","overlay-color":"","overlay-opacity":"","overlay-gradient":""},"mobile":{"background-color":"","background-image":"","background-repeat":"repeat","background-position":"center center","background-size":"auto","background-attachment":"scroll","background-type":"","background-media":"","overlay-type":"","overlay-color":"","overlay-opacity":"","overlay-gradient":""}},"ast-content-background-meta":{"desktop":{"background-color":"var(--ast-global-color-5)","background-image":"","background-repeat":"repeat","background-position":"center center","background-size":"auto","background-attachment":"scroll","background-type":"","background-media":"","overlay-type":"","overlay-color":"","overlay-opacity":"","overlay-gradient":""},"tablet":{"background-color":"var(--ast-global-color-5)","background-image":"","background-repeat":"repeat","background-position":"center center","background-size":"auto","background-attachment":"scroll","background-type":"","background-media":"","overlay-type":"","overlay-color":"","overlay-opacity":"","overlay-gradient":""},"mobile":{"background-color":"var(--ast-global-color-5)","background-image":"","background-repeat":"repeat","background-position":"center center","background-size":"auto","background-attachment":"scroll","background-type":"","background-media":"","overlay-type":"","overlay-color":"","overlay-opacity":"","overlay-gradient":""}}},"breedte":[],"design-oppervlakte":[368],"design-opstelling":[414],"design-optie":[380],"diepte":[],"oppervlakte":[],"opstelling":[],"optie":[],"pijler":[],"product_brand":[],"product_cat":[376,416,371,372,374,373,382],"product_tag":[],"class_list":{"0":"post-15498","1":"product","2":"type-product","3":"status-publish","4":"has-post-thumbnail","6":"design-oppervlakte-1-24-m2-de","7":"design-opstelling-eckstand","8":"design-optie-schreibtisch","9":"product_cat-1-24-m2-de","10":"product_cat-eckstand","11":"product_cat-entwurf","12":"product_cat-flache","13":"product_cat-messestand-typ","14":"product_cat-optionen","15":"product_cat-schreibtisch","16":"desktop-align-left","17":"tablet-align-left","18":"mobile-align-left","20":"first","21":"instock","22":"shipping-taxable","23":"product-type-simple"},"acf":[],"_links":{"self":[{"href":"https:\/\/beurswand2026.webdeveloperz.nl\/de\/wp-json\/wp\/v2\/product\/15498","targetHints":{"allow":["GET"]}}],"collection":[{"href":"https:\/\/beurswand2026.webdeveloperz.nl\/de\/wp-json\/wp\/v2\/product"}],"about":[{"href":"https:\/\/beurswand2026.webdeveloperz.nl\/de\/wp-json\/wp\/v2\/types\/product"}],"replies":[{"embeddable":true,"href":"https:\/\/beurswand2026.webdeveloperz.nl\/de\/wp-json\/wp\/v2\/comments?post=15498"}],"version-history":[{"count":1,"href":"https:\/\/beurswand2026.webdeveloperz.nl\/de\/wp-json\/wp\/v2\/product\/15498\/revisions"}],"predecessor-version":[{"id":15823,"href":"https:\/\/beurswand2026.webdeveloperz.nl\/de\/wp-json\/wp\/v2\/product\/15498\/revisions\/15823"}],"wp:featuredmedia":[{"embeddable":true,"href":"https:\/\/beurswand2026.webdeveloperz.nl\/de\/wp-json\/wp\/v2\/media\/11931"}],"wp:attachment":[{"href":"https:\/\/beurswand2026.webdeveloperz.nl\/de\/wp-json\/wp\/v2\/media?parent=15498"}],"wp:term":[{"taxonomy":"breedte","embeddable":true,"href":"https:\/\/beurswand2026.webdeveloperz.nl\/de\/wp-json\/wp\/v2\/breedte?post=15498"},{"taxonomy":"design-oppervlakte","embeddable":true,"href":"https:\/\/beurswand2026.webdeveloperz.nl\/de\/wp-json\/wp\/v2\/design-oppervlakte?post=15498"},{"taxonomy":"design-opstelling","embeddable":true,"href":"https:\/\/beurswand2026.webdeveloperz.nl\/de\/wp-json\/wp\/v2\/design-opstelling?post=15498"},{"taxonomy":"design-optie","embeddable":true,"href":"https:\/\/beurswand2026.webdeveloperz.nl\/de\/wp-json\/wp\/v2\/design-optie?post=15498"},{"taxonomy":"diepte","embeddable":true,"href":"https:\/\/beurswand2026.webdeveloperz.nl\/de\/wp-json\/wp\/v2\/diepte?post=15498"},{"taxonomy":"oppervlakte","embeddable":true,"href":"https:\/\/beurswand2026.webdeveloperz.nl\/de\/wp-json\/wp\/v2\/oppervlakte?post=15498"},{"taxonomy":"opstelling","embeddable":true,"href":"https:\/\/beurswand2026.webdeveloperz.nl\/de\/wp-json\/wp\/v2\/opstelling?post=15498"},{"taxonomy":"optie","embeddable":true,"href":"https:\/\/beurswand2026.webdeveloperz.nl\/de\/wp-json\/wp\/v2\/optie?post=15498"},{"taxonomy":"pijler","embeddable":true,"href":"https:\/\/beurswand2026.webdeveloperz.nl\/de\/wp-json\/wp\/v2\/pijler?post=15498"},{"taxonomy":"product_brand","embeddable":true,"href":"https:\/\/beurswand2026.webdeveloperz.nl\/de\/wp-json\/wp\/v2\/product_brand?post=15498"},{"taxonomy":"product_cat","embeddable":true,"href":"https:\/\/beurswand2026.webdeveloperz.nl\/de\/wp-json\/wp\/v2\/product_cat?post=15498"},{"taxonomy":"product_tag","embeddable":true,"href":"https:\/\/beurswand2026.webdeveloperz.nl\/de\/wp-json\/wp\/v2\/product_tag?post=15498"}],"curies":[{"name":"wp","href":"https:\/\/api.w.org\/{rel}","templated":true}]}}