{"id":15495,"date":"2023-10-15T07:09:32","date_gmt":"2023-10-15T07:09:32","guid":{"rendered":"https:\/\/beurswand.nl\/product\/messestand-design-80\/"},"modified":"2025-03-13T09:33:16","modified_gmt":"2025-03-13T09:33:16","slug":"messestand-design-80","status":"publish","type":"product","link":"https:\/\/beurswand2026.webdeveloperz.nl\/de\/product\/messestand-design-80\/","title":{"rendered":"Messestand Design 80"},"content":{"rendered":"<hr>\n<p><strong>Einzigartiges Messestanddesign 80 \u2013 Ihre Marke, doppelte Sichtbarkeit!<\/strong><\/p>\n<p>Pr\u00e4sentieren Sie Ihr Unternehmen stilvoll mit unserem eindrucksvollen Messestand-Design 80. Dank seiner gro\u00dfz\u00fcgigen Gr\u00f6\u00dfe von mehr als 9 m\u00b2 haben Sie den n\u00f6tigen Platz, um Ihre Produkte oder Dienstleistungen zu pr\u00e4sentieren. Dar\u00fcber hinaus verf\u00fcgt dieser Stand \u00fcber einen integrierten Schreibtisch, der sich perfekt f\u00fcr pers\u00f6nliche Gespr\u00e4che und Produktdemonstrationen eignet.<\/p>\n<p>Was ist das Besondere an dieser Ausstellung? Es ist ein Kopstand-Design! Das bedeutet, dass Ihr Stand von drei Seiten zug\u00e4nglich ist, was Ihnen mehr Kontaktmomente mit potenziellen Kunden verschafft und Sie aus der Masse heraushebt.<\/p>\n<p>Sind Sie neugierig auf die M\u00f6glichkeiten oder m\u00f6chten Sie das Design auf Ihre speziellen Bed\u00fcrfnisse abstimmen? Kein Problem! Klicken Sie auf das nachstehende Kontaktformular und fordern Sie weitere Informationen an. Wir helfen Ihnen gerne, Ihr Messeerlebnis perfekt zu gestalten.<\/p>\n","protected":false},"excerpt":{"rendered":"<p>Einzigartiges Messestanddesign 80 \u2013 Ihre Marke, doppelte Sichtbarkeit! Pr\u00e4sentieren Sie Ihr Unternehmen stilvoll mit unserem eindrucksvollen Messestand-Design 80. Dank seiner gro\u00dfz\u00fcgigen Gr\u00f6\u00dfe von mehr als 9 m\u00b2 haben Sie den n\u00f6tigen Platz, um Ihre Produkte oder Dienstleistungen zu pr\u00e4sentieren. Dar\u00fcber hinaus verf\u00fcgt dieser Stand \u00fcber einen integrierten Schreibtisch, der sich perfekt f\u00fcr pers\u00f6nliche Gespr\u00e4che und [&hellip;]<\/p>\n","protected":false},"featured_media":11948,"comment_status":"closed","ping_status":"open","template":"","meta":{"_acf_changed":false,"site-sidebar-layout":"default","site-content-layout":"","ast-site-content-layout":"default","site-content-style":"default","site-sidebar-style":"default","ast-global-header-display":"","ast-banner-title-visibility":"","ast-main-header-display":"","ast-hfb-above-header-display":"","ast-hfb-below-header-display":"","ast-hfb-mobile-header-display":"","site-post-title":"","ast-breadcrumbs-content":"","ast-featured-img":"","footer-sml-layout":"","ast-disable-related-posts":"","theme-transparent-header-meta":"","adv-header-id-meta":"","stick-header-meta":"","header-above-stick-meta":"","header-main-stick-meta":"","header-below-stick-meta":"","astra-migrate-meta-layouts":"default","ast-page-background-enabled":"default","ast-page-background-meta":{"desktop":{"background-color":"","background-image":"","background-repeat":"repeat","background-position":"center center","background-size":"auto","background-attachment":"scroll","background-type":"","background-media":"","overlay-type":"","overlay-color":"","overlay-opacity":"","overlay-gradient":""},"tablet":{"background-color":"","background-image":"","background-repeat":"repeat","background-position":"center center","background-size":"auto","background-attachment":"scroll","background-type":"","background-media":"","overlay-type":"","overlay-color":"","overlay-opacity":"","overlay-gradient":""},"mobile":{"background-color":"","background-image":"","background-repeat":"repeat","background-position":"center center","background-size":"auto","background-attachment":"scroll","background-type":"","background-media":"","overlay-type":"","overlay-color":"","overlay-opacity":"","overlay-gradient":""}},"ast-content-background-meta":{"desktop":{"background-color":"var(--ast-global-color-5)","background-image":"","background-repeat":"repeat","background-position":"center center","background-size":"auto","background-attachment":"scroll","background-type":"","background-media":"","overlay-type":"","overlay-color":"","overlay-opacity":"","overlay-gradient":""},"tablet":{"background-color":"var(--ast-global-color-5)","background-image":"","background-repeat":"repeat","background-position":"center center","background-size":"auto","background-attachment":"scroll","background-type":"","background-media":"","overlay-type":"","overlay-color":"","overlay-opacity":"","overlay-gradient":""},"mobile":{"background-color":"var(--ast-global-color-5)","background-image":"","background-repeat":"repeat","background-position":"center center","background-size":"auto","background-attachment":"scroll","background-type":"","background-media":"","overlay-type":"","overlay-color":"","overlay-opacity":"","overlay-gradient":""}}},"breedte":[],"design-oppervlakte":[368],"design-opstelling":[369],"design-optie":[380],"diepte":[],"oppervlakte":[],"opstelling":[],"optie":[],"pijler":[],"product_brand":[],"product_cat":[376,371,372,375,374,373,382],"product_tag":[],"class_list":{"0":"post-15495","1":"product","2":"type-product","3":"status-publish","4":"has-post-thumbnail","6":"design-oppervlakte-1-24-m2-de","7":"design-opstelling-kopfstand","8":"design-optie-schreibtisch","9":"product_cat-1-24-m2-de","10":"product_cat-entwurf","11":"product_cat-flache","12":"product_cat-kopfstand","13":"product_cat-messestand-typ","14":"product_cat-optionen","15":"product_cat-schreibtisch","16":"desktop-align-left","17":"tablet-align-left","18":"mobile-align-left","20":"first","21":"instock","22":"shipping-taxable","23":"product-type-simple"},"acf":[],"_links":{"self":[{"href":"https:\/\/beurswand2026.webdeveloperz.nl\/de\/wp-json\/wp\/v2\/product\/15495","targetHints":{"allow":["GET"]}}],"collection":[{"href":"https:\/\/beurswand2026.webdeveloperz.nl\/de\/wp-json\/wp\/v2\/product"}],"about":[{"href":"https:\/\/beurswand2026.webdeveloperz.nl\/de\/wp-json\/wp\/v2\/types\/product"}],"replies":[{"embeddable":true,"href":"https:\/\/beurswand2026.webdeveloperz.nl\/de\/wp-json\/wp\/v2\/comments?post=15495"}],"version-history":[{"count":1,"href":"https:\/\/beurswand2026.webdeveloperz.nl\/de\/wp-json\/wp\/v2\/product\/15495\/revisions"}],"predecessor-version":[{"id":15822,"href":"https:\/\/beurswand2026.webdeveloperz.nl\/de\/wp-json\/wp\/v2\/product\/15495\/revisions\/15822"}],"wp:featuredmedia":[{"embeddable":true,"href":"https:\/\/beurswand2026.webdeveloperz.nl\/de\/wp-json\/wp\/v2\/media\/11948"}],"wp:attachment":[{"href":"https:\/\/beurswand2026.webdeveloperz.nl\/de\/wp-json\/wp\/v2\/media?parent=15495"}],"wp:term":[{"taxonomy":"breedte","embeddable":true,"href":"https:\/\/beurswand2026.webdeveloperz.nl\/de\/wp-json\/wp\/v2\/breedte?post=15495"},{"taxonomy":"design-oppervlakte","embeddable":true,"href":"https:\/\/beurswand2026.webdeveloperz.nl\/de\/wp-json\/wp\/v2\/design-oppervlakte?post=15495"},{"taxonomy":"design-opstelling","embeddable":true,"href":"https:\/\/beurswand2026.webdeveloperz.nl\/de\/wp-json\/wp\/v2\/design-opstelling?post=15495"},{"taxonomy":"design-optie","embeddable":true,"href":"https:\/\/beurswand2026.webdeveloperz.nl\/de\/wp-json\/wp\/v2\/design-optie?post=15495"},{"taxonomy":"diepte","embeddable":true,"href":"https:\/\/beurswand2026.webdeveloperz.nl\/de\/wp-json\/wp\/v2\/diepte?post=15495"},{"taxonomy":"oppervlakte","embeddable":true,"href":"https:\/\/beurswand2026.webdeveloperz.nl\/de\/wp-json\/wp\/v2\/oppervlakte?post=15495"},{"taxonomy":"opstelling","embeddable":true,"href":"https:\/\/beurswand2026.webdeveloperz.nl\/de\/wp-json\/wp\/v2\/opstelling?post=15495"},{"taxonomy":"optie","embeddable":true,"href":"https:\/\/beurswand2026.webdeveloperz.nl\/de\/wp-json\/wp\/v2\/optie?post=15495"},{"taxonomy":"pijler","embeddable":true,"href":"https:\/\/beurswand2026.webdeveloperz.nl\/de\/wp-json\/wp\/v2\/pijler?post=15495"},{"taxonomy":"product_brand","embeddable":true,"href":"https:\/\/beurswand2026.webdeveloperz.nl\/de\/wp-json\/wp\/v2\/product_brand?post=15495"},{"taxonomy":"product_cat","embeddable":true,"href":"https:\/\/beurswand2026.webdeveloperz.nl\/de\/wp-json\/wp\/v2\/product_cat?post=15495"},{"taxonomy":"product_tag","embeddable":true,"href":"https:\/\/beurswand2026.webdeveloperz.nl\/de\/wp-json\/wp\/v2\/product_tag?post=15495"}],"curies":[{"name":"wp","href":"https:\/\/api.w.org\/{rel}","templated":true}]}}