{"id":15490,"date":"2023-10-15T07:07:59","date_gmt":"2023-10-15T07:07:59","guid":{"rendered":"https:\/\/beurswand.nl\/product\/messestand-gestaltung-78\/"},"modified":"2025-03-13T09:33:17","modified_gmt":"2025-03-13T09:33:17","slug":"messestand-gestaltung-78","status":"publish","type":"product","link":"https:\/\/beurswand2026.webdeveloperz.nl\/de\/product\/messestand-gestaltung-78\/","title":{"rendered":"Messestand Design 78"},"content":{"rendered":"<hr>\n<p><strong>Einzigartiges Messestanddesign 78: Der Showstopper!<\/strong><\/p>\n<p>Sind Sie bereit, auf Ihrer n\u00e4chsten Messe zu beeindrucken? Unser Messestanddesign 78 ist genau das, was Sie brauchen. Mit einer gro\u00dfz\u00fcgigen Fl\u00e4che von mehr als 24 m2 und einem auff\u00e4lligen Kopfstanddesign sind Ihnen maximale Sichtbarkeit und Wirkung garantiert.<\/p>\n<p>Ganz gleich, ob Sie Ihre Produkte ausstellen oder einfach einen gem\u00fctlichen Raum f\u00fcr Ihre Besucher schaffen wollen, wir haben an alles gedacht. Ein stilvoller Schreibtisch f\u00fcr Interaktionen, eine praktische Speisekammer f\u00fcr Erfrischungen, ein erh\u00f6hter Boden f\u00fcr das gewisse Extra und praktische Regale f\u00fcr Ihre Werbematerialien.<\/p>\n<p>Und das Beste? Dies ist nur ein Beispiel. Wir k\u00f6nnen den Stand an Ihre individuellen Bed\u00fcrfnisse und Anforderungen anpassen. Worauf warten Sie also noch? F\u00fcllen Sie das nachstehende Kontaktformular aus und fordern Sie weitere Informationen an. Machen Sie Ihre n\u00e4chste Messe zu einem vollen Erfolg mit Exhibition Stand Design 78!<\/p>\n","protected":false},"excerpt":{"rendered":"<p>Einzigartiges Messestanddesign 78: Der Showstopper! Sind Sie bereit, auf Ihrer n\u00e4chsten Messe zu beeindrucken? Unser Messestanddesign 78 ist genau das, was Sie brauchen. Mit einer gro\u00dfz\u00fcgigen Fl\u00e4che von mehr als 24 m2 und einem auff\u00e4lligen Kopfstanddesign sind Ihnen maximale Sichtbarkeit und Wirkung garantiert. Ganz gleich, ob Sie Ihre Produkte ausstellen oder einfach einen gem\u00fctlichen Raum [&hellip;]<\/p>\n","protected":false},"featured_media":11909,"comment_status":"closed","ping_status":"open","template":"","meta":{"_acf_changed":false,"site-sidebar-layout":"default","site-content-layout":"","ast-site-content-layout":"default","site-content-style":"default","site-sidebar-style":"default","ast-global-header-display":"","ast-banner-title-visibility":"","ast-main-header-display":"","ast-hfb-above-header-display":"","ast-hfb-below-header-display":"","ast-hfb-mobile-header-display":"","site-post-title":"","ast-breadcrumbs-content":"","ast-featured-img":"","footer-sml-layout":"","ast-disable-related-posts":"","theme-transparent-header-meta":"","adv-header-id-meta":"","stick-header-meta":"","header-above-stick-meta":"","header-main-stick-meta":"","header-below-stick-meta":"","astra-migrate-meta-layouts":"default","ast-page-background-enabled":"default","ast-page-background-meta":{"desktop":{"background-color":"","background-image":"","background-repeat":"repeat","background-position":"center center","background-size":"auto","background-attachment":"scroll","background-type":"","background-media":"","overlay-type":"","overlay-color":"","overlay-opacity":"","overlay-gradient":""},"tablet":{"background-color":"","background-image":"","background-repeat":"repeat","background-position":"center center","background-size":"auto","background-attachment":"scroll","background-type":"","background-media":"","overlay-type":"","overlay-color":"","overlay-opacity":"","overlay-gradient":""},"mobile":{"background-color":"","background-image":"","background-repeat":"repeat","background-position":"center center","background-size":"auto","background-attachment":"scroll","background-type":"","background-media":"","overlay-type":"","overlay-color":"","overlay-opacity":"","overlay-gradient":""}},"ast-content-background-meta":{"desktop":{"background-color":"var(--ast-global-color-5)","background-image":"","background-repeat":"repeat","background-position":"center center","background-size":"auto","background-attachment":"scroll","background-type":"","background-media":"","overlay-type":"","overlay-color":"","overlay-opacity":"","overlay-gradient":""},"tablet":{"background-color":"var(--ast-global-color-5)","background-image":"","background-repeat":"repeat","background-position":"center center","background-size":"auto","background-attachment":"scroll","background-type":"","background-media":"","overlay-type":"","overlay-color":"","overlay-opacity":"","overlay-gradient":""},"mobile":{"background-color":"var(--ast-global-color-5)","background-image":"","background-repeat":"repeat","background-position":"center center","background-size":"auto","background-attachment":"scroll","background-type":"","background-media":"","overlay-type":"","overlay-color":"","overlay-opacity":"","overlay-gradient":""}}},"breedte":[],"design-oppervlakte":[368],"design-opstelling":[369],"design-optie":[415,467,380,381],"diepte":[],"oppervlakte":[],"opstelling":[],"optie":[],"pijler":[],"product_brand":[],"product_cat":[376,371,417,372,375,374,373,468,382,383],"product_tag":[],"class_list":{"0":"post-15490","1":"product","2":"type-product","3":"status-publish","4":"has-post-thumbnail","6":"design-oppervlakte-1-24-m2-de","7":"design-opstelling-kopfstand","8":"design-optie-erhohter-boden","9":"design-optie-regale","10":"design-optie-schreibtisch","11":"design-optie-speisekammer","12":"product_cat-1-24-m2-de","13":"product_cat-entwurf","14":"product_cat-erhohter-boden","15":"product_cat-flache","16":"product_cat-kopfstand","17":"product_cat-messestand-typ","18":"product_cat-optionen","19":"product_cat-regale","20":"product_cat-schreibtisch","21":"product_cat-speisekammer","22":"desktop-align-left","23":"tablet-align-left","24":"mobile-align-left","26":"first","27":"instock","28":"shipping-taxable","29":"product-type-simple"},"acf":[],"_links":{"self":[{"href":"https:\/\/beurswand2026.webdeveloperz.nl\/de\/wp-json\/wp\/v2\/product\/15490","targetHints":{"allow":["GET"]}}],"collection":[{"href":"https:\/\/beurswand2026.webdeveloperz.nl\/de\/wp-json\/wp\/v2\/product"}],"about":[{"href":"https:\/\/beurswand2026.webdeveloperz.nl\/de\/wp-json\/wp\/v2\/types\/product"}],"replies":[{"embeddable":true,"href":"https:\/\/beurswand2026.webdeveloperz.nl\/de\/wp-json\/wp\/v2\/comments?post=15490"}],"version-history":[{"count":1,"href":"https:\/\/beurswand2026.webdeveloperz.nl\/de\/wp-json\/wp\/v2\/product\/15490\/revisions"}],"predecessor-version":[{"id":15824,"href":"https:\/\/beurswand2026.webdeveloperz.nl\/de\/wp-json\/wp\/v2\/product\/15490\/revisions\/15824"}],"wp:featuredmedia":[{"embeddable":true,"href":"https:\/\/beurswand2026.webdeveloperz.nl\/de\/wp-json\/wp\/v2\/media\/11909"}],"wp:attachment":[{"href":"https:\/\/beurswand2026.webdeveloperz.nl\/de\/wp-json\/wp\/v2\/media?parent=15490"}],"wp:term":[{"taxonomy":"breedte","embeddable":true,"href":"https:\/\/beurswand2026.webdeveloperz.nl\/de\/wp-json\/wp\/v2\/breedte?post=15490"},{"taxonomy":"design-oppervlakte","embeddable":true,"href":"https:\/\/beurswand2026.webdeveloperz.nl\/de\/wp-json\/wp\/v2\/design-oppervlakte?post=15490"},{"taxonomy":"design-opstelling","embeddable":true,"href":"https:\/\/beurswand2026.webdeveloperz.nl\/de\/wp-json\/wp\/v2\/design-opstelling?post=15490"},{"taxonomy":"design-optie","embeddable":true,"href":"https:\/\/beurswand2026.webdeveloperz.nl\/de\/wp-json\/wp\/v2\/design-optie?post=15490"},{"taxonomy":"diepte","embeddable":true,"href":"https:\/\/beurswand2026.webdeveloperz.nl\/de\/wp-json\/wp\/v2\/diepte?post=15490"},{"taxonomy":"oppervlakte","embeddable":true,"href":"https:\/\/beurswand2026.webdeveloperz.nl\/de\/wp-json\/wp\/v2\/oppervlakte?post=15490"},{"taxonomy":"opstelling","embeddable":true,"href":"https:\/\/beurswand2026.webdeveloperz.nl\/de\/wp-json\/wp\/v2\/opstelling?post=15490"},{"taxonomy":"optie","embeddable":true,"href":"https:\/\/beurswand2026.webdeveloperz.nl\/de\/wp-json\/wp\/v2\/optie?post=15490"},{"taxonomy":"pijler","embeddable":true,"href":"https:\/\/beurswand2026.webdeveloperz.nl\/de\/wp-json\/wp\/v2\/pijler?post=15490"},{"taxonomy":"product_brand","embeddable":true,"href":"https:\/\/beurswand2026.webdeveloperz.nl\/de\/wp-json\/wp\/v2\/product_brand?post=15490"},{"taxonomy":"product_cat","embeddable":true,"href":"https:\/\/beurswand2026.webdeveloperz.nl\/de\/wp-json\/wp\/v2\/product_cat?post=15490"},{"taxonomy":"product_tag","embeddable":true,"href":"https:\/\/beurswand2026.webdeveloperz.nl\/de\/wp-json\/wp\/v2\/product_tag?post=15490"}],"curies":[{"name":"wp","href":"https:\/\/api.w.org\/{rel}","templated":true}]}}