{"id":15482,"date":"2023-10-15T07:06:49","date_gmt":"2023-10-15T07:06:49","guid":{"rendered":"https:\/\/beurswand.nl\/product\/messestand-design-77\/"},"modified":"2025-03-13T09:33:17","modified_gmt":"2025-03-13T09:33:17","slug":"messestand-design-77","status":"publish","type":"product","link":"https:\/\/beurswand2026.webdeveloperz.nl\/de\/product\/messestand-design-77\/","title":{"rendered":"Messestand Design 77"},"content":{"rendered":"<p><strong>Einzigartiger Messestand Design 77<\/strong><\/p>\n<p>Treten Sie ins Rampenlicht mit unserem aufsehenerregenden Messestand-Design 77! Mit einer gro\u00dfz\u00fcgigen Gr\u00f6\u00dfe von \u00fcber 36 m\u00b2 ist dieser Entwurf ein echter Blickfang und bietet viel Platz f\u00fcr die Pr\u00e4sentation Ihrer Marke oder Ihres Produkts. Als Kopfstand positioniert er Ihre Marke direkt im Blickfeld der Messebesucher und garantiert Ihnen so Aufmerksamkeit.<\/p>\n<p>Diese Kabine verf\u00fcgt \u00fcber einen eleganten Schreibtisch f\u00fcr pers\u00f6nliche Gespr\u00e4che und eine praktische Speisekammer f\u00fcr Ihren Cateringbedarf. F\u00fcr zus\u00e4tzliche Beleuchtung oder Banner kann die Traversenoption hinzugef\u00fcgt werden, die Ihrem Stand noch mehr Glanz verleiht.<\/p>\n<p>Dies ist nur ein Beispiel und kann vollst\u00e4ndig an Ihre Bed\u00fcrfnisse angepasst werden. Neugierig auf die M\u00f6glichkeiten? Fordern Sie weitere Informationen \u00fcber das untenstehende Kontaktformular an und machen Sie Ihre n\u00e4chste Messe zu einem unvergesslichen Erlebnis!<\/p>\n","protected":false},"excerpt":{"rendered":"<p>Einzigartiger Messestand Design 77 Treten Sie ins Rampenlicht mit unserem aufsehenerregenden Messestand-Design 77! Mit einer gro\u00dfz\u00fcgigen Gr\u00f6\u00dfe von \u00fcber 36 m\u00b2 ist dieser Entwurf ein echter Blickfang und bietet viel Platz f\u00fcr die Pr\u00e4sentation Ihrer Marke oder Ihres Produkts. Als Kopfstand positioniert er Ihre Marke direkt im Blickfeld der Messebesucher und garantiert Ihnen so Aufmerksamkeit. [&hellip;]<\/p>\n","protected":false},"featured_media":11892,"comment_status":"closed","ping_status":"open","template":"","meta":{"_acf_changed":false,"site-sidebar-layout":"default","site-content-layout":"","ast-site-content-layout":"default","site-content-style":"default","site-sidebar-style":"default","ast-global-header-display":"","ast-banner-title-visibility":"","ast-main-header-display":"","ast-hfb-above-header-display":"","ast-hfb-below-header-display":"","ast-hfb-mobile-header-display":"","site-post-title":"","ast-breadcrumbs-content":"","ast-featured-img":"","footer-sml-layout":"","ast-disable-related-posts":"","theme-transparent-header-meta":"","adv-header-id-meta":"","stick-header-meta":"","header-above-stick-meta":"","header-main-stick-meta":"","header-below-stick-meta":"","astra-migrate-meta-layouts":"default","ast-page-background-enabled":"default","ast-page-background-meta":{"desktop":{"background-color":"","background-image":"","background-repeat":"repeat","background-position":"center center","background-size":"auto","background-attachment":"scroll","background-type":"","background-media":"","overlay-type":"","overlay-color":"","overlay-opacity":"","overlay-gradient":""},"tablet":{"background-color":"","background-image":"","background-repeat":"repeat","background-position":"center center","background-size":"auto","background-attachment":"scroll","background-type":"","background-media":"","overlay-type":"","overlay-color":"","overlay-opacity":"","overlay-gradient":""},"mobile":{"background-color":"","background-image":"","background-repeat":"repeat","background-position":"center center","background-size":"auto","background-attachment":"scroll","background-type":"","background-media":"","overlay-type":"","overlay-color":"","overlay-opacity":"","overlay-gradient":""}},"ast-content-background-meta":{"desktop":{"background-color":"var(--ast-global-color-5)","background-image":"","background-repeat":"repeat","background-position":"center center","background-size":"auto","background-attachment":"scroll","background-type":"","background-media":"","overlay-type":"","overlay-color":"","overlay-opacity":"","overlay-gradient":""},"tablet":{"background-color":"var(--ast-global-color-5)","background-image":"","background-repeat":"repeat","background-position":"center center","background-size":"auto","background-attachment":"scroll","background-type":"","background-media":"","overlay-type":"","overlay-color":"","overlay-opacity":"","overlay-gradient":""},"mobile":{"background-color":"var(--ast-global-color-5)","background-image":"","background-repeat":"repeat","background-position":"center center","background-size":"auto","background-attachment":"scroll","background-type":"","background-media":"","overlay-type":"","overlay-color":"","overlay-opacity":"","overlay-gradient":""}}},"breedte":[],"design-oppervlakte":[379],"design-opstelling":[369],"design-optie":[448,380,381],"diepte":[],"oppervlakte":[],"opstelling":[],"optie":[],"pijler":[],"product_brand":[],"product_cat":[384,371,450,372,375,374,373,382,383],"product_tag":[],"class_list":{"0":"post-15482","1":"product","2":"type-product","3":"status-publish","4":"has-post-thumbnail","6":"design-oppervlakte-25-40-m2-de","7":"design-opstelling-kopfstand","8":"design-optie-fachwerk","9":"design-optie-schreibtisch","10":"design-optie-speisekammer","11":"product_cat-25-40-m2-de","12":"product_cat-entwurf","13":"product_cat-fachwerk","14":"product_cat-flache","15":"product_cat-kopfstand","16":"product_cat-messestand-typ","17":"product_cat-optionen","18":"product_cat-schreibtisch","19":"product_cat-speisekammer","20":"desktop-align-left","21":"tablet-align-left","22":"mobile-align-left","24":"first","25":"instock","26":"shipping-taxable","27":"product-type-simple"},"acf":[],"_links":{"self":[{"href":"https:\/\/beurswand2026.webdeveloperz.nl\/de\/wp-json\/wp\/v2\/product\/15482","targetHints":{"allow":["GET"]}}],"collection":[{"href":"https:\/\/beurswand2026.webdeveloperz.nl\/de\/wp-json\/wp\/v2\/product"}],"about":[{"href":"https:\/\/beurswand2026.webdeveloperz.nl\/de\/wp-json\/wp\/v2\/types\/product"}],"replies":[{"embeddable":true,"href":"https:\/\/beurswand2026.webdeveloperz.nl\/de\/wp-json\/wp\/v2\/comments?post=15482"}],"version-history":[{"count":1,"href":"https:\/\/beurswand2026.webdeveloperz.nl\/de\/wp-json\/wp\/v2\/product\/15482\/revisions"}],"predecessor-version":[{"id":15825,"href":"https:\/\/beurswand2026.webdeveloperz.nl\/de\/wp-json\/wp\/v2\/product\/15482\/revisions\/15825"}],"wp:featuredmedia":[{"embeddable":true,"href":"https:\/\/beurswand2026.webdeveloperz.nl\/de\/wp-json\/wp\/v2\/media\/11892"}],"wp:attachment":[{"href":"https:\/\/beurswand2026.webdeveloperz.nl\/de\/wp-json\/wp\/v2\/media?parent=15482"}],"wp:term":[{"taxonomy":"breedte","embeddable":true,"href":"https:\/\/beurswand2026.webdeveloperz.nl\/de\/wp-json\/wp\/v2\/breedte?post=15482"},{"taxonomy":"design-oppervlakte","embeddable":true,"href":"https:\/\/beurswand2026.webdeveloperz.nl\/de\/wp-json\/wp\/v2\/design-oppervlakte?post=15482"},{"taxonomy":"design-opstelling","embeddable":true,"href":"https:\/\/beurswand2026.webdeveloperz.nl\/de\/wp-json\/wp\/v2\/design-opstelling?post=15482"},{"taxonomy":"design-optie","embeddable":true,"href":"https:\/\/beurswand2026.webdeveloperz.nl\/de\/wp-json\/wp\/v2\/design-optie?post=15482"},{"taxonomy":"diepte","embeddable":true,"href":"https:\/\/beurswand2026.webdeveloperz.nl\/de\/wp-json\/wp\/v2\/diepte?post=15482"},{"taxonomy":"oppervlakte","embeddable":true,"href":"https:\/\/beurswand2026.webdeveloperz.nl\/de\/wp-json\/wp\/v2\/oppervlakte?post=15482"},{"taxonomy":"opstelling","embeddable":true,"href":"https:\/\/beurswand2026.webdeveloperz.nl\/de\/wp-json\/wp\/v2\/opstelling?post=15482"},{"taxonomy":"optie","embeddable":true,"href":"https:\/\/beurswand2026.webdeveloperz.nl\/de\/wp-json\/wp\/v2\/optie?post=15482"},{"taxonomy":"pijler","embeddable":true,"href":"https:\/\/beurswand2026.webdeveloperz.nl\/de\/wp-json\/wp\/v2\/pijler?post=15482"},{"taxonomy":"product_brand","embeddable":true,"href":"https:\/\/beurswand2026.webdeveloperz.nl\/de\/wp-json\/wp\/v2\/product_brand?post=15482"},{"taxonomy":"product_cat","embeddable":true,"href":"https:\/\/beurswand2026.webdeveloperz.nl\/de\/wp-json\/wp\/v2\/product_cat?post=15482"},{"taxonomy":"product_tag","embeddable":true,"href":"https:\/\/beurswand2026.webdeveloperz.nl\/de\/wp-json\/wp\/v2\/product_tag?post=15482"}],"curies":[{"name":"wp","href":"https:\/\/api.w.org\/{rel}","templated":true}]}}