{"id":15475,"date":"2023-10-15T07:04:45","date_gmt":"2023-10-15T07:04:45","guid":{"rendered":"https:\/\/beurswand.nl\/product\/messestand-design-75\/"},"modified":"2025-03-13T09:33:18","modified_gmt":"2025-03-13T09:33:18","slug":"messestand-design-75","status":"publish","type":"product","link":"https:\/\/beurswand2026.webdeveloperz.nl\/de\/product\/messestand-design-75\/","title":{"rendered":"Messestand Design 75"},"content":{"rendered":"<p><strong>Einzigartiges Messestanddesign 75: Mehr als ein Stand, ein Erlebnis!<\/strong><\/p>\n<p>Willkommen in der Zukunft der Messepr\u00e4sentation. Mit \u00fcber 12 m\u00b2 innovativer Fl\u00e4che ist der Messestand von Design 75 nicht irgendein Stand. Es handelt sich um einen Zwischenstand, der strategisch so konzipiert ist, dass er sich von den anderen Ausstellern abhebt und Ihre Marke ins Rampenlicht r\u00fcckt.<\/p>\n<p>Sp\u00fcren Sie den Luxus eines integrierten Schreibtisches. Ideal f\u00fcr Interaktionen, Vorf\u00fchrungen oder einfach zur stilvollen Pr\u00e4sentation Ihrer Produkte. Und wissen Sie, was das Beste daran ist? Diese Pr\u00e4sentation ist nur ein Beispiel. Ihre Vorstellungen und Anforderungen k\u00f6nnen vollst\u00e4ndig integriert werden, um ein einzigartiges Erlebnis f\u00fcr Ihre Kunden zu schaffen.<\/p>\n<p>M\u00f6chten Sie mehr erfahren oder w\u00fcnschen Sie ein individuelles Design? F\u00fcllen Sie das Kontaktformular unten aus. Wir helfen Ihnen gerne dabei, Ihr Messeerlebnis auf die n\u00e4chste Stufe zu heben!  <\/p>\n","protected":false},"excerpt":{"rendered":"<p>Einzigartiges Messestanddesign 75: Mehr als ein Stand, ein Erlebnis! Willkommen in der Zukunft der Messepr\u00e4sentation. Mit \u00fcber 12 m\u00b2 innovativer Fl\u00e4che ist der Messestand von Design 75 nicht irgendein Stand. Es handelt sich um einen Zwischenstand, der strategisch so konzipiert ist, dass er sich von den anderen Ausstellern abhebt und Ihre Marke ins Rampenlicht r\u00fcckt. [&hellip;]<\/p>\n","protected":false},"featured_media":11848,"comment_status":"closed","ping_status":"open","template":"","meta":{"_acf_changed":false,"site-sidebar-layout":"default","site-content-layout":"","ast-site-content-layout":"default","site-content-style":"default","site-sidebar-style":"default","ast-global-header-display":"","ast-banner-title-visibility":"","ast-main-header-display":"","ast-hfb-above-header-display":"","ast-hfb-below-header-display":"","ast-hfb-mobile-header-display":"","site-post-title":"","ast-breadcrumbs-content":"","ast-featured-img":"","footer-sml-layout":"","ast-disable-related-posts":"","theme-transparent-header-meta":"","adv-header-id-meta":"","stick-header-meta":"","header-above-stick-meta":"","header-main-stick-meta":"","header-below-stick-meta":"","astra-migrate-meta-layouts":"default","ast-page-background-enabled":"default","ast-page-background-meta":{"desktop":{"background-color":"","background-image":"","background-repeat":"repeat","background-position":"center center","background-size":"auto","background-attachment":"scroll","background-type":"","background-media":"","overlay-type":"","overlay-color":"","overlay-opacity":"","overlay-gradient":""},"tablet":{"background-color":"","background-image":"","background-repeat":"repeat","background-position":"center center","background-size":"auto","background-attachment":"scroll","background-type":"","background-media":"","overlay-type":"","overlay-color":"","overlay-opacity":"","overlay-gradient":""},"mobile":{"background-color":"","background-image":"","background-repeat":"repeat","background-position":"center center","background-size":"auto","background-attachment":"scroll","background-type":"","background-media":"","overlay-type":"","overlay-color":"","overlay-opacity":"","overlay-gradient":""}},"ast-content-background-meta":{"desktop":{"background-color":"var(--ast-global-color-5)","background-image":"","background-repeat":"repeat","background-position":"center center","background-size":"auto","background-attachment":"scroll","background-type":"","background-media":"","overlay-type":"","overlay-color":"","overlay-opacity":"","overlay-gradient":""},"tablet":{"background-color":"var(--ast-global-color-5)","background-image":"","background-repeat":"repeat","background-position":"center center","background-size":"auto","background-attachment":"scroll","background-type":"","background-media":"","overlay-type":"","overlay-color":"","overlay-opacity":"","overlay-gradient":""},"mobile":{"background-color":"var(--ast-global-color-5)","background-image":"","background-repeat":"repeat","background-position":"center center","background-size":"auto","background-attachment":"scroll","background-type":"","background-media":"","overlay-type":"","overlay-color":"","overlay-opacity":"","overlay-gradient":""}}},"breedte":[],"design-oppervlakte":[368],"design-opstelling":[436],"design-optie":[380],"diepte":[],"oppervlakte":[],"opstelling":[],"optie":[],"pijler":[],"product_brand":[],"product_cat":[376,371,372,374,373,382,437],"product_tag":[],"class_list":{"0":"post-15475","1":"product","2":"type-product","3":"status-publish","4":"has-post-thumbnail","6":"design-oppervlakte-1-24-m2-de","7":"design-opstelling-zwischenstand","8":"design-optie-schreibtisch","9":"product_cat-1-24-m2-de","10":"product_cat-entwurf","11":"product_cat-flache","12":"product_cat-messestand-typ","13":"product_cat-optionen","14":"product_cat-schreibtisch","15":"product_cat-tabellenstand","16":"desktop-align-left","17":"tablet-align-left","18":"mobile-align-left","20":"first","21":"instock","22":"shipping-taxable","23":"product-type-simple"},"acf":[],"_links":{"self":[{"href":"https:\/\/beurswand2026.webdeveloperz.nl\/de\/wp-json\/wp\/v2\/product\/15475","targetHints":{"allow":["GET"]}}],"collection":[{"href":"https:\/\/beurswand2026.webdeveloperz.nl\/de\/wp-json\/wp\/v2\/product"}],"about":[{"href":"https:\/\/beurswand2026.webdeveloperz.nl\/de\/wp-json\/wp\/v2\/types\/product"}],"replies":[{"embeddable":true,"href":"https:\/\/beurswand2026.webdeveloperz.nl\/de\/wp-json\/wp\/v2\/comments?post=15475"}],"version-history":[{"count":1,"href":"https:\/\/beurswand2026.webdeveloperz.nl\/de\/wp-json\/wp\/v2\/product\/15475\/revisions"}],"predecessor-version":[{"id":15827,"href":"https:\/\/beurswand2026.webdeveloperz.nl\/de\/wp-json\/wp\/v2\/product\/15475\/revisions\/15827"}],"wp:featuredmedia":[{"embeddable":true,"href":"https:\/\/beurswand2026.webdeveloperz.nl\/de\/wp-json\/wp\/v2\/media\/11848"}],"wp:attachment":[{"href":"https:\/\/beurswand2026.webdeveloperz.nl\/de\/wp-json\/wp\/v2\/media?parent=15475"}],"wp:term":[{"taxonomy":"breedte","embeddable":true,"href":"https:\/\/beurswand2026.webdeveloperz.nl\/de\/wp-json\/wp\/v2\/breedte?post=15475"},{"taxonomy":"design-oppervlakte","embeddable":true,"href":"https:\/\/beurswand2026.webdeveloperz.nl\/de\/wp-json\/wp\/v2\/design-oppervlakte?post=15475"},{"taxonomy":"design-opstelling","embeddable":true,"href":"https:\/\/beurswand2026.webdeveloperz.nl\/de\/wp-json\/wp\/v2\/design-opstelling?post=15475"},{"taxonomy":"design-optie","embeddable":true,"href":"https:\/\/beurswand2026.webdeveloperz.nl\/de\/wp-json\/wp\/v2\/design-optie?post=15475"},{"taxonomy":"diepte","embeddable":true,"href":"https:\/\/beurswand2026.webdeveloperz.nl\/de\/wp-json\/wp\/v2\/diepte?post=15475"},{"taxonomy":"oppervlakte","embeddable":true,"href":"https:\/\/beurswand2026.webdeveloperz.nl\/de\/wp-json\/wp\/v2\/oppervlakte?post=15475"},{"taxonomy":"opstelling","embeddable":true,"href":"https:\/\/beurswand2026.webdeveloperz.nl\/de\/wp-json\/wp\/v2\/opstelling?post=15475"},{"taxonomy":"optie","embeddable":true,"href":"https:\/\/beurswand2026.webdeveloperz.nl\/de\/wp-json\/wp\/v2\/optie?post=15475"},{"taxonomy":"pijler","embeddable":true,"href":"https:\/\/beurswand2026.webdeveloperz.nl\/de\/wp-json\/wp\/v2\/pijler?post=15475"},{"taxonomy":"product_brand","embeddable":true,"href":"https:\/\/beurswand2026.webdeveloperz.nl\/de\/wp-json\/wp\/v2\/product_brand?post=15475"},{"taxonomy":"product_cat","embeddable":true,"href":"https:\/\/beurswand2026.webdeveloperz.nl\/de\/wp-json\/wp\/v2\/product_cat?post=15475"},{"taxonomy":"product_tag","embeddable":true,"href":"https:\/\/beurswand2026.webdeveloperz.nl\/de\/wp-json\/wp\/v2\/product_tag?post=15475"}],"curies":[{"name":"wp","href":"https:\/\/api.w.org\/{rel}","templated":true}]}}