{"id":15448,"date":"2023-10-15T06:58:35","date_gmt":"2023-10-15T06:58:35","guid":{"rendered":"https:\/\/beurswand.nl\/product\/messestand-gestaltung-68\/"},"modified":"2025-03-13T09:33:21","modified_gmt":"2025-03-13T09:33:21","slug":"messestand-gestaltung-68","status":"publish","type":"product","link":"https:\/\/beurswand2026.webdeveloperz.nl\/de\/product\/messestand-gestaltung-68\/","title":{"rendered":"Messestand Design 68"},"content":{"rendered":"<p><strong>Einzigartiger Messestand Design 68<\/strong><\/p>\n<p>Betreten Sie eine neue Dimension der visuellen Pr\u00e4sentation mit unserem Messestanddesign 68! Mit einer Gr\u00f6\u00dfe von mehr als 20 m2 bietet dieser Zwischenstand gen\u00fcgend Platz, um Ihre Marke perfekt zu pr\u00e4sentieren. Jedes Detail ist darauf ausgerichtet, die Aufmerksamkeit der Messebesucher zu erregen und einen unvergesslichen Eindruck zu hinterlassen.<\/p>\n<p>Aber es gibt noch mehr. F\u00fcr Momente der Ruhe oder des Gespr\u00e4chs unter vier Augen bietet dieses Design eine stilvolle Speisekammer, ideal f\u00fcr eine kurze Pause oder eine Tasse Kaffee mit potenziellen Kunden.<\/p>\n<p>Sie sehen Chancen, wollen aber Anpassungen vornehmen? Keine Sorge! Dies ist nur ein Beispiel und kann vollst\u00e4ndig nach Ihren W\u00fcnschen angepasst werden. Lassen Sie sich inspirieren und fordern Sie noch heute weitere Informationen \u00fcber das unten stehende Kontaktformular an. Ihr idealer Messestand wartet auf Sie!<\/p>\n","protected":false},"excerpt":{"rendered":"<p>Einzigartiger Messestand Design 68 Betreten Sie eine neue Dimension der visuellen Pr\u00e4sentation mit unserem Messestanddesign 68! Mit einer Gr\u00f6\u00dfe von mehr als 20 m2 bietet dieser Zwischenstand gen\u00fcgend Platz, um Ihre Marke perfekt zu pr\u00e4sentieren. Jedes Detail ist darauf ausgerichtet, die Aufmerksamkeit der Messebesucher zu erregen und einen unvergesslichen Eindruck zu hinterlassen. Aber es gibt [&hellip;]<\/p>\n","protected":false},"featured_media":11724,"comment_status":"closed","ping_status":"open","template":"","meta":{"_acf_changed":false,"site-sidebar-layout":"default","site-content-layout":"","ast-site-content-layout":"default","site-content-style":"default","site-sidebar-style":"default","ast-global-header-display":"","ast-banner-title-visibility":"","ast-main-header-display":"","ast-hfb-above-header-display":"","ast-hfb-below-header-display":"","ast-hfb-mobile-header-display":"","site-post-title":"","ast-breadcrumbs-content":"","ast-featured-img":"","footer-sml-layout":"","ast-disable-related-posts":"","theme-transparent-header-meta":"","adv-header-id-meta":"","stick-header-meta":"","header-above-stick-meta":"","header-main-stick-meta":"","header-below-stick-meta":"","astra-migrate-meta-layouts":"default","ast-page-background-enabled":"default","ast-page-background-meta":{"desktop":{"background-color":"","background-image":"","background-repeat":"repeat","background-position":"center center","background-size":"auto","background-attachment":"scroll","background-type":"","background-media":"","overlay-type":"","overlay-color":"","overlay-opacity":"","overlay-gradient":""},"tablet":{"background-color":"","background-image":"","background-repeat":"repeat","background-position":"center center","background-size":"auto","background-attachment":"scroll","background-type":"","background-media":"","overlay-type":"","overlay-color":"","overlay-opacity":"","overlay-gradient":""},"mobile":{"background-color":"","background-image":"","background-repeat":"repeat","background-position":"center center","background-size":"auto","background-attachment":"scroll","background-type":"","background-media":"","overlay-type":"","overlay-color":"","overlay-opacity":"","overlay-gradient":""}},"ast-content-background-meta":{"desktop":{"background-color":"var(--ast-global-color-5)","background-image":"","background-repeat":"repeat","background-position":"center center","background-size":"auto","background-attachment":"scroll","background-type":"","background-media":"","overlay-type":"","overlay-color":"","overlay-opacity":"","overlay-gradient":""},"tablet":{"background-color":"var(--ast-global-color-5)","background-image":"","background-repeat":"repeat","background-position":"center center","background-size":"auto","background-attachment":"scroll","background-type":"","background-media":"","overlay-type":"","overlay-color":"","overlay-opacity":"","overlay-gradient":""},"mobile":{"background-color":"var(--ast-global-color-5)","background-image":"","background-repeat":"repeat","background-position":"center center","background-size":"auto","background-attachment":"scroll","background-type":"","background-media":"","overlay-type":"","overlay-color":"","overlay-opacity":"","overlay-gradient":""}}},"breedte":[],"design-oppervlakte":[368],"design-opstelling":[436],"design-optie":[381],"diepte":[],"oppervlakte":[],"opstelling":[],"optie":[],"pijler":[],"product_brand":[],"product_cat":[376,371,372,374,373,383,437],"product_tag":[],"class_list":{"0":"post-15448","1":"product","2":"type-product","3":"status-publish","4":"has-post-thumbnail","6":"design-oppervlakte-1-24-m2-de","7":"design-opstelling-zwischenstand","8":"design-optie-speisekammer","9":"product_cat-1-24-m2-de","10":"product_cat-entwurf","11":"product_cat-flache","12":"product_cat-messestand-typ","13":"product_cat-optionen","14":"product_cat-speisekammer","15":"product_cat-tabellenstand","16":"desktop-align-left","17":"tablet-align-left","18":"mobile-align-left","20":"first","21":"instock","22":"shipping-taxable","23":"product-type-simple"},"acf":[],"_links":{"self":[{"href":"https:\/\/beurswand2026.webdeveloperz.nl\/de\/wp-json\/wp\/v2\/product\/15448","targetHints":{"allow":["GET"]}}],"collection":[{"href":"https:\/\/beurswand2026.webdeveloperz.nl\/de\/wp-json\/wp\/v2\/product"}],"about":[{"href":"https:\/\/beurswand2026.webdeveloperz.nl\/de\/wp-json\/wp\/v2\/types\/product"}],"replies":[{"embeddable":true,"href":"https:\/\/beurswand2026.webdeveloperz.nl\/de\/wp-json\/wp\/v2\/comments?post=15448"}],"version-history":[{"count":1,"href":"https:\/\/beurswand2026.webdeveloperz.nl\/de\/wp-json\/wp\/v2\/product\/15448\/revisions"}],"predecessor-version":[{"id":15834,"href":"https:\/\/beurswand2026.webdeveloperz.nl\/de\/wp-json\/wp\/v2\/product\/15448\/revisions\/15834"}],"wp:featuredmedia":[{"embeddable":true,"href":"https:\/\/beurswand2026.webdeveloperz.nl\/de\/wp-json\/wp\/v2\/media\/11724"}],"wp:attachment":[{"href":"https:\/\/beurswand2026.webdeveloperz.nl\/de\/wp-json\/wp\/v2\/media?parent=15448"}],"wp:term":[{"taxonomy":"breedte","embeddable":true,"href":"https:\/\/beurswand2026.webdeveloperz.nl\/de\/wp-json\/wp\/v2\/breedte?post=15448"},{"taxonomy":"design-oppervlakte","embeddable":true,"href":"https:\/\/beurswand2026.webdeveloperz.nl\/de\/wp-json\/wp\/v2\/design-oppervlakte?post=15448"},{"taxonomy":"design-opstelling","embeddable":true,"href":"https:\/\/beurswand2026.webdeveloperz.nl\/de\/wp-json\/wp\/v2\/design-opstelling?post=15448"},{"taxonomy":"design-optie","embeddable":true,"href":"https:\/\/beurswand2026.webdeveloperz.nl\/de\/wp-json\/wp\/v2\/design-optie?post=15448"},{"taxonomy":"diepte","embeddable":true,"href":"https:\/\/beurswand2026.webdeveloperz.nl\/de\/wp-json\/wp\/v2\/diepte?post=15448"},{"taxonomy":"oppervlakte","embeddable":true,"href":"https:\/\/beurswand2026.webdeveloperz.nl\/de\/wp-json\/wp\/v2\/oppervlakte?post=15448"},{"taxonomy":"opstelling","embeddable":true,"href":"https:\/\/beurswand2026.webdeveloperz.nl\/de\/wp-json\/wp\/v2\/opstelling?post=15448"},{"taxonomy":"optie","embeddable":true,"href":"https:\/\/beurswand2026.webdeveloperz.nl\/de\/wp-json\/wp\/v2\/optie?post=15448"},{"taxonomy":"pijler","embeddable":true,"href":"https:\/\/beurswand2026.webdeveloperz.nl\/de\/wp-json\/wp\/v2\/pijler?post=15448"},{"taxonomy":"product_brand","embeddable":true,"href":"https:\/\/beurswand2026.webdeveloperz.nl\/de\/wp-json\/wp\/v2\/product_brand?post=15448"},{"taxonomy":"product_cat","embeddable":true,"href":"https:\/\/beurswand2026.webdeveloperz.nl\/de\/wp-json\/wp\/v2\/product_cat?post=15448"},{"taxonomy":"product_tag","embeddable":true,"href":"https:\/\/beurswand2026.webdeveloperz.nl\/de\/wp-json\/wp\/v2\/product_tag?post=15448"}],"curies":[{"name":"wp","href":"https:\/\/api.w.org\/{rel}","templated":true}]}}