{"id":15441,"date":"2023-10-15T06:55:11","date_gmt":"2023-10-15T06:55:11","guid":{"rendered":"https:\/\/beurswand.nl\/product\/messestand-gestaltung-64\/"},"modified":"2025-03-13T09:33:22","modified_gmt":"2025-03-13T09:33:22","slug":"messestand-gestaltung-64","status":"publish","type":"product","link":"https:\/\/beurswand2026.webdeveloperz.nl\/de\/product\/messestand-gestaltung-64\/","title":{"rendered":"Messestand Design 64"},"content":{"rendered":"<p><strong>Exklusiver Messestand Design 64<\/strong>  <\/p>\n<p>Sind Sie auf der Suche nach einem eindrucksvollen und funktionalen Messestand, der Ihre Marke ins rechte Licht r\u00fcckt? Unser neues Design 64 wird Ihre Erwartungen \u00fcbertreffen. Mit einer gro\u00dfz\u00fcgigen Gr\u00f6\u00dfe von mehr als 12 m\u00b2 bietet dieser Stand ausreichend Platz f\u00fcr Pr\u00e4sentationen, Networking und Produktpr\u00e4sentationen. Als Zwischenstand integriert er sich perfekt zwischen andere St\u00e4nde und bietet Ihnen eine prominente Pr\u00e4senz auf dem Messegel\u00e4nde.<\/p>\n<p>Aber das ist noch nicht alles. Die M\u00f6glichkeiten der Personalisierung sind endlos! Egal, ob Sie sich f\u00fcr Multimedia-Displays, interaktive Touchpoints oder individuelles Branding entscheiden, wir machen es f\u00fcr Sie m\u00f6glich.<\/p>\n<p>Dies ist nur ein Beispiel. Wir sind gerne bereit, das Design Ihren Bed\u00fcrfnissen und Vorstellungen anzupassen. Neugierig? Dann klicken Sie unten und fordern Sie weitere Informationen \u00fcber unser Kontaktformular an. Warten Sie nicht l\u00e4nger und machen Sie Ihre Messeteilnahme zu einem unvergesslichen Erfolg!<\/p>\n","protected":false},"excerpt":{"rendered":"<p>Exklusiver Messestand Design 64 Sind Sie auf der Suche nach einem eindrucksvollen und funktionalen Messestand, der Ihre Marke ins rechte Licht r\u00fcckt? Unser neues Design 64 wird Ihre Erwartungen \u00fcbertreffen. Mit einer gro\u00dfz\u00fcgigen Gr\u00f6\u00dfe von mehr als 12 m\u00b2 bietet dieser Stand ausreichend Platz f\u00fcr Pr\u00e4sentationen, Networking und Produktpr\u00e4sentationen. Als Zwischenstand integriert er sich perfekt [&hellip;]<\/p>\n","protected":false},"featured_media":11641,"comment_status":"closed","ping_status":"open","template":"","meta":{"_acf_changed":false,"site-sidebar-layout":"default","site-content-layout":"","ast-site-content-layout":"default","site-content-style":"default","site-sidebar-style":"default","ast-global-header-display":"","ast-banner-title-visibility":"","ast-main-header-display":"","ast-hfb-above-header-display":"","ast-hfb-below-header-display":"","ast-hfb-mobile-header-display":"","site-post-title":"","ast-breadcrumbs-content":"","ast-featured-img":"","footer-sml-layout":"","ast-disable-related-posts":"","theme-transparent-header-meta":"","adv-header-id-meta":"","stick-header-meta":"","header-above-stick-meta":"","header-main-stick-meta":"","header-below-stick-meta":"","astra-migrate-meta-layouts":"default","ast-page-background-enabled":"default","ast-page-background-meta":{"desktop":{"background-color":"","background-image":"","background-repeat":"repeat","background-position":"center center","background-size":"auto","background-attachment":"scroll","background-type":"","background-media":"","overlay-type":"","overlay-color":"","overlay-opacity":"","overlay-gradient":""},"tablet":{"background-color":"","background-image":"","background-repeat":"repeat","background-position":"center center","background-size":"auto","background-attachment":"scroll","background-type":"","background-media":"","overlay-type":"","overlay-color":"","overlay-opacity":"","overlay-gradient":""},"mobile":{"background-color":"","background-image":"","background-repeat":"repeat","background-position":"center center","background-size":"auto","background-attachment":"scroll","background-type":"","background-media":"","overlay-type":"","overlay-color":"","overlay-opacity":"","overlay-gradient":""}},"ast-content-background-meta":{"desktop":{"background-color":"var(--ast-global-color-5)","background-image":"","background-repeat":"repeat","background-position":"center center","background-size":"auto","background-attachment":"scroll","background-type":"","background-media":"","overlay-type":"","overlay-color":"","overlay-opacity":"","overlay-gradient":""},"tablet":{"background-color":"var(--ast-global-color-5)","background-image":"","background-repeat":"repeat","background-position":"center center","background-size":"auto","background-attachment":"scroll","background-type":"","background-media":"","overlay-type":"","overlay-color":"","overlay-opacity":"","overlay-gradient":""},"mobile":{"background-color":"var(--ast-global-color-5)","background-image":"","background-repeat":"repeat","background-position":"center center","background-size":"auto","background-attachment":"scroll","background-type":"","background-media":"","overlay-type":"","overlay-color":"","overlay-opacity":"","overlay-gradient":""}}},"breedte":[],"design-oppervlakte":[368],"design-opstelling":[436],"design-optie":[],"diepte":[],"oppervlakte":[],"opstelling":[],"optie":[],"pijler":[],"product_brand":[],"product_cat":[376,371,372,374,373,437],"product_tag":[],"class_list":{"0":"post-15441","1":"product","2":"type-product","3":"status-publish","4":"has-post-thumbnail","6":"design-oppervlakte-1-24-m2-de","7":"design-opstelling-zwischenstand","8":"product_cat-1-24-m2-de","9":"product_cat-entwurf","10":"product_cat-flache","11":"product_cat-messestand-typ","12":"product_cat-optionen","13":"product_cat-tabellenstand","14":"desktop-align-left","15":"tablet-align-left","16":"mobile-align-left","18":"first","19":"instock","20":"shipping-taxable","21":"product-type-simple"},"acf":[],"_links":{"self":[{"href":"https:\/\/beurswand2026.webdeveloperz.nl\/de\/wp-json\/wp\/v2\/product\/15441","targetHints":{"allow":["GET"]}}],"collection":[{"href":"https:\/\/beurswand2026.webdeveloperz.nl\/de\/wp-json\/wp\/v2\/product"}],"about":[{"href":"https:\/\/beurswand2026.webdeveloperz.nl\/de\/wp-json\/wp\/v2\/types\/product"}],"replies":[{"embeddable":true,"href":"https:\/\/beurswand2026.webdeveloperz.nl\/de\/wp-json\/wp\/v2\/comments?post=15441"}],"version-history":[{"count":1,"href":"https:\/\/beurswand2026.webdeveloperz.nl\/de\/wp-json\/wp\/v2\/product\/15441\/revisions"}],"predecessor-version":[{"id":15838,"href":"https:\/\/beurswand2026.webdeveloperz.nl\/de\/wp-json\/wp\/v2\/product\/15441\/revisions\/15838"}],"wp:featuredmedia":[{"embeddable":true,"href":"https:\/\/beurswand2026.webdeveloperz.nl\/de\/wp-json\/wp\/v2\/media\/11641"}],"wp:attachment":[{"href":"https:\/\/beurswand2026.webdeveloperz.nl\/de\/wp-json\/wp\/v2\/media?parent=15441"}],"wp:term":[{"taxonomy":"breedte","embeddable":true,"href":"https:\/\/beurswand2026.webdeveloperz.nl\/de\/wp-json\/wp\/v2\/breedte?post=15441"},{"taxonomy":"design-oppervlakte","embeddable":true,"href":"https:\/\/beurswand2026.webdeveloperz.nl\/de\/wp-json\/wp\/v2\/design-oppervlakte?post=15441"},{"taxonomy":"design-opstelling","embeddable":true,"href":"https:\/\/beurswand2026.webdeveloperz.nl\/de\/wp-json\/wp\/v2\/design-opstelling?post=15441"},{"taxonomy":"design-optie","embeddable":true,"href":"https:\/\/beurswand2026.webdeveloperz.nl\/de\/wp-json\/wp\/v2\/design-optie?post=15441"},{"taxonomy":"diepte","embeddable":true,"href":"https:\/\/beurswand2026.webdeveloperz.nl\/de\/wp-json\/wp\/v2\/diepte?post=15441"},{"taxonomy":"oppervlakte","embeddable":true,"href":"https:\/\/beurswand2026.webdeveloperz.nl\/de\/wp-json\/wp\/v2\/oppervlakte?post=15441"},{"taxonomy":"opstelling","embeddable":true,"href":"https:\/\/beurswand2026.webdeveloperz.nl\/de\/wp-json\/wp\/v2\/opstelling?post=15441"},{"taxonomy":"optie","embeddable":true,"href":"https:\/\/beurswand2026.webdeveloperz.nl\/de\/wp-json\/wp\/v2\/optie?post=15441"},{"taxonomy":"pijler","embeddable":true,"href":"https:\/\/beurswand2026.webdeveloperz.nl\/de\/wp-json\/wp\/v2\/pijler?post=15441"},{"taxonomy":"product_brand","embeddable":true,"href":"https:\/\/beurswand2026.webdeveloperz.nl\/de\/wp-json\/wp\/v2\/product_brand?post=15441"},{"taxonomy":"product_cat","embeddable":true,"href":"https:\/\/beurswand2026.webdeveloperz.nl\/de\/wp-json\/wp\/v2\/product_cat?post=15441"},{"taxonomy":"product_tag","embeddable":true,"href":"https:\/\/beurswand2026.webdeveloperz.nl\/de\/wp-json\/wp\/v2\/product_tag?post=15441"}],"curies":[{"name":"wp","href":"https:\/\/api.w.org\/{rel}","templated":true}]}}