{"id":15440,"date":"2023-10-15T06:57:43","date_gmt":"2023-10-15T06:57:43","guid":{"rendered":"https:\/\/beurswand.nl\/product\/messestand-gestaltung-67\/"},"modified":"2025-03-13T09:33:21","modified_gmt":"2025-03-13T09:33:21","slug":"messestand-gestaltung-67","status":"publish","type":"product","link":"https:\/\/beurswand2026.webdeveloperz.nl\/de\/product\/messestand-gestaltung-67\/","title":{"rendered":"Messestand Design 67"},"content":{"rendered":"<p><strong>Exklusives Messestanddesign 67: Ihre Marke im Rampenlicht!<\/strong><\/p>\n<p>Sie suchen einen unverwechselbaren Messestand, um Ihre Marke zu pr\u00e4sentieren? Unser Messestand Design 67, ein Eckstand mit einer gro\u00dfz\u00fcgigen Fl\u00e4che von mehr als 60 m2, ist die perfekte Wahl. Jedes Detail ist darauf ausgelegt, zu beeindrucken.<\/p>\n<p>Genie\u00dfen Sie eine luxuri\u00f6se Speisekammer, um Ihre G\u00e4ste zu verw\u00f6hnen, und geben Sie Ihren Pr\u00e4sentationen mit unserer integrierten Traversenoption einen kr\u00e4ftigen Schub. Dies ist nur ein Beispiel; wir bieten Ihnen die M\u00f6glichkeit der individuellen Gestaltung, damit Ihr Messestand ganz nach Ihrem Geschmack ist.<\/p>\n<p>Verpassen Sie keine Gelegenheit und machen Sie Ihre Messeteilnahme zu einem \u00fcberw\u00e4ltigenden Erfolg. Interessiert? Fordern Sie jetzt weitere Informationen \u00fcber das unten stehende Kontaktformular an und finden Sie heraus, wie Design 67 Ihre Marke verbessern kann. Ihr vision\u00e4rer Messestand wartet auf Sie!<\/p>\n","protected":false},"excerpt":{"rendered":"<p>Exklusives Messestanddesign 67: Ihre Marke im Rampenlicht! Sie suchen einen unverwechselbaren Messestand, um Ihre Marke zu pr\u00e4sentieren? Unser Messestand Design 67, ein Eckstand mit einer gro\u00dfz\u00fcgigen Fl\u00e4che von mehr als 60 m2, ist die perfekte Wahl. Jedes Detail ist darauf ausgelegt, zu beeindrucken. Genie\u00dfen Sie eine luxuri\u00f6se Speisekammer, um Ihre G\u00e4ste zu verw\u00f6hnen, und geben [&hellip;]<\/p>\n","protected":false},"featured_media":11702,"comment_status":"closed","ping_status":"open","template":"","meta":{"_acf_changed":false,"site-sidebar-layout":"default","site-content-layout":"","ast-site-content-layout":"default","site-content-style":"default","site-sidebar-style":"default","ast-global-header-display":"","ast-banner-title-visibility":"","ast-main-header-display":"","ast-hfb-above-header-display":"","ast-hfb-below-header-display":"","ast-hfb-mobile-header-display":"","site-post-title":"","ast-breadcrumbs-content":"","ast-featured-img":"","footer-sml-layout":"","ast-disable-related-posts":"","theme-transparent-header-meta":"","adv-header-id-meta":"","stick-header-meta":"","header-above-stick-meta":"","header-main-stick-meta":"","header-below-stick-meta":"","astra-migrate-meta-layouts":"default","ast-page-background-enabled":"default","ast-page-background-meta":{"desktop":{"background-color":"","background-image":"","background-repeat":"repeat","background-position":"center center","background-size":"auto","background-attachment":"scroll","background-type":"","background-media":"","overlay-type":"","overlay-color":"","overlay-opacity":"","overlay-gradient":""},"tablet":{"background-color":"","background-image":"","background-repeat":"repeat","background-position":"center center","background-size":"auto","background-attachment":"scroll","background-type":"","background-media":"","overlay-type":"","overlay-color":"","overlay-opacity":"","overlay-gradient":""},"mobile":{"background-color":"","background-image":"","background-repeat":"repeat","background-position":"center center","background-size":"auto","background-attachment":"scroll","background-type":"","background-media":"","overlay-type":"","overlay-color":"","overlay-opacity":"","overlay-gradient":""}},"ast-content-background-meta":{"desktop":{"background-color":"var(--ast-global-color-5)","background-image":"","background-repeat":"repeat","background-position":"center center","background-size":"auto","background-attachment":"scroll","background-type":"","background-media":"","overlay-type":"","overlay-color":"","overlay-opacity":"","overlay-gradient":""},"tablet":{"background-color":"var(--ast-global-color-5)","background-image":"","background-repeat":"repeat","background-position":"center center","background-size":"auto","background-attachment":"scroll","background-type":"","background-media":"","overlay-type":"","overlay-color":"","overlay-opacity":"","overlay-gradient":""},"mobile":{"background-color":"var(--ast-global-color-5)","background-image":"","background-repeat":"repeat","background-position":"center center","background-size":"auto","background-attachment":"scroll","background-type":"","background-media":"","overlay-type":"","overlay-color":"","overlay-opacity":"","overlay-gradient":""}}},"breedte":[],"design-oppervlakte":[430],"design-opstelling":[414],"design-optie":[448,381],"diepte":[],"oppervlakte":[],"opstelling":[],"optie":[],"pijler":[],"product_brand":[],"product_cat":[431,416,371,450,372,374,373,383],"product_tag":[],"class_list":{"0":"post-15440","1":"product","2":"type-product","3":"status-publish","4":"has-post-thumbnail","6":"design-oppervlakte-40-m2-und-groser","7":"design-opstelling-eckstand","8":"design-optie-fachwerk","9":"design-optie-speisekammer","10":"product_cat-40-m2-und-groser","11":"product_cat-eckstand","12":"product_cat-entwurf","13":"product_cat-fachwerk","14":"product_cat-flache","15":"product_cat-messestand-typ","16":"product_cat-optionen","17":"product_cat-speisekammer","18":"desktop-align-left","19":"tablet-align-left","20":"mobile-align-left","22":"first","23":"instock","24":"shipping-taxable","25":"product-type-simple"},"acf":[],"_links":{"self":[{"href":"https:\/\/beurswand2026.webdeveloperz.nl\/de\/wp-json\/wp\/v2\/product\/15440","targetHints":{"allow":["GET"]}}],"collection":[{"href":"https:\/\/beurswand2026.webdeveloperz.nl\/de\/wp-json\/wp\/v2\/product"}],"about":[{"href":"https:\/\/beurswand2026.webdeveloperz.nl\/de\/wp-json\/wp\/v2\/types\/product"}],"replies":[{"embeddable":true,"href":"https:\/\/beurswand2026.webdeveloperz.nl\/de\/wp-json\/wp\/v2\/comments?post=15440"}],"version-history":[{"count":1,"href":"https:\/\/beurswand2026.webdeveloperz.nl\/de\/wp-json\/wp\/v2\/product\/15440\/revisions"}],"predecessor-version":[{"id":15835,"href":"https:\/\/beurswand2026.webdeveloperz.nl\/de\/wp-json\/wp\/v2\/product\/15440\/revisions\/15835"}],"wp:featuredmedia":[{"embeddable":true,"href":"https:\/\/beurswand2026.webdeveloperz.nl\/de\/wp-json\/wp\/v2\/media\/11702"}],"wp:attachment":[{"href":"https:\/\/beurswand2026.webdeveloperz.nl\/de\/wp-json\/wp\/v2\/media?parent=15440"}],"wp:term":[{"taxonomy":"breedte","embeddable":true,"href":"https:\/\/beurswand2026.webdeveloperz.nl\/de\/wp-json\/wp\/v2\/breedte?post=15440"},{"taxonomy":"design-oppervlakte","embeddable":true,"href":"https:\/\/beurswand2026.webdeveloperz.nl\/de\/wp-json\/wp\/v2\/design-oppervlakte?post=15440"},{"taxonomy":"design-opstelling","embeddable":true,"href":"https:\/\/beurswand2026.webdeveloperz.nl\/de\/wp-json\/wp\/v2\/design-opstelling?post=15440"},{"taxonomy":"design-optie","embeddable":true,"href":"https:\/\/beurswand2026.webdeveloperz.nl\/de\/wp-json\/wp\/v2\/design-optie?post=15440"},{"taxonomy":"diepte","embeddable":true,"href":"https:\/\/beurswand2026.webdeveloperz.nl\/de\/wp-json\/wp\/v2\/diepte?post=15440"},{"taxonomy":"oppervlakte","embeddable":true,"href":"https:\/\/beurswand2026.webdeveloperz.nl\/de\/wp-json\/wp\/v2\/oppervlakte?post=15440"},{"taxonomy":"opstelling","embeddable":true,"href":"https:\/\/beurswand2026.webdeveloperz.nl\/de\/wp-json\/wp\/v2\/opstelling?post=15440"},{"taxonomy":"optie","embeddable":true,"href":"https:\/\/beurswand2026.webdeveloperz.nl\/de\/wp-json\/wp\/v2\/optie?post=15440"},{"taxonomy":"pijler","embeddable":true,"href":"https:\/\/beurswand2026.webdeveloperz.nl\/de\/wp-json\/wp\/v2\/pijler?post=15440"},{"taxonomy":"product_brand","embeddable":true,"href":"https:\/\/beurswand2026.webdeveloperz.nl\/de\/wp-json\/wp\/v2\/product_brand?post=15440"},{"taxonomy":"product_cat","embeddable":true,"href":"https:\/\/beurswand2026.webdeveloperz.nl\/de\/wp-json\/wp\/v2\/product_cat?post=15440"},{"taxonomy":"product_tag","embeddable":true,"href":"https:\/\/beurswand2026.webdeveloperz.nl\/de\/wp-json\/wp\/v2\/product_tag?post=15440"}],"curies":[{"name":"wp","href":"https:\/\/api.w.org\/{rel}","templated":true}]}}