{"id":15433,"date":"2023-10-15T06:51:30","date_gmt":"2023-10-15T06:51:30","guid":{"rendered":"https:\/\/beurswand.nl\/product\/messestand-design-60\/"},"modified":"2025-03-13T09:33:24","modified_gmt":"2025-03-13T09:33:24","slug":"messestand-design-60","status":"publish","type":"product","link":"https:\/\/beurswand2026.webdeveloperz.nl\/de\/product\/messestand-design-60\/","title":{"rendered":"Messestand Design 60"},"content":{"rendered":"<p><strong>Einzigartiges Messestanddesign 60 \u2013 Machen Sie Eindruck bei Ihrer Veranstaltung!<\/strong><\/p>\n<p>Entdecken Sie unser neuestes Messestanddesign 60: ger\u00e4umig, modern und vollst\u00e4ndig an Ihre Markenidentit\u00e4t anpassbar. Mit einer beeindruckenden Gr\u00f6\u00dfe von mehr als 32 m2 bietet diese Mezzanine zahlreiche hochwertige M\u00f6glichkeiten:<\/p>\n<p>\u2728 <strong>Elegantes Pult<\/strong> \u2013 F\u00fcr professionelle Pr\u00e4sentationen und Interaktionen. <strong>\u2728 Auff\u00e4lliger Bogen<\/strong> \u2013 Damit Ihr Stand sofort erkennbar ist. \u2728 <strong>Futuristische LED-Wand<\/strong> \u2013 Erregen Sie Aufmerksamkeit und lassen Sie Ihre Botschaft leuchten. \u2728 <strong>Erh\u00f6hter Boden<\/strong> \u2013 Verleiht Ihrem Stand einen hochwertigen Look und zus\u00e4tzlichen Stauraum. \u2728 <strong>Praktische Speisekammer<\/strong> \u2013 Idealer Platz f\u00fcr Snacks, Getr\u00e4nke und Aufbewahrung.<\/p>\n<p>Dies ist nur ein Beispiel; wir passen das Design gerne an Ihre spezifischen Bed\u00fcrfnisse an. M\u00f6chten Sie mehr erfahren? F\u00fcllen Sie das untenstehende Kontaktformular aus, um weitere Informationen zu erhalten und sich von den M\u00f6glichkeiten inspirieren zu lassen!<\/p>\n","protected":false},"excerpt":{"rendered":"<p>Einzigartiges Messestanddesign 60 \u2013 Machen Sie Eindruck bei Ihrer Veranstaltung! Entdecken Sie unser neuestes Messestanddesign 60: ger\u00e4umig, modern und vollst\u00e4ndig an Ihre Markenidentit\u00e4t anpassbar. Mit einer beeindruckenden Gr\u00f6\u00dfe von mehr als 32 m2 bietet diese Mezzanine zahlreiche hochwertige M\u00f6glichkeiten: \u2728 Elegantes Pult \u2013 F\u00fcr professionelle Pr\u00e4sentationen und Interaktionen. \u2728 Auff\u00e4lliger Bogen \u2013 Damit Ihr Stand [&hellip;]<\/p>\n","protected":false},"featured_media":11553,"comment_status":"closed","ping_status":"open","template":"","meta":{"_acf_changed":false,"site-sidebar-layout":"default","site-content-layout":"","ast-site-content-layout":"default","site-content-style":"default","site-sidebar-style":"default","ast-global-header-display":"","ast-banner-title-visibility":"","ast-main-header-display":"","ast-hfb-above-header-display":"","ast-hfb-below-header-display":"","ast-hfb-mobile-header-display":"","site-post-title":"","ast-breadcrumbs-content":"","ast-featured-img":"","footer-sml-layout":"","ast-disable-related-posts":"","theme-transparent-header-meta":"","adv-header-id-meta":"","stick-header-meta":"","header-above-stick-meta":"","header-main-stick-meta":"","header-below-stick-meta":"","astra-migrate-meta-layouts":"default","ast-page-background-enabled":"default","ast-page-background-meta":{"desktop":{"background-color":"","background-image":"","background-repeat":"repeat","background-position":"center center","background-size":"auto","background-attachment":"scroll","background-type":"","background-media":"","overlay-type":"","overlay-color":"","overlay-opacity":"","overlay-gradient":""},"tablet":{"background-color":"","background-image":"","background-repeat":"repeat","background-position":"center center","background-size":"auto","background-attachment":"scroll","background-type":"","background-media":"","overlay-type":"","overlay-color":"","overlay-opacity":"","overlay-gradient":""},"mobile":{"background-color":"","background-image":"","background-repeat":"repeat","background-position":"center center","background-size":"auto","background-attachment":"scroll","background-type":"","background-media":"","overlay-type":"","overlay-color":"","overlay-opacity":"","overlay-gradient":""}},"ast-content-background-meta":{"desktop":{"background-color":"var(--ast-global-color-5)","background-image":"","background-repeat":"repeat","background-position":"center center","background-size":"auto","background-attachment":"scroll","background-type":"","background-media":"","overlay-type":"","overlay-color":"","overlay-opacity":"","overlay-gradient":""},"tablet":{"background-color":"var(--ast-global-color-5)","background-image":"","background-repeat":"repeat","background-position":"center center","background-size":"auto","background-attachment":"scroll","background-type":"","background-media":"","overlay-type":"","overlay-color":"","overlay-opacity":"","overlay-gradient":""},"mobile":{"background-color":"var(--ast-global-color-5)","background-image":"","background-repeat":"repeat","background-position":"center center","background-size":"auto","background-attachment":"scroll","background-type":"","background-media":"","overlay-type":"","overlay-color":"","overlay-opacity":"","overlay-gradient":""}}},"breedte":[],"design-oppervlakte":[379],"design-opstelling":[436],"design-optie":[370,415,418,380,381],"diepte":[],"oppervlakte":[],"opstelling":[],"optie":[],"pijler":[],"product_brand":[],"product_cat":[384,377,371,417,372,419,374,373,382,383,437],"product_tag":[],"class_list":{"0":"post-15433","1":"product","2":"type-product","3":"status-publish","4":"has-post-thumbnail","6":"design-oppervlakte-25-40-m2-de","7":"design-opstelling-zwischenstand","8":"design-optie-arch-de","9":"design-optie-erhohter-boden","10":"design-optie-led-wand-de","11":"design-optie-schreibtisch","12":"design-optie-speisekammer","13":"product_cat-25-40-m2-de","14":"product_cat-arch-de","15":"product_cat-entwurf","16":"product_cat-erhohter-boden","17":"product_cat-flache","18":"product_cat-led-wand-de","19":"product_cat-messestand-typ","20":"product_cat-optionen","21":"product_cat-schreibtisch","22":"product_cat-speisekammer","23":"product_cat-tabellenstand","24":"desktop-align-left","25":"tablet-align-left","26":"mobile-align-left","28":"first","29":"instock","30":"shipping-taxable","31":"product-type-simple"},"acf":[],"_links":{"self":[{"href":"https:\/\/beurswand2026.webdeveloperz.nl\/de\/wp-json\/wp\/v2\/product\/15433","targetHints":{"allow":["GET"]}}],"collection":[{"href":"https:\/\/beurswand2026.webdeveloperz.nl\/de\/wp-json\/wp\/v2\/product"}],"about":[{"href":"https:\/\/beurswand2026.webdeveloperz.nl\/de\/wp-json\/wp\/v2\/types\/product"}],"replies":[{"embeddable":true,"href":"https:\/\/beurswand2026.webdeveloperz.nl\/de\/wp-json\/wp\/v2\/comments?post=15433"}],"version-history":[{"count":1,"href":"https:\/\/beurswand2026.webdeveloperz.nl\/de\/wp-json\/wp\/v2\/product\/15433\/revisions"}],"predecessor-version":[{"id":15842,"href":"https:\/\/beurswand2026.webdeveloperz.nl\/de\/wp-json\/wp\/v2\/product\/15433\/revisions\/15842"}],"wp:featuredmedia":[{"embeddable":true,"href":"https:\/\/beurswand2026.webdeveloperz.nl\/de\/wp-json\/wp\/v2\/media\/11553"}],"wp:attachment":[{"href":"https:\/\/beurswand2026.webdeveloperz.nl\/de\/wp-json\/wp\/v2\/media?parent=15433"}],"wp:term":[{"taxonomy":"breedte","embeddable":true,"href":"https:\/\/beurswand2026.webdeveloperz.nl\/de\/wp-json\/wp\/v2\/breedte?post=15433"},{"taxonomy":"design-oppervlakte","embeddable":true,"href":"https:\/\/beurswand2026.webdeveloperz.nl\/de\/wp-json\/wp\/v2\/design-oppervlakte?post=15433"},{"taxonomy":"design-opstelling","embeddable":true,"href":"https:\/\/beurswand2026.webdeveloperz.nl\/de\/wp-json\/wp\/v2\/design-opstelling?post=15433"},{"taxonomy":"design-optie","embeddable":true,"href":"https:\/\/beurswand2026.webdeveloperz.nl\/de\/wp-json\/wp\/v2\/design-optie?post=15433"},{"taxonomy":"diepte","embeddable":true,"href":"https:\/\/beurswand2026.webdeveloperz.nl\/de\/wp-json\/wp\/v2\/diepte?post=15433"},{"taxonomy":"oppervlakte","embeddable":true,"href":"https:\/\/beurswand2026.webdeveloperz.nl\/de\/wp-json\/wp\/v2\/oppervlakte?post=15433"},{"taxonomy":"opstelling","embeddable":true,"href":"https:\/\/beurswand2026.webdeveloperz.nl\/de\/wp-json\/wp\/v2\/opstelling?post=15433"},{"taxonomy":"optie","embeddable":true,"href":"https:\/\/beurswand2026.webdeveloperz.nl\/de\/wp-json\/wp\/v2\/optie?post=15433"},{"taxonomy":"pijler","embeddable":true,"href":"https:\/\/beurswand2026.webdeveloperz.nl\/de\/wp-json\/wp\/v2\/pijler?post=15433"},{"taxonomy":"product_brand","embeddable":true,"href":"https:\/\/beurswand2026.webdeveloperz.nl\/de\/wp-json\/wp\/v2\/product_brand?post=15433"},{"taxonomy":"product_cat","embeddable":true,"href":"https:\/\/beurswand2026.webdeveloperz.nl\/de\/wp-json\/wp\/v2\/product_cat?post=15433"},{"taxonomy":"product_tag","embeddable":true,"href":"https:\/\/beurswand2026.webdeveloperz.nl\/de\/wp-json\/wp\/v2\/product_tag?post=15433"}],"curies":[{"name":"wp","href":"https:\/\/api.w.org\/{rel}","templated":true}]}}