{"id":15423,"date":"2023-10-15T06:48:52","date_gmt":"2023-10-15T06:48:52","guid":{"rendered":"https:\/\/beurswand.nl\/product\/messestand-design-57\/"},"modified":"2025-03-13T09:33:26","modified_gmt":"2025-03-13T09:33:26","slug":"messestand-design-57","status":"publish","type":"product","link":"https:\/\/beurswand2026.webdeveloperz.nl\/de\/product\/messestand-design-57\/","title":{"rendered":"Messestand Design 57"},"content":{"rendered":"<p><strong>Messestand Design 57: Ger\u00e4umig, stilvoll und individuell gestaltbar!<\/strong><\/p>\n<p>Sie suchen den idealen Messestand, um Ihre Marke zu pr\u00e4sentieren? Unser neuestes Design 57 bietet Ihnen mit einer gro\u00dfz\u00fcgigen Fl\u00e4che von \u00fcber 30 m2 den perfekten Raum, um auf jeder Messe zu gl\u00e4nzen. Dieser Kopfstand ist strategisch so platziert, dass er maximale Sichtbarkeit bietet, und verf\u00fcgt \u00fcber ein integriertes Pult \u2013 ideal f\u00fcr Interaktionen, Produktdemonstrationen oder einfach nur f\u00fcr die Bereitstellung von Informationen.<\/p>\n<p>Aber das ist noch nicht alles! Dieses Beispiel ist nur ein Ausgangspunkt. Wir wissen, dass jede Marke einzigartig ist. Daher kann Design 57 vollst\u00e4ndig an Ihre Bed\u00fcrfnisse angepasst werden, so dass es sich nahtlos in Ihr Branding und Ihre Ziele einf\u00fcgt.<\/p>\n<p>Interessiert? Z\u00f6gern Sie nicht und fordern Sie weitere Informationen \u00fcber das untenstehende Kontaktformular an. Wir helfen Ihnen gerne, Ihre Messeteilnahme unvergesslich zu machen! <\/p>\n","protected":false},"excerpt":{"rendered":"<p>Messestand Design 57: Ger\u00e4umig, stilvoll und individuell gestaltbar! Sie suchen den idealen Messestand, um Ihre Marke zu pr\u00e4sentieren? Unser neuestes Design 57 bietet Ihnen mit einer gro\u00dfz\u00fcgigen Fl\u00e4che von \u00fcber 30 m2 den perfekten Raum, um auf jeder Messe zu gl\u00e4nzen. Dieser Kopfstand ist strategisch so platziert, dass er maximale Sichtbarkeit bietet, und verf\u00fcgt \u00fcber [&hellip;]<\/p>\n","protected":false},"featured_media":11507,"comment_status":"closed","ping_status":"open","template":"","meta":{"_acf_changed":false,"site-sidebar-layout":"default","site-content-layout":"","ast-site-content-layout":"default","site-content-style":"default","site-sidebar-style":"default","ast-global-header-display":"","ast-banner-title-visibility":"","ast-main-header-display":"","ast-hfb-above-header-display":"","ast-hfb-below-header-display":"","ast-hfb-mobile-header-display":"","site-post-title":"","ast-breadcrumbs-content":"","ast-featured-img":"","footer-sml-layout":"","ast-disable-related-posts":"","theme-transparent-header-meta":"","adv-header-id-meta":"","stick-header-meta":"","header-above-stick-meta":"","header-main-stick-meta":"","header-below-stick-meta":"","astra-migrate-meta-layouts":"default","ast-page-background-enabled":"default","ast-page-background-meta":{"desktop":{"background-color":"","background-image":"","background-repeat":"repeat","background-position":"center center","background-size":"auto","background-attachment":"scroll","background-type":"","background-media":"","overlay-type":"","overlay-color":"","overlay-opacity":"","overlay-gradient":""},"tablet":{"background-color":"","background-image":"","background-repeat":"repeat","background-position":"center center","background-size":"auto","background-attachment":"scroll","background-type":"","background-media":"","overlay-type":"","overlay-color":"","overlay-opacity":"","overlay-gradient":""},"mobile":{"background-color":"","background-image":"","background-repeat":"repeat","background-position":"center center","background-size":"auto","background-attachment":"scroll","background-type":"","background-media":"","overlay-type":"","overlay-color":"","overlay-opacity":"","overlay-gradient":""}},"ast-content-background-meta":{"desktop":{"background-color":"var(--ast-global-color-5)","background-image":"","background-repeat":"repeat","background-position":"center center","background-size":"auto","background-attachment":"scroll","background-type":"","background-media":"","overlay-type":"","overlay-color":"","overlay-opacity":"","overlay-gradient":""},"tablet":{"background-color":"var(--ast-global-color-5)","background-image":"","background-repeat":"repeat","background-position":"center center","background-size":"auto","background-attachment":"scroll","background-type":"","background-media":"","overlay-type":"","overlay-color":"","overlay-opacity":"","overlay-gradient":""},"mobile":{"background-color":"var(--ast-global-color-5)","background-image":"","background-repeat":"repeat","background-position":"center center","background-size":"auto","background-attachment":"scroll","background-type":"","background-media":"","overlay-type":"","overlay-color":"","overlay-opacity":"","overlay-gradient":""}}},"breedte":[],"design-oppervlakte":[379],"design-opstelling":[369],"design-optie":[380],"diepte":[],"oppervlakte":[],"opstelling":[],"optie":[],"pijler":[],"product_brand":[],"product_cat":[384,371,372,375,374,373,382],"product_tag":[],"class_list":{"0":"post-15423","1":"product","2":"type-product","3":"status-publish","4":"has-post-thumbnail","6":"design-oppervlakte-25-40-m2-de","7":"design-opstelling-kopfstand","8":"design-optie-schreibtisch","9":"product_cat-25-40-m2-de","10":"product_cat-entwurf","11":"product_cat-flache","12":"product_cat-kopfstand","13":"product_cat-messestand-typ","14":"product_cat-optionen","15":"product_cat-schreibtisch","16":"desktop-align-left","17":"tablet-align-left","18":"mobile-align-left","20":"first","21":"instock","22":"shipping-taxable","23":"product-type-simple"},"acf":[],"_links":{"self":[{"href":"https:\/\/beurswand2026.webdeveloperz.nl\/de\/wp-json\/wp\/v2\/product\/15423","targetHints":{"allow":["GET"]}}],"collection":[{"href":"https:\/\/beurswand2026.webdeveloperz.nl\/de\/wp-json\/wp\/v2\/product"}],"about":[{"href":"https:\/\/beurswand2026.webdeveloperz.nl\/de\/wp-json\/wp\/v2\/types\/product"}],"replies":[{"embeddable":true,"href":"https:\/\/beurswand2026.webdeveloperz.nl\/de\/wp-json\/wp\/v2\/comments?post=15423"}],"version-history":[{"count":1,"href":"https:\/\/beurswand2026.webdeveloperz.nl\/de\/wp-json\/wp\/v2\/product\/15423\/revisions"}],"predecessor-version":[{"id":15845,"href":"https:\/\/beurswand2026.webdeveloperz.nl\/de\/wp-json\/wp\/v2\/product\/15423\/revisions\/15845"}],"wp:featuredmedia":[{"embeddable":true,"href":"https:\/\/beurswand2026.webdeveloperz.nl\/de\/wp-json\/wp\/v2\/media\/11507"}],"wp:attachment":[{"href":"https:\/\/beurswand2026.webdeveloperz.nl\/de\/wp-json\/wp\/v2\/media?parent=15423"}],"wp:term":[{"taxonomy":"breedte","embeddable":true,"href":"https:\/\/beurswand2026.webdeveloperz.nl\/de\/wp-json\/wp\/v2\/breedte?post=15423"},{"taxonomy":"design-oppervlakte","embeddable":true,"href":"https:\/\/beurswand2026.webdeveloperz.nl\/de\/wp-json\/wp\/v2\/design-oppervlakte?post=15423"},{"taxonomy":"design-opstelling","embeddable":true,"href":"https:\/\/beurswand2026.webdeveloperz.nl\/de\/wp-json\/wp\/v2\/design-opstelling?post=15423"},{"taxonomy":"design-optie","embeddable":true,"href":"https:\/\/beurswand2026.webdeveloperz.nl\/de\/wp-json\/wp\/v2\/design-optie?post=15423"},{"taxonomy":"diepte","embeddable":true,"href":"https:\/\/beurswand2026.webdeveloperz.nl\/de\/wp-json\/wp\/v2\/diepte?post=15423"},{"taxonomy":"oppervlakte","embeddable":true,"href":"https:\/\/beurswand2026.webdeveloperz.nl\/de\/wp-json\/wp\/v2\/oppervlakte?post=15423"},{"taxonomy":"opstelling","embeddable":true,"href":"https:\/\/beurswand2026.webdeveloperz.nl\/de\/wp-json\/wp\/v2\/opstelling?post=15423"},{"taxonomy":"optie","embeddable":true,"href":"https:\/\/beurswand2026.webdeveloperz.nl\/de\/wp-json\/wp\/v2\/optie?post=15423"},{"taxonomy":"pijler","embeddable":true,"href":"https:\/\/beurswand2026.webdeveloperz.nl\/de\/wp-json\/wp\/v2\/pijler?post=15423"},{"taxonomy":"product_brand","embeddable":true,"href":"https:\/\/beurswand2026.webdeveloperz.nl\/de\/wp-json\/wp\/v2\/product_brand?post=15423"},{"taxonomy":"product_cat","embeddable":true,"href":"https:\/\/beurswand2026.webdeveloperz.nl\/de\/wp-json\/wp\/v2\/product_cat?post=15423"},{"taxonomy":"product_tag","embeddable":true,"href":"https:\/\/beurswand2026.webdeveloperz.nl\/de\/wp-json\/wp\/v2\/product_tag?post=15423"}],"curies":[{"name":"wp","href":"https:\/\/api.w.org\/{rel}","templated":true}]}}