{"id":15406,"date":"2023-10-15T06:37:48","date_gmt":"2023-10-15T06:37:48","guid":{"rendered":"https:\/\/beurswand.nl\/product\/messestand-design-47\/"},"modified":"2025-03-13T09:33:31","modified_gmt":"2025-03-13T09:33:31","slug":"messestand-design-47","status":"publish","type":"product","link":"https:\/\/beurswand2026.webdeveloperz.nl\/de\/product\/messestand-design-47\/","title":{"rendered":"Messestand Design 47"},"content":{"rendered":"<p><strong>Einzigartiges Messestanddesign 47 \u2013 Machen Sie Ihre Marke unverwechselbar!<\/strong><\/p>\n<p>Suchen Sie einen stilvollen und funktionalen Messestand? Unser neues Design 47 verbindet Eleganz mit praktischen Elementen. Mit einer gro\u00dfz\u00fcgigen Gr\u00f6\u00dfe von \u00fcber 15 m^2 bietet dieser Eckstand gen\u00fcgend Platz, um Ihre Produkte oder Dienstleistungen zu pr\u00e4sentieren.<\/p>\n<p>Das integrierte Pult sorgt f\u00fcr ein professionelles Erscheinungsbild und ist ideal f\u00fcr den Umgang mit Besuchern und die Ausgabe von Unterlagen. Der einzigartige Bogen f\u00fcgt ein auff\u00e4lliges Designelement hinzu und l\u00e4sst Ihren Stand aus der Masse herausstechen.<\/p>\n<p>Dies ist nur ein Beispiel daf\u00fcr, was alles m\u00f6glich ist. Wir wissen, dass jeder Kunde einzigartig ist und passen das Design gerne an Ihre speziellen Bed\u00fcrfnisse an. Neugierig auf die M\u00f6glichkeiten? F\u00fcllen Sie das untenstehende Kontaktformular aus, um weitere Informationen zu erhalten. Lassen Sie Design 47 Ihre n\u00e4chste Messe zu einem Erfolg machen!<\/p>\n","protected":false},"excerpt":{"rendered":"<p>Einzigartiges Messestanddesign 47 \u2013 Machen Sie Ihre Marke unverwechselbar! Suchen Sie einen stilvollen und funktionalen Messestand? Unser neues Design 47 verbindet Eleganz mit praktischen Elementen. Mit einer gro\u00dfz\u00fcgigen Gr\u00f6\u00dfe von \u00fcber 15 m^2 bietet dieser Eckstand gen\u00fcgend Platz, um Ihre Produkte oder Dienstleistungen zu pr\u00e4sentieren. Das integrierte Pult sorgt f\u00fcr ein professionelles Erscheinungsbild und ist [&hellip;]<\/p>\n","protected":false},"featured_media":11302,"comment_status":"closed","ping_status":"open","template":"","meta":{"_acf_changed":false,"site-sidebar-layout":"default","site-content-layout":"","ast-site-content-layout":"default","site-content-style":"default","site-sidebar-style":"default","ast-global-header-display":"","ast-banner-title-visibility":"","ast-main-header-display":"","ast-hfb-above-header-display":"","ast-hfb-below-header-display":"","ast-hfb-mobile-header-display":"","site-post-title":"","ast-breadcrumbs-content":"","ast-featured-img":"","footer-sml-layout":"","ast-disable-related-posts":"","theme-transparent-header-meta":"","adv-header-id-meta":"","stick-header-meta":"","header-above-stick-meta":"","header-main-stick-meta":"","header-below-stick-meta":"","astra-migrate-meta-layouts":"default","ast-page-background-enabled":"default","ast-page-background-meta":{"desktop":{"background-color":"","background-image":"","background-repeat":"repeat","background-position":"center center","background-size":"auto","background-attachment":"scroll","background-type":"","background-media":"","overlay-type":"","overlay-color":"","overlay-opacity":"","overlay-gradient":""},"tablet":{"background-color":"","background-image":"","background-repeat":"repeat","background-position":"center center","background-size":"auto","background-attachment":"scroll","background-type":"","background-media":"","overlay-type":"","overlay-color":"","overlay-opacity":"","overlay-gradient":""},"mobile":{"background-color":"","background-image":"","background-repeat":"repeat","background-position":"center center","background-size":"auto","background-attachment":"scroll","background-type":"","background-media":"","overlay-type":"","overlay-color":"","overlay-opacity":"","overlay-gradient":""}},"ast-content-background-meta":{"desktop":{"background-color":"var(--ast-global-color-5)","background-image":"","background-repeat":"repeat","background-position":"center center","background-size":"auto","background-attachment":"scroll","background-type":"","background-media":"","overlay-type":"","overlay-color":"","overlay-opacity":"","overlay-gradient":""},"tablet":{"background-color":"var(--ast-global-color-5)","background-image":"","background-repeat":"repeat","background-position":"center center","background-size":"auto","background-attachment":"scroll","background-type":"","background-media":"","overlay-type":"","overlay-color":"","overlay-opacity":"","overlay-gradient":""},"mobile":{"background-color":"var(--ast-global-color-5)","background-image":"","background-repeat":"repeat","background-position":"center center","background-size":"auto","background-attachment":"scroll","background-type":"","background-media":"","overlay-type":"","overlay-color":"","overlay-opacity":"","overlay-gradient":""}}},"breedte":[],"design-oppervlakte":[368],"design-opstelling":[414],"design-optie":[370,380],"diepte":[],"oppervlakte":[],"opstelling":[],"optie":[],"pijler":[],"product_brand":[],"product_cat":[376,377,416,371,372,374,373,382],"product_tag":[],"class_list":{"0":"post-15406","1":"product","2":"type-product","3":"status-publish","4":"has-post-thumbnail","6":"design-oppervlakte-1-24-m2-de","7":"design-opstelling-eckstand","8":"design-optie-arch-de","9":"design-optie-schreibtisch","10":"product_cat-1-24-m2-de","11":"product_cat-arch-de","12":"product_cat-eckstand","13":"product_cat-entwurf","14":"product_cat-flache","15":"product_cat-messestand-typ","16":"product_cat-optionen","17":"product_cat-schreibtisch","18":"desktop-align-left","19":"tablet-align-left","20":"mobile-align-left","22":"first","23":"instock","24":"shipping-taxable","25":"product-type-simple"},"acf":[],"_links":{"self":[{"href":"https:\/\/beurswand2026.webdeveloperz.nl\/de\/wp-json\/wp\/v2\/product\/15406","targetHints":{"allow":["GET"]}}],"collection":[{"href":"https:\/\/beurswand2026.webdeveloperz.nl\/de\/wp-json\/wp\/v2\/product"}],"about":[{"href":"https:\/\/beurswand2026.webdeveloperz.nl\/de\/wp-json\/wp\/v2\/types\/product"}],"replies":[{"embeddable":true,"href":"https:\/\/beurswand2026.webdeveloperz.nl\/de\/wp-json\/wp\/v2\/comments?post=15406"}],"version-history":[{"count":1,"href":"https:\/\/beurswand2026.webdeveloperz.nl\/de\/wp-json\/wp\/v2\/product\/15406\/revisions"}],"predecessor-version":[{"id":15855,"href":"https:\/\/beurswand2026.webdeveloperz.nl\/de\/wp-json\/wp\/v2\/product\/15406\/revisions\/15855"}],"wp:featuredmedia":[{"embeddable":true,"href":"https:\/\/beurswand2026.webdeveloperz.nl\/de\/wp-json\/wp\/v2\/media\/11302"}],"wp:attachment":[{"href":"https:\/\/beurswand2026.webdeveloperz.nl\/de\/wp-json\/wp\/v2\/media?parent=15406"}],"wp:term":[{"taxonomy":"breedte","embeddable":true,"href":"https:\/\/beurswand2026.webdeveloperz.nl\/de\/wp-json\/wp\/v2\/breedte?post=15406"},{"taxonomy":"design-oppervlakte","embeddable":true,"href":"https:\/\/beurswand2026.webdeveloperz.nl\/de\/wp-json\/wp\/v2\/design-oppervlakte?post=15406"},{"taxonomy":"design-opstelling","embeddable":true,"href":"https:\/\/beurswand2026.webdeveloperz.nl\/de\/wp-json\/wp\/v2\/design-opstelling?post=15406"},{"taxonomy":"design-optie","embeddable":true,"href":"https:\/\/beurswand2026.webdeveloperz.nl\/de\/wp-json\/wp\/v2\/design-optie?post=15406"},{"taxonomy":"diepte","embeddable":true,"href":"https:\/\/beurswand2026.webdeveloperz.nl\/de\/wp-json\/wp\/v2\/diepte?post=15406"},{"taxonomy":"oppervlakte","embeddable":true,"href":"https:\/\/beurswand2026.webdeveloperz.nl\/de\/wp-json\/wp\/v2\/oppervlakte?post=15406"},{"taxonomy":"opstelling","embeddable":true,"href":"https:\/\/beurswand2026.webdeveloperz.nl\/de\/wp-json\/wp\/v2\/opstelling?post=15406"},{"taxonomy":"optie","embeddable":true,"href":"https:\/\/beurswand2026.webdeveloperz.nl\/de\/wp-json\/wp\/v2\/optie?post=15406"},{"taxonomy":"pijler","embeddable":true,"href":"https:\/\/beurswand2026.webdeveloperz.nl\/de\/wp-json\/wp\/v2\/pijler?post=15406"},{"taxonomy":"product_brand","embeddable":true,"href":"https:\/\/beurswand2026.webdeveloperz.nl\/de\/wp-json\/wp\/v2\/product_brand?post=15406"},{"taxonomy":"product_cat","embeddable":true,"href":"https:\/\/beurswand2026.webdeveloperz.nl\/de\/wp-json\/wp\/v2\/product_cat?post=15406"},{"taxonomy":"product_tag","embeddable":true,"href":"https:\/\/beurswand2026.webdeveloperz.nl\/de\/wp-json\/wp\/v2\/product_tag?post=15406"}],"curies":[{"name":"wp","href":"https:\/\/api.w.org\/{rel}","templated":true}]}}