{"id":15393,"date":"2023-10-12T15:57:08","date_gmt":"2023-10-12T15:57:08","guid":{"rendered":"https:\/\/beurswand.nl\/product\/messestand-design-37\/"},"modified":"2025-03-13T09:33:36","modified_gmt":"2025-03-13T09:33:36","slug":"messestand-design-37","status":"publish","type":"product","link":"https:\/\/beurswand2026.webdeveloperz.nl\/de\/product\/messestand-design-37\/","title":{"rendered":"Messestand Design 37"},"content":{"rendered":"<p><strong>Messestanddesign 37 \u2013 Wirkung im Gro\u00dfformat!<\/strong><\/p>\n<p>Pr\u00e4sentieren Sie Ihre Marke wie nie zuvor mit unserem ma\u00dfgeschneiderten Messestand Design 37. Mit einer gro\u00dfz\u00fcgigen Fl\u00e4che von \u00fcber 36 m\u00b2 bietet dieser Zwischenstand die perfekte Balance aus \u00c4sthetik und Funktionalit\u00e4t. Lassen Sie Ihre Unternehmensvision mit unserer hochmodernen LED-Wand erstrahlen, begr\u00fc\u00dfen Sie Ihre Kunden an der stilvollen Theke und verw\u00f6hnen Sie sie mit Erfrischungen aus Ihrer eigenen Speisekammer.   Aber das ist noch nicht alles! Wir wissen, dass jedes Unternehmen einzigartig ist. Deshalb kann dieses Design vollst\u00e4ndig an Ihre Bed\u00fcrfnisse angepasst werden. Sind Sie neugierig? Warten Sie nicht l\u00e4nger und fordern Sie weitere Informationen \u00fcber das untenstehende Kontaktformular an. Dies ist Ihre Chance, auf der Messe einen unvergesslichen Eindruck zu hinterlassen!   <\/p>\n<p><em>Hinweis: Dies ist nur ein Beispiel. Wir sind offen f\u00fcr Anpassungen, die Ihre Marke noch besser zur Geltung bringen!<\/em><\/p>\n","protected":false},"excerpt":{"rendered":"<p>Messestanddesign 37 \u2013 Wirkung im Gro\u00dfformat! Pr\u00e4sentieren Sie Ihre Marke wie nie zuvor mit unserem ma\u00dfgeschneiderten Messestand Design 37. Mit einer gro\u00dfz\u00fcgigen Fl\u00e4che von \u00fcber 36 m\u00b2 bietet dieser Zwischenstand die perfekte Balance aus \u00c4sthetik und Funktionalit\u00e4t. Lassen Sie Ihre Unternehmensvision mit unserer hochmodernen LED-Wand erstrahlen, begr\u00fc\u00dfen Sie Ihre Kunden an der stilvollen Theke und [&hellip;]<\/p>\n","protected":false},"featured_media":11162,"comment_status":"closed","ping_status":"open","template":"","meta":{"_acf_changed":false,"site-sidebar-layout":"default","site-content-layout":"","ast-site-content-layout":"default","site-content-style":"default","site-sidebar-style":"default","ast-global-header-display":"","ast-banner-title-visibility":"","ast-main-header-display":"","ast-hfb-above-header-display":"","ast-hfb-below-header-display":"","ast-hfb-mobile-header-display":"","site-post-title":"","ast-breadcrumbs-content":"","ast-featured-img":"","footer-sml-layout":"","ast-disable-related-posts":"","theme-transparent-header-meta":"","adv-header-id-meta":"","stick-header-meta":"","header-above-stick-meta":"","header-main-stick-meta":"","header-below-stick-meta":"","astra-migrate-meta-layouts":"default","ast-page-background-enabled":"default","ast-page-background-meta":{"desktop":{"background-color":"","background-image":"","background-repeat":"repeat","background-position":"center center","background-size":"auto","background-attachment":"scroll","background-type":"","background-media":"","overlay-type":"","overlay-color":"","overlay-opacity":"","overlay-gradient":""},"tablet":{"background-color":"","background-image":"","background-repeat":"repeat","background-position":"center center","background-size":"auto","background-attachment":"scroll","background-type":"","background-media":"","overlay-type":"","overlay-color":"","overlay-opacity":"","overlay-gradient":""},"mobile":{"background-color":"","background-image":"","background-repeat":"repeat","background-position":"center center","background-size":"auto","background-attachment":"scroll","background-type":"","background-media":"","overlay-type":"","overlay-color":"","overlay-opacity":"","overlay-gradient":""}},"ast-content-background-meta":{"desktop":{"background-color":"var(--ast-global-color-5)","background-image":"","background-repeat":"repeat","background-position":"center center","background-size":"auto","background-attachment":"scroll","background-type":"","background-media":"","overlay-type":"","overlay-color":"","overlay-opacity":"","overlay-gradient":""},"tablet":{"background-color":"var(--ast-global-color-5)","background-image":"","background-repeat":"repeat","background-position":"center center","background-size":"auto","background-attachment":"scroll","background-type":"","background-media":"","overlay-type":"","overlay-color":"","overlay-opacity":"","overlay-gradient":""},"mobile":{"background-color":"var(--ast-global-color-5)","background-image":"","background-repeat":"repeat","background-position":"center center","background-size":"auto","background-attachment":"scroll","background-type":"","background-media":"","overlay-type":"","overlay-color":"","overlay-opacity":"","overlay-gradient":""}}},"breedte":[],"design-oppervlakte":[379],"design-opstelling":[436],"design-optie":[418,380,381],"diepte":[],"oppervlakte":[],"opstelling":[],"optie":[],"pijler":[],"product_brand":[],"product_cat":[384,371,372,419,374,373,382,383,437],"product_tag":[],"class_list":{"0":"post-15393","1":"product","2":"type-product","3":"status-publish","4":"has-post-thumbnail","6":"design-oppervlakte-25-40-m2-de","7":"design-opstelling-zwischenstand","8":"design-optie-led-wand-de","9":"design-optie-schreibtisch","10":"design-optie-speisekammer","11":"product_cat-25-40-m2-de","12":"product_cat-entwurf","13":"product_cat-flache","14":"product_cat-led-wand-de","15":"product_cat-messestand-typ","16":"product_cat-optionen","17":"product_cat-schreibtisch","18":"product_cat-speisekammer","19":"product_cat-tabellenstand","20":"desktop-align-left","21":"tablet-align-left","22":"mobile-align-left","24":"first","25":"instock","26":"shipping-taxable","27":"product-type-simple"},"acf":[],"_links":{"self":[{"href":"https:\/\/beurswand2026.webdeveloperz.nl\/de\/wp-json\/wp\/v2\/product\/15393","targetHints":{"allow":["GET"]}}],"collection":[{"href":"https:\/\/beurswand2026.webdeveloperz.nl\/de\/wp-json\/wp\/v2\/product"}],"about":[{"href":"https:\/\/beurswand2026.webdeveloperz.nl\/de\/wp-json\/wp\/v2\/types\/product"}],"replies":[{"embeddable":true,"href":"https:\/\/beurswand2026.webdeveloperz.nl\/de\/wp-json\/wp\/v2\/comments?post=15393"}],"version-history":[{"count":1,"href":"https:\/\/beurswand2026.webdeveloperz.nl\/de\/wp-json\/wp\/v2\/product\/15393\/revisions"}],"predecessor-version":[{"id":15865,"href":"https:\/\/beurswand2026.webdeveloperz.nl\/de\/wp-json\/wp\/v2\/product\/15393\/revisions\/15865"}],"wp:featuredmedia":[{"embeddable":true,"href":"https:\/\/beurswand2026.webdeveloperz.nl\/de\/wp-json\/wp\/v2\/media\/11162"}],"wp:attachment":[{"href":"https:\/\/beurswand2026.webdeveloperz.nl\/de\/wp-json\/wp\/v2\/media?parent=15393"}],"wp:term":[{"taxonomy":"breedte","embeddable":true,"href":"https:\/\/beurswand2026.webdeveloperz.nl\/de\/wp-json\/wp\/v2\/breedte?post=15393"},{"taxonomy":"design-oppervlakte","embeddable":true,"href":"https:\/\/beurswand2026.webdeveloperz.nl\/de\/wp-json\/wp\/v2\/design-oppervlakte?post=15393"},{"taxonomy":"design-opstelling","embeddable":true,"href":"https:\/\/beurswand2026.webdeveloperz.nl\/de\/wp-json\/wp\/v2\/design-opstelling?post=15393"},{"taxonomy":"design-optie","embeddable":true,"href":"https:\/\/beurswand2026.webdeveloperz.nl\/de\/wp-json\/wp\/v2\/design-optie?post=15393"},{"taxonomy":"diepte","embeddable":true,"href":"https:\/\/beurswand2026.webdeveloperz.nl\/de\/wp-json\/wp\/v2\/diepte?post=15393"},{"taxonomy":"oppervlakte","embeddable":true,"href":"https:\/\/beurswand2026.webdeveloperz.nl\/de\/wp-json\/wp\/v2\/oppervlakte?post=15393"},{"taxonomy":"opstelling","embeddable":true,"href":"https:\/\/beurswand2026.webdeveloperz.nl\/de\/wp-json\/wp\/v2\/opstelling?post=15393"},{"taxonomy":"optie","embeddable":true,"href":"https:\/\/beurswand2026.webdeveloperz.nl\/de\/wp-json\/wp\/v2\/optie?post=15393"},{"taxonomy":"pijler","embeddable":true,"href":"https:\/\/beurswand2026.webdeveloperz.nl\/de\/wp-json\/wp\/v2\/pijler?post=15393"},{"taxonomy":"product_brand","embeddable":true,"href":"https:\/\/beurswand2026.webdeveloperz.nl\/de\/wp-json\/wp\/v2\/product_brand?post=15393"},{"taxonomy":"product_cat","embeddable":true,"href":"https:\/\/beurswand2026.webdeveloperz.nl\/de\/wp-json\/wp\/v2\/product_cat?post=15393"},{"taxonomy":"product_tag","embeddable":true,"href":"https:\/\/beurswand2026.webdeveloperz.nl\/de\/wp-json\/wp\/v2\/product_tag?post=15393"}],"curies":[{"name":"wp","href":"https:\/\/api.w.org\/{rel}","templated":true}]}}