{"id":15385,"date":"2023-10-12T15:52:58","date_gmt":"2023-10-12T15:52:58","guid":{"rendered":"https:\/\/beurswand.nl\/product\/messestand-design-33\/"},"modified":"2025-03-13T09:33:38","modified_gmt":"2025-03-13T09:33:38","slug":"messestand-design-33","status":"publish","type":"product","link":"https:\/\/beurswand2026.webdeveloperz.nl\/de\/product\/messestand-design-33\/","title":{"rendered":"Messestand Design 33"},"content":{"rendered":"<p><strong>Einzigartiger Messestand Design 33<\/strong>  <\/p>\n<p>Betreten Sie die n\u00e4chste Dimension der Messepr\u00e4sentation mit unserem ma\u00dfgeschneiderten Messestanddesign 33. Mit einer gro\u00dfz\u00fcgigen Fl\u00e4che von \u00fcber 22 m2 garantiert dieser Kopfstand, dass Ihre Marke die Aufmerksamkeit erh\u00e4lt, die sie verdient. Egal, ob Sie ein Produkt einf\u00fchren, ein Netzwerk aufbauen oder einen bleibenden Eindruck bei potenziellen Kunden hinterlassen wollen \u2013 dieses Design bietet alles.<\/p>\n<p>Der integrierte Schreibtisch sorgt f\u00fcr ein professionelles Erscheinungsbild und eignet sich perfekt f\u00fcr Interaktionen, w\u00e4hrend die eingebaute Speisekammer ideal f\u00fcr Vorf\u00fchrungen vor Ort oder sogar f\u00fcr kleine Catering-Anl\u00e4sse ist.<\/p>\n<p>Und denken Sie daran, dies ist nur ein Beispiel! Wir sind gerne bereit, das Design an Ihre individuellen Bed\u00fcrfnisse anzupassen. M\u00f6chten Sie mehr erfahren? F\u00fcllen Sie das Kontaktformular unten aus und entdecken Sie die grenzenlosen M\u00f6glichkeiten f\u00fcr Ihre n\u00e4chste Messe. Lassen Sie Ihre Marke strahlen wie nie zuvor! \u2728<\/p>\n","protected":false},"excerpt":{"rendered":"<p>Einzigartiger Messestand Design 33 Betreten Sie die n\u00e4chste Dimension der Messepr\u00e4sentation mit unserem ma\u00dfgeschneiderten Messestanddesign 33. Mit einer gro\u00dfz\u00fcgigen Fl\u00e4che von \u00fcber 22 m2 garantiert dieser Kopfstand, dass Ihre Marke die Aufmerksamkeit erh\u00e4lt, die sie verdient. Egal, ob Sie ein Produkt einf\u00fchren, ein Netzwerk aufbauen oder einen bleibenden Eindruck bei potenziellen Kunden hinterlassen wollen \u2013 [&hellip;]<\/p>\n","protected":false},"featured_media":11109,"comment_status":"closed","ping_status":"open","template":"","meta":{"_acf_changed":false,"site-sidebar-layout":"default","site-content-layout":"","ast-site-content-layout":"default","site-content-style":"default","site-sidebar-style":"default","ast-global-header-display":"","ast-banner-title-visibility":"","ast-main-header-display":"","ast-hfb-above-header-display":"","ast-hfb-below-header-display":"","ast-hfb-mobile-header-display":"","site-post-title":"","ast-breadcrumbs-content":"","ast-featured-img":"","footer-sml-layout":"","ast-disable-related-posts":"","theme-transparent-header-meta":"","adv-header-id-meta":"","stick-header-meta":"","header-above-stick-meta":"","header-main-stick-meta":"","header-below-stick-meta":"","astra-migrate-meta-layouts":"default","ast-page-background-enabled":"default","ast-page-background-meta":{"desktop":{"background-color":"","background-image":"","background-repeat":"repeat","background-position":"center center","background-size":"auto","background-attachment":"scroll","background-type":"","background-media":"","overlay-type":"","overlay-color":"","overlay-opacity":"","overlay-gradient":""},"tablet":{"background-color":"","background-image":"","background-repeat":"repeat","background-position":"center center","background-size":"auto","background-attachment":"scroll","background-type":"","background-media":"","overlay-type":"","overlay-color":"","overlay-opacity":"","overlay-gradient":""},"mobile":{"background-color":"","background-image":"","background-repeat":"repeat","background-position":"center center","background-size":"auto","background-attachment":"scroll","background-type":"","background-media":"","overlay-type":"","overlay-color":"","overlay-opacity":"","overlay-gradient":""}},"ast-content-background-meta":{"desktop":{"background-color":"var(--ast-global-color-5)","background-image":"","background-repeat":"repeat","background-position":"center center","background-size":"auto","background-attachment":"scroll","background-type":"","background-media":"","overlay-type":"","overlay-color":"","overlay-opacity":"","overlay-gradient":""},"tablet":{"background-color":"var(--ast-global-color-5)","background-image":"","background-repeat":"repeat","background-position":"center center","background-size":"auto","background-attachment":"scroll","background-type":"","background-media":"","overlay-type":"","overlay-color":"","overlay-opacity":"","overlay-gradient":""},"mobile":{"background-color":"var(--ast-global-color-5)","background-image":"","background-repeat":"repeat","background-position":"center center","background-size":"auto","background-attachment":"scroll","background-type":"","background-media":"","overlay-type":"","overlay-color":"","overlay-opacity":"","overlay-gradient":""}}},"breedte":[],"design-oppervlakte":[368],"design-opstelling":[369],"design-optie":[380,381],"diepte":[],"oppervlakte":[],"opstelling":[],"optie":[],"pijler":[],"product_brand":[],"product_cat":[376,371,372,375,374,373,382,383],"product_tag":[],"class_list":{"0":"post-15385","1":"product","2":"type-product","3":"status-publish","4":"has-post-thumbnail","6":"design-oppervlakte-1-24-m2-de","7":"design-opstelling-kopfstand","8":"design-optie-schreibtisch","9":"design-optie-speisekammer","10":"product_cat-1-24-m2-de","11":"product_cat-entwurf","12":"product_cat-flache","13":"product_cat-kopfstand","14":"product_cat-messestand-typ","15":"product_cat-optionen","16":"product_cat-schreibtisch","17":"product_cat-speisekammer","18":"desktop-align-left","19":"tablet-align-left","20":"mobile-align-left","22":"first","23":"instock","24":"shipping-taxable","25":"product-type-simple"},"acf":[],"_links":{"self":[{"href":"https:\/\/beurswand2026.webdeveloperz.nl\/de\/wp-json\/wp\/v2\/product\/15385","targetHints":{"allow":["GET"]}}],"collection":[{"href":"https:\/\/beurswand2026.webdeveloperz.nl\/de\/wp-json\/wp\/v2\/product"}],"about":[{"href":"https:\/\/beurswand2026.webdeveloperz.nl\/de\/wp-json\/wp\/v2\/types\/product"}],"replies":[{"embeddable":true,"href":"https:\/\/beurswand2026.webdeveloperz.nl\/de\/wp-json\/wp\/v2\/comments?post=15385"}],"version-history":[{"count":1,"href":"https:\/\/beurswand2026.webdeveloperz.nl\/de\/wp-json\/wp\/v2\/product\/15385\/revisions"}],"predecessor-version":[{"id":15869,"href":"https:\/\/beurswand2026.webdeveloperz.nl\/de\/wp-json\/wp\/v2\/product\/15385\/revisions\/15869"}],"wp:featuredmedia":[{"embeddable":true,"href":"https:\/\/beurswand2026.webdeveloperz.nl\/de\/wp-json\/wp\/v2\/media\/11109"}],"wp:attachment":[{"href":"https:\/\/beurswand2026.webdeveloperz.nl\/de\/wp-json\/wp\/v2\/media?parent=15385"}],"wp:term":[{"taxonomy":"breedte","embeddable":true,"href":"https:\/\/beurswand2026.webdeveloperz.nl\/de\/wp-json\/wp\/v2\/breedte?post=15385"},{"taxonomy":"design-oppervlakte","embeddable":true,"href":"https:\/\/beurswand2026.webdeveloperz.nl\/de\/wp-json\/wp\/v2\/design-oppervlakte?post=15385"},{"taxonomy":"design-opstelling","embeddable":true,"href":"https:\/\/beurswand2026.webdeveloperz.nl\/de\/wp-json\/wp\/v2\/design-opstelling?post=15385"},{"taxonomy":"design-optie","embeddable":true,"href":"https:\/\/beurswand2026.webdeveloperz.nl\/de\/wp-json\/wp\/v2\/design-optie?post=15385"},{"taxonomy":"diepte","embeddable":true,"href":"https:\/\/beurswand2026.webdeveloperz.nl\/de\/wp-json\/wp\/v2\/diepte?post=15385"},{"taxonomy":"oppervlakte","embeddable":true,"href":"https:\/\/beurswand2026.webdeveloperz.nl\/de\/wp-json\/wp\/v2\/oppervlakte?post=15385"},{"taxonomy":"opstelling","embeddable":true,"href":"https:\/\/beurswand2026.webdeveloperz.nl\/de\/wp-json\/wp\/v2\/opstelling?post=15385"},{"taxonomy":"optie","embeddable":true,"href":"https:\/\/beurswand2026.webdeveloperz.nl\/de\/wp-json\/wp\/v2\/optie?post=15385"},{"taxonomy":"pijler","embeddable":true,"href":"https:\/\/beurswand2026.webdeveloperz.nl\/de\/wp-json\/wp\/v2\/pijler?post=15385"},{"taxonomy":"product_brand","embeddable":true,"href":"https:\/\/beurswand2026.webdeveloperz.nl\/de\/wp-json\/wp\/v2\/product_brand?post=15385"},{"taxonomy":"product_cat","embeddable":true,"href":"https:\/\/beurswand2026.webdeveloperz.nl\/de\/wp-json\/wp\/v2\/product_cat?post=15385"},{"taxonomy":"product_tag","embeddable":true,"href":"https:\/\/beurswand2026.webdeveloperz.nl\/de\/wp-json\/wp\/v2\/product_tag?post=15385"}],"curies":[{"name":"wp","href":"https:\/\/api.w.org\/{rel}","templated":true}]}}