{"id":15384,"date":"2023-10-12T15:54:13","date_gmt":"2023-10-12T15:54:13","guid":{"rendered":"https:\/\/beurswand.nl\/product\/messestand-design-34\/"},"modified":"2025-03-13T09:33:37","modified_gmt":"2025-03-13T09:33:37","slug":"messestand-design-34","status":"publish","type":"product","link":"https:\/\/beurswand2026.webdeveloperz.nl\/de\/product\/messestand-design-34\/","title":{"rendered":"Messestand Design 34"},"content":{"rendered":"<p><strong>Einzigartiges Messestanddesign 34 \u2013 Schaffen Sie bei jeder Veranstaltung Eindruck!<\/strong><\/p>\n<p>Sind Sie auf der Suche nach einem beeindruckenden Messestand, der die Aufmerksamkeit Ihrer Besucher auf sich zieht? Unser Messestand Design 34 mit einer gro\u00dfz\u00fcgigen Fl\u00e4che von mehr als 60 m2 ist perfekt f\u00fcr Gro\u00dfveranstaltungen. Als Eckstand bietet er optimale Sichtbarkeit, w\u00e4hrend der erh\u00f6hte Boden f\u00fcr zus\u00e4tzliche Dimension und Prestige sorgt.<\/p>\n<p>Lassen Sie Ihre Marke mit unserer atemberaubenden LED-Wand erstrahlen und beeindrucken Sie mit der integrierten Bar \u2013 ideal f\u00fcr den Empfang von G\u00e4sten. Eine bequeme Speisekammer und eine zuverl\u00e4ssige Fachwerkkonstruktion bieten sowohl Funktionalit\u00e4t als auch Stil.<\/p>\n<p>Dies ist nur ein Beispiel! Alles kann so angepasst werden, dass es perfekt zu Ihrer Markenidentit\u00e4t und Ihren Zielen passt.<\/p>\n<p><strong>Interessiert?<\/strong>  Fordern Sie jetzt weitere Informationen an, indem Sie das nachstehende Kontaktformular verwenden. Ihr Traummodus wartet auf Sie!<\/p>\n","protected":false},"excerpt":{"rendered":"<p>Einzigartiges Messestanddesign 34 \u2013 Schaffen Sie bei jeder Veranstaltung Eindruck! Sind Sie auf der Suche nach einem beeindruckenden Messestand, der die Aufmerksamkeit Ihrer Besucher auf sich zieht? Unser Messestand Design 34 mit einer gro\u00dfz\u00fcgigen Fl\u00e4che von mehr als 60 m2 ist perfekt f\u00fcr Gro\u00dfveranstaltungen. Als Eckstand bietet er optimale Sichtbarkeit, w\u00e4hrend der erh\u00f6hte Boden f\u00fcr [&hellip;]<\/p>\n","protected":false},"featured_media":11126,"comment_status":"closed","ping_status":"open","template":"","meta":{"_acf_changed":false,"site-sidebar-layout":"default","site-content-layout":"","ast-site-content-layout":"default","site-content-style":"default","site-sidebar-style":"default","ast-global-header-display":"","ast-banner-title-visibility":"","ast-main-header-display":"","ast-hfb-above-header-display":"","ast-hfb-below-header-display":"","ast-hfb-mobile-header-display":"","site-post-title":"","ast-breadcrumbs-content":"","ast-featured-img":"","footer-sml-layout":"","ast-disable-related-posts":"","theme-transparent-header-meta":"","adv-header-id-meta":"","stick-header-meta":"","header-above-stick-meta":"","header-main-stick-meta":"","header-below-stick-meta":"","astra-migrate-meta-layouts":"default","ast-page-background-enabled":"default","ast-page-background-meta":{"desktop":{"background-color":"","background-image":"","background-repeat":"repeat","background-position":"center center","background-size":"auto","background-attachment":"scroll","background-type":"","background-media":"","overlay-type":"","overlay-color":"","overlay-opacity":"","overlay-gradient":""},"tablet":{"background-color":"","background-image":"","background-repeat":"repeat","background-position":"center center","background-size":"auto","background-attachment":"scroll","background-type":"","background-media":"","overlay-type":"","overlay-color":"","overlay-opacity":"","overlay-gradient":""},"mobile":{"background-color":"","background-image":"","background-repeat":"repeat","background-position":"center center","background-size":"auto","background-attachment":"scroll","background-type":"","background-media":"","overlay-type":"","overlay-color":"","overlay-opacity":"","overlay-gradient":""}},"ast-content-background-meta":{"desktop":{"background-color":"var(--ast-global-color-5)","background-image":"","background-repeat":"repeat","background-position":"center center","background-size":"auto","background-attachment":"scroll","background-type":"","background-media":"","overlay-type":"","overlay-color":"","overlay-opacity":"","overlay-gradient":""},"tablet":{"background-color":"var(--ast-global-color-5)","background-image":"","background-repeat":"repeat","background-position":"center center","background-size":"auto","background-attachment":"scroll","background-type":"","background-media":"","overlay-type":"","overlay-color":"","overlay-opacity":"","overlay-gradient":""},"mobile":{"background-color":"var(--ast-global-color-5)","background-image":"","background-repeat":"repeat","background-position":"center center","background-size":"auto","background-attachment":"scroll","background-type":"","background-media":"","overlay-type":"","overlay-color":"","overlay-opacity":"","overlay-gradient":""}}},"breedte":[],"design-oppervlakte":[430],"design-opstelling":[414],"design-optie":[449,415,448,418,381],"diepte":[],"oppervlakte":[],"opstelling":[],"optie":[],"pijler":[],"product_brand":[],"product_cat":[431,451,416,371,417,450,372,419,374,373,383],"product_tag":[],"class_list":{"0":"post-15384","1":"product","2":"type-product","3":"status-publish","4":"has-post-thumbnail","6":"design-oppervlakte-40-m2-und-groser","7":"design-opstelling-eckstand","8":"design-optie-bar-de","9":"design-optie-erhohter-boden","10":"design-optie-fachwerk","11":"design-optie-led-wand-de","12":"design-optie-speisekammer","13":"product_cat-40-m2-und-groser","14":"product_cat-bar-de","15":"product_cat-eckstand","16":"product_cat-entwurf","17":"product_cat-erhohter-boden","18":"product_cat-fachwerk","19":"product_cat-flache","20":"product_cat-led-wand-de","21":"product_cat-messestand-typ","22":"product_cat-optionen","23":"product_cat-speisekammer","24":"desktop-align-left","25":"tablet-align-left","26":"mobile-align-left","28":"first","29":"instock","30":"shipping-taxable","31":"product-type-simple"},"acf":[],"_links":{"self":[{"href":"https:\/\/beurswand2026.webdeveloperz.nl\/de\/wp-json\/wp\/v2\/product\/15384","targetHints":{"allow":["GET"]}}],"collection":[{"href":"https:\/\/beurswand2026.webdeveloperz.nl\/de\/wp-json\/wp\/v2\/product"}],"about":[{"href":"https:\/\/beurswand2026.webdeveloperz.nl\/de\/wp-json\/wp\/v2\/types\/product"}],"replies":[{"embeddable":true,"href":"https:\/\/beurswand2026.webdeveloperz.nl\/de\/wp-json\/wp\/v2\/comments?post=15384"}],"version-history":[{"count":1,"href":"https:\/\/beurswand2026.webdeveloperz.nl\/de\/wp-json\/wp\/v2\/product\/15384\/revisions"}],"predecessor-version":[{"id":15868,"href":"https:\/\/beurswand2026.webdeveloperz.nl\/de\/wp-json\/wp\/v2\/product\/15384\/revisions\/15868"}],"wp:featuredmedia":[{"embeddable":true,"href":"https:\/\/beurswand2026.webdeveloperz.nl\/de\/wp-json\/wp\/v2\/media\/11126"}],"wp:attachment":[{"href":"https:\/\/beurswand2026.webdeveloperz.nl\/de\/wp-json\/wp\/v2\/media?parent=15384"}],"wp:term":[{"taxonomy":"breedte","embeddable":true,"href":"https:\/\/beurswand2026.webdeveloperz.nl\/de\/wp-json\/wp\/v2\/breedte?post=15384"},{"taxonomy":"design-oppervlakte","embeddable":true,"href":"https:\/\/beurswand2026.webdeveloperz.nl\/de\/wp-json\/wp\/v2\/design-oppervlakte?post=15384"},{"taxonomy":"design-opstelling","embeddable":true,"href":"https:\/\/beurswand2026.webdeveloperz.nl\/de\/wp-json\/wp\/v2\/design-opstelling?post=15384"},{"taxonomy":"design-optie","embeddable":true,"href":"https:\/\/beurswand2026.webdeveloperz.nl\/de\/wp-json\/wp\/v2\/design-optie?post=15384"},{"taxonomy":"diepte","embeddable":true,"href":"https:\/\/beurswand2026.webdeveloperz.nl\/de\/wp-json\/wp\/v2\/diepte?post=15384"},{"taxonomy":"oppervlakte","embeddable":true,"href":"https:\/\/beurswand2026.webdeveloperz.nl\/de\/wp-json\/wp\/v2\/oppervlakte?post=15384"},{"taxonomy":"opstelling","embeddable":true,"href":"https:\/\/beurswand2026.webdeveloperz.nl\/de\/wp-json\/wp\/v2\/opstelling?post=15384"},{"taxonomy":"optie","embeddable":true,"href":"https:\/\/beurswand2026.webdeveloperz.nl\/de\/wp-json\/wp\/v2\/optie?post=15384"},{"taxonomy":"pijler","embeddable":true,"href":"https:\/\/beurswand2026.webdeveloperz.nl\/de\/wp-json\/wp\/v2\/pijler?post=15384"},{"taxonomy":"product_brand","embeddable":true,"href":"https:\/\/beurswand2026.webdeveloperz.nl\/de\/wp-json\/wp\/v2\/product_brand?post=15384"},{"taxonomy":"product_cat","embeddable":true,"href":"https:\/\/beurswand2026.webdeveloperz.nl\/de\/wp-json\/wp\/v2\/product_cat?post=15384"},{"taxonomy":"product_tag","embeddable":true,"href":"https:\/\/beurswand2026.webdeveloperz.nl\/de\/wp-json\/wp\/v2\/product_tag?post=15384"}],"curies":[{"name":"wp","href":"https:\/\/api.w.org\/{rel}","templated":true}]}}