{"id":15383,"date":"2023-10-12T15:51:17","date_gmt":"2023-10-12T15:51:17","guid":{"rendered":"https:\/\/beurswand.nl\/product\/messestand-design-31\/"},"modified":"2025-03-13T09:33:40","modified_gmt":"2025-03-13T09:33:40","slug":"messestand-design-31","status":"publish","type":"product","link":"https:\/\/beurswand2026.webdeveloperz.nl\/de\/product\/messestand-design-31\/","title":{"rendered":"Messestand Design 31"},"content":{"rendered":"<p><strong>Einzigartiges Messestanddesign 31 \u2013 Hinterlassen Sie einen unvergesslichen Eindruck!<\/strong><\/p>\n<p>Treten Sie ein in die Welt der Innovation mit unserem ma\u00dfgeschneiderten Messestanddesign 31. Mit einer gro\u00dfz\u00fcgigen Fl\u00e4che von mehr als 24 m\u00b2 ist Ihnen eine eindrucksvolle Pr\u00e4sentation sicher. Dieser Eckstand ist nicht irgendein Stand; er zeichnet sich durch eine funkelnde LED-Wand aus, die die Aufmerksamkeit jedes Besuchers auf sich zieht. Aber das ist noch nicht alles! Integrieren Sie Ihre eigene Speisekammer und bieten Sie die ultimative Gastfreundschaft, nach der sich Ihre Kunden sehnen.<\/p>\n<p>Ist dieser Entwurf fast perfekt, aber Sie m\u00f6chten noch einige Verbesserungen vornehmen? Kein Problem! Dieses Beispiel kann vollst\u00e4ndig nach Ihren W\u00fcnschen ge\u00e4ndert werden.<\/p>\n<p>Neugierig auf die unbegrenzten M\u00f6glichkeiten von Exhibition Stand Design 31? Warten Sie nicht l\u00e4nger und fordern Sie weitere Informationen \u00fcber das untenstehende Kontaktformular an.  Lassen Sie Ihre Marke strahlen wie nie zuvor!<\/p>\n","protected":false},"excerpt":{"rendered":"<p>Einzigartiges Messestanddesign 31 \u2013 Hinterlassen Sie einen unvergesslichen Eindruck! Treten Sie ein in die Welt der Innovation mit unserem ma\u00dfgeschneiderten Messestanddesign 31. Mit einer gro\u00dfz\u00fcgigen Fl\u00e4che von mehr als 24 m\u00b2 ist Ihnen eine eindrucksvolle Pr\u00e4sentation sicher. Dieser Eckstand ist nicht irgendein Stand; er zeichnet sich durch eine funkelnde LED-Wand aus, die die Aufmerksamkeit jedes [&hellip;]<\/p>\n","protected":false},"featured_media":11085,"comment_status":"closed","ping_status":"open","template":"","meta":{"_acf_changed":false,"site-sidebar-layout":"default","site-content-layout":"","ast-site-content-layout":"default","site-content-style":"default","site-sidebar-style":"default","ast-global-header-display":"","ast-banner-title-visibility":"","ast-main-header-display":"","ast-hfb-above-header-display":"","ast-hfb-below-header-display":"","ast-hfb-mobile-header-display":"","site-post-title":"","ast-breadcrumbs-content":"","ast-featured-img":"","footer-sml-layout":"","ast-disable-related-posts":"","theme-transparent-header-meta":"","adv-header-id-meta":"","stick-header-meta":"","header-above-stick-meta":"","header-main-stick-meta":"","header-below-stick-meta":"","astra-migrate-meta-layouts":"default","ast-page-background-enabled":"default","ast-page-background-meta":{"desktop":{"background-color":"","background-image":"","background-repeat":"repeat","background-position":"center center","background-size":"auto","background-attachment":"scroll","background-type":"","background-media":"","overlay-type":"","overlay-color":"","overlay-opacity":"","overlay-gradient":""},"tablet":{"background-color":"","background-image":"","background-repeat":"repeat","background-position":"center center","background-size":"auto","background-attachment":"scroll","background-type":"","background-media":"","overlay-type":"","overlay-color":"","overlay-opacity":"","overlay-gradient":""},"mobile":{"background-color":"","background-image":"","background-repeat":"repeat","background-position":"center center","background-size":"auto","background-attachment":"scroll","background-type":"","background-media":"","overlay-type":"","overlay-color":"","overlay-opacity":"","overlay-gradient":""}},"ast-content-background-meta":{"desktop":{"background-color":"var(--ast-global-color-5)","background-image":"","background-repeat":"repeat","background-position":"center center","background-size":"auto","background-attachment":"scroll","background-type":"","background-media":"","overlay-type":"","overlay-color":"","overlay-opacity":"","overlay-gradient":""},"tablet":{"background-color":"var(--ast-global-color-5)","background-image":"","background-repeat":"repeat","background-position":"center center","background-size":"auto","background-attachment":"scroll","background-type":"","background-media":"","overlay-type":"","overlay-color":"","overlay-opacity":"","overlay-gradient":""},"mobile":{"background-color":"var(--ast-global-color-5)","background-image":"","background-repeat":"repeat","background-position":"center center","background-size":"auto","background-attachment":"scroll","background-type":"","background-media":"","overlay-type":"","overlay-color":"","overlay-opacity":"","overlay-gradient":""}}},"breedte":[],"design-oppervlakte":[368],"design-opstelling":[414],"design-optie":[418,381],"diepte":[],"oppervlakte":[],"opstelling":[],"optie":[],"pijler":[],"product_brand":[],"product_cat":[376,416,371,372,419,374,373,383],"product_tag":[],"class_list":{"0":"post-15383","1":"product","2":"type-product","3":"status-publish","4":"has-post-thumbnail","6":"design-oppervlakte-1-24-m2-de","7":"design-opstelling-eckstand","8":"design-optie-led-wand-de","9":"design-optie-speisekammer","10":"product_cat-1-24-m2-de","11":"product_cat-eckstand","12":"product_cat-entwurf","13":"product_cat-flache","14":"product_cat-led-wand-de","15":"product_cat-messestand-typ","16":"product_cat-optionen","17":"product_cat-speisekammer","18":"desktop-align-left","19":"tablet-align-left","20":"mobile-align-left","22":"first","23":"instock","24":"shipping-taxable","25":"product-type-simple"},"acf":[],"_links":{"self":[{"href":"https:\/\/beurswand2026.webdeveloperz.nl\/de\/wp-json\/wp\/v2\/product\/15383","targetHints":{"allow":["GET"]}}],"collection":[{"href":"https:\/\/beurswand2026.webdeveloperz.nl\/de\/wp-json\/wp\/v2\/product"}],"about":[{"href":"https:\/\/beurswand2026.webdeveloperz.nl\/de\/wp-json\/wp\/v2\/types\/product"}],"replies":[{"embeddable":true,"href":"https:\/\/beurswand2026.webdeveloperz.nl\/de\/wp-json\/wp\/v2\/comments?post=15383"}],"version-history":[{"count":1,"href":"https:\/\/beurswand2026.webdeveloperz.nl\/de\/wp-json\/wp\/v2\/product\/15383\/revisions"}],"predecessor-version":[{"id":15871,"href":"https:\/\/beurswand2026.webdeveloperz.nl\/de\/wp-json\/wp\/v2\/product\/15383\/revisions\/15871"}],"wp:featuredmedia":[{"embeddable":true,"href":"https:\/\/beurswand2026.webdeveloperz.nl\/de\/wp-json\/wp\/v2\/media\/11085"}],"wp:attachment":[{"href":"https:\/\/beurswand2026.webdeveloperz.nl\/de\/wp-json\/wp\/v2\/media?parent=15383"}],"wp:term":[{"taxonomy":"breedte","embeddable":true,"href":"https:\/\/beurswand2026.webdeveloperz.nl\/de\/wp-json\/wp\/v2\/breedte?post=15383"},{"taxonomy":"design-oppervlakte","embeddable":true,"href":"https:\/\/beurswand2026.webdeveloperz.nl\/de\/wp-json\/wp\/v2\/design-oppervlakte?post=15383"},{"taxonomy":"design-opstelling","embeddable":true,"href":"https:\/\/beurswand2026.webdeveloperz.nl\/de\/wp-json\/wp\/v2\/design-opstelling?post=15383"},{"taxonomy":"design-optie","embeddable":true,"href":"https:\/\/beurswand2026.webdeveloperz.nl\/de\/wp-json\/wp\/v2\/design-optie?post=15383"},{"taxonomy":"diepte","embeddable":true,"href":"https:\/\/beurswand2026.webdeveloperz.nl\/de\/wp-json\/wp\/v2\/diepte?post=15383"},{"taxonomy":"oppervlakte","embeddable":true,"href":"https:\/\/beurswand2026.webdeveloperz.nl\/de\/wp-json\/wp\/v2\/oppervlakte?post=15383"},{"taxonomy":"opstelling","embeddable":true,"href":"https:\/\/beurswand2026.webdeveloperz.nl\/de\/wp-json\/wp\/v2\/opstelling?post=15383"},{"taxonomy":"optie","embeddable":true,"href":"https:\/\/beurswand2026.webdeveloperz.nl\/de\/wp-json\/wp\/v2\/optie?post=15383"},{"taxonomy":"pijler","embeddable":true,"href":"https:\/\/beurswand2026.webdeveloperz.nl\/de\/wp-json\/wp\/v2\/pijler?post=15383"},{"taxonomy":"product_brand","embeddable":true,"href":"https:\/\/beurswand2026.webdeveloperz.nl\/de\/wp-json\/wp\/v2\/product_brand?post=15383"},{"taxonomy":"product_cat","embeddable":true,"href":"https:\/\/beurswand2026.webdeveloperz.nl\/de\/wp-json\/wp\/v2\/product_cat?post=15383"},{"taxonomy":"product_tag","embeddable":true,"href":"https:\/\/beurswand2026.webdeveloperz.nl\/de\/wp-json\/wp\/v2\/product_tag?post=15383"}],"curies":[{"name":"wp","href":"https:\/\/api.w.org\/{rel}","templated":true}]}}