{"id":15357,"date":"2024-09-24T06:01:24","date_gmt":"2024-09-24T06:01:24","guid":{"rendered":"https:\/\/beurswand.nl\/product\/beursstand-design-121\/"},"modified":"2025-03-13T09:33:00","modified_gmt":"2025-03-13T09:33:00","slug":"beursstand-design-121","status":"publish","type":"product","link":"https:\/\/beurswand2026.webdeveloperz.nl\/de\/product\/beursstand-design-121\/","title":{"rendered":"Messestand Design 121"},"content":{"rendered":"<p>Der Messestand Design 121 bietet gro\u00dfe Flexibilit\u00e4t f\u00fcr Unternehmen, die sich auf Messen pr\u00e4sentieren m\u00f6chten. Der Stand ist in Form und Gr\u00f6\u00dfe anpassbar und bietet Optionen f\u00fcr Doppelb\u00f6den und LED-W\u00e4nde, so dass ein auff\u00e4lliges und professionelles Erscheinungsbild geschaffen werden kann. Kunden k\u00f6nnen ihr eigenes Mobiliar, Zubeh\u00f6r und Bildmaterial ausw\u00e4hlen, um den Stand vollst\u00e4ndig zu individualisieren.  <\/p>\n<p>Ein wichtiges Merkmal ist die LED-Wand, die dynamische Pr\u00e4sentationsm\u00f6glichkeiten mit Multimedia-Inhalten bietet. Dies zieht die Aufmerksamkeit der Passanten auf sich und l\u00e4sst Produkte oder Dienstleistungen gut zur Geltung kommen. <\/p>\n<p>Unternehmen k\u00f6nnen diesen Messestand f\u00fcr Messen und Veranstaltungen nutzen. Der Stand bietet eine auff\u00e4llige und flexible L\u00f6sung f\u00fcr eine personalisierte Pr\u00e4sentation im Einklang mit ihrer Markenidentit\u00e4t.<\/p>\n","protected":false},"excerpt":{"rendered":"<p>Der Messestand Design 121 bietet gro\u00dfe Flexibilit\u00e4t f\u00fcr Unternehmen, die sich auf Messen pr\u00e4sentieren m\u00f6chten. Der Stand ist in Form und Gr\u00f6\u00dfe anpassbar und bietet Optionen f\u00fcr Doppelb\u00f6den und LED-W\u00e4nde, so dass ein auff\u00e4lliges und professionelles Erscheinungsbild geschaffen werden kann. Kunden k\u00f6nnen ihr eigenes Mobiliar, Zubeh\u00f6r und Bildmaterial ausw\u00e4hlen, um den Stand vollst\u00e4ndig zu individualisieren. [&hellip;]<\/p>\n","protected":false},"featured_media":13792,"comment_status":"closed","ping_status":"open","template":"","meta":{"_acf_changed":false,"site-sidebar-layout":"default","site-content-layout":"","ast-site-content-layout":"default","site-content-style":"default","site-sidebar-style":"default","ast-global-header-display":"","ast-banner-title-visibility":"","ast-main-header-display":"","ast-hfb-above-header-display":"","ast-hfb-below-header-display":"","ast-hfb-mobile-header-display":"","site-post-title":"","ast-breadcrumbs-content":"","ast-featured-img":"","footer-sml-layout":"","ast-disable-related-posts":"","theme-transparent-header-meta":"","adv-header-id-meta":"","stick-header-meta":"","header-above-stick-meta":"","header-main-stick-meta":"","header-below-stick-meta":"","astra-migrate-meta-layouts":"default","ast-page-background-enabled":"default","ast-page-background-meta":{"desktop":{"background-color":"","background-image":"","background-repeat":"repeat","background-position":"center center","background-size":"auto","background-attachment":"scroll","background-type":"","background-media":"","overlay-type":"","overlay-color":"","overlay-opacity":"","overlay-gradient":""},"tablet":{"background-color":"","background-image":"","background-repeat":"repeat","background-position":"center center","background-size":"auto","background-attachment":"scroll","background-type":"","background-media":"","overlay-type":"","overlay-color":"","overlay-opacity":"","overlay-gradient":""},"mobile":{"background-color":"","background-image":"","background-repeat":"repeat","background-position":"center center","background-size":"auto","background-attachment":"scroll","background-type":"","background-media":"","overlay-type":"","overlay-color":"","overlay-opacity":"","overlay-gradient":""}},"ast-content-background-meta":{"desktop":{"background-color":"var(--ast-global-color-5)","background-image":"","background-repeat":"repeat","background-position":"center center","background-size":"auto","background-attachment":"scroll","background-type":"","background-media":"","overlay-type":"","overlay-color":"","overlay-opacity":"","overlay-gradient":""},"tablet":{"background-color":"var(--ast-global-color-5)","background-image":"","background-repeat":"repeat","background-position":"center center","background-size":"auto","background-attachment":"scroll","background-type":"","background-media":"","overlay-type":"","overlay-color":"","overlay-opacity":"","overlay-gradient":""},"mobile":{"background-color":"var(--ast-global-color-5)","background-image":"","background-repeat":"repeat","background-position":"center center","background-size":"auto","background-attachment":"scroll","background-type":"","background-media":"","overlay-type":"","overlay-color":"","overlay-opacity":"","overlay-gradient":""}}},"breedte":[],"design-oppervlakte":[368],"design-opstelling":[414],"design-optie":[415,418,380],"diepte":[],"oppervlakte":[],"opstelling":[],"optie":[],"pijler":[],"product_brand":[],"product_cat":[376,416,371,417,372,419,374,373,382],"product_tag":[],"class_list":{"0":"post-15357","1":"product","2":"type-product","3":"status-publish","4":"has-post-thumbnail","6":"design-oppervlakte-1-24-m2-de","7":"design-opstelling-eckstand","8":"design-optie-erhohter-boden","9":"design-optie-led-wand-de","10":"design-optie-schreibtisch","11":"product_cat-1-24-m2-de","12":"product_cat-eckstand","13":"product_cat-entwurf","14":"product_cat-erhohter-boden","15":"product_cat-flache","16":"product_cat-led-wand-de","17":"product_cat-messestand-typ","18":"product_cat-optionen","19":"product_cat-schreibtisch","20":"desktop-align-left","21":"tablet-align-left","22":"mobile-align-left","24":"first","25":"instock","26":"shipping-taxable","27":"product-type-simple"},"acf":[],"_links":{"self":[{"href":"https:\/\/beurswand2026.webdeveloperz.nl\/de\/wp-json\/wp\/v2\/product\/15357","targetHints":{"allow":["GET"]}}],"collection":[{"href":"https:\/\/beurswand2026.webdeveloperz.nl\/de\/wp-json\/wp\/v2\/product"}],"about":[{"href":"https:\/\/beurswand2026.webdeveloperz.nl\/de\/wp-json\/wp\/v2\/types\/product"}],"replies":[{"embeddable":true,"href":"https:\/\/beurswand2026.webdeveloperz.nl\/de\/wp-json\/wp\/v2\/comments?post=15357"}],"version-history":[{"count":1,"href":"https:\/\/beurswand2026.webdeveloperz.nl\/de\/wp-json\/wp\/v2\/product\/15357\/revisions"}],"predecessor-version":[{"id":15781,"href":"https:\/\/beurswand2026.webdeveloperz.nl\/de\/wp-json\/wp\/v2\/product\/15357\/revisions\/15781"}],"wp:featuredmedia":[{"embeddable":true,"href":"https:\/\/beurswand2026.webdeveloperz.nl\/de\/wp-json\/wp\/v2\/media\/13792"}],"wp:attachment":[{"href":"https:\/\/beurswand2026.webdeveloperz.nl\/de\/wp-json\/wp\/v2\/media?parent=15357"}],"wp:term":[{"taxonomy":"breedte","embeddable":true,"href":"https:\/\/beurswand2026.webdeveloperz.nl\/de\/wp-json\/wp\/v2\/breedte?post=15357"},{"taxonomy":"design-oppervlakte","embeddable":true,"href":"https:\/\/beurswand2026.webdeveloperz.nl\/de\/wp-json\/wp\/v2\/design-oppervlakte?post=15357"},{"taxonomy":"design-opstelling","embeddable":true,"href":"https:\/\/beurswand2026.webdeveloperz.nl\/de\/wp-json\/wp\/v2\/design-opstelling?post=15357"},{"taxonomy":"design-optie","embeddable":true,"href":"https:\/\/beurswand2026.webdeveloperz.nl\/de\/wp-json\/wp\/v2\/design-optie?post=15357"},{"taxonomy":"diepte","embeddable":true,"href":"https:\/\/beurswand2026.webdeveloperz.nl\/de\/wp-json\/wp\/v2\/diepte?post=15357"},{"taxonomy":"oppervlakte","embeddable":true,"href":"https:\/\/beurswand2026.webdeveloperz.nl\/de\/wp-json\/wp\/v2\/oppervlakte?post=15357"},{"taxonomy":"opstelling","embeddable":true,"href":"https:\/\/beurswand2026.webdeveloperz.nl\/de\/wp-json\/wp\/v2\/opstelling?post=15357"},{"taxonomy":"optie","embeddable":true,"href":"https:\/\/beurswand2026.webdeveloperz.nl\/de\/wp-json\/wp\/v2\/optie?post=15357"},{"taxonomy":"pijler","embeddable":true,"href":"https:\/\/beurswand2026.webdeveloperz.nl\/de\/wp-json\/wp\/v2\/pijler?post=15357"},{"taxonomy":"product_brand","embeddable":true,"href":"https:\/\/beurswand2026.webdeveloperz.nl\/de\/wp-json\/wp\/v2\/product_brand?post=15357"},{"taxonomy":"product_cat","embeddable":true,"href":"https:\/\/beurswand2026.webdeveloperz.nl\/de\/wp-json\/wp\/v2\/product_cat?post=15357"},{"taxonomy":"product_tag","embeddable":true,"href":"https:\/\/beurswand2026.webdeveloperz.nl\/de\/wp-json\/wp\/v2\/product_tag?post=15357"}],"curies":[{"name":"wp","href":"https:\/\/api.w.org\/{rel}","templated":true}]}}