{"id":15343,"date":"2024-09-24T07:01:40","date_gmt":"2024-09-24T07:01:40","guid":{"rendered":"https:\/\/beurswand.nl\/product\/beursstand-design-124\/"},"modified":"2025-03-13T09:32:59","modified_gmt":"2025-03-13T09:32:59","slug":"beursstand-design-124","status":"publish","type":"product","link":"https:\/\/beurswand2026.webdeveloperz.nl\/de\/product\/beursstand-design-124\/","title":{"rendered":"Messestand Design 124"},"content":{"rendered":"<p>Der 25-40 m\u00b2 gro\u00dfe Messestand bietet optimale Flexibilit\u00e4t und Funktionalit\u00e4t. Es handelt sich um einen Eckstand, der mit einem Schreibtisch und einer LED-Wand f\u00fcr aufmerksamkeitsstarke Pr\u00e4sentationen ausgestattet ist. Au\u00dferdem gibt es eine Vorratskammer, so dass der Stand auch f\u00fcr langfristige Ausstellungen geeignet ist.  <\/p>\n<p>Das Design bietet v\u00f6llige Freiheit; die Benutzer k\u00f6nnen Form, Gr\u00f6\u00dfe, Boden und Bildmaterial nach Belieben anpassen. Es gibt auch eine Auswahl an M\u00f6beln, Zubeh\u00f6r und Multimedia-Optionen wie LED-Rahmen und LED-W\u00e4nde, so dass der Stand vollst\u00e4ndig individuell gestaltet werden kann. <\/p>\n<p>Mit diesem Messestand k\u00f6nnen Sie Ihre Marke aufmerksamkeitsstark pr\u00e4sentieren und gleichzeitig von der einfachen Handhabung und Flexibilit\u00e4t profitieren. Dank des vielseitigen Designs kann der Stand an verschiedene Veranstaltungen und Zielgruppen angepasst werden. Das macht ihn zu einer effektiven Investition f\u00fcr Unternehmen, die regelm\u00e4\u00dfig an Messen teilnehmen. <\/p>\n","protected":false},"excerpt":{"rendered":"<p>Der 25-40 m\u00b2 gro\u00dfe Messestand bietet optimale Flexibilit\u00e4t und Funktionalit\u00e4t. Es handelt sich um einen Eckstand, der mit einem Schreibtisch und einer LED-Wand f\u00fcr aufmerksamkeitsstarke Pr\u00e4sentationen ausgestattet ist. Au\u00dferdem gibt es eine Vorratskammer, so dass der Stand auch f\u00fcr langfristige Ausstellungen geeignet ist. Das Design bietet v\u00f6llige Freiheit; die Benutzer k\u00f6nnen Form, Gr\u00f6\u00dfe, Boden und [&hellip;]<\/p>\n","protected":false},"featured_media":13887,"comment_status":"closed","ping_status":"open","template":"","meta":{"_acf_changed":false,"site-sidebar-layout":"default","site-content-layout":"","ast-site-content-layout":"default","site-content-style":"default","site-sidebar-style":"default","ast-global-header-display":"","ast-banner-title-visibility":"","ast-main-header-display":"","ast-hfb-above-header-display":"","ast-hfb-below-header-display":"","ast-hfb-mobile-header-display":"","site-post-title":"","ast-breadcrumbs-content":"","ast-featured-img":"","footer-sml-layout":"","ast-disable-related-posts":"","theme-transparent-header-meta":"","adv-header-id-meta":"","stick-header-meta":"","header-above-stick-meta":"","header-main-stick-meta":"","header-below-stick-meta":"","astra-migrate-meta-layouts":"default","ast-page-background-enabled":"default","ast-page-background-meta":{"desktop":{"background-color":"","background-image":"","background-repeat":"repeat","background-position":"center center","background-size":"auto","background-attachment":"scroll","background-type":"","background-media":"","overlay-type":"","overlay-color":"","overlay-opacity":"","overlay-gradient":""},"tablet":{"background-color":"","background-image":"","background-repeat":"repeat","background-position":"center center","background-size":"auto","background-attachment":"scroll","background-type":"","background-media":"","overlay-type":"","overlay-color":"","overlay-opacity":"","overlay-gradient":""},"mobile":{"background-color":"","background-image":"","background-repeat":"repeat","background-position":"center center","background-size":"auto","background-attachment":"scroll","background-type":"","background-media":"","overlay-type":"","overlay-color":"","overlay-opacity":"","overlay-gradient":""}},"ast-content-background-meta":{"desktop":{"background-color":"var(--ast-global-color-5)","background-image":"","background-repeat":"repeat","background-position":"center center","background-size":"auto","background-attachment":"scroll","background-type":"","background-media":"","overlay-type":"","overlay-color":"","overlay-opacity":"","overlay-gradient":""},"tablet":{"background-color":"var(--ast-global-color-5)","background-image":"","background-repeat":"repeat","background-position":"center center","background-size":"auto","background-attachment":"scroll","background-type":"","background-media":"","overlay-type":"","overlay-color":"","overlay-opacity":"","overlay-gradient":""},"mobile":{"background-color":"var(--ast-global-color-5)","background-image":"","background-repeat":"repeat","background-position":"center center","background-size":"auto","background-attachment":"scroll","background-type":"","background-media":"","overlay-type":"","overlay-color":"","overlay-opacity":"","overlay-gradient":""}}},"breedte":[],"design-oppervlakte":[379],"design-opstelling":[414],"design-optie":[418,380,381],"diepte":[],"oppervlakte":[],"opstelling":[],"optie":[],"pijler":[],"product_brand":[],"product_cat":[384,416,371,372,419,374,373,382,383],"product_tag":[],"class_list":{"0":"post-15343","1":"product","2":"type-product","3":"status-publish","4":"has-post-thumbnail","6":"design-oppervlakte-25-40-m2-de","7":"design-opstelling-eckstand","8":"design-optie-led-wand-de","9":"design-optie-schreibtisch","10":"design-optie-speisekammer","11":"product_cat-25-40-m2-de","12":"product_cat-eckstand","13":"product_cat-entwurf","14":"product_cat-flache","15":"product_cat-led-wand-de","16":"product_cat-messestand-typ","17":"product_cat-optionen","18":"product_cat-schreibtisch","19":"product_cat-speisekammer","20":"desktop-align-left","21":"tablet-align-left","22":"mobile-align-left","24":"first","25":"instock","26":"shipping-taxable","27":"product-type-simple"},"acf":[],"_links":{"self":[{"href":"https:\/\/beurswand2026.webdeveloperz.nl\/de\/wp-json\/wp\/v2\/product\/15343","targetHints":{"allow":["GET"]}}],"collection":[{"href":"https:\/\/beurswand2026.webdeveloperz.nl\/de\/wp-json\/wp\/v2\/product"}],"about":[{"href":"https:\/\/beurswand2026.webdeveloperz.nl\/de\/wp-json\/wp\/v2\/types\/product"}],"replies":[{"embeddable":true,"href":"https:\/\/beurswand2026.webdeveloperz.nl\/de\/wp-json\/wp\/v2\/comments?post=15343"}],"version-history":[{"count":1,"href":"https:\/\/beurswand2026.webdeveloperz.nl\/de\/wp-json\/wp\/v2\/product\/15343\/revisions"}],"predecessor-version":[{"id":15778,"href":"https:\/\/beurswand2026.webdeveloperz.nl\/de\/wp-json\/wp\/v2\/product\/15343\/revisions\/15778"}],"wp:featuredmedia":[{"embeddable":true,"href":"https:\/\/beurswand2026.webdeveloperz.nl\/de\/wp-json\/wp\/v2\/media\/13887"}],"wp:attachment":[{"href":"https:\/\/beurswand2026.webdeveloperz.nl\/de\/wp-json\/wp\/v2\/media?parent=15343"}],"wp:term":[{"taxonomy":"breedte","embeddable":true,"href":"https:\/\/beurswand2026.webdeveloperz.nl\/de\/wp-json\/wp\/v2\/breedte?post=15343"},{"taxonomy":"design-oppervlakte","embeddable":true,"href":"https:\/\/beurswand2026.webdeveloperz.nl\/de\/wp-json\/wp\/v2\/design-oppervlakte?post=15343"},{"taxonomy":"design-opstelling","embeddable":true,"href":"https:\/\/beurswand2026.webdeveloperz.nl\/de\/wp-json\/wp\/v2\/design-opstelling?post=15343"},{"taxonomy":"design-optie","embeddable":true,"href":"https:\/\/beurswand2026.webdeveloperz.nl\/de\/wp-json\/wp\/v2\/design-optie?post=15343"},{"taxonomy":"diepte","embeddable":true,"href":"https:\/\/beurswand2026.webdeveloperz.nl\/de\/wp-json\/wp\/v2\/diepte?post=15343"},{"taxonomy":"oppervlakte","embeddable":true,"href":"https:\/\/beurswand2026.webdeveloperz.nl\/de\/wp-json\/wp\/v2\/oppervlakte?post=15343"},{"taxonomy":"opstelling","embeddable":true,"href":"https:\/\/beurswand2026.webdeveloperz.nl\/de\/wp-json\/wp\/v2\/opstelling?post=15343"},{"taxonomy":"optie","embeddable":true,"href":"https:\/\/beurswand2026.webdeveloperz.nl\/de\/wp-json\/wp\/v2\/optie?post=15343"},{"taxonomy":"pijler","embeddable":true,"href":"https:\/\/beurswand2026.webdeveloperz.nl\/de\/wp-json\/wp\/v2\/pijler?post=15343"},{"taxonomy":"product_brand","embeddable":true,"href":"https:\/\/beurswand2026.webdeveloperz.nl\/de\/wp-json\/wp\/v2\/product_brand?post=15343"},{"taxonomy":"product_cat","embeddable":true,"href":"https:\/\/beurswand2026.webdeveloperz.nl\/de\/wp-json\/wp\/v2\/product_cat?post=15343"},{"taxonomy":"product_tag","embeddable":true,"href":"https:\/\/beurswand2026.webdeveloperz.nl\/de\/wp-json\/wp\/v2\/product_tag?post=15343"}],"curies":[{"name":"wp","href":"https:\/\/api.w.org\/{rel}","templated":true}]}}