{"id":15342,"date":"2024-09-24T06:59:58","date_gmt":"2024-09-24T06:59:58","guid":{"rendered":"https:\/\/beurswand.nl\/product\/beursstand-design-123\/"},"modified":"2025-03-13T09:32:59","modified_gmt":"2025-03-13T09:32:59","slug":"beursstand-design-123","status":"publish","type":"product","link":"https:\/\/beurswand2026.webdeveloperz.nl\/de\/product\/beursstand-design-123\/","title":{"rendered":"Messestand Design 123"},"content":{"rendered":"<p>Der Messestand Design 123 ist ein flexibler und anpassungsf\u00e4higer Stand, geeignet f\u00fcr Fl\u00e4chen zwischen 25 und 40 m\u00b2. Dieses Design bietet ein hohes Ma\u00df an Freiheit, denn Sie k\u00f6nnen die Form, das Format, den Boden und das Bildmaterial ganz nach Ihren W\u00fcnschen gestalten. Dar\u00fcber hinaus k\u00f6nnen Sie sich f\u00fcr Extras wie LED-W\u00e4nde, Multimedia-Elemente und ma\u00dfgeschneiderte M\u00f6bel entscheiden.  <\/p>\n<p>Dank der gew\u00f6lbten Struktur und des erh\u00f6hten Bodens bietet der Stand ein professionelles Aussehen, ideal f\u00fcr Inselaufstellungen. Durch die M\u00f6glichkeit, den Stand vollst\u00e4ndig individuell zu gestalten, ist er f\u00fcr eine Vielzahl von Ausstellungszwecken geeignet. <\/p>\n<p>Die Kunden k\u00f6nnen den Stand problemlos nutzen, um ihre Marke zu pr\u00e4sentieren. Das Design sorgt f\u00fcr maximale Sichtbarkeit und einen modernen Look. Die Integration von Multimedia macht den Stand interaktiv und attraktiv f\u00fcr die Besucher. <\/p>\n","protected":false},"excerpt":{"rendered":"<p>Der Messestand Design 123 ist ein flexibler und anpassungsf\u00e4higer Stand, geeignet f\u00fcr Fl\u00e4chen zwischen 25 und 40 m\u00b2. Dieses Design bietet ein hohes Ma\u00df an Freiheit, denn Sie k\u00f6nnen die Form, das Format, den Boden und das Bildmaterial ganz nach Ihren W\u00fcnschen gestalten. Dar\u00fcber hinaus k\u00f6nnen Sie sich f\u00fcr Extras wie LED-W\u00e4nde, Multimedia-Elemente und ma\u00dfgeschneiderte [&hellip;]<\/p>\n","protected":false},"featured_media":13857,"comment_status":"closed","ping_status":"open","template":"","meta":{"_acf_changed":false,"site-sidebar-layout":"default","site-content-layout":"","ast-site-content-layout":"default","site-content-style":"default","site-sidebar-style":"default","ast-global-header-display":"","ast-banner-title-visibility":"","ast-main-header-display":"","ast-hfb-above-header-display":"","ast-hfb-below-header-display":"","ast-hfb-mobile-header-display":"","site-post-title":"","ast-breadcrumbs-content":"","ast-featured-img":"","footer-sml-layout":"","ast-disable-related-posts":"","theme-transparent-header-meta":"","adv-header-id-meta":"","stick-header-meta":"","header-above-stick-meta":"","header-main-stick-meta":"","header-below-stick-meta":"","astra-migrate-meta-layouts":"default","ast-page-background-enabled":"default","ast-page-background-meta":{"desktop":{"background-color":"","background-image":"","background-repeat":"repeat","background-position":"center center","background-size":"auto","background-attachment":"scroll","background-type":"","background-media":"","overlay-type":"","overlay-color":"","overlay-opacity":"","overlay-gradient":""},"tablet":{"background-color":"","background-image":"","background-repeat":"repeat","background-position":"center center","background-size":"auto","background-attachment":"scroll","background-type":"","background-media":"","overlay-type":"","overlay-color":"","overlay-opacity":"","overlay-gradient":""},"mobile":{"background-color":"","background-image":"","background-repeat":"repeat","background-position":"center center","background-size":"auto","background-attachment":"scroll","background-type":"","background-media":"","overlay-type":"","overlay-color":"","overlay-opacity":"","overlay-gradient":""}},"ast-content-background-meta":{"desktop":{"background-color":"var(--ast-global-color-5)","background-image":"","background-repeat":"repeat","background-position":"center center","background-size":"auto","background-attachment":"scroll","background-type":"","background-media":"","overlay-type":"","overlay-color":"","overlay-opacity":"","overlay-gradient":""},"tablet":{"background-color":"var(--ast-global-color-5)","background-image":"","background-repeat":"repeat","background-position":"center center","background-size":"auto","background-attachment":"scroll","background-type":"","background-media":"","overlay-type":"","overlay-color":"","overlay-opacity":"","overlay-gradient":""},"mobile":{"background-color":"var(--ast-global-color-5)","background-image":"","background-repeat":"repeat","background-position":"center center","background-size":"auto","background-attachment":"scroll","background-type":"","background-media":"","overlay-type":"","overlay-color":"","overlay-opacity":"","overlay-gradient":""}}},"breedte":[],"design-oppervlakte":[379],"design-opstelling":[472],"design-optie":[370,415,448,473,418,380],"diepte":[],"oppervlakte":[],"opstelling":[],"optie":[],"pijler":[],"product_brand":[],"product_cat":[384,377,371,417,450,372,474,419,374,373,382],"product_tag":[],"class_list":{"0":"post-15342","1":"product","2":"type-product","3":"status-publish","4":"has-post-thumbnail","6":"design-oppervlakte-25-40-m2-de","7":"design-opstelling-insel-stand","8":"design-optie-arch-de","9":"design-optie-erhohter-boden","10":"design-optie-fachwerk","11":"design-optie-insel-stand","12":"design-optie-led-wand-de","13":"design-optie-schreibtisch","14":"product_cat-25-40-m2-de","15":"product_cat-arch-de","16":"product_cat-entwurf","17":"product_cat-erhohter-boden","18":"product_cat-fachwerk","19":"product_cat-flache","20":"product_cat-insel-stand","21":"product_cat-led-wand-de","22":"product_cat-messestand-typ","23":"product_cat-optionen","24":"product_cat-schreibtisch","25":"desktop-align-left","26":"tablet-align-left","27":"mobile-align-left","29":"first","30":"instock","31":"shipping-taxable","32":"product-type-simple"},"acf":[],"_links":{"self":[{"href":"https:\/\/beurswand2026.webdeveloperz.nl\/de\/wp-json\/wp\/v2\/product\/15342","targetHints":{"allow":["GET"]}}],"collection":[{"href":"https:\/\/beurswand2026.webdeveloperz.nl\/de\/wp-json\/wp\/v2\/product"}],"about":[{"href":"https:\/\/beurswand2026.webdeveloperz.nl\/de\/wp-json\/wp\/v2\/types\/product"}],"replies":[{"embeddable":true,"href":"https:\/\/beurswand2026.webdeveloperz.nl\/de\/wp-json\/wp\/v2\/comments?post=15342"}],"version-history":[{"count":1,"href":"https:\/\/beurswand2026.webdeveloperz.nl\/de\/wp-json\/wp\/v2\/product\/15342\/revisions"}],"predecessor-version":[{"id":15779,"href":"https:\/\/beurswand2026.webdeveloperz.nl\/de\/wp-json\/wp\/v2\/product\/15342\/revisions\/15779"}],"wp:featuredmedia":[{"embeddable":true,"href":"https:\/\/beurswand2026.webdeveloperz.nl\/de\/wp-json\/wp\/v2\/media\/13857"}],"wp:attachment":[{"href":"https:\/\/beurswand2026.webdeveloperz.nl\/de\/wp-json\/wp\/v2\/media?parent=15342"}],"wp:term":[{"taxonomy":"breedte","embeddable":true,"href":"https:\/\/beurswand2026.webdeveloperz.nl\/de\/wp-json\/wp\/v2\/breedte?post=15342"},{"taxonomy":"design-oppervlakte","embeddable":true,"href":"https:\/\/beurswand2026.webdeveloperz.nl\/de\/wp-json\/wp\/v2\/design-oppervlakte?post=15342"},{"taxonomy":"design-opstelling","embeddable":true,"href":"https:\/\/beurswand2026.webdeveloperz.nl\/de\/wp-json\/wp\/v2\/design-opstelling?post=15342"},{"taxonomy":"design-optie","embeddable":true,"href":"https:\/\/beurswand2026.webdeveloperz.nl\/de\/wp-json\/wp\/v2\/design-optie?post=15342"},{"taxonomy":"diepte","embeddable":true,"href":"https:\/\/beurswand2026.webdeveloperz.nl\/de\/wp-json\/wp\/v2\/diepte?post=15342"},{"taxonomy":"oppervlakte","embeddable":true,"href":"https:\/\/beurswand2026.webdeveloperz.nl\/de\/wp-json\/wp\/v2\/oppervlakte?post=15342"},{"taxonomy":"opstelling","embeddable":true,"href":"https:\/\/beurswand2026.webdeveloperz.nl\/de\/wp-json\/wp\/v2\/opstelling?post=15342"},{"taxonomy":"optie","embeddable":true,"href":"https:\/\/beurswand2026.webdeveloperz.nl\/de\/wp-json\/wp\/v2\/optie?post=15342"},{"taxonomy":"pijler","embeddable":true,"href":"https:\/\/beurswand2026.webdeveloperz.nl\/de\/wp-json\/wp\/v2\/pijler?post=15342"},{"taxonomy":"product_brand","embeddable":true,"href":"https:\/\/beurswand2026.webdeveloperz.nl\/de\/wp-json\/wp\/v2\/product_brand?post=15342"},{"taxonomy":"product_cat","embeddable":true,"href":"https:\/\/beurswand2026.webdeveloperz.nl\/de\/wp-json\/wp\/v2\/product_cat?post=15342"},{"taxonomy":"product_tag","embeddable":true,"href":"https:\/\/beurswand2026.webdeveloperz.nl\/de\/wp-json\/wp\/v2\/product_tag?post=15342"}],"curies":[{"name":"wp","href":"https:\/\/api.w.org\/{rel}","templated":true}]}}