{"id":15337,"date":"2024-09-24T07:12:54","date_gmt":"2024-09-24T07:12:54","guid":{"rendered":"https:\/\/beurswand.nl\/product\/beursstand-design-126\/"},"modified":"2025-03-13T09:32:57","modified_gmt":"2025-03-13T09:32:57","slug":"beursstand-design-126","status":"publish","type":"product","link":"https:\/\/beurswand2026.webdeveloperz.nl\/de\/product\/beursstand-design-126\/","title":{"rendered":"Messestand Design 126"},"content":{"rendered":"<p>Der Messestand Design 126 bietet eine flexible und anpassbare L\u00f6sung f\u00fcr Unternehmen, die auf einer Messe auffallen m\u00f6chten. Dieser Stand ist f\u00fcr Fl\u00e4chen zwischen 1 und 24 Quadratmetern geeignet und verf\u00fcgt \u00fcber einen Doppelboden, LED-Rahmen und eine Multimedia-Option. Der Kunde kann den Stand nach seinen W\u00fcnschen gestalten, indem er die Form, die Gr\u00f6\u00dfe und das Bildmaterial individuell anpasst und aus einer Vielzahl von M\u00f6beln und Zubeh\u00f6r w\u00e4hlt.  <\/p>\n<p>Der erh\u00f6hte Boden sorgt f\u00fcr ein professionelles Erscheinungsbild, w\u00e4hrend die LED-W\u00e4nde f\u00fcr eine dynamische visuelle Kommunikation sorgen. Dank der gro\u00dfen Auswahl an Anpassungsm\u00f6glichkeiten kann der Stand vollst\u00e4ndig individuell gestaltet werden. <\/p>\n<p>Unternehmen k\u00f6nnen diesen Messestand nutzen, um ihre Produkte oder Dienstleistungen auf eine auff\u00e4llige und einzigartige Weise zu pr\u00e4sentieren, bei der Funktionalit\u00e4t und Design Hand in Hand gehen. Die Vielseitigkeit des Standes macht ihn zu einer idealen Wahl f\u00fcr verschiedene Arten von Veranstaltungen und Messen. <\/p>\n","protected":false},"excerpt":{"rendered":"<p>Der Messestand Design 126 bietet eine flexible und anpassbare L\u00f6sung f\u00fcr Unternehmen, die auf einer Messe auffallen m\u00f6chten. Dieser Stand ist f\u00fcr Fl\u00e4chen zwischen 1 und 24 Quadratmetern geeignet und verf\u00fcgt \u00fcber einen Doppelboden, LED-Rahmen und eine Multimedia-Option. Der Kunde kann den Stand nach seinen W\u00fcnschen gestalten, indem er die Form, die Gr\u00f6\u00dfe und das [&hellip;]<\/p>\n","protected":false},"featured_media":13997,"comment_status":"closed","ping_status":"open","template":"","meta":{"_acf_changed":false,"site-sidebar-layout":"default","site-content-layout":"","ast-site-content-layout":"default","site-content-style":"default","site-sidebar-style":"default","ast-global-header-display":"","ast-banner-title-visibility":"","ast-main-header-display":"","ast-hfb-above-header-display":"","ast-hfb-below-header-display":"","ast-hfb-mobile-header-display":"","site-post-title":"","ast-breadcrumbs-content":"","ast-featured-img":"","footer-sml-layout":"","ast-disable-related-posts":"","theme-transparent-header-meta":"","adv-header-id-meta":"","stick-header-meta":"","header-above-stick-meta":"","header-main-stick-meta":"","header-below-stick-meta":"","astra-migrate-meta-layouts":"default","ast-page-background-enabled":"default","ast-page-background-meta":{"desktop":{"background-color":"","background-image":"","background-repeat":"repeat","background-position":"center center","background-size":"auto","background-attachment":"scroll","background-type":"","background-media":"","overlay-type":"","overlay-color":"","overlay-opacity":"","overlay-gradient":""},"tablet":{"background-color":"","background-image":"","background-repeat":"repeat","background-position":"center center","background-size":"auto","background-attachment":"scroll","background-type":"","background-media":"","overlay-type":"","overlay-color":"","overlay-opacity":"","overlay-gradient":""},"mobile":{"background-color":"","background-image":"","background-repeat":"repeat","background-position":"center center","background-size":"auto","background-attachment":"scroll","background-type":"","background-media":"","overlay-type":"","overlay-color":"","overlay-opacity":"","overlay-gradient":""}},"ast-content-background-meta":{"desktop":{"background-color":"var(--ast-global-color-5)","background-image":"","background-repeat":"repeat","background-position":"center center","background-size":"auto","background-attachment":"scroll","background-type":"","background-media":"","overlay-type":"","overlay-color":"","overlay-opacity":"","overlay-gradient":""},"tablet":{"background-color":"var(--ast-global-color-5)","background-image":"","background-repeat":"repeat","background-position":"center center","background-size":"auto","background-attachment":"scroll","background-type":"","background-media":"","overlay-type":"","overlay-color":"","overlay-opacity":"","overlay-gradient":""},"mobile":{"background-color":"var(--ast-global-color-5)","background-image":"","background-repeat":"repeat","background-position":"center center","background-size":"auto","background-attachment":"scroll","background-type":"","background-media":"","overlay-type":"","overlay-color":"","overlay-opacity":"","overlay-gradient":""}}},"breedte":[],"design-oppervlakte":[368],"design-opstelling":[436],"design-optie":[415,380],"diepte":[],"oppervlakte":[],"opstelling":[],"optie":[],"pijler":[],"product_brand":[],"product_cat":[376,371,417,372,374,373,382,437],"product_tag":[],"class_list":{"0":"post-15337","1":"product","2":"type-product","3":"status-publish","4":"has-post-thumbnail","6":"design-oppervlakte-1-24-m2-de","7":"design-opstelling-zwischenstand","8":"design-optie-erhohter-boden","9":"design-optie-schreibtisch","10":"product_cat-1-24-m2-de","11":"product_cat-entwurf","12":"product_cat-erhohter-boden","13":"product_cat-flache","14":"product_cat-messestand-typ","15":"product_cat-optionen","16":"product_cat-schreibtisch","17":"product_cat-tabellenstand","18":"desktop-align-left","19":"tablet-align-left","20":"mobile-align-left","22":"first","23":"instock","24":"shipping-taxable","25":"product-type-simple"},"acf":[],"_links":{"self":[{"href":"https:\/\/beurswand2026.webdeveloperz.nl\/de\/wp-json\/wp\/v2\/product\/15337","targetHints":{"allow":["GET"]}}],"collection":[{"href":"https:\/\/beurswand2026.webdeveloperz.nl\/de\/wp-json\/wp\/v2\/product"}],"about":[{"href":"https:\/\/beurswand2026.webdeveloperz.nl\/de\/wp-json\/wp\/v2\/types\/product"}],"replies":[{"embeddable":true,"href":"https:\/\/beurswand2026.webdeveloperz.nl\/de\/wp-json\/wp\/v2\/comments?post=15337"}],"version-history":[{"count":1,"href":"https:\/\/beurswand2026.webdeveloperz.nl\/de\/wp-json\/wp\/v2\/product\/15337\/revisions"}],"predecessor-version":[{"id":15776,"href":"https:\/\/beurswand2026.webdeveloperz.nl\/de\/wp-json\/wp\/v2\/product\/15337\/revisions\/15776"}],"wp:featuredmedia":[{"embeddable":true,"href":"https:\/\/beurswand2026.webdeveloperz.nl\/de\/wp-json\/wp\/v2\/media\/13997"}],"wp:attachment":[{"href":"https:\/\/beurswand2026.webdeveloperz.nl\/de\/wp-json\/wp\/v2\/media?parent=15337"}],"wp:term":[{"taxonomy":"breedte","embeddable":true,"href":"https:\/\/beurswand2026.webdeveloperz.nl\/de\/wp-json\/wp\/v2\/breedte?post=15337"},{"taxonomy":"design-oppervlakte","embeddable":true,"href":"https:\/\/beurswand2026.webdeveloperz.nl\/de\/wp-json\/wp\/v2\/design-oppervlakte?post=15337"},{"taxonomy":"design-opstelling","embeddable":true,"href":"https:\/\/beurswand2026.webdeveloperz.nl\/de\/wp-json\/wp\/v2\/design-opstelling?post=15337"},{"taxonomy":"design-optie","embeddable":true,"href":"https:\/\/beurswand2026.webdeveloperz.nl\/de\/wp-json\/wp\/v2\/design-optie?post=15337"},{"taxonomy":"diepte","embeddable":true,"href":"https:\/\/beurswand2026.webdeveloperz.nl\/de\/wp-json\/wp\/v2\/diepte?post=15337"},{"taxonomy":"oppervlakte","embeddable":true,"href":"https:\/\/beurswand2026.webdeveloperz.nl\/de\/wp-json\/wp\/v2\/oppervlakte?post=15337"},{"taxonomy":"opstelling","embeddable":true,"href":"https:\/\/beurswand2026.webdeveloperz.nl\/de\/wp-json\/wp\/v2\/opstelling?post=15337"},{"taxonomy":"optie","embeddable":true,"href":"https:\/\/beurswand2026.webdeveloperz.nl\/de\/wp-json\/wp\/v2\/optie?post=15337"},{"taxonomy":"pijler","embeddable":true,"href":"https:\/\/beurswand2026.webdeveloperz.nl\/de\/wp-json\/wp\/v2\/pijler?post=15337"},{"taxonomy":"product_brand","embeddable":true,"href":"https:\/\/beurswand2026.webdeveloperz.nl\/de\/wp-json\/wp\/v2\/product_brand?post=15337"},{"taxonomy":"product_cat","embeddable":true,"href":"https:\/\/beurswand2026.webdeveloperz.nl\/de\/wp-json\/wp\/v2\/product_cat?post=15337"},{"taxonomy":"product_tag","embeddable":true,"href":"https:\/\/beurswand2026.webdeveloperz.nl\/de\/wp-json\/wp\/v2\/product_tag?post=15337"}],"curies":[{"name":"wp","href":"https:\/\/api.w.org\/{rel}","templated":true}]}}