{"id":15336,"date":"2024-09-24T07:04:59","date_gmt":"2024-09-24T07:04:59","guid":{"rendered":"https:\/\/beurswand.nl\/product\/beursstand-design-125\/"},"modified":"2025-03-13T09:32:58","modified_gmt":"2025-03-13T09:32:58","slug":"beursstand-design-125","status":"publish","type":"product","link":"https:\/\/beurswand2026.webdeveloperz.nl\/de\/product\/beursstand-design-125\/","title":{"rendered":"Messestand Design 125"},"content":{"rendered":"<p>Der Messestand Design 125 bietet Flexibilit\u00e4t beim Design und bei den Anpassungsm\u00f6glichkeiten. Er ist ideal f\u00fcr Unternehmen, die sich einen einzigartigen Look auf Messen w\u00fcnschen. Der Stand verf\u00fcgt \u00fcber eine LED-Wand, einen Doppelboden und eine Speisekammer, die ihn sowohl funktional als auch stilvoll machen. Mit einer Fl\u00e4che von 25-40 m\u00b2 und der M\u00f6glichkeit, M\u00f6bel, Bildmaterial und anderes Zubeh\u00f6r auszuw\u00e4hlen, l\u00e4sst sich der Stand vollst\u00e4ndig individuell gestalten.  <\/p>\n<p>Kunden k\u00f6nnen diesen Stand nutzen, um ihre Marke auf visuell ansprechende Weise zu pr\u00e4sentieren, indem sie die eingebauten Technologien und ma\u00dfgeschneiderten Elemente verwenden.<\/p>\n<p>Dieser Messestand eignet sich f\u00fcr Eckstandorte und gew\u00e4hrleistet maximale Sichtbarkeit. Mit Zus\u00e4tzen wie einer Bar und Regalen bietet er au\u00dferdem praktische L\u00f6sungen f\u00fcr die Interaktion mit den Besuchern. Das Design l\u00e4sst sich leicht an die Bed\u00fcrfnisse und Ziele jeder Messeveranstaltung anpassen.  <\/p>\n","protected":false},"excerpt":{"rendered":"<p>Der Messestand Design 125 bietet Flexibilit\u00e4t beim Design und bei den Anpassungsm\u00f6glichkeiten. Er ist ideal f\u00fcr Unternehmen, die sich einen einzigartigen Look auf Messen w\u00fcnschen. Der Stand verf\u00fcgt \u00fcber eine LED-Wand, einen Doppelboden und eine Speisekammer, die ihn sowohl funktional als auch stilvoll machen. Mit einer Fl\u00e4che von 25-40 m\u00b2 und der M\u00f6glichkeit, M\u00f6bel, Bildmaterial [&hellip;]<\/p>\n","protected":false},"featured_media":13912,"comment_status":"closed","ping_status":"open","template":"","meta":{"_acf_changed":false,"site-sidebar-layout":"default","site-content-layout":"","ast-site-content-layout":"default","site-content-style":"default","site-sidebar-style":"default","ast-global-header-display":"","ast-banner-title-visibility":"","ast-main-header-display":"","ast-hfb-above-header-display":"","ast-hfb-below-header-display":"","ast-hfb-mobile-header-display":"","site-post-title":"","ast-breadcrumbs-content":"","ast-featured-img":"","footer-sml-layout":"","ast-disable-related-posts":"","theme-transparent-header-meta":"","adv-header-id-meta":"","stick-header-meta":"","header-above-stick-meta":"","header-main-stick-meta":"","header-below-stick-meta":"","astra-migrate-meta-layouts":"default","ast-page-background-enabled":"default","ast-page-background-meta":{"desktop":{"background-color":"","background-image":"","background-repeat":"repeat","background-position":"center center","background-size":"auto","background-attachment":"scroll","background-type":"","background-media":"","overlay-type":"","overlay-color":"","overlay-opacity":"","overlay-gradient":""},"tablet":{"background-color":"","background-image":"","background-repeat":"repeat","background-position":"center center","background-size":"auto","background-attachment":"scroll","background-type":"","background-media":"","overlay-type":"","overlay-color":"","overlay-opacity":"","overlay-gradient":""},"mobile":{"background-color":"","background-image":"","background-repeat":"repeat","background-position":"center center","background-size":"auto","background-attachment":"scroll","background-type":"","background-media":"","overlay-type":"","overlay-color":"","overlay-opacity":"","overlay-gradient":""}},"ast-content-background-meta":{"desktop":{"background-color":"var(--ast-global-color-5)","background-image":"","background-repeat":"repeat","background-position":"center center","background-size":"auto","background-attachment":"scroll","background-type":"","background-media":"","overlay-type":"","overlay-color":"","overlay-opacity":"","overlay-gradient":""},"tablet":{"background-color":"var(--ast-global-color-5)","background-image":"","background-repeat":"repeat","background-position":"center center","background-size":"auto","background-attachment":"scroll","background-type":"","background-media":"","overlay-type":"","overlay-color":"","overlay-opacity":"","overlay-gradient":""},"mobile":{"background-color":"var(--ast-global-color-5)","background-image":"","background-repeat":"repeat","background-position":"center center","background-size":"auto","background-attachment":"scroll","background-type":"","background-media":"","overlay-type":"","overlay-color":"","overlay-opacity":"","overlay-gradient":""}}},"breedte":[],"design-oppervlakte":[379],"design-opstelling":[414],"design-optie":[449,415,418,467,381],"diepte":[],"oppervlakte":[],"opstelling":[],"optie":[],"pijler":[],"product_brand":[],"product_cat":[384,451,416,371,417,372,419,374,373,468,383],"product_tag":[],"class_list":{"0":"post-15336","1":"product","2":"type-product","3":"status-publish","4":"has-post-thumbnail","6":"design-oppervlakte-25-40-m2-de","7":"design-opstelling-eckstand","8":"design-optie-bar-de","9":"design-optie-erhohter-boden","10":"design-optie-led-wand-de","11":"design-optie-regale","12":"design-optie-speisekammer","13":"product_cat-25-40-m2-de","14":"product_cat-bar-de","15":"product_cat-eckstand","16":"product_cat-entwurf","17":"product_cat-erhohter-boden","18":"product_cat-flache","19":"product_cat-led-wand-de","20":"product_cat-messestand-typ","21":"product_cat-optionen","22":"product_cat-regale","23":"product_cat-speisekammer","24":"desktop-align-left","25":"tablet-align-left","26":"mobile-align-left","28":"first","29":"instock","30":"shipping-taxable","31":"product-type-simple"},"acf":[],"_links":{"self":[{"href":"https:\/\/beurswand2026.webdeveloperz.nl\/de\/wp-json\/wp\/v2\/product\/15336","targetHints":{"allow":["GET"]}}],"collection":[{"href":"https:\/\/beurswand2026.webdeveloperz.nl\/de\/wp-json\/wp\/v2\/product"}],"about":[{"href":"https:\/\/beurswand2026.webdeveloperz.nl\/de\/wp-json\/wp\/v2\/types\/product"}],"replies":[{"embeddable":true,"href":"https:\/\/beurswand2026.webdeveloperz.nl\/de\/wp-json\/wp\/v2\/comments?post=15336"}],"version-history":[{"count":1,"href":"https:\/\/beurswand2026.webdeveloperz.nl\/de\/wp-json\/wp\/v2\/product\/15336\/revisions"}],"predecessor-version":[{"id":15777,"href":"https:\/\/beurswand2026.webdeveloperz.nl\/de\/wp-json\/wp\/v2\/product\/15336\/revisions\/15777"}],"wp:featuredmedia":[{"embeddable":true,"href":"https:\/\/beurswand2026.webdeveloperz.nl\/de\/wp-json\/wp\/v2\/media\/13912"}],"wp:attachment":[{"href":"https:\/\/beurswand2026.webdeveloperz.nl\/de\/wp-json\/wp\/v2\/media?parent=15336"}],"wp:term":[{"taxonomy":"breedte","embeddable":true,"href":"https:\/\/beurswand2026.webdeveloperz.nl\/de\/wp-json\/wp\/v2\/breedte?post=15336"},{"taxonomy":"design-oppervlakte","embeddable":true,"href":"https:\/\/beurswand2026.webdeveloperz.nl\/de\/wp-json\/wp\/v2\/design-oppervlakte?post=15336"},{"taxonomy":"design-opstelling","embeddable":true,"href":"https:\/\/beurswand2026.webdeveloperz.nl\/de\/wp-json\/wp\/v2\/design-opstelling?post=15336"},{"taxonomy":"design-optie","embeddable":true,"href":"https:\/\/beurswand2026.webdeveloperz.nl\/de\/wp-json\/wp\/v2\/design-optie?post=15336"},{"taxonomy":"diepte","embeddable":true,"href":"https:\/\/beurswand2026.webdeveloperz.nl\/de\/wp-json\/wp\/v2\/diepte?post=15336"},{"taxonomy":"oppervlakte","embeddable":true,"href":"https:\/\/beurswand2026.webdeveloperz.nl\/de\/wp-json\/wp\/v2\/oppervlakte?post=15336"},{"taxonomy":"opstelling","embeddable":true,"href":"https:\/\/beurswand2026.webdeveloperz.nl\/de\/wp-json\/wp\/v2\/opstelling?post=15336"},{"taxonomy":"optie","embeddable":true,"href":"https:\/\/beurswand2026.webdeveloperz.nl\/de\/wp-json\/wp\/v2\/optie?post=15336"},{"taxonomy":"pijler","embeddable":true,"href":"https:\/\/beurswand2026.webdeveloperz.nl\/de\/wp-json\/wp\/v2\/pijler?post=15336"},{"taxonomy":"product_brand","embeddable":true,"href":"https:\/\/beurswand2026.webdeveloperz.nl\/de\/wp-json\/wp\/v2\/product_brand?post=15336"},{"taxonomy":"product_cat","embeddable":true,"href":"https:\/\/beurswand2026.webdeveloperz.nl\/de\/wp-json\/wp\/v2\/product_cat?post=15336"},{"taxonomy":"product_tag","embeddable":true,"href":"https:\/\/beurswand2026.webdeveloperz.nl\/de\/wp-json\/wp\/v2\/product_tag?post=15336"}],"curies":[{"name":"wp","href":"https:\/\/api.w.org\/{rel}","templated":true}]}}