{"id":15317,"date":"2024-09-24T07:21:35","date_gmt":"2024-09-24T07:21:35","guid":{"rendered":"https:\/\/beurswand.nl\/product\/beursstand-design-131\/"},"modified":"2025-03-13T09:32:53","modified_gmt":"2025-03-13T09:32:53","slug":"beursstand-design-131","status":"publish","type":"product","link":"https:\/\/beurswand2026.webdeveloperz.nl\/de\/product\/beursstand-design-131\/","title":{"rendered":"Messestand Design 131"},"content":{"rendered":"<p>Der Messestand Design 131 bietet v\u00f6llige Designflexibilit\u00e4t. Sie k\u00f6nnen die Form, die Gr\u00f6\u00dfe und das Bildmaterial an Ihre speziellen Bed\u00fcrfnisse anpassen. Dieser Stand bietet auch die M\u00f6glichkeit, M\u00f6bel, LED-Rahmen, Multimedia und W\u00e4nde nach Ihren W\u00fcnschen hinzuzuf\u00fcgen. Die Struktur ist f\u00fcr St\u00e4nde ab 40 m\u00b2 konzipiert, mit Optionen f\u00fcr einen Doppelboden und eine Speisekammer.   <\/p>\n<p>Dieser Messestand ist f\u00fcr Unternehmen geeignet, die ihre Marke auf Messen auff\u00e4llig und einzigartig pr\u00e4sentieren m\u00f6chten. Dank der individuell gestaltbaren Elemente kann jeder Kunde einen Stand entwerfen, der zu seiner Markenidentit\u00e4t passt. <\/p>\n<p>Unternehmen k\u00f6nnen den Messestand nutzen, um ihre Produkte oder Dienstleistungen potenziellen Kunden deutlich und attraktiv zu pr\u00e4sentieren. Das anpassbare Design erm\u00f6glicht die Schaffung verschiedener Zonen, wie Pr\u00e4sentationsbereiche und Besprechungsbereiche, um ein optimales Besuchererlebnis zu bieten. <\/p>\n","protected":false},"excerpt":{"rendered":"<p>Der Messestand Design 131 bietet v\u00f6llige Designflexibilit\u00e4t. Sie k\u00f6nnen die Form, die Gr\u00f6\u00dfe und das Bildmaterial an Ihre speziellen Bed\u00fcrfnisse anpassen. Dieser Stand bietet auch die M\u00f6glichkeit, M\u00f6bel, LED-Rahmen, Multimedia und W\u00e4nde nach Ihren W\u00fcnschen hinzuzuf\u00fcgen. Die Struktur ist f\u00fcr St\u00e4nde ab 40 m\u00b2 konzipiert, mit Optionen f\u00fcr einen Doppelboden und eine Speisekammer. Dieser Messestand [&hellip;]<\/p>\n","protected":false},"featured_media":14192,"comment_status":"closed","ping_status":"open","template":"","meta":{"_acf_changed":false,"site-sidebar-layout":"default","site-content-layout":"","ast-site-content-layout":"default","site-content-style":"default","site-sidebar-style":"default","ast-global-header-display":"","ast-banner-title-visibility":"","ast-main-header-display":"","ast-hfb-above-header-display":"","ast-hfb-below-header-display":"","ast-hfb-mobile-header-display":"","site-post-title":"","ast-breadcrumbs-content":"","ast-featured-img":"","footer-sml-layout":"","ast-disable-related-posts":"","theme-transparent-header-meta":"","adv-header-id-meta":"","stick-header-meta":"","header-above-stick-meta":"","header-main-stick-meta":"","header-below-stick-meta":"","astra-migrate-meta-layouts":"default","ast-page-background-enabled":"default","ast-page-background-meta":{"desktop":{"background-color":"","background-image":"","background-repeat":"repeat","background-position":"center center","background-size":"auto","background-attachment":"scroll","background-type":"","background-media":"","overlay-type":"","overlay-color":"","overlay-opacity":"","overlay-gradient":""},"tablet":{"background-color":"","background-image":"","background-repeat":"repeat","background-position":"center center","background-size":"auto","background-attachment":"scroll","background-type":"","background-media":"","overlay-type":"","overlay-color":"","overlay-opacity":"","overlay-gradient":""},"mobile":{"background-color":"","background-image":"","background-repeat":"repeat","background-position":"center center","background-size":"auto","background-attachment":"scroll","background-type":"","background-media":"","overlay-type":"","overlay-color":"","overlay-opacity":"","overlay-gradient":""}},"ast-content-background-meta":{"desktop":{"background-color":"var(--ast-global-color-5)","background-image":"","background-repeat":"repeat","background-position":"center center","background-size":"auto","background-attachment":"scroll","background-type":"","background-media":"","overlay-type":"","overlay-color":"","overlay-opacity":"","overlay-gradient":""},"tablet":{"background-color":"var(--ast-global-color-5)","background-image":"","background-repeat":"repeat","background-position":"center center","background-size":"auto","background-attachment":"scroll","background-type":"","background-media":"","overlay-type":"","overlay-color":"","overlay-opacity":"","overlay-gradient":""},"mobile":{"background-color":"var(--ast-global-color-5)","background-image":"","background-repeat":"repeat","background-position":"center center","background-size":"auto","background-attachment":"scroll","background-type":"","background-media":"","overlay-type":"","overlay-color":"","overlay-opacity":"","overlay-gradient":""}}},"breedte":[],"design-oppervlakte":[430],"design-opstelling":[369],"design-optie":[380],"diepte":[],"oppervlakte":[],"opstelling":[],"optie":[],"pijler":[],"product_brand":[],"product_cat":[431,371,372,375,374,373,382],"product_tag":[],"class_list":{"0":"post-15317","1":"product","2":"type-product","3":"status-publish","4":"has-post-thumbnail","6":"design-oppervlakte-40-m2-und-groser","7":"design-opstelling-kopfstand","8":"design-optie-schreibtisch","9":"product_cat-40-m2-und-groser","10":"product_cat-entwurf","11":"product_cat-flache","12":"product_cat-kopfstand","13":"product_cat-messestand-typ","14":"product_cat-optionen","15":"product_cat-schreibtisch","16":"desktop-align-left","17":"tablet-align-left","18":"mobile-align-left","20":"first","21":"instock","22":"shipping-taxable","23":"product-type-simple"},"acf":[],"_links":{"self":[{"href":"https:\/\/beurswand2026.webdeveloperz.nl\/de\/wp-json\/wp\/v2\/product\/15317","targetHints":{"allow":["GET"]}}],"collection":[{"href":"https:\/\/beurswand2026.webdeveloperz.nl\/de\/wp-json\/wp\/v2\/product"}],"about":[{"href":"https:\/\/beurswand2026.webdeveloperz.nl\/de\/wp-json\/wp\/v2\/types\/product"}],"replies":[{"embeddable":true,"href":"https:\/\/beurswand2026.webdeveloperz.nl\/de\/wp-json\/wp\/v2\/comments?post=15317"}],"version-history":[{"count":1,"href":"https:\/\/beurswand2026.webdeveloperz.nl\/de\/wp-json\/wp\/v2\/product\/15317\/revisions"}],"predecessor-version":[{"id":15771,"href":"https:\/\/beurswand2026.webdeveloperz.nl\/de\/wp-json\/wp\/v2\/product\/15317\/revisions\/15771"}],"wp:featuredmedia":[{"embeddable":true,"href":"https:\/\/beurswand2026.webdeveloperz.nl\/de\/wp-json\/wp\/v2\/media\/14192"}],"wp:attachment":[{"href":"https:\/\/beurswand2026.webdeveloperz.nl\/de\/wp-json\/wp\/v2\/media?parent=15317"}],"wp:term":[{"taxonomy":"breedte","embeddable":true,"href":"https:\/\/beurswand2026.webdeveloperz.nl\/de\/wp-json\/wp\/v2\/breedte?post=15317"},{"taxonomy":"design-oppervlakte","embeddable":true,"href":"https:\/\/beurswand2026.webdeveloperz.nl\/de\/wp-json\/wp\/v2\/design-oppervlakte?post=15317"},{"taxonomy":"design-opstelling","embeddable":true,"href":"https:\/\/beurswand2026.webdeveloperz.nl\/de\/wp-json\/wp\/v2\/design-opstelling?post=15317"},{"taxonomy":"design-optie","embeddable":true,"href":"https:\/\/beurswand2026.webdeveloperz.nl\/de\/wp-json\/wp\/v2\/design-optie?post=15317"},{"taxonomy":"diepte","embeddable":true,"href":"https:\/\/beurswand2026.webdeveloperz.nl\/de\/wp-json\/wp\/v2\/diepte?post=15317"},{"taxonomy":"oppervlakte","embeddable":true,"href":"https:\/\/beurswand2026.webdeveloperz.nl\/de\/wp-json\/wp\/v2\/oppervlakte?post=15317"},{"taxonomy":"opstelling","embeddable":true,"href":"https:\/\/beurswand2026.webdeveloperz.nl\/de\/wp-json\/wp\/v2\/opstelling?post=15317"},{"taxonomy":"optie","embeddable":true,"href":"https:\/\/beurswand2026.webdeveloperz.nl\/de\/wp-json\/wp\/v2\/optie?post=15317"},{"taxonomy":"pijler","embeddable":true,"href":"https:\/\/beurswand2026.webdeveloperz.nl\/de\/wp-json\/wp\/v2\/pijler?post=15317"},{"taxonomy":"product_brand","embeddable":true,"href":"https:\/\/beurswand2026.webdeveloperz.nl\/de\/wp-json\/wp\/v2\/product_brand?post=15317"},{"taxonomy":"product_cat","embeddable":true,"href":"https:\/\/beurswand2026.webdeveloperz.nl\/de\/wp-json\/wp\/v2\/product_cat?post=15317"},{"taxonomy":"product_tag","embeddable":true,"href":"https:\/\/beurswand2026.webdeveloperz.nl\/de\/wp-json\/wp\/v2\/product_tag?post=15317"}],"curies":[{"name":"wp","href":"https:\/\/api.w.org\/{rel}","templated":true}]}}