{"id":15310,"date":"2024-09-24T07:23:30","date_gmt":"2024-09-24T07:23:30","guid":{"rendered":"https:\/\/beurswand.nl\/product\/beursstand-design-132\/"},"modified":"2025-03-13T09:32:53","modified_gmt":"2025-03-13T09:32:53","slug":"beursstand-design-132","status":"publish","type":"product","link":"https:\/\/beurswand2026.webdeveloperz.nl\/de\/product\/beursstand-design-132\/","title":{"rendered":"Messestand Design 132"},"content":{"rendered":"<p>Der Messestand Design 132 ist ein vielseitiger Stand von 25 bis 40 m\u00b2, der vollst\u00e4ndig individuell gestaltet werden kann. Der Kunde hat v\u00f6llige Freiheit bei der Gestaltung von Form, Gr\u00f6\u00dfe, Boden und Optik des Standes. Dieses Modell ist mit einem Doppelboden, einer Speisekammer und einem Schreibtisch ausgestattet, was zu einem professionellen Erscheinungsbild und praktischer Funktionalit\u00e4t beitr\u00e4gt.  <\/p>\n<p>Der Stand bietet Optionen f\u00fcr die Integration von LED-Rahmen, Multimedia und verschiedenen M\u00f6beln. Das macht ihn ideal f\u00fcr Unternehmen, die eine flexible L\u00f6sung f\u00fcr ihren Messeauftritt suchen. <\/p>\n<p>Unternehmen k\u00f6nnen diesen Stand nutzen, um ihre Marke aufmerksamkeitsstark zu pr\u00e4sentieren, mit Optionen f\u00fcr eine Eckaufstellung oder ein individuelles Layout. So k\u00f6nnen sie ihre Produkte und Dienstleistungen optimal pr\u00e4sentieren und einen bleibenden Eindruck bei den Besuchern hinterlassen. <\/p>\n","protected":false},"excerpt":{"rendered":"<p>Der Messestand Design 132 ist ein vielseitiger Stand von 25 bis 40 m\u00b2, der vollst\u00e4ndig individuell gestaltet werden kann. Der Kunde hat v\u00f6llige Freiheit bei der Gestaltung von Form, Gr\u00f6\u00dfe, Boden und Optik des Standes. Dieses Modell ist mit einem Doppelboden, einer Speisekammer und einem Schreibtisch ausgestattet, was zu einem professionellen Erscheinungsbild und praktischer Funktionalit\u00e4t [&hellip;]<\/p>\n","protected":false},"featured_media":14219,"comment_status":"closed","ping_status":"open","template":"","meta":{"_acf_changed":false,"site-sidebar-layout":"default","site-content-layout":"","ast-site-content-layout":"default","site-content-style":"default","site-sidebar-style":"default","ast-global-header-display":"","ast-banner-title-visibility":"","ast-main-header-display":"","ast-hfb-above-header-display":"","ast-hfb-below-header-display":"","ast-hfb-mobile-header-display":"","site-post-title":"","ast-breadcrumbs-content":"","ast-featured-img":"","footer-sml-layout":"","ast-disable-related-posts":"","theme-transparent-header-meta":"","adv-header-id-meta":"","stick-header-meta":"","header-above-stick-meta":"","header-main-stick-meta":"","header-below-stick-meta":"","astra-migrate-meta-layouts":"default","ast-page-background-enabled":"default","ast-page-background-meta":{"desktop":{"background-color":"","background-image":"","background-repeat":"repeat","background-position":"center center","background-size":"auto","background-attachment":"scroll","background-type":"","background-media":"","overlay-type":"","overlay-color":"","overlay-opacity":"","overlay-gradient":""},"tablet":{"background-color":"","background-image":"","background-repeat":"repeat","background-position":"center center","background-size":"auto","background-attachment":"scroll","background-type":"","background-media":"","overlay-type":"","overlay-color":"","overlay-opacity":"","overlay-gradient":""},"mobile":{"background-color":"","background-image":"","background-repeat":"repeat","background-position":"center center","background-size":"auto","background-attachment":"scroll","background-type":"","background-media":"","overlay-type":"","overlay-color":"","overlay-opacity":"","overlay-gradient":""}},"ast-content-background-meta":{"desktop":{"background-color":"var(--ast-global-color-5)","background-image":"","background-repeat":"repeat","background-position":"center center","background-size":"auto","background-attachment":"scroll","background-type":"","background-media":"","overlay-type":"","overlay-color":"","overlay-opacity":"","overlay-gradient":""},"tablet":{"background-color":"var(--ast-global-color-5)","background-image":"","background-repeat":"repeat","background-position":"center center","background-size":"auto","background-attachment":"scroll","background-type":"","background-media":"","overlay-type":"","overlay-color":"","overlay-opacity":"","overlay-gradient":""},"mobile":{"background-color":"var(--ast-global-color-5)","background-image":"","background-repeat":"repeat","background-position":"center center","background-size":"auto","background-attachment":"scroll","background-type":"","background-media":"","overlay-type":"","overlay-color":"","overlay-opacity":"","overlay-gradient":""}}},"breedte":[],"design-oppervlakte":[379],"design-opstelling":[414],"design-optie":[415,448,380,381],"diepte":[],"oppervlakte":[],"opstelling":[],"optie":[],"pijler":[],"product_brand":[],"product_cat":[384,416,371,417,450,372,374,373,382,383],"product_tag":[],"class_list":{"0":"post-15310","1":"product","2":"type-product","3":"status-publish","4":"has-post-thumbnail","6":"design-oppervlakte-25-40-m2-de","7":"design-opstelling-eckstand","8":"design-optie-erhohter-boden","9":"design-optie-fachwerk","10":"design-optie-schreibtisch","11":"design-optie-speisekammer","12":"product_cat-25-40-m2-de","13":"product_cat-eckstand","14":"product_cat-entwurf","15":"product_cat-erhohter-boden","16":"product_cat-fachwerk","17":"product_cat-flache","18":"product_cat-messestand-typ","19":"product_cat-optionen","20":"product_cat-schreibtisch","21":"product_cat-speisekammer","22":"desktop-align-left","23":"tablet-align-left","24":"mobile-align-left","26":"first","27":"instock","28":"shipping-taxable","29":"product-type-simple"},"acf":[],"_links":{"self":[{"href":"https:\/\/beurswand2026.webdeveloperz.nl\/de\/wp-json\/wp\/v2\/product\/15310","targetHints":{"allow":["GET"]}}],"collection":[{"href":"https:\/\/beurswand2026.webdeveloperz.nl\/de\/wp-json\/wp\/v2\/product"}],"about":[{"href":"https:\/\/beurswand2026.webdeveloperz.nl\/de\/wp-json\/wp\/v2\/types\/product"}],"replies":[{"embeddable":true,"href":"https:\/\/beurswand2026.webdeveloperz.nl\/de\/wp-json\/wp\/v2\/comments?post=15310"}],"version-history":[{"count":1,"href":"https:\/\/beurswand2026.webdeveloperz.nl\/de\/wp-json\/wp\/v2\/product\/15310\/revisions"}],"predecessor-version":[{"id":15770,"href":"https:\/\/beurswand2026.webdeveloperz.nl\/de\/wp-json\/wp\/v2\/product\/15310\/revisions\/15770"}],"wp:featuredmedia":[{"embeddable":true,"href":"https:\/\/beurswand2026.webdeveloperz.nl\/de\/wp-json\/wp\/v2\/media\/14219"}],"wp:attachment":[{"href":"https:\/\/beurswand2026.webdeveloperz.nl\/de\/wp-json\/wp\/v2\/media?parent=15310"}],"wp:term":[{"taxonomy":"breedte","embeddable":true,"href":"https:\/\/beurswand2026.webdeveloperz.nl\/de\/wp-json\/wp\/v2\/breedte?post=15310"},{"taxonomy":"design-oppervlakte","embeddable":true,"href":"https:\/\/beurswand2026.webdeveloperz.nl\/de\/wp-json\/wp\/v2\/design-oppervlakte?post=15310"},{"taxonomy":"design-opstelling","embeddable":true,"href":"https:\/\/beurswand2026.webdeveloperz.nl\/de\/wp-json\/wp\/v2\/design-opstelling?post=15310"},{"taxonomy":"design-optie","embeddable":true,"href":"https:\/\/beurswand2026.webdeveloperz.nl\/de\/wp-json\/wp\/v2\/design-optie?post=15310"},{"taxonomy":"diepte","embeddable":true,"href":"https:\/\/beurswand2026.webdeveloperz.nl\/de\/wp-json\/wp\/v2\/diepte?post=15310"},{"taxonomy":"oppervlakte","embeddable":true,"href":"https:\/\/beurswand2026.webdeveloperz.nl\/de\/wp-json\/wp\/v2\/oppervlakte?post=15310"},{"taxonomy":"opstelling","embeddable":true,"href":"https:\/\/beurswand2026.webdeveloperz.nl\/de\/wp-json\/wp\/v2\/opstelling?post=15310"},{"taxonomy":"optie","embeddable":true,"href":"https:\/\/beurswand2026.webdeveloperz.nl\/de\/wp-json\/wp\/v2\/optie?post=15310"},{"taxonomy":"pijler","embeddable":true,"href":"https:\/\/beurswand2026.webdeveloperz.nl\/de\/wp-json\/wp\/v2\/pijler?post=15310"},{"taxonomy":"product_brand","embeddable":true,"href":"https:\/\/beurswand2026.webdeveloperz.nl\/de\/wp-json\/wp\/v2\/product_brand?post=15310"},{"taxonomy":"product_cat","embeddable":true,"href":"https:\/\/beurswand2026.webdeveloperz.nl\/de\/wp-json\/wp\/v2\/product_cat?post=15310"},{"taxonomy":"product_tag","embeddable":true,"href":"https:\/\/beurswand2026.webdeveloperz.nl\/de\/wp-json\/wp\/v2\/product_tag?post=15310"}],"curies":[{"name":"wp","href":"https:\/\/api.w.org\/{rel}","templated":true}]}}