{"id":15302,"date":"2024-09-24T07:26:56","date_gmt":"2024-09-24T07:26:56","guid":{"rendered":"https:\/\/beurswand.nl\/product\/beursstand-design-134\/"},"modified":"2025-03-13T09:32:52","modified_gmt":"2025-03-13T09:32:52","slug":"beursstand-design-134","status":"publish","type":"product","link":"https:\/\/beurswand2026.webdeveloperz.nl\/de\/product\/beursstand-design-134\/","title":{"rendered":"Messestand Design 134"},"content":{"rendered":"<p>Der Messestand Design 134 bietet vollst\u00e4ndige Gestaltungsfreiheit f\u00fcr Unternehmen, die auf Messen auffallen m\u00f6chten. Der Stand kann in Form, Gr\u00f6\u00dfe, Bodenbelag und Bildmaterial vollst\u00e4ndig angepasst werden und eignet sich so f\u00fcr eine Vielzahl von Pr\u00e4sentationen. Dar\u00fcber hinaus k\u00f6nnen Kunden aus einer Vielzahl von M\u00f6beln und Zubeh\u00f6r wie LED-Rahmen und Multimedia-Elementen w\u00e4hlen, um einen dynamischen Look zu erzielen.  <\/p>\n<p>Dank seines modularen Designs ist dieser Messestand sowohl f\u00fcr kleinere als auch f\u00fcr gr\u00f6\u00dfere St\u00e4nde geeignet. Kunden k\u00f6nnen das Layout und das Design leicht an ihre Markenidentit\u00e4t und ihre Ziele anpassen. <\/p>\n<p>Exhibition Stand Design 134 ist ideal f\u00fcr Unternehmen, die eine auff\u00e4llige und anpassbare Pr\u00e4sentation erstellen m\u00f6chten. Mit der M\u00f6glichkeit, alle Elemente, vom Layout bis zur Beleuchtung, individuell anzupassen, k\u00f6nnen sie Besucher effektiv anziehen und einen unvergesslichen Eindruck hinterlassen. <\/p>\n","protected":false},"excerpt":{"rendered":"<p>Der Messestand Design 134 bietet vollst\u00e4ndige Gestaltungsfreiheit f\u00fcr Unternehmen, die auf Messen auffallen m\u00f6chten. Der Stand kann in Form, Gr\u00f6\u00dfe, Bodenbelag und Bildmaterial vollst\u00e4ndig angepasst werden und eignet sich so f\u00fcr eine Vielzahl von Pr\u00e4sentationen. Dar\u00fcber hinaus k\u00f6nnen Kunden aus einer Vielzahl von M\u00f6beln und Zubeh\u00f6r wie LED-Rahmen und Multimedia-Elementen w\u00e4hlen, um einen dynamischen Look [&hellip;]<\/p>\n","protected":false},"featured_media":14295,"comment_status":"closed","ping_status":"open","template":"","meta":{"_acf_changed":false,"site-sidebar-layout":"default","site-content-layout":"","ast-site-content-layout":"default","site-content-style":"default","site-sidebar-style":"default","ast-global-header-display":"","ast-banner-title-visibility":"","ast-main-header-display":"","ast-hfb-above-header-display":"","ast-hfb-below-header-display":"","ast-hfb-mobile-header-display":"","site-post-title":"","ast-breadcrumbs-content":"","ast-featured-img":"","footer-sml-layout":"","ast-disable-related-posts":"","theme-transparent-header-meta":"","adv-header-id-meta":"","stick-header-meta":"","header-above-stick-meta":"","header-main-stick-meta":"","header-below-stick-meta":"","astra-migrate-meta-layouts":"default","ast-page-background-enabled":"default","ast-page-background-meta":{"desktop":{"background-color":"","background-image":"","background-repeat":"repeat","background-position":"center center","background-size":"auto","background-attachment":"scroll","background-type":"","background-media":"","overlay-type":"","overlay-color":"","overlay-opacity":"","overlay-gradient":""},"tablet":{"background-color":"","background-image":"","background-repeat":"repeat","background-position":"center center","background-size":"auto","background-attachment":"scroll","background-type":"","background-media":"","overlay-type":"","overlay-color":"","overlay-opacity":"","overlay-gradient":""},"mobile":{"background-color":"","background-image":"","background-repeat":"repeat","background-position":"center center","background-size":"auto","background-attachment":"scroll","background-type":"","background-media":"","overlay-type":"","overlay-color":"","overlay-opacity":"","overlay-gradient":""}},"ast-content-background-meta":{"desktop":{"background-color":"var(--ast-global-color-5)","background-image":"","background-repeat":"repeat","background-position":"center center","background-size":"auto","background-attachment":"scroll","background-type":"","background-media":"","overlay-type":"","overlay-color":"","overlay-opacity":"","overlay-gradient":""},"tablet":{"background-color":"var(--ast-global-color-5)","background-image":"","background-repeat":"repeat","background-position":"center center","background-size":"auto","background-attachment":"scroll","background-type":"","background-media":"","overlay-type":"","overlay-color":"","overlay-opacity":"","overlay-gradient":""},"mobile":{"background-color":"var(--ast-global-color-5)","background-image":"","background-repeat":"repeat","background-position":"center center","background-size":"auto","background-attachment":"scroll","background-type":"","background-media":"","overlay-type":"","overlay-color":"","overlay-opacity":"","overlay-gradient":""}}},"breedte":[],"design-oppervlakte":[368],"design-opstelling":[414],"design-optie":[380],"diepte":[],"oppervlakte":[],"opstelling":[],"optie":[],"pijler":[],"product_brand":[],"product_cat":[376,416,371,372,374,373,382],"product_tag":[],"class_list":{"0":"post-15302","1":"product","2":"type-product","3":"status-publish","4":"has-post-thumbnail","6":"design-oppervlakte-1-24-m2-de","7":"design-opstelling-eckstand","8":"design-optie-schreibtisch","9":"product_cat-1-24-m2-de","10":"product_cat-eckstand","11":"product_cat-entwurf","12":"product_cat-flache","13":"product_cat-messestand-typ","14":"product_cat-optionen","15":"product_cat-schreibtisch","16":"desktop-align-left","17":"tablet-align-left","18":"mobile-align-left","20":"first","21":"instock","22":"shipping-taxable","23":"product-type-simple"},"acf":[],"_links":{"self":[{"href":"https:\/\/beurswand2026.webdeveloperz.nl\/de\/wp-json\/wp\/v2\/product\/15302","targetHints":{"allow":["GET"]}}],"collection":[{"href":"https:\/\/beurswand2026.webdeveloperz.nl\/de\/wp-json\/wp\/v2\/product"}],"about":[{"href":"https:\/\/beurswand2026.webdeveloperz.nl\/de\/wp-json\/wp\/v2\/types\/product"}],"replies":[{"embeddable":true,"href":"https:\/\/beurswand2026.webdeveloperz.nl\/de\/wp-json\/wp\/v2\/comments?post=15302"}],"version-history":[{"count":1,"href":"https:\/\/beurswand2026.webdeveloperz.nl\/de\/wp-json\/wp\/v2\/product\/15302\/revisions"}],"predecessor-version":[{"id":15768,"href":"https:\/\/beurswand2026.webdeveloperz.nl\/de\/wp-json\/wp\/v2\/product\/15302\/revisions\/15768"}],"wp:featuredmedia":[{"embeddable":true,"href":"https:\/\/beurswand2026.webdeveloperz.nl\/de\/wp-json\/wp\/v2\/media\/14295"}],"wp:attachment":[{"href":"https:\/\/beurswand2026.webdeveloperz.nl\/de\/wp-json\/wp\/v2\/media?parent=15302"}],"wp:term":[{"taxonomy":"breedte","embeddable":true,"href":"https:\/\/beurswand2026.webdeveloperz.nl\/de\/wp-json\/wp\/v2\/breedte?post=15302"},{"taxonomy":"design-oppervlakte","embeddable":true,"href":"https:\/\/beurswand2026.webdeveloperz.nl\/de\/wp-json\/wp\/v2\/design-oppervlakte?post=15302"},{"taxonomy":"design-opstelling","embeddable":true,"href":"https:\/\/beurswand2026.webdeveloperz.nl\/de\/wp-json\/wp\/v2\/design-opstelling?post=15302"},{"taxonomy":"design-optie","embeddable":true,"href":"https:\/\/beurswand2026.webdeveloperz.nl\/de\/wp-json\/wp\/v2\/design-optie?post=15302"},{"taxonomy":"diepte","embeddable":true,"href":"https:\/\/beurswand2026.webdeveloperz.nl\/de\/wp-json\/wp\/v2\/diepte?post=15302"},{"taxonomy":"oppervlakte","embeddable":true,"href":"https:\/\/beurswand2026.webdeveloperz.nl\/de\/wp-json\/wp\/v2\/oppervlakte?post=15302"},{"taxonomy":"opstelling","embeddable":true,"href":"https:\/\/beurswand2026.webdeveloperz.nl\/de\/wp-json\/wp\/v2\/opstelling?post=15302"},{"taxonomy":"optie","embeddable":true,"href":"https:\/\/beurswand2026.webdeveloperz.nl\/de\/wp-json\/wp\/v2\/optie?post=15302"},{"taxonomy":"pijler","embeddable":true,"href":"https:\/\/beurswand2026.webdeveloperz.nl\/de\/wp-json\/wp\/v2\/pijler?post=15302"},{"taxonomy":"product_brand","embeddable":true,"href":"https:\/\/beurswand2026.webdeveloperz.nl\/de\/wp-json\/wp\/v2\/product_brand?post=15302"},{"taxonomy":"product_cat","embeddable":true,"href":"https:\/\/beurswand2026.webdeveloperz.nl\/de\/wp-json\/wp\/v2\/product_cat?post=15302"},{"taxonomy":"product_tag","embeddable":true,"href":"https:\/\/beurswand2026.webdeveloperz.nl\/de\/wp-json\/wp\/v2\/product_tag?post=15302"}],"curies":[{"name":"wp","href":"https:\/\/api.w.org\/{rel}","templated":true}]}}