{"id":15297,"date":"2024-09-24T07:36:39","date_gmt":"2024-09-24T07:36:39","guid":{"rendered":"https:\/\/beurswand.nl\/product\/beursstand-design-136\/"},"modified":"2025-03-13T09:32:51","modified_gmt":"2025-03-13T09:32:51","slug":"beursstand-design-136","status":"publish","type":"product","link":"https:\/\/beurswand2026.webdeveloperz.nl\/de\/product\/beursstand-design-136\/","title":{"rendered":"Messestand Design 136"},"content":{"rendered":"<p>Der Messestand Design 136 bietet eine moderne und flexible L\u00f6sung f\u00fcr Unternehmen, die eine aufmerksamkeitsstarke Pr\u00e4sentationsfl\u00e4che suchen. Der Stand mit einer Fl\u00e4che von 25 bis 40 m\u00b2 umfasst ein Eckstanddesign und ist mit einer LED-Wand, einer Speisekammer, Regalen und einem Schreibtisch f\u00fcr Kundeninteraktionen ausgestattet. <\/p>\n<p>Das vollst\u00e4ndig anpassbare Design erm\u00f6glicht es Unternehmen, den Boden, die M\u00f6bel und das Bildmaterial nach ihrem eigenen Geschmack zu konfigurieren, einschlie\u00dflich Optionen f\u00fcr LED-Rahmen und Multimedia. Dies gew\u00e4hrleistet maximale Freiheit bei der Anpassung des Standes an die eigene Markenidentit\u00e4t und die eigenen Bed\u00fcrfnisse. <\/p>\n<p>Kunden k\u00f6nnen diesen Messestand nutzen, um ihre Produkte oder Dienstleistungen auf professionelle und attraktive Weise zu pr\u00e4sentieren, ideal f\u00fcr mittelgro\u00dfe Veranstaltungen oder Ausstellungen. Diese flexible Einrichtung macht es einfach, ein einzigartiges Markenerlebnis zu schaffen. <\/p>\n","protected":false},"excerpt":{"rendered":"<p>Der Messestand Design 136 bietet eine moderne und flexible L\u00f6sung f\u00fcr Unternehmen, die eine aufmerksamkeitsstarke Pr\u00e4sentationsfl\u00e4che suchen. Der Stand mit einer Fl\u00e4che von 25 bis 40 m\u00b2 umfasst ein Eckstanddesign und ist mit einer LED-Wand, einer Speisekammer, Regalen und einem Schreibtisch f\u00fcr Kundeninteraktionen ausgestattet. Das vollst\u00e4ndig anpassbare Design erm\u00f6glicht es Unternehmen, den Boden, die M\u00f6bel [&hellip;]<\/p>\n","protected":false},"featured_media":14367,"comment_status":"closed","ping_status":"open","template":"","meta":{"_acf_changed":false,"site-sidebar-layout":"default","site-content-layout":"","ast-site-content-layout":"default","site-content-style":"default","site-sidebar-style":"default","ast-global-header-display":"","ast-banner-title-visibility":"","ast-main-header-display":"","ast-hfb-above-header-display":"","ast-hfb-below-header-display":"","ast-hfb-mobile-header-display":"","site-post-title":"","ast-breadcrumbs-content":"","ast-featured-img":"","footer-sml-layout":"","ast-disable-related-posts":"","theme-transparent-header-meta":"","adv-header-id-meta":"","stick-header-meta":"","header-above-stick-meta":"","header-main-stick-meta":"","header-below-stick-meta":"","astra-migrate-meta-layouts":"default","ast-page-background-enabled":"default","ast-page-background-meta":{"desktop":{"background-color":"","background-image":"","background-repeat":"repeat","background-position":"center center","background-size":"auto","background-attachment":"scroll","background-type":"","background-media":"","overlay-type":"","overlay-color":"","overlay-opacity":"","overlay-gradient":""},"tablet":{"background-color":"","background-image":"","background-repeat":"repeat","background-position":"center center","background-size":"auto","background-attachment":"scroll","background-type":"","background-media":"","overlay-type":"","overlay-color":"","overlay-opacity":"","overlay-gradient":""},"mobile":{"background-color":"","background-image":"","background-repeat":"repeat","background-position":"center center","background-size":"auto","background-attachment":"scroll","background-type":"","background-media":"","overlay-type":"","overlay-color":"","overlay-opacity":"","overlay-gradient":""}},"ast-content-background-meta":{"desktop":{"background-color":"var(--ast-global-color-5)","background-image":"","background-repeat":"repeat","background-position":"center center","background-size":"auto","background-attachment":"scroll","background-type":"","background-media":"","overlay-type":"","overlay-color":"","overlay-opacity":"","overlay-gradient":""},"tablet":{"background-color":"var(--ast-global-color-5)","background-image":"","background-repeat":"repeat","background-position":"center center","background-size":"auto","background-attachment":"scroll","background-type":"","background-media":"","overlay-type":"","overlay-color":"","overlay-opacity":"","overlay-gradient":""},"mobile":{"background-color":"var(--ast-global-color-5)","background-image":"","background-repeat":"repeat","background-position":"center center","background-size":"auto","background-attachment":"scroll","background-type":"","background-media":"","overlay-type":"","overlay-color":"","overlay-opacity":"","overlay-gradient":""}}},"breedte":[],"design-oppervlakte":[379],"design-opstelling":[414],"design-optie":[418,467,380,381],"diepte":[],"oppervlakte":[],"opstelling":[],"optie":[],"pijler":[],"product_brand":[],"product_cat":[384,416,371,372,419,374,373,468,382,383],"product_tag":[],"class_list":{"0":"post-15297","1":"product","2":"type-product","3":"status-publish","4":"has-post-thumbnail","6":"design-oppervlakte-25-40-m2-de","7":"design-opstelling-eckstand","8":"design-optie-led-wand-de","9":"design-optie-regale","10":"design-optie-schreibtisch","11":"design-optie-speisekammer","12":"product_cat-25-40-m2-de","13":"product_cat-eckstand","14":"product_cat-entwurf","15":"product_cat-flache","16":"product_cat-led-wand-de","17":"product_cat-messestand-typ","18":"product_cat-optionen","19":"product_cat-regale","20":"product_cat-schreibtisch","21":"product_cat-speisekammer","22":"desktop-align-left","23":"tablet-align-left","24":"mobile-align-left","26":"first","27":"instock","28":"shipping-taxable","29":"product-type-simple"},"acf":[],"_links":{"self":[{"href":"https:\/\/beurswand2026.webdeveloperz.nl\/de\/wp-json\/wp\/v2\/product\/15297","targetHints":{"allow":["GET"]}}],"collection":[{"href":"https:\/\/beurswand2026.webdeveloperz.nl\/de\/wp-json\/wp\/v2\/product"}],"about":[{"href":"https:\/\/beurswand2026.webdeveloperz.nl\/de\/wp-json\/wp\/v2\/types\/product"}],"replies":[{"embeddable":true,"href":"https:\/\/beurswand2026.webdeveloperz.nl\/de\/wp-json\/wp\/v2\/comments?post=15297"}],"version-history":[{"count":1,"href":"https:\/\/beurswand2026.webdeveloperz.nl\/de\/wp-json\/wp\/v2\/product\/15297\/revisions"}],"predecessor-version":[{"id":15766,"href":"https:\/\/beurswand2026.webdeveloperz.nl\/de\/wp-json\/wp\/v2\/product\/15297\/revisions\/15766"}],"wp:featuredmedia":[{"embeddable":true,"href":"https:\/\/beurswand2026.webdeveloperz.nl\/de\/wp-json\/wp\/v2\/media\/14367"}],"wp:attachment":[{"href":"https:\/\/beurswand2026.webdeveloperz.nl\/de\/wp-json\/wp\/v2\/media?parent=15297"}],"wp:term":[{"taxonomy":"breedte","embeddable":true,"href":"https:\/\/beurswand2026.webdeveloperz.nl\/de\/wp-json\/wp\/v2\/breedte?post=15297"},{"taxonomy":"design-oppervlakte","embeddable":true,"href":"https:\/\/beurswand2026.webdeveloperz.nl\/de\/wp-json\/wp\/v2\/design-oppervlakte?post=15297"},{"taxonomy":"design-opstelling","embeddable":true,"href":"https:\/\/beurswand2026.webdeveloperz.nl\/de\/wp-json\/wp\/v2\/design-opstelling?post=15297"},{"taxonomy":"design-optie","embeddable":true,"href":"https:\/\/beurswand2026.webdeveloperz.nl\/de\/wp-json\/wp\/v2\/design-optie?post=15297"},{"taxonomy":"diepte","embeddable":true,"href":"https:\/\/beurswand2026.webdeveloperz.nl\/de\/wp-json\/wp\/v2\/diepte?post=15297"},{"taxonomy":"oppervlakte","embeddable":true,"href":"https:\/\/beurswand2026.webdeveloperz.nl\/de\/wp-json\/wp\/v2\/oppervlakte?post=15297"},{"taxonomy":"opstelling","embeddable":true,"href":"https:\/\/beurswand2026.webdeveloperz.nl\/de\/wp-json\/wp\/v2\/opstelling?post=15297"},{"taxonomy":"optie","embeddable":true,"href":"https:\/\/beurswand2026.webdeveloperz.nl\/de\/wp-json\/wp\/v2\/optie?post=15297"},{"taxonomy":"pijler","embeddable":true,"href":"https:\/\/beurswand2026.webdeveloperz.nl\/de\/wp-json\/wp\/v2\/pijler?post=15297"},{"taxonomy":"product_brand","embeddable":true,"href":"https:\/\/beurswand2026.webdeveloperz.nl\/de\/wp-json\/wp\/v2\/product_brand?post=15297"},{"taxonomy":"product_cat","embeddable":true,"href":"https:\/\/beurswand2026.webdeveloperz.nl\/de\/wp-json\/wp\/v2\/product_cat?post=15297"},{"taxonomy":"product_tag","embeddable":true,"href":"https:\/\/beurswand2026.webdeveloperz.nl\/de\/wp-json\/wp\/v2\/product_tag?post=15297"}],"curies":[{"name":"wp","href":"https:\/\/api.w.org\/{rel}","templated":true}]}}