{"id":15288,"date":"2024-09-24T07:45:16","date_gmt":"2024-09-24T07:45:16","guid":{"rendered":"https:\/\/beurswand.nl\/product\/beursstand-design-140\/"},"modified":"2025-03-13T09:32:50","modified_gmt":"2025-03-13T09:32:50","slug":"beursstand-design-140","status":"publish","type":"product","link":"https:\/\/beurswand2026.webdeveloperz.nl\/de\/product\/beursstand-design-140\/","title":{"rendered":"Messestand Design 140"},"content":{"rendered":"<p>Der Messestand Design 140 ist ein vielseitiger Stand, der dem Kunden v\u00f6llige Gestaltungsfreiheit bietet. Sie k\u00f6nnen die Form, die Gr\u00f6\u00dfe, den Boden und das Bildmaterial nach Belieben anpassen. Dar\u00fcber hinaus bietet das Standdesign die M\u00f6glichkeit, LED-Rahmen, eine LED-Wand oder andere Multimedia-Elemente hinzuzuf\u00fcgen, um die Pr\u00e4sentation Ihrer Marke zu verbessern.  <\/p>\n<p>Dieser Messestand ist ideal f\u00fcr Unternehmen, die eine auff\u00e4llige und flexible L\u00f6sung f\u00fcr Messen suchen. Kunden k\u00f6nnen aus einer Vielzahl von M\u00f6beln und Accessoires w\u00e4hlen, um den Stand an ihre speziellen Bed\u00fcrfnisse anzupassen. <\/p>\n<p>Der Design 140 Messestand kann bei gr\u00f6\u00dferen Veranstaltungen eingesetzt werden, bei denen der Platz eine wichtige Rolle spielt. Mit Optionen wie einem Doppelboden, einer Speisekammer und Regalen schafft dieser Stand eine professionelle und funktionale Umgebung f\u00fcr Pr\u00e4sentationen und Kundengespr\u00e4che. <\/p>\n","protected":false},"excerpt":{"rendered":"<p>Der Messestand Design 140 ist ein vielseitiger Stand, der dem Kunden v\u00f6llige Gestaltungsfreiheit bietet. Sie k\u00f6nnen die Form, die Gr\u00f6\u00dfe, den Boden und das Bildmaterial nach Belieben anpassen. Dar\u00fcber hinaus bietet das Standdesign die M\u00f6glichkeit, LED-Rahmen, eine LED-Wand oder andere Multimedia-Elemente hinzuzuf\u00fcgen, um die Pr\u00e4sentation Ihrer Marke zu verbessern. Dieser Messestand ist ideal f\u00fcr Unternehmen, [&hellip;]<\/p>\n","protected":false},"featured_media":14537,"comment_status":"closed","ping_status":"open","template":"","meta":{"_acf_changed":false,"site-sidebar-layout":"default","site-content-layout":"","ast-site-content-layout":"default","site-content-style":"default","site-sidebar-style":"default","ast-global-header-display":"","ast-banner-title-visibility":"","ast-main-header-display":"","ast-hfb-above-header-display":"","ast-hfb-below-header-display":"","ast-hfb-mobile-header-display":"","site-post-title":"","ast-breadcrumbs-content":"","ast-featured-img":"","footer-sml-layout":"","ast-disable-related-posts":"","theme-transparent-header-meta":"","adv-header-id-meta":"","stick-header-meta":"","header-above-stick-meta":"","header-main-stick-meta":"","header-below-stick-meta":"","astra-migrate-meta-layouts":"default","ast-page-background-enabled":"default","ast-page-background-meta":{"desktop":{"background-color":"","background-image":"","background-repeat":"repeat","background-position":"center center","background-size":"auto","background-attachment":"scroll","background-type":"","background-media":"","overlay-type":"","overlay-color":"","overlay-opacity":"","overlay-gradient":""},"tablet":{"background-color":"","background-image":"","background-repeat":"repeat","background-position":"center center","background-size":"auto","background-attachment":"scroll","background-type":"","background-media":"","overlay-type":"","overlay-color":"","overlay-opacity":"","overlay-gradient":""},"mobile":{"background-color":"","background-image":"","background-repeat":"repeat","background-position":"center center","background-size":"auto","background-attachment":"scroll","background-type":"","background-media":"","overlay-type":"","overlay-color":"","overlay-opacity":"","overlay-gradient":""}},"ast-content-background-meta":{"desktop":{"background-color":"var(--ast-global-color-5)","background-image":"","background-repeat":"repeat","background-position":"center center","background-size":"auto","background-attachment":"scroll","background-type":"","background-media":"","overlay-type":"","overlay-color":"","overlay-opacity":"","overlay-gradient":""},"tablet":{"background-color":"var(--ast-global-color-5)","background-image":"","background-repeat":"repeat","background-position":"center center","background-size":"auto","background-attachment":"scroll","background-type":"","background-media":"","overlay-type":"","overlay-color":"","overlay-opacity":"","overlay-gradient":""},"mobile":{"background-color":"var(--ast-global-color-5)","background-image":"","background-repeat":"repeat","background-position":"center center","background-size":"auto","background-attachment":"scroll","background-type":"","background-media":"","overlay-type":"","overlay-color":"","overlay-opacity":"","overlay-gradient":""}}},"breedte":[],"design-oppervlakte":[430],"design-opstelling":[369],"design-optie":[449,415,418,467,381],"diepte":[],"oppervlakte":[],"opstelling":[],"optie":[],"pijler":[],"product_brand":[],"product_cat":[431,451,371,417,372,375,419,374,373,468,383],"product_tag":[],"class_list":{"0":"post-15288","1":"product","2":"type-product","3":"status-publish","4":"has-post-thumbnail","6":"design-oppervlakte-40-m2-und-groser","7":"design-opstelling-kopfstand","8":"design-optie-bar-de","9":"design-optie-erhohter-boden","10":"design-optie-led-wand-de","11":"design-optie-regale","12":"design-optie-speisekammer","13":"product_cat-40-m2-und-groser","14":"product_cat-bar-de","15":"product_cat-entwurf","16":"product_cat-erhohter-boden","17":"product_cat-flache","18":"product_cat-kopfstand","19":"product_cat-led-wand-de","20":"product_cat-messestand-typ","21":"product_cat-optionen","22":"product_cat-regale","23":"product_cat-speisekammer","24":"desktop-align-left","25":"tablet-align-left","26":"mobile-align-left","28":"first","29":"instock","30":"shipping-taxable","31":"product-type-simple"},"acf":[],"_links":{"self":[{"href":"https:\/\/beurswand2026.webdeveloperz.nl\/de\/wp-json\/wp\/v2\/product\/15288","targetHints":{"allow":["GET"]}}],"collection":[{"href":"https:\/\/beurswand2026.webdeveloperz.nl\/de\/wp-json\/wp\/v2\/product"}],"about":[{"href":"https:\/\/beurswand2026.webdeveloperz.nl\/de\/wp-json\/wp\/v2\/types\/product"}],"replies":[{"embeddable":true,"href":"https:\/\/beurswand2026.webdeveloperz.nl\/de\/wp-json\/wp\/v2\/comments?post=15288"}],"version-history":[{"count":1,"href":"https:\/\/beurswand2026.webdeveloperz.nl\/de\/wp-json\/wp\/v2\/product\/15288\/revisions"}],"predecessor-version":[{"id":15762,"href":"https:\/\/beurswand2026.webdeveloperz.nl\/de\/wp-json\/wp\/v2\/product\/15288\/revisions\/15762"}],"wp:featuredmedia":[{"embeddable":true,"href":"https:\/\/beurswand2026.webdeveloperz.nl\/de\/wp-json\/wp\/v2\/media\/14537"}],"wp:attachment":[{"href":"https:\/\/beurswand2026.webdeveloperz.nl\/de\/wp-json\/wp\/v2\/media?parent=15288"}],"wp:term":[{"taxonomy":"breedte","embeddable":true,"href":"https:\/\/beurswand2026.webdeveloperz.nl\/de\/wp-json\/wp\/v2\/breedte?post=15288"},{"taxonomy":"design-oppervlakte","embeddable":true,"href":"https:\/\/beurswand2026.webdeveloperz.nl\/de\/wp-json\/wp\/v2\/design-oppervlakte?post=15288"},{"taxonomy":"design-opstelling","embeddable":true,"href":"https:\/\/beurswand2026.webdeveloperz.nl\/de\/wp-json\/wp\/v2\/design-opstelling?post=15288"},{"taxonomy":"design-optie","embeddable":true,"href":"https:\/\/beurswand2026.webdeveloperz.nl\/de\/wp-json\/wp\/v2\/design-optie?post=15288"},{"taxonomy":"diepte","embeddable":true,"href":"https:\/\/beurswand2026.webdeveloperz.nl\/de\/wp-json\/wp\/v2\/diepte?post=15288"},{"taxonomy":"oppervlakte","embeddable":true,"href":"https:\/\/beurswand2026.webdeveloperz.nl\/de\/wp-json\/wp\/v2\/oppervlakte?post=15288"},{"taxonomy":"opstelling","embeddable":true,"href":"https:\/\/beurswand2026.webdeveloperz.nl\/de\/wp-json\/wp\/v2\/opstelling?post=15288"},{"taxonomy":"optie","embeddable":true,"href":"https:\/\/beurswand2026.webdeveloperz.nl\/de\/wp-json\/wp\/v2\/optie?post=15288"},{"taxonomy":"pijler","embeddable":true,"href":"https:\/\/beurswand2026.webdeveloperz.nl\/de\/wp-json\/wp\/v2\/pijler?post=15288"},{"taxonomy":"product_brand","embeddable":true,"href":"https:\/\/beurswand2026.webdeveloperz.nl\/de\/wp-json\/wp\/v2\/product_brand?post=15288"},{"taxonomy":"product_cat","embeddable":true,"href":"https:\/\/beurswand2026.webdeveloperz.nl\/de\/wp-json\/wp\/v2\/product_cat?post=15288"},{"taxonomy":"product_tag","embeddable":true,"href":"https:\/\/beurswand2026.webdeveloperz.nl\/de\/wp-json\/wp\/v2\/product_tag?post=15288"}],"curies":[{"name":"wp","href":"https:\/\/api.w.org\/{rel}","templated":true}]}}