{"id":15264,"date":"2023-10-12T15:02:45","date_gmt":"2023-10-12T15:02:45","guid":{"rendered":"https:\/\/beurswand.nl\/product\/messestand-design-10\/"},"modified":"2025-03-13T09:33:56","modified_gmt":"2025-03-13T09:33:56","slug":"messestand-design-10","status":"publish","type":"product","link":"https:\/\/beurswand2026.webdeveloperz.nl\/de\/product\/messestand-design-10\/","title":{"rendered":"Messestand Design 10"},"content":{"rendered":"<p><strong>Einzigartiges Messestanddesign 10 \u2013 DER Blickfang auf jeder Messe!<\/strong><\/p>\n<p>Sie suchen einen unverwechselbaren Messestand, der Ihre Marke ins Rampenlicht r\u00fcckt? Entdecken Sie unser neuestes Messestand-Design 10. Mit einer beeindruckenden Gr\u00f6\u00dfe von \u00fcber 28 m2 bietet er Platz f\u00fcr alle Ihre Pr\u00e4sentationen und Produktvorf\u00fchrungen. Als Frontstand profitieren Sie von drei offenen Seiten: maximale Sichtbarkeit garantiert!<\/p>\n<p>Der integrierte Schreibtisch bietet Ihrem Team ein professionelles Erscheinungsbild und Raum f\u00fcr die Interaktion mit Besuchern. Brauchen Sie zwischendurch eine kurze Pause oder wollen Sie Ihre G\u00e4ste mit einem Getr\u00e4nk verw\u00f6hnen? Die eingebaute Speisekammer macht dies m\u00fchelos m\u00f6glich.<\/p>\n<p>Und das Beste? Dies ist nur ein Beispiel! Wir passen das Design gerne an Ihre Vorstellungen und Ziele an.<\/p>\n<p>Interessiert? F\u00fcllen Sie das Kontaktformular unten aus und erhalten Sie weitere Informationen. Ihre n\u00e4chste Messe wird garantiert ein Erfolg! <\/p>\n","protected":false},"excerpt":{"rendered":"<p>Einzigartiges Messestanddesign 10 \u2013 DER Blickfang auf jeder Messe! Sie suchen einen unverwechselbaren Messestand, der Ihre Marke ins Rampenlicht r\u00fcckt? Entdecken Sie unser neuestes Messestand-Design 10. Mit einer beeindruckenden Gr\u00f6\u00dfe von \u00fcber 28 m2 bietet er Platz f\u00fcr alle Ihre Pr\u00e4sentationen und Produktvorf\u00fchrungen. Als Frontstand profitieren Sie von drei offenen Seiten: maximale Sichtbarkeit garantiert! Der [&hellip;]<\/p>\n","protected":false},"featured_media":10828,"comment_status":"closed","ping_status":"open","template":"","meta":{"_acf_changed":false,"site-sidebar-layout":"default","site-content-layout":"","ast-site-content-layout":"default","site-content-style":"default","site-sidebar-style":"default","ast-global-header-display":"","ast-banner-title-visibility":"","ast-main-header-display":"","ast-hfb-above-header-display":"","ast-hfb-below-header-display":"","ast-hfb-mobile-header-display":"","site-post-title":"","ast-breadcrumbs-content":"","ast-featured-img":"","footer-sml-layout":"","ast-disable-related-posts":"","theme-transparent-header-meta":"","adv-header-id-meta":"","stick-header-meta":"","header-above-stick-meta":"","header-main-stick-meta":"","header-below-stick-meta":"","astra-migrate-meta-layouts":"default","ast-page-background-enabled":"default","ast-page-background-meta":{"desktop":{"background-color":"","background-image":"","background-repeat":"repeat","background-position":"center center","background-size":"auto","background-attachment":"scroll","background-type":"","background-media":"","overlay-type":"","overlay-color":"","overlay-opacity":"","overlay-gradient":""},"tablet":{"background-color":"","background-image":"","background-repeat":"repeat","background-position":"center center","background-size":"auto","background-attachment":"scroll","background-type":"","background-media":"","overlay-type":"","overlay-color":"","overlay-opacity":"","overlay-gradient":""},"mobile":{"background-color":"","background-image":"","background-repeat":"repeat","background-position":"center center","background-size":"auto","background-attachment":"scroll","background-type":"","background-media":"","overlay-type":"","overlay-color":"","overlay-opacity":"","overlay-gradient":""}},"ast-content-background-meta":{"desktop":{"background-color":"var(--ast-global-color-5)","background-image":"","background-repeat":"repeat","background-position":"center center","background-size":"auto","background-attachment":"scroll","background-type":"","background-media":"","overlay-type":"","overlay-color":"","overlay-opacity":"","overlay-gradient":""},"tablet":{"background-color":"var(--ast-global-color-5)","background-image":"","background-repeat":"repeat","background-position":"center center","background-size":"auto","background-attachment":"scroll","background-type":"","background-media":"","overlay-type":"","overlay-color":"","overlay-opacity":"","overlay-gradient":""},"mobile":{"background-color":"var(--ast-global-color-5)","background-image":"","background-repeat":"repeat","background-position":"center center","background-size":"auto","background-attachment":"scroll","background-type":"","background-media":"","overlay-type":"","overlay-color":"","overlay-opacity":"","overlay-gradient":""}}},"breedte":[],"design-oppervlakte":[379],"design-opstelling":[369],"design-optie":[380,381],"diepte":[],"oppervlakte":[],"opstelling":[],"optie":[],"pijler":[],"product_brand":[],"product_cat":[384,371,372,375,374,373,382,383],"product_tag":[],"class_list":{"0":"post-15264","1":"product","2":"type-product","3":"status-publish","4":"has-post-thumbnail","6":"design-oppervlakte-25-40-m2-de","7":"design-opstelling-kopfstand","8":"design-optie-schreibtisch","9":"design-optie-speisekammer","10":"product_cat-25-40-m2-de","11":"product_cat-entwurf","12":"product_cat-flache","13":"product_cat-kopfstand","14":"product_cat-messestand-typ","15":"product_cat-optionen","16":"product_cat-schreibtisch","17":"product_cat-speisekammer","18":"desktop-align-left","19":"tablet-align-left","20":"mobile-align-left","22":"first","23":"instock","24":"shipping-taxable","25":"product-type-simple"},"acf":[],"_links":{"self":[{"href":"https:\/\/beurswand2026.webdeveloperz.nl\/de\/wp-json\/wp\/v2\/product\/15264","targetHints":{"allow":["GET"]}}],"collection":[{"href":"https:\/\/beurswand2026.webdeveloperz.nl\/de\/wp-json\/wp\/v2\/product"}],"about":[{"href":"https:\/\/beurswand2026.webdeveloperz.nl\/de\/wp-json\/wp\/v2\/types\/product"}],"replies":[{"embeddable":true,"href":"https:\/\/beurswand2026.webdeveloperz.nl\/de\/wp-json\/wp\/v2\/comments?post=15264"}],"version-history":[{"count":1,"href":"https:\/\/beurswand2026.webdeveloperz.nl\/de\/wp-json\/wp\/v2\/product\/15264\/revisions"}],"predecessor-version":[{"id":15892,"href":"https:\/\/beurswand2026.webdeveloperz.nl\/de\/wp-json\/wp\/v2\/product\/15264\/revisions\/15892"}],"wp:featuredmedia":[{"embeddable":true,"href":"https:\/\/beurswand2026.webdeveloperz.nl\/de\/wp-json\/wp\/v2\/media\/10828"}],"wp:attachment":[{"href":"https:\/\/beurswand2026.webdeveloperz.nl\/de\/wp-json\/wp\/v2\/media?parent=15264"}],"wp:term":[{"taxonomy":"breedte","embeddable":true,"href":"https:\/\/beurswand2026.webdeveloperz.nl\/de\/wp-json\/wp\/v2\/breedte?post=15264"},{"taxonomy":"design-oppervlakte","embeddable":true,"href":"https:\/\/beurswand2026.webdeveloperz.nl\/de\/wp-json\/wp\/v2\/design-oppervlakte?post=15264"},{"taxonomy":"design-opstelling","embeddable":true,"href":"https:\/\/beurswand2026.webdeveloperz.nl\/de\/wp-json\/wp\/v2\/design-opstelling?post=15264"},{"taxonomy":"design-optie","embeddable":true,"href":"https:\/\/beurswand2026.webdeveloperz.nl\/de\/wp-json\/wp\/v2\/design-optie?post=15264"},{"taxonomy":"diepte","embeddable":true,"href":"https:\/\/beurswand2026.webdeveloperz.nl\/de\/wp-json\/wp\/v2\/diepte?post=15264"},{"taxonomy":"oppervlakte","embeddable":true,"href":"https:\/\/beurswand2026.webdeveloperz.nl\/de\/wp-json\/wp\/v2\/oppervlakte?post=15264"},{"taxonomy":"opstelling","embeddable":true,"href":"https:\/\/beurswand2026.webdeveloperz.nl\/de\/wp-json\/wp\/v2\/opstelling?post=15264"},{"taxonomy":"optie","embeddable":true,"href":"https:\/\/beurswand2026.webdeveloperz.nl\/de\/wp-json\/wp\/v2\/optie?post=15264"},{"taxonomy":"pijler","embeddable":true,"href":"https:\/\/beurswand2026.webdeveloperz.nl\/de\/wp-json\/wp\/v2\/pijler?post=15264"},{"taxonomy":"product_brand","embeddable":true,"href":"https:\/\/beurswand2026.webdeveloperz.nl\/de\/wp-json\/wp\/v2\/product_brand?post=15264"},{"taxonomy":"product_cat","embeddable":true,"href":"https:\/\/beurswand2026.webdeveloperz.nl\/de\/wp-json\/wp\/v2\/product_cat?post=15264"},{"taxonomy":"product_tag","embeddable":true,"href":"https:\/\/beurswand2026.webdeveloperz.nl\/de\/wp-json\/wp\/v2\/product_tag?post=15264"}],"curies":[{"name":"wp","href":"https:\/\/api.w.org\/{rel}","templated":true}]}}