{"id":15258,"date":"2023-10-15T07:25:30","date_gmt":"2023-10-15T07:25:30","guid":{"rendered":"https:\/\/beurswand.nl\/product\/beursstand-design-82\/"},"modified":"2025-03-13T09:33:15","modified_gmt":"2025-03-13T09:33:15","slug":"beursstand-design-82","status":"publish","type":"product","link":"https:\/\/beurswand2026.webdeveloperz.nl\/de\/product\/beursstand-design-82\/","title":{"rendered":"Messestand Design 82"},"content":{"rendered":"<p><strong>Messestand Design 82: Ihre perfekte Pr\u00e4sentation<\/strong><\/p>\n<p>Treten Sie ein in die Welt des ultimativen Messestanddesigns mit Exhibition Stand Design 82. Mit einer gro\u00dfz\u00fcgigen Gr\u00f6\u00dfe von \u00fcber 30 m2 ist Ihnen ein beeindruckender Auftritt garantiert. Dieses Modell wird als Kopfstand geliefert, so dass Sie f\u00fcr Ihre Besucher von drei Seiten sichtbar sind \u2013 der perfekte Ort, um Ihre Marke zu pr\u00e4sentieren.  <\/p>\n<p>M\u00f6chten Sie Ihre G\u00e4ste mit einer k\u00f6stlichen Tasse Kaffee oder einem erfrischenden Getr\u00e4nk verw\u00f6hnen? Unsere integrierte Speisekammer macht dies m\u00f6glich. Dar\u00fcber hinaus sorgt der Doppelboden nicht nur f\u00fcr ein luxuri\u00f6ses Aussehen, sondern auch f\u00fcr ein einfaches Kabelmanagement und eine stabile Basis f\u00fcr Ihre Pr\u00e4sentationen.  <\/p>\n<p>Dies ist nur ein Beispiel. Wir k\u00f6nnen Design 82 ganz nach Ihren W\u00fcnschen anpassen! Neugierig auf die M\u00f6glichkeiten? F\u00fcllen Sie das Kontaktformular unten aus und lassen Sie sich von den M\u00f6glichkeiten \u00fcberraschen.   <\/p>\n","protected":false},"excerpt":{"rendered":"<p>Messestand Design 82: Ihre perfekte Pr\u00e4sentation Treten Sie ein in die Welt des ultimativen Messestanddesigns mit Exhibition Stand Design 82. Mit einer gro\u00dfz\u00fcgigen Gr\u00f6\u00dfe von \u00fcber 30 m2 ist Ihnen ein beeindruckender Auftritt garantiert. Dieses Modell wird als Kopfstand geliefert, so dass Sie f\u00fcr Ihre Besucher von drei Seiten sichtbar sind \u2013 der perfekte Ort, [&hellip;]<\/p>\n","protected":false},"featured_media":11987,"comment_status":"closed","ping_status":"open","template":"","meta":{"_acf_changed":false,"site-sidebar-layout":"default","site-content-layout":"","ast-site-content-layout":"default","site-content-style":"default","site-sidebar-style":"default","ast-global-header-display":"","ast-banner-title-visibility":"","ast-main-header-display":"","ast-hfb-above-header-display":"","ast-hfb-below-header-display":"","ast-hfb-mobile-header-display":"","site-post-title":"","ast-breadcrumbs-content":"","ast-featured-img":"","footer-sml-layout":"","ast-disable-related-posts":"","theme-transparent-header-meta":"","adv-header-id-meta":"","stick-header-meta":"","header-above-stick-meta":"","header-main-stick-meta":"","header-below-stick-meta":"","astra-migrate-meta-layouts":"default","ast-page-background-enabled":"default","ast-page-background-meta":{"desktop":{"background-color":"","background-image":"","background-repeat":"repeat","background-position":"center center","background-size":"auto","background-attachment":"scroll","background-type":"","background-media":"","overlay-type":"","overlay-color":"","overlay-opacity":"","overlay-gradient":""},"tablet":{"background-color":"","background-image":"","background-repeat":"repeat","background-position":"center center","background-size":"auto","background-attachment":"scroll","background-type":"","background-media":"","overlay-type":"","overlay-color":"","overlay-opacity":"","overlay-gradient":""},"mobile":{"background-color":"","background-image":"","background-repeat":"repeat","background-position":"center center","background-size":"auto","background-attachment":"scroll","background-type":"","background-media":"","overlay-type":"","overlay-color":"","overlay-opacity":"","overlay-gradient":""}},"ast-content-background-meta":{"desktop":{"background-color":"var(--ast-global-color-5)","background-image":"","background-repeat":"repeat","background-position":"center center","background-size":"auto","background-attachment":"scroll","background-type":"","background-media":"","overlay-type":"","overlay-color":"","overlay-opacity":"","overlay-gradient":""},"tablet":{"background-color":"var(--ast-global-color-5)","background-image":"","background-repeat":"repeat","background-position":"center center","background-size":"auto","background-attachment":"scroll","background-type":"","background-media":"","overlay-type":"","overlay-color":"","overlay-opacity":"","overlay-gradient":""},"mobile":{"background-color":"var(--ast-global-color-5)","background-image":"","background-repeat":"repeat","background-position":"center center","background-size":"auto","background-attachment":"scroll","background-type":"","background-media":"","overlay-type":"","overlay-color":"","overlay-opacity":"","overlay-gradient":""}}},"breedte":[],"design-oppervlakte":[379],"design-opstelling":[369],"design-optie":[415,381],"diepte":[],"oppervlakte":[],"opstelling":[],"optie":[],"pijler":[],"product_brand":[],"product_cat":[384,371,417,372,375,374,373,383],"product_tag":[],"class_list":{"0":"post-15258","1":"product","2":"type-product","3":"status-publish","4":"has-post-thumbnail","6":"design-oppervlakte-25-40-m2-de","7":"design-opstelling-kopfstand","8":"design-optie-erhohter-boden","9":"design-optie-speisekammer","10":"product_cat-25-40-m2-de","11":"product_cat-entwurf","12":"product_cat-erhohter-boden","13":"product_cat-flache","14":"product_cat-kopfstand","15":"product_cat-messestand-typ","16":"product_cat-optionen","17":"product_cat-speisekammer","18":"desktop-align-left","19":"tablet-align-left","20":"mobile-align-left","22":"first","23":"instock","24":"shipping-taxable","25":"product-type-simple"},"acf":[],"_links":{"self":[{"href":"https:\/\/beurswand2026.webdeveloperz.nl\/de\/wp-json\/wp\/v2\/product\/15258","targetHints":{"allow":["GET"]}}],"collection":[{"href":"https:\/\/beurswand2026.webdeveloperz.nl\/de\/wp-json\/wp\/v2\/product"}],"about":[{"href":"https:\/\/beurswand2026.webdeveloperz.nl\/de\/wp-json\/wp\/v2\/types\/product"}],"replies":[{"embeddable":true,"href":"https:\/\/beurswand2026.webdeveloperz.nl\/de\/wp-json\/wp\/v2\/comments?post=15258"}],"version-history":[{"count":1,"href":"https:\/\/beurswand2026.webdeveloperz.nl\/de\/wp-json\/wp\/v2\/product\/15258\/revisions"}],"predecessor-version":[{"id":15820,"href":"https:\/\/beurswand2026.webdeveloperz.nl\/de\/wp-json\/wp\/v2\/product\/15258\/revisions\/15820"}],"wp:featuredmedia":[{"embeddable":true,"href":"https:\/\/beurswand2026.webdeveloperz.nl\/de\/wp-json\/wp\/v2\/media\/11987"}],"wp:attachment":[{"href":"https:\/\/beurswand2026.webdeveloperz.nl\/de\/wp-json\/wp\/v2\/media?parent=15258"}],"wp:term":[{"taxonomy":"breedte","embeddable":true,"href":"https:\/\/beurswand2026.webdeveloperz.nl\/de\/wp-json\/wp\/v2\/breedte?post=15258"},{"taxonomy":"design-oppervlakte","embeddable":true,"href":"https:\/\/beurswand2026.webdeveloperz.nl\/de\/wp-json\/wp\/v2\/design-oppervlakte?post=15258"},{"taxonomy":"design-opstelling","embeddable":true,"href":"https:\/\/beurswand2026.webdeveloperz.nl\/de\/wp-json\/wp\/v2\/design-opstelling?post=15258"},{"taxonomy":"design-optie","embeddable":true,"href":"https:\/\/beurswand2026.webdeveloperz.nl\/de\/wp-json\/wp\/v2\/design-optie?post=15258"},{"taxonomy":"diepte","embeddable":true,"href":"https:\/\/beurswand2026.webdeveloperz.nl\/de\/wp-json\/wp\/v2\/diepte?post=15258"},{"taxonomy":"oppervlakte","embeddable":true,"href":"https:\/\/beurswand2026.webdeveloperz.nl\/de\/wp-json\/wp\/v2\/oppervlakte?post=15258"},{"taxonomy":"opstelling","embeddable":true,"href":"https:\/\/beurswand2026.webdeveloperz.nl\/de\/wp-json\/wp\/v2\/opstelling?post=15258"},{"taxonomy":"optie","embeddable":true,"href":"https:\/\/beurswand2026.webdeveloperz.nl\/de\/wp-json\/wp\/v2\/optie?post=15258"},{"taxonomy":"pijler","embeddable":true,"href":"https:\/\/beurswand2026.webdeveloperz.nl\/de\/wp-json\/wp\/v2\/pijler?post=15258"},{"taxonomy":"product_brand","embeddable":true,"href":"https:\/\/beurswand2026.webdeveloperz.nl\/de\/wp-json\/wp\/v2\/product_brand?post=15258"},{"taxonomy":"product_cat","embeddable":true,"href":"https:\/\/beurswand2026.webdeveloperz.nl\/de\/wp-json\/wp\/v2\/product_cat?post=15258"},{"taxonomy":"product_tag","embeddable":true,"href":"https:\/\/beurswand2026.webdeveloperz.nl\/de\/wp-json\/wp\/v2\/product_tag?post=15258"}],"curies":[{"name":"wp","href":"https:\/\/api.w.org\/{rel}","templated":true}]}}