{"id":15243,"date":"2023-10-15T07:27:52","date_gmt":"2023-10-15T07:27:52","guid":{"rendered":"https:\/\/beurswand.nl\/product\/beursstand-design-85\/"},"modified":"2025-03-13T09:33:14","modified_gmt":"2025-03-13T09:33:14","slug":"beursstand-design-85","status":"publish","type":"product","link":"https:\/\/beurswand2026.webdeveloperz.nl\/de\/product\/beursstand-design-85\/","title":{"rendered":"Messestand Design 85"},"content":{"rendered":"<p><strong>Einzigartiges Messestanddesign 85 \u2013 Machen Sie auf jeder Messe Eindruck!<\/strong>  <\/p>\n<p>Sind Sie bereit, sich abzuheben? Unser exklusiver Messestand Design 85 ist die L\u00f6sung f\u00fcr alle, die ihre Marke auf die n\u00e4chste Stufe heben wollen. Mit einer gro\u00dfz\u00fcgigen Gr\u00f6\u00dfe von \u00fcber 60 m\u00b2 haben Sie viel Platz, um Ihre Besucher zu empfangen. Dieser Kopfstand sorgt f\u00fcr maximale Sichtbarkeit und bietet Zugang von drei Seiten.   <\/p>\n<p>Aber es gibt noch mehr! Ob Sie mit Ihren Kunden an Ihrer eigenen Bar ansto\u00dfen, Ihre G\u00e4ste von Ihrer Speisekammer aus verw\u00f6hnen oder einfach nur Ihre Produkte mit unserer Traversenoption hervorheben m\u00f6chten \u2013 alles ist m\u00f6glich. Der Doppelboden bietet nicht nur ein luxuri\u00f6ses Aussehen, sondern auch praktische Vorteile.  <\/p>\n<p>Dies ist nur ein Beispiel; wir passen das Design gerne an Ihre individuellen Anforderungen an. Neugierig geworden? Fordern Sie jetzt weitere Informationen \u00fcber das Kontaktformular unten an. Lassen Sie die n\u00e4chste Messe Ihre B\u00fchne sein!   <\/p>\n","protected":false},"excerpt":{"rendered":"<p>Einzigartiges Messestanddesign 85 \u2013 Machen Sie auf jeder Messe Eindruck! Sind Sie bereit, sich abzuheben? Unser exklusiver Messestand Design 85 ist die L\u00f6sung f\u00fcr alle, die ihre Marke auf die n\u00e4chste Stufe heben wollen. Mit einer gro\u00dfz\u00fcgigen Gr\u00f6\u00dfe von \u00fcber 60 m\u00b2 haben Sie viel Platz, um Ihre Besucher zu empfangen. Dieser Kopfstand sorgt f\u00fcr [&hellip;]<\/p>\n","protected":false},"featured_media":12043,"comment_status":"closed","ping_status":"open","template":"","meta":{"_acf_changed":false,"site-sidebar-layout":"default","site-content-layout":"","ast-site-content-layout":"default","site-content-style":"default","site-sidebar-style":"default","ast-global-header-display":"","ast-banner-title-visibility":"","ast-main-header-display":"","ast-hfb-above-header-display":"","ast-hfb-below-header-display":"","ast-hfb-mobile-header-display":"","site-post-title":"","ast-breadcrumbs-content":"","ast-featured-img":"","footer-sml-layout":"","ast-disable-related-posts":"","theme-transparent-header-meta":"","adv-header-id-meta":"","stick-header-meta":"","header-above-stick-meta":"","header-main-stick-meta":"","header-below-stick-meta":"","astra-migrate-meta-layouts":"default","ast-page-background-enabled":"default","ast-page-background-meta":{"desktop":{"background-color":"","background-image":"","background-repeat":"repeat","background-position":"center center","background-size":"auto","background-attachment":"scroll","background-type":"","background-media":"","overlay-type":"","overlay-color":"","overlay-opacity":"","overlay-gradient":""},"tablet":{"background-color":"","background-image":"","background-repeat":"repeat","background-position":"center center","background-size":"auto","background-attachment":"scroll","background-type":"","background-media":"","overlay-type":"","overlay-color":"","overlay-opacity":"","overlay-gradient":""},"mobile":{"background-color":"","background-image":"","background-repeat":"repeat","background-position":"center center","background-size":"auto","background-attachment":"scroll","background-type":"","background-media":"","overlay-type":"","overlay-color":"","overlay-opacity":"","overlay-gradient":""}},"ast-content-background-meta":{"desktop":{"background-color":"var(--ast-global-color-5)","background-image":"","background-repeat":"repeat","background-position":"center center","background-size":"auto","background-attachment":"scroll","background-type":"","background-media":"","overlay-type":"","overlay-color":"","overlay-opacity":"","overlay-gradient":""},"tablet":{"background-color":"var(--ast-global-color-5)","background-image":"","background-repeat":"repeat","background-position":"center center","background-size":"auto","background-attachment":"scroll","background-type":"","background-media":"","overlay-type":"","overlay-color":"","overlay-opacity":"","overlay-gradient":""},"mobile":{"background-color":"var(--ast-global-color-5)","background-image":"","background-repeat":"repeat","background-position":"center center","background-size":"auto","background-attachment":"scroll","background-type":"","background-media":"","overlay-type":"","overlay-color":"","overlay-opacity":"","overlay-gradient":""}}},"breedte":[],"design-oppervlakte":[430],"design-opstelling":[369],"design-optie":[449,415,448,381],"diepte":[],"oppervlakte":[],"opstelling":[],"optie":[],"pijler":[],"product_brand":[],"product_cat":[431,451,371,417,450,372,375,374,373,383],"product_tag":[],"class_list":{"0":"post-15243","1":"product","2":"type-product","3":"status-publish","4":"has-post-thumbnail","6":"design-oppervlakte-40-m2-und-groser","7":"design-opstelling-kopfstand","8":"design-optie-bar-de","9":"design-optie-erhohter-boden","10":"design-optie-fachwerk","11":"design-optie-speisekammer","12":"product_cat-40-m2-und-groser","13":"product_cat-bar-de","14":"product_cat-entwurf","15":"product_cat-erhohter-boden","16":"product_cat-fachwerk","17":"product_cat-flache","18":"product_cat-kopfstand","19":"product_cat-messestand-typ","20":"product_cat-optionen","21":"product_cat-speisekammer","22":"desktop-align-left","23":"tablet-align-left","24":"mobile-align-left","26":"first","27":"instock","28":"shipping-taxable","29":"product-type-simple"},"acf":[],"_links":{"self":[{"href":"https:\/\/beurswand2026.webdeveloperz.nl\/de\/wp-json\/wp\/v2\/product\/15243","targetHints":{"allow":["GET"]}}],"collection":[{"href":"https:\/\/beurswand2026.webdeveloperz.nl\/de\/wp-json\/wp\/v2\/product"}],"about":[{"href":"https:\/\/beurswand2026.webdeveloperz.nl\/de\/wp-json\/wp\/v2\/types\/product"}],"replies":[{"embeddable":true,"href":"https:\/\/beurswand2026.webdeveloperz.nl\/de\/wp-json\/wp\/v2\/comments?post=15243"}],"version-history":[{"count":1,"href":"https:\/\/beurswand2026.webdeveloperz.nl\/de\/wp-json\/wp\/v2\/product\/15243\/revisions"}],"predecessor-version":[{"id":15817,"href":"https:\/\/beurswand2026.webdeveloperz.nl\/de\/wp-json\/wp\/v2\/product\/15243\/revisions\/15817"}],"wp:featuredmedia":[{"embeddable":true,"href":"https:\/\/beurswand2026.webdeveloperz.nl\/de\/wp-json\/wp\/v2\/media\/12043"}],"wp:attachment":[{"href":"https:\/\/beurswand2026.webdeveloperz.nl\/de\/wp-json\/wp\/v2\/media?parent=15243"}],"wp:term":[{"taxonomy":"breedte","embeddable":true,"href":"https:\/\/beurswand2026.webdeveloperz.nl\/de\/wp-json\/wp\/v2\/breedte?post=15243"},{"taxonomy":"design-oppervlakte","embeddable":true,"href":"https:\/\/beurswand2026.webdeveloperz.nl\/de\/wp-json\/wp\/v2\/design-oppervlakte?post=15243"},{"taxonomy":"design-opstelling","embeddable":true,"href":"https:\/\/beurswand2026.webdeveloperz.nl\/de\/wp-json\/wp\/v2\/design-opstelling?post=15243"},{"taxonomy":"design-optie","embeddable":true,"href":"https:\/\/beurswand2026.webdeveloperz.nl\/de\/wp-json\/wp\/v2\/design-optie?post=15243"},{"taxonomy":"diepte","embeddable":true,"href":"https:\/\/beurswand2026.webdeveloperz.nl\/de\/wp-json\/wp\/v2\/diepte?post=15243"},{"taxonomy":"oppervlakte","embeddable":true,"href":"https:\/\/beurswand2026.webdeveloperz.nl\/de\/wp-json\/wp\/v2\/oppervlakte?post=15243"},{"taxonomy":"opstelling","embeddable":true,"href":"https:\/\/beurswand2026.webdeveloperz.nl\/de\/wp-json\/wp\/v2\/opstelling?post=15243"},{"taxonomy":"optie","embeddable":true,"href":"https:\/\/beurswand2026.webdeveloperz.nl\/de\/wp-json\/wp\/v2\/optie?post=15243"},{"taxonomy":"pijler","embeddable":true,"href":"https:\/\/beurswand2026.webdeveloperz.nl\/de\/wp-json\/wp\/v2\/pijler?post=15243"},{"taxonomy":"product_brand","embeddable":true,"href":"https:\/\/beurswand2026.webdeveloperz.nl\/de\/wp-json\/wp\/v2\/product_brand?post=15243"},{"taxonomy":"product_cat","embeddable":true,"href":"https:\/\/beurswand2026.webdeveloperz.nl\/de\/wp-json\/wp\/v2\/product_cat?post=15243"},{"taxonomy":"product_tag","embeddable":true,"href":"https:\/\/beurswand2026.webdeveloperz.nl\/de\/wp-json\/wp\/v2\/product_tag?post=15243"}],"curies":[{"name":"wp","href":"https:\/\/api.w.org\/{rel}","templated":true}]}}