{"id":15242,"date":"2023-10-15T07:26:59","date_gmt":"2023-10-15T07:26:59","guid":{"rendered":"https:\/\/beurswand.nl\/product\/beursstand-design-84\/"},"modified":"2025-03-13T09:33:14","modified_gmt":"2025-03-13T09:33:14","slug":"beursstand-design-84","status":"publish","type":"product","link":"https:\/\/beurswand2026.webdeveloperz.nl\/de\/product\/beursstand-design-84\/","title":{"rendered":"Messestand Design 84"},"content":{"rendered":"<p><strong>Einzigartiges Messestand-Design 84 \u2013 Ein auff\u00e4lliger Blickfang!<\/strong> \u2728<\/p>\n<p>Sie suchen einen Messestand, der wirklich beeindruckt? Mit dem Messestand Design 84 ist Ihnen eine prominente Pr\u00e4senz garantiert! Mit einer gro\u00dfz\u00fcgigen Gr\u00f6\u00dfe von mehr als 72 m2 und der Art eines Kopfstandes sind Sie aus drei verschiedenen Richtungen sichtbar.  <\/p>\n<p>\u2705 <strong>Gem\u00fctliche Bar<\/strong>: Perfekt f\u00fcr Networking-Momente oder informelle Gespr\u00e4che. \u2705 <strong>Schillernde LED-Wand<\/strong>: Garantiert visuelle Wirkung und lockt Besucher an. \u2705 <strong>Stabile Traverse<\/strong>: Ideal zum Aufh\u00e4ngen von Beleuchtung oder Werbematerial. \u2705 <strong>Erh\u00f6hter Boden<\/strong>: Bietet ein luxuri\u00f6ses Aussehen und erleichtert das Kabelmanagement. \u2705 <strong>Bequeme Speisekammer<\/strong>: Damit Ihr Team tags\u00fcber alle Annehmlichkeiten hat.    <\/p>\n<p>Dies ist nur ein Beispiel; wir passen das Design gerne an Ihre W\u00fcnsche und Bed\u00fcrfnisse an. Neugierig auf die M\u00f6glichkeiten? Fordern Sie jetzt weitere Informationen \u00fcber das Kontaktformular unten an. Nutzen Sie diese Gelegenheit, um auf der Messe zu gl\u00e4nzen!   <\/p>\n","protected":false},"excerpt":{"rendered":"<p>Einzigartiges Messestand-Design 84 \u2013 Ein auff\u00e4lliger Blickfang! \u2728 Sie suchen einen Messestand, der wirklich beeindruckt? Mit dem Messestand Design 84 ist Ihnen eine prominente Pr\u00e4senz garantiert! Mit einer gro\u00dfz\u00fcgigen Gr\u00f6\u00dfe von mehr als 72 m2 und der Art eines Kopfstandes sind Sie aus drei verschiedenen Richtungen sichtbar. \u2705 Gem\u00fctliche Bar: Perfekt f\u00fcr Networking-Momente oder informelle [&hellip;]<\/p>\n","protected":false},"featured_media":12021,"comment_status":"closed","ping_status":"open","template":"","meta":{"_acf_changed":false,"site-sidebar-layout":"default","site-content-layout":"","ast-site-content-layout":"default","site-content-style":"default","site-sidebar-style":"default","ast-global-header-display":"","ast-banner-title-visibility":"","ast-main-header-display":"","ast-hfb-above-header-display":"","ast-hfb-below-header-display":"","ast-hfb-mobile-header-display":"","site-post-title":"","ast-breadcrumbs-content":"","ast-featured-img":"","footer-sml-layout":"","ast-disable-related-posts":"","theme-transparent-header-meta":"","adv-header-id-meta":"","stick-header-meta":"","header-above-stick-meta":"","header-main-stick-meta":"","header-below-stick-meta":"","astra-migrate-meta-layouts":"default","ast-page-background-enabled":"default","ast-page-background-meta":{"desktop":{"background-color":"","background-image":"","background-repeat":"repeat","background-position":"center center","background-size":"auto","background-attachment":"scroll","background-type":"","background-media":"","overlay-type":"","overlay-color":"","overlay-opacity":"","overlay-gradient":""},"tablet":{"background-color":"","background-image":"","background-repeat":"repeat","background-position":"center center","background-size":"auto","background-attachment":"scroll","background-type":"","background-media":"","overlay-type":"","overlay-color":"","overlay-opacity":"","overlay-gradient":""},"mobile":{"background-color":"","background-image":"","background-repeat":"repeat","background-position":"center center","background-size":"auto","background-attachment":"scroll","background-type":"","background-media":"","overlay-type":"","overlay-color":"","overlay-opacity":"","overlay-gradient":""}},"ast-content-background-meta":{"desktop":{"background-color":"var(--ast-global-color-5)","background-image":"","background-repeat":"repeat","background-position":"center center","background-size":"auto","background-attachment":"scroll","background-type":"","background-media":"","overlay-type":"","overlay-color":"","overlay-opacity":"","overlay-gradient":""},"tablet":{"background-color":"var(--ast-global-color-5)","background-image":"","background-repeat":"repeat","background-position":"center center","background-size":"auto","background-attachment":"scroll","background-type":"","background-media":"","overlay-type":"","overlay-color":"","overlay-opacity":"","overlay-gradient":""},"mobile":{"background-color":"var(--ast-global-color-5)","background-image":"","background-repeat":"repeat","background-position":"center center","background-size":"auto","background-attachment":"scroll","background-type":"","background-media":"","overlay-type":"","overlay-color":"","overlay-opacity":"","overlay-gradient":""}}},"breedte":[],"design-oppervlakte":[430],"design-opstelling":[369],"design-optie":[449,415,448,418,381],"diepte":[],"oppervlakte":[],"opstelling":[],"optie":[],"pijler":[],"product_brand":[],"product_cat":[431,451,371,417,450,372,375,419,374,373,383],"product_tag":[],"class_list":{"0":"post-15242","1":"product","2":"type-product","3":"status-publish","4":"has-post-thumbnail","6":"design-oppervlakte-40-m2-und-groser","7":"design-opstelling-kopfstand","8":"design-optie-bar-de","9":"design-optie-erhohter-boden","10":"design-optie-fachwerk","11":"design-optie-led-wand-de","12":"design-optie-speisekammer","13":"product_cat-40-m2-und-groser","14":"product_cat-bar-de","15":"product_cat-entwurf","16":"product_cat-erhohter-boden","17":"product_cat-fachwerk","18":"product_cat-flache","19":"product_cat-kopfstand","20":"product_cat-led-wand-de","21":"product_cat-messestand-typ","22":"product_cat-optionen","23":"product_cat-speisekammer","24":"desktop-align-left","25":"tablet-align-left","26":"mobile-align-left","28":"first","29":"instock","30":"shipping-taxable","31":"product-type-simple"},"acf":[],"_links":{"self":[{"href":"https:\/\/beurswand2026.webdeveloperz.nl\/de\/wp-json\/wp\/v2\/product\/15242","targetHints":{"allow":["GET"]}}],"collection":[{"href":"https:\/\/beurswand2026.webdeveloperz.nl\/de\/wp-json\/wp\/v2\/product"}],"about":[{"href":"https:\/\/beurswand2026.webdeveloperz.nl\/de\/wp-json\/wp\/v2\/types\/product"}],"replies":[{"embeddable":true,"href":"https:\/\/beurswand2026.webdeveloperz.nl\/de\/wp-json\/wp\/v2\/comments?post=15242"}],"version-history":[{"count":1,"href":"https:\/\/beurswand2026.webdeveloperz.nl\/de\/wp-json\/wp\/v2\/product\/15242\/revisions"}],"predecessor-version":[{"id":15818,"href":"https:\/\/beurswand2026.webdeveloperz.nl\/de\/wp-json\/wp\/v2\/product\/15242\/revisions\/15818"}],"wp:featuredmedia":[{"embeddable":true,"href":"https:\/\/beurswand2026.webdeveloperz.nl\/de\/wp-json\/wp\/v2\/media\/12021"}],"wp:attachment":[{"href":"https:\/\/beurswand2026.webdeveloperz.nl\/de\/wp-json\/wp\/v2\/media?parent=15242"}],"wp:term":[{"taxonomy":"breedte","embeddable":true,"href":"https:\/\/beurswand2026.webdeveloperz.nl\/de\/wp-json\/wp\/v2\/breedte?post=15242"},{"taxonomy":"design-oppervlakte","embeddable":true,"href":"https:\/\/beurswand2026.webdeveloperz.nl\/de\/wp-json\/wp\/v2\/design-oppervlakte?post=15242"},{"taxonomy":"design-opstelling","embeddable":true,"href":"https:\/\/beurswand2026.webdeveloperz.nl\/de\/wp-json\/wp\/v2\/design-opstelling?post=15242"},{"taxonomy":"design-optie","embeddable":true,"href":"https:\/\/beurswand2026.webdeveloperz.nl\/de\/wp-json\/wp\/v2\/design-optie?post=15242"},{"taxonomy":"diepte","embeddable":true,"href":"https:\/\/beurswand2026.webdeveloperz.nl\/de\/wp-json\/wp\/v2\/diepte?post=15242"},{"taxonomy":"oppervlakte","embeddable":true,"href":"https:\/\/beurswand2026.webdeveloperz.nl\/de\/wp-json\/wp\/v2\/oppervlakte?post=15242"},{"taxonomy":"opstelling","embeddable":true,"href":"https:\/\/beurswand2026.webdeveloperz.nl\/de\/wp-json\/wp\/v2\/opstelling?post=15242"},{"taxonomy":"optie","embeddable":true,"href":"https:\/\/beurswand2026.webdeveloperz.nl\/de\/wp-json\/wp\/v2\/optie?post=15242"},{"taxonomy":"pijler","embeddable":true,"href":"https:\/\/beurswand2026.webdeveloperz.nl\/de\/wp-json\/wp\/v2\/pijler?post=15242"},{"taxonomy":"product_brand","embeddable":true,"href":"https:\/\/beurswand2026.webdeveloperz.nl\/de\/wp-json\/wp\/v2\/product_brand?post=15242"},{"taxonomy":"product_cat","embeddable":true,"href":"https:\/\/beurswand2026.webdeveloperz.nl\/de\/wp-json\/wp\/v2\/product_cat?post=15242"},{"taxonomy":"product_tag","embeddable":true,"href":"https:\/\/beurswand2026.webdeveloperz.nl\/de\/wp-json\/wp\/v2\/product_tag?post=15242"}],"curies":[{"name":"wp","href":"https:\/\/api.w.org\/{rel}","templated":true}]}}