{"id":15222,"date":"2023-10-15T08:02:50","date_gmt":"2023-10-15T08:02:50","guid":{"rendered":"https:\/\/beurswand.nl\/product\/beursstand-design-97\/"},"modified":"2025-03-13T09:33:09","modified_gmt":"2025-03-13T09:33:09","slug":"beursstand-design-97","status":"publish","type":"product","link":"https:\/\/beurswand2026.webdeveloperz.nl\/de\/product\/beursstand-design-97\/","title":{"rendered":"Messestand Design 97"},"content":{"rendered":"<p><strong>Exklusives Messestand-Design 97: Machen Sie Eindruck und strahlen Sie Professionalit\u00e4t aus!<\/strong>  <\/p>\n<p>Entdecken Sie unser neuestes Messestanddesign, perfekt f\u00fcr alle, die einen unvergesslichen Eindruck hinterlassen m\u00f6chten. Mit einer gro\u00dfz\u00fcgigen Gr\u00f6\u00dfe von \u00fcber 12 m\u00b2 bietet Design 97 viel Platz, um Ihre Marke ins Rampenlicht zu stellen. <\/p>\n<p><strong>Einzigartige Merkmale:<\/strong><\/p>\n<ul>\n<li><strong>Typ:<\/strong> Eckst\u00e4nder \u2013 maximieren Sie Ihre Sichtbarkeit aus mehreren Richtungen.<\/li>\n<li><strong>LED-Wand:<\/strong> Lassen Sie Ihre Botschaft mit unserer hellen LED-Beleuchtung erstrahlen, damit Ihre Pr\u00e4sentation wirklich hervorsticht.<\/li>\n<li><strong>Schreibtisch:<\/strong> Ein stilvoller und funktioneller Schreibtisch f\u00fcr Interaktionen und Produktpr\u00e4sentationen.<\/li>\n<li><strong>Vorratskammer:<\/strong> Perfekt f\u00fcr die Lagerung oder zum Servieren von Getr\u00e4nken an potenzielle Kunden.<\/li>\n<\/ul>\n<p>Dies ist nur ein Beispiel; wir passen das Design gerne an Ihre speziellen Bed\u00fcrfnisse an! Sind Sie neugierig geworden? Dann fordern Sie jetzt \u00fcber das untenstehende Kontaktformular weitere Informationen an. Verpassen Sie nicht die Chance, auf Ihrer n\u00e4chsten Messe aufzufallen!   <\/p>\n","protected":false},"excerpt":{"rendered":"<p>Exklusives Messestand-Design 97: Machen Sie Eindruck und strahlen Sie Professionalit\u00e4t aus! Entdecken Sie unser neuestes Messestanddesign, perfekt f\u00fcr alle, die einen unvergesslichen Eindruck hinterlassen m\u00f6chten. Mit einer gro\u00dfz\u00fcgigen Gr\u00f6\u00dfe von \u00fcber 12 m\u00b2 bietet Design 97 viel Platz, um Ihre Marke ins Rampenlicht zu stellen. Einzigartige Merkmale: Typ: Eckst\u00e4nder \u2013 maximieren Sie Ihre Sichtbarkeit aus [&hellip;]<\/p>\n","protected":false},"featured_media":12292,"comment_status":"closed","ping_status":"open","template":"","meta":{"_acf_changed":false,"site-sidebar-layout":"default","site-content-layout":"","ast-site-content-layout":"default","site-content-style":"default","site-sidebar-style":"default","ast-global-header-display":"","ast-banner-title-visibility":"","ast-main-header-display":"","ast-hfb-above-header-display":"","ast-hfb-below-header-display":"","ast-hfb-mobile-header-display":"","site-post-title":"","ast-breadcrumbs-content":"","ast-featured-img":"","footer-sml-layout":"","ast-disable-related-posts":"","theme-transparent-header-meta":"","adv-header-id-meta":"","stick-header-meta":"","header-above-stick-meta":"","header-main-stick-meta":"","header-below-stick-meta":"","astra-migrate-meta-layouts":"default","ast-page-background-enabled":"default","ast-page-background-meta":{"desktop":{"background-color":"","background-image":"","background-repeat":"repeat","background-position":"center center","background-size":"auto","background-attachment":"scroll","background-type":"","background-media":"","overlay-type":"","overlay-color":"","overlay-opacity":"","overlay-gradient":""},"tablet":{"background-color":"","background-image":"","background-repeat":"repeat","background-position":"center center","background-size":"auto","background-attachment":"scroll","background-type":"","background-media":"","overlay-type":"","overlay-color":"","overlay-opacity":"","overlay-gradient":""},"mobile":{"background-color":"","background-image":"","background-repeat":"repeat","background-position":"center center","background-size":"auto","background-attachment":"scroll","background-type":"","background-media":"","overlay-type":"","overlay-color":"","overlay-opacity":"","overlay-gradient":""}},"ast-content-background-meta":{"desktop":{"background-color":"var(--ast-global-color-5)","background-image":"","background-repeat":"repeat","background-position":"center center","background-size":"auto","background-attachment":"scroll","background-type":"","background-media":"","overlay-type":"","overlay-color":"","overlay-opacity":"","overlay-gradient":""},"tablet":{"background-color":"var(--ast-global-color-5)","background-image":"","background-repeat":"repeat","background-position":"center center","background-size":"auto","background-attachment":"scroll","background-type":"","background-media":"","overlay-type":"","overlay-color":"","overlay-opacity":"","overlay-gradient":""},"mobile":{"background-color":"var(--ast-global-color-5)","background-image":"","background-repeat":"repeat","background-position":"center center","background-size":"auto","background-attachment":"scroll","background-type":"","background-media":"","overlay-type":"","overlay-color":"","overlay-opacity":"","overlay-gradient":""}}},"breedte":[],"design-oppervlakte":[368],"design-opstelling":[414],"design-optie":[418,380,381],"diepte":[],"oppervlakte":[],"opstelling":[],"optie":[],"pijler":[],"product_brand":[],"product_cat":[376,416,371,372,419,374,373,382,383],"product_tag":[],"class_list":{"0":"post-15222","1":"product","2":"type-product","3":"status-publish","4":"has-post-thumbnail","6":"design-oppervlakte-1-24-m2-de","7":"design-opstelling-eckstand","8":"design-optie-led-wand-de","9":"design-optie-schreibtisch","10":"design-optie-speisekammer","11":"product_cat-1-24-m2-de","12":"product_cat-eckstand","13":"product_cat-entwurf","14":"product_cat-flache","15":"product_cat-led-wand-de","16":"product_cat-messestand-typ","17":"product_cat-optionen","18":"product_cat-schreibtisch","19":"product_cat-speisekammer","20":"desktop-align-left","21":"tablet-align-left","22":"mobile-align-left","24":"first","25":"instock","26":"shipping-taxable","27":"product-type-simple"},"acf":[],"_links":{"self":[{"href":"https:\/\/beurswand2026.webdeveloperz.nl\/de\/wp-json\/wp\/v2\/product\/15222","targetHints":{"allow":["GET"]}}],"collection":[{"href":"https:\/\/beurswand2026.webdeveloperz.nl\/de\/wp-json\/wp\/v2\/product"}],"about":[{"href":"https:\/\/beurswand2026.webdeveloperz.nl\/de\/wp-json\/wp\/v2\/types\/product"}],"replies":[{"embeddable":true,"href":"https:\/\/beurswand2026.webdeveloperz.nl\/de\/wp-json\/wp\/v2\/comments?post=15222"}],"version-history":[{"count":1,"href":"https:\/\/beurswand2026.webdeveloperz.nl\/de\/wp-json\/wp\/v2\/product\/15222\/revisions"}],"predecessor-version":[{"id":15805,"href":"https:\/\/beurswand2026.webdeveloperz.nl\/de\/wp-json\/wp\/v2\/product\/15222\/revisions\/15805"}],"wp:featuredmedia":[{"embeddable":true,"href":"https:\/\/beurswand2026.webdeveloperz.nl\/de\/wp-json\/wp\/v2\/media\/12292"}],"wp:attachment":[{"href":"https:\/\/beurswand2026.webdeveloperz.nl\/de\/wp-json\/wp\/v2\/media?parent=15222"}],"wp:term":[{"taxonomy":"breedte","embeddable":true,"href":"https:\/\/beurswand2026.webdeveloperz.nl\/de\/wp-json\/wp\/v2\/breedte?post=15222"},{"taxonomy":"design-oppervlakte","embeddable":true,"href":"https:\/\/beurswand2026.webdeveloperz.nl\/de\/wp-json\/wp\/v2\/design-oppervlakte?post=15222"},{"taxonomy":"design-opstelling","embeddable":true,"href":"https:\/\/beurswand2026.webdeveloperz.nl\/de\/wp-json\/wp\/v2\/design-opstelling?post=15222"},{"taxonomy":"design-optie","embeddable":true,"href":"https:\/\/beurswand2026.webdeveloperz.nl\/de\/wp-json\/wp\/v2\/design-optie?post=15222"},{"taxonomy":"diepte","embeddable":true,"href":"https:\/\/beurswand2026.webdeveloperz.nl\/de\/wp-json\/wp\/v2\/diepte?post=15222"},{"taxonomy":"oppervlakte","embeddable":true,"href":"https:\/\/beurswand2026.webdeveloperz.nl\/de\/wp-json\/wp\/v2\/oppervlakte?post=15222"},{"taxonomy":"opstelling","embeddable":true,"href":"https:\/\/beurswand2026.webdeveloperz.nl\/de\/wp-json\/wp\/v2\/opstelling?post=15222"},{"taxonomy":"optie","embeddable":true,"href":"https:\/\/beurswand2026.webdeveloperz.nl\/de\/wp-json\/wp\/v2\/optie?post=15222"},{"taxonomy":"pijler","embeddable":true,"href":"https:\/\/beurswand2026.webdeveloperz.nl\/de\/wp-json\/wp\/v2\/pijler?post=15222"},{"taxonomy":"product_brand","embeddable":true,"href":"https:\/\/beurswand2026.webdeveloperz.nl\/de\/wp-json\/wp\/v2\/product_brand?post=15222"},{"taxonomy":"product_cat","embeddable":true,"href":"https:\/\/beurswand2026.webdeveloperz.nl\/de\/wp-json\/wp\/v2\/product_cat?post=15222"},{"taxonomy":"product_tag","embeddable":true,"href":"https:\/\/beurswand2026.webdeveloperz.nl\/de\/wp-json\/wp\/v2\/product_tag?post=15222"}],"curies":[{"name":"wp","href":"https:\/\/api.w.org\/{rel}","templated":true}]}}