{"id":15213,"date":"2023-10-15T08:03:31","date_gmt":"2023-10-15T08:03:31","guid":{"rendered":"https:\/\/beurswand.nl\/product\/beursstand-design-98\/"},"modified":"2025-03-13T09:33:09","modified_gmt":"2025-03-13T09:33:09","slug":"beursstand-design-98","status":"publish","type":"product","link":"https:\/\/beurswand2026.webdeveloperz.nl\/de\/product\/beursstand-design-98\/","title":{"rendered":"Messestand Design 98"},"content":{"rendered":"<p><strong>Einzigartiges Messestanddesign 98 \u2013 Schaffen Sie Eindruck auf der Ausstellungsfl\u00e4che!<\/strong><\/p>\n<p>Suchen Sie einen Messestand, der wirklich auff\u00e4llt? Unser Design 98 Messestand hat alles, was Sie brauchen und mehr. Mit gro\u00dfz\u00fcgigen Abmessungen von \u00fcber 24 m2 bietet er viel Platz f\u00fcr Ihre Produkte und Pr\u00e4sentationen. Als Eckstand garantiert dieser Entwurf maximale Sichtbarkeit und Zug\u00e4nglichkeit f\u00fcr Besucher.   <\/p>\n<p>Aber das ist noch nicht alles! Der elegante Bogen sorgt f\u00fcr ein einzigartiges und wiedererkennbares Aussehen, w\u00e4hrend die Speisekammer ideal zur Aufbewahrung oder zum Servieren von Snacks und Getr\u00e4nken geeignet ist. Und der Doppelboden sorgt f\u00fcr das gewisse Extra an Professionalit\u00e4t und Komfort.  <\/p>\n<p>Dies ist nur ein Beispiel. Ihre W\u00fcnsche stehen im Mittelpunkt, und das Design kann v\u00f6llig individuell gestaltet werden. Neugierig auf die M\u00f6glichkeiten? Fordern Sie jetzt \u00fcber das Kontaktformular unten weitere Informationen an und machen Sie Ihre n\u00e4chste Messeteilnahme zu einem unvergesslichen Erlebnis!   <\/p>\n","protected":false},"excerpt":{"rendered":"<p>Einzigartiges Messestanddesign 98 \u2013 Schaffen Sie Eindruck auf der Ausstellungsfl\u00e4che! Suchen Sie einen Messestand, der wirklich auff\u00e4llt? Unser Design 98 Messestand hat alles, was Sie brauchen und mehr. Mit gro\u00dfz\u00fcgigen Abmessungen von \u00fcber 24 m2 bietet er viel Platz f\u00fcr Ihre Produkte und Pr\u00e4sentationen. Als Eckstand garantiert dieser Entwurf maximale Sichtbarkeit und Zug\u00e4nglichkeit f\u00fcr Besucher. [&hellip;]<\/p>\n","protected":false},"featured_media":12309,"comment_status":"closed","ping_status":"open","template":"","meta":{"_acf_changed":false,"site-sidebar-layout":"default","site-content-layout":"","ast-site-content-layout":"default","site-content-style":"default","site-sidebar-style":"default","ast-global-header-display":"","ast-banner-title-visibility":"","ast-main-header-display":"","ast-hfb-above-header-display":"","ast-hfb-below-header-display":"","ast-hfb-mobile-header-display":"","site-post-title":"","ast-breadcrumbs-content":"","ast-featured-img":"","footer-sml-layout":"","ast-disable-related-posts":"","theme-transparent-header-meta":"","adv-header-id-meta":"","stick-header-meta":"","header-above-stick-meta":"","header-main-stick-meta":"","header-below-stick-meta":"","astra-migrate-meta-layouts":"default","ast-page-background-enabled":"default","ast-page-background-meta":{"desktop":{"background-color":"","background-image":"","background-repeat":"repeat","background-position":"center center","background-size":"auto","background-attachment":"scroll","background-type":"","background-media":"","overlay-type":"","overlay-color":"","overlay-opacity":"","overlay-gradient":""},"tablet":{"background-color":"","background-image":"","background-repeat":"repeat","background-position":"center center","background-size":"auto","background-attachment":"scroll","background-type":"","background-media":"","overlay-type":"","overlay-color":"","overlay-opacity":"","overlay-gradient":""},"mobile":{"background-color":"","background-image":"","background-repeat":"repeat","background-position":"center center","background-size":"auto","background-attachment":"scroll","background-type":"","background-media":"","overlay-type":"","overlay-color":"","overlay-opacity":"","overlay-gradient":""}},"ast-content-background-meta":{"desktop":{"background-color":"var(--ast-global-color-5)","background-image":"","background-repeat":"repeat","background-position":"center center","background-size":"auto","background-attachment":"scroll","background-type":"","background-media":"","overlay-type":"","overlay-color":"","overlay-opacity":"","overlay-gradient":""},"tablet":{"background-color":"var(--ast-global-color-5)","background-image":"","background-repeat":"repeat","background-position":"center center","background-size":"auto","background-attachment":"scroll","background-type":"","background-media":"","overlay-type":"","overlay-color":"","overlay-opacity":"","overlay-gradient":""},"mobile":{"background-color":"var(--ast-global-color-5)","background-image":"","background-repeat":"repeat","background-position":"center center","background-size":"auto","background-attachment":"scroll","background-type":"","background-media":"","overlay-type":"","overlay-color":"","overlay-opacity":"","overlay-gradient":""}}},"breedte":[],"design-oppervlakte":[368],"design-opstelling":[414],"design-optie":[370,415,381],"diepte":[],"oppervlakte":[],"opstelling":[],"optie":[],"pijler":[],"product_brand":[],"product_cat":[376,377,416,371,417,372,374,373,383],"product_tag":[],"class_list":{"0":"post-15213","1":"product","2":"type-product","3":"status-publish","4":"has-post-thumbnail","6":"design-oppervlakte-1-24-m2-de","7":"design-opstelling-eckstand","8":"design-optie-arch-de","9":"design-optie-erhohter-boden","10":"design-optie-speisekammer","11":"product_cat-1-24-m2-de","12":"product_cat-arch-de","13":"product_cat-eckstand","14":"product_cat-entwurf","15":"product_cat-erhohter-boden","16":"product_cat-flache","17":"product_cat-messestand-typ","18":"product_cat-optionen","19":"product_cat-speisekammer","20":"desktop-align-left","21":"tablet-align-left","22":"mobile-align-left","24":"first","25":"instock","26":"shipping-taxable","27":"product-type-simple"},"acf":[],"_links":{"self":[{"href":"https:\/\/beurswand2026.webdeveloperz.nl\/de\/wp-json\/wp\/v2\/product\/15213","targetHints":{"allow":["GET"]}}],"collection":[{"href":"https:\/\/beurswand2026.webdeveloperz.nl\/de\/wp-json\/wp\/v2\/product"}],"about":[{"href":"https:\/\/beurswand2026.webdeveloperz.nl\/de\/wp-json\/wp\/v2\/types\/product"}],"replies":[{"embeddable":true,"href":"https:\/\/beurswand2026.webdeveloperz.nl\/de\/wp-json\/wp\/v2\/comments?post=15213"}],"version-history":[{"count":1,"href":"https:\/\/beurswand2026.webdeveloperz.nl\/de\/wp-json\/wp\/v2\/product\/15213\/revisions"}],"predecessor-version":[{"id":15804,"href":"https:\/\/beurswand2026.webdeveloperz.nl\/de\/wp-json\/wp\/v2\/product\/15213\/revisions\/15804"}],"wp:featuredmedia":[{"embeddable":true,"href":"https:\/\/beurswand2026.webdeveloperz.nl\/de\/wp-json\/wp\/v2\/media\/12309"}],"wp:attachment":[{"href":"https:\/\/beurswand2026.webdeveloperz.nl\/de\/wp-json\/wp\/v2\/media?parent=15213"}],"wp:term":[{"taxonomy":"breedte","embeddable":true,"href":"https:\/\/beurswand2026.webdeveloperz.nl\/de\/wp-json\/wp\/v2\/breedte?post=15213"},{"taxonomy":"design-oppervlakte","embeddable":true,"href":"https:\/\/beurswand2026.webdeveloperz.nl\/de\/wp-json\/wp\/v2\/design-oppervlakte?post=15213"},{"taxonomy":"design-opstelling","embeddable":true,"href":"https:\/\/beurswand2026.webdeveloperz.nl\/de\/wp-json\/wp\/v2\/design-opstelling?post=15213"},{"taxonomy":"design-optie","embeddable":true,"href":"https:\/\/beurswand2026.webdeveloperz.nl\/de\/wp-json\/wp\/v2\/design-optie?post=15213"},{"taxonomy":"diepte","embeddable":true,"href":"https:\/\/beurswand2026.webdeveloperz.nl\/de\/wp-json\/wp\/v2\/diepte?post=15213"},{"taxonomy":"oppervlakte","embeddable":true,"href":"https:\/\/beurswand2026.webdeveloperz.nl\/de\/wp-json\/wp\/v2\/oppervlakte?post=15213"},{"taxonomy":"opstelling","embeddable":true,"href":"https:\/\/beurswand2026.webdeveloperz.nl\/de\/wp-json\/wp\/v2\/opstelling?post=15213"},{"taxonomy":"optie","embeddable":true,"href":"https:\/\/beurswand2026.webdeveloperz.nl\/de\/wp-json\/wp\/v2\/optie?post=15213"},{"taxonomy":"pijler","embeddable":true,"href":"https:\/\/beurswand2026.webdeveloperz.nl\/de\/wp-json\/wp\/v2\/pijler?post=15213"},{"taxonomy":"product_brand","embeddable":true,"href":"https:\/\/beurswand2026.webdeveloperz.nl\/de\/wp-json\/wp\/v2\/product_brand?post=15213"},{"taxonomy":"product_cat","embeddable":true,"href":"https:\/\/beurswand2026.webdeveloperz.nl\/de\/wp-json\/wp\/v2\/product_cat?post=15213"},{"taxonomy":"product_tag","embeddable":true,"href":"https:\/\/beurswand2026.webdeveloperz.nl\/de\/wp-json\/wp\/v2\/product_tag?post=15213"}],"curies":[{"name":"wp","href":"https:\/\/api.w.org\/{rel}","templated":true}]}}