{"id":15208,"date":"2023-10-15T08:05:05","date_gmt":"2023-10-15T08:05:05","guid":{"rendered":"https:\/\/beurswand.nl\/product\/beursstand-design-100\/"},"modified":"2025-03-13T09:33:08","modified_gmt":"2025-03-13T09:33:08","slug":"beursstand-design-100","status":"publish","type":"product","link":"https:\/\/beurswand2026.webdeveloperz.nl\/de\/product\/beursstand-design-100\/","title":{"rendered":"Messestand Design 100"},"content":{"rendered":"<p><strong>Einzigartiger Messestand Design 100<\/strong><\/p>\n<p>Pr\u00e4sentieren Sie Ihr Unternehmen wie nie zuvor mit unserem exklusiven Messestand Design 100. Mit einer beeindruckenden Gr\u00f6\u00dfe von \u00fcber 32 m2 bietet dieser Stand den Platz, den Sie brauchen, um Ihre Produkte und Dienstleistungen in gro\u00dfem Stil zu pr\u00e4sentieren. Ganz gleich, ob Sie eine Produkteinf\u00fchrung planen, neue Kunden anlocken oder Ihre Marke etablieren wollen, dieser Stand wird garantiert einen bleibenden Eindruck hinterlassen.  <\/p>\n<p>Genie\u00dfen Sie den Komfort einer integrierten Speisekammer und die spektakul\u00e4ren visuellen Effekte der fortschrittlichen Traversenoptionen. Und da es sich um einen Kopfstand handelt, ist Ihnen eine optimale Sicht aus mehreren Blickwinkeln garantiert. <\/p>\n<p>Dies ist nur ein Beispiel! Wir wissen, dass jedes Unternehmen einzigartig ist und passen das Design gerne an Ihre speziellen Bed\u00fcrfnisse an. <\/p>\n<p>Neugierig auf die M\u00f6glichkeiten? F\u00fcllen Sie das Kontaktformular unten aus und wir erz\u00e4hlen Ihnen gerne mehr. Holen Sie das Beste aus Ihrer Messeteilnahme mit Beursstand Design 100!  <\/p>\n","protected":false},"excerpt":{"rendered":"<p>Einzigartiger Messestand Design 100 Pr\u00e4sentieren Sie Ihr Unternehmen wie nie zuvor mit unserem exklusiven Messestand Design 100. Mit einer beeindruckenden Gr\u00f6\u00dfe von \u00fcber 32 m2 bietet dieser Stand den Platz, den Sie brauchen, um Ihre Produkte und Dienstleistungen in gro\u00dfem Stil zu pr\u00e4sentieren. Ganz gleich, ob Sie eine Produkteinf\u00fchrung planen, neue Kunden anlocken oder Ihre [&hellip;]<\/p>\n","protected":false},"featured_media":12348,"comment_status":"closed","ping_status":"open","template":"","meta":{"_acf_changed":false,"site-sidebar-layout":"default","site-content-layout":"","ast-site-content-layout":"default","site-content-style":"default","site-sidebar-style":"default","ast-global-header-display":"","ast-banner-title-visibility":"","ast-main-header-display":"","ast-hfb-above-header-display":"","ast-hfb-below-header-display":"","ast-hfb-mobile-header-display":"","site-post-title":"","ast-breadcrumbs-content":"","ast-featured-img":"","footer-sml-layout":"","ast-disable-related-posts":"","theme-transparent-header-meta":"","adv-header-id-meta":"","stick-header-meta":"","header-above-stick-meta":"","header-main-stick-meta":"","header-below-stick-meta":"","astra-migrate-meta-layouts":"default","ast-page-background-enabled":"default","ast-page-background-meta":{"desktop":{"background-color":"","background-image":"","background-repeat":"repeat","background-position":"center center","background-size":"auto","background-attachment":"scroll","background-type":"","background-media":"","overlay-type":"","overlay-color":"","overlay-opacity":"","overlay-gradient":""},"tablet":{"background-color":"","background-image":"","background-repeat":"repeat","background-position":"center center","background-size":"auto","background-attachment":"scroll","background-type":"","background-media":"","overlay-type":"","overlay-color":"","overlay-opacity":"","overlay-gradient":""},"mobile":{"background-color":"","background-image":"","background-repeat":"repeat","background-position":"center center","background-size":"auto","background-attachment":"scroll","background-type":"","background-media":"","overlay-type":"","overlay-color":"","overlay-opacity":"","overlay-gradient":""}},"ast-content-background-meta":{"desktop":{"background-color":"var(--ast-global-color-5)","background-image":"","background-repeat":"repeat","background-position":"center center","background-size":"auto","background-attachment":"scroll","background-type":"","background-media":"","overlay-type":"","overlay-color":"","overlay-opacity":"","overlay-gradient":""},"tablet":{"background-color":"var(--ast-global-color-5)","background-image":"","background-repeat":"repeat","background-position":"center center","background-size":"auto","background-attachment":"scroll","background-type":"","background-media":"","overlay-type":"","overlay-color":"","overlay-opacity":"","overlay-gradient":""},"mobile":{"background-color":"var(--ast-global-color-5)","background-image":"","background-repeat":"repeat","background-position":"center center","background-size":"auto","background-attachment":"scroll","background-type":"","background-media":"","overlay-type":"","overlay-color":"","overlay-opacity":"","overlay-gradient":""}}},"breedte":[],"design-oppervlakte":[379],"design-opstelling":[369],"design-optie":[448,381],"diepte":[],"oppervlakte":[],"opstelling":[],"optie":[],"pijler":[],"product_brand":[],"product_cat":[384,371,450,372,375,374,373,383],"product_tag":[],"class_list":{"0":"post-15208","1":"product","2":"type-product","3":"status-publish","4":"has-post-thumbnail","6":"design-oppervlakte-25-40-m2-de","7":"design-opstelling-kopfstand","8":"design-optie-fachwerk","9":"design-optie-speisekammer","10":"product_cat-25-40-m2-de","11":"product_cat-entwurf","12":"product_cat-fachwerk","13":"product_cat-flache","14":"product_cat-kopfstand","15":"product_cat-messestand-typ","16":"product_cat-optionen","17":"product_cat-speisekammer","18":"desktop-align-left","19":"tablet-align-left","20":"mobile-align-left","22":"first","23":"instock","24":"shipping-taxable","25":"product-type-simple"},"acf":[],"_links":{"self":[{"href":"https:\/\/beurswand2026.webdeveloperz.nl\/de\/wp-json\/wp\/v2\/product\/15208","targetHints":{"allow":["GET"]}}],"collection":[{"href":"https:\/\/beurswand2026.webdeveloperz.nl\/de\/wp-json\/wp\/v2\/product"}],"about":[{"href":"https:\/\/beurswand2026.webdeveloperz.nl\/de\/wp-json\/wp\/v2\/types\/product"}],"replies":[{"embeddable":true,"href":"https:\/\/beurswand2026.webdeveloperz.nl\/de\/wp-json\/wp\/v2\/comments?post=15208"}],"version-history":[{"count":1,"href":"https:\/\/beurswand2026.webdeveloperz.nl\/de\/wp-json\/wp\/v2\/product\/15208\/revisions"}],"predecessor-version":[{"id":15802,"href":"https:\/\/beurswand2026.webdeveloperz.nl\/de\/wp-json\/wp\/v2\/product\/15208\/revisions\/15802"}],"wp:featuredmedia":[{"embeddable":true,"href":"https:\/\/beurswand2026.webdeveloperz.nl\/de\/wp-json\/wp\/v2\/media\/12348"}],"wp:attachment":[{"href":"https:\/\/beurswand2026.webdeveloperz.nl\/de\/wp-json\/wp\/v2\/media?parent=15208"}],"wp:term":[{"taxonomy":"breedte","embeddable":true,"href":"https:\/\/beurswand2026.webdeveloperz.nl\/de\/wp-json\/wp\/v2\/breedte?post=15208"},{"taxonomy":"design-oppervlakte","embeddable":true,"href":"https:\/\/beurswand2026.webdeveloperz.nl\/de\/wp-json\/wp\/v2\/design-oppervlakte?post=15208"},{"taxonomy":"design-opstelling","embeddable":true,"href":"https:\/\/beurswand2026.webdeveloperz.nl\/de\/wp-json\/wp\/v2\/design-opstelling?post=15208"},{"taxonomy":"design-optie","embeddable":true,"href":"https:\/\/beurswand2026.webdeveloperz.nl\/de\/wp-json\/wp\/v2\/design-optie?post=15208"},{"taxonomy":"diepte","embeddable":true,"href":"https:\/\/beurswand2026.webdeveloperz.nl\/de\/wp-json\/wp\/v2\/diepte?post=15208"},{"taxonomy":"oppervlakte","embeddable":true,"href":"https:\/\/beurswand2026.webdeveloperz.nl\/de\/wp-json\/wp\/v2\/oppervlakte?post=15208"},{"taxonomy":"opstelling","embeddable":true,"href":"https:\/\/beurswand2026.webdeveloperz.nl\/de\/wp-json\/wp\/v2\/opstelling?post=15208"},{"taxonomy":"optie","embeddable":true,"href":"https:\/\/beurswand2026.webdeveloperz.nl\/de\/wp-json\/wp\/v2\/optie?post=15208"},{"taxonomy":"pijler","embeddable":true,"href":"https:\/\/beurswand2026.webdeveloperz.nl\/de\/wp-json\/wp\/v2\/pijler?post=15208"},{"taxonomy":"product_brand","embeddable":true,"href":"https:\/\/beurswand2026.webdeveloperz.nl\/de\/wp-json\/wp\/v2\/product_brand?post=15208"},{"taxonomy":"product_cat","embeddable":true,"href":"https:\/\/beurswand2026.webdeveloperz.nl\/de\/wp-json\/wp\/v2\/product_cat?post=15208"},{"taxonomy":"product_tag","embeddable":true,"href":"https:\/\/beurswand2026.webdeveloperz.nl\/de\/wp-json\/wp\/v2\/product_tag?post=15208"}],"curies":[{"name":"wp","href":"https:\/\/api.w.org\/{rel}","templated":true}]}}