{"id":15202,"date":"2023-10-15T08:07:11","date_gmt":"2023-10-15T08:07:11","guid":{"rendered":"https:\/\/beurswand.nl\/product\/beursstand-design-102\/"},"modified":"2025-03-13T09:33:07","modified_gmt":"2025-03-13T09:33:07","slug":"beursstand-design-102","status":"publish","type":"product","link":"https:\/\/beurswand2026.webdeveloperz.nl\/de\/product\/beursstand-design-102\/","title":{"rendered":"Messestand Design 102"},"content":{"rendered":"<p><strong>Muster f\u00fcr einen Messestand 102 \u2013 Gestalten Sie Ihren einzigartigen Stand!<\/strong><\/p>\n<p>Betreten Sie eine Welt voller M\u00f6glichkeiten mit unserem Eckstand Messestand Design 102. Mit einer gro\u00dfz\u00fcgigen Gr\u00f6\u00dfe von mehr als 16 m\u00b2 bietet dieser Stand einen idealen Rahmen f\u00fcr eindrucksvolle Markenpr\u00e4sentationen. Begr\u00fc\u00dfen Sie Ihre G\u00e4ste an der stilvollen Bar, und lassen Sie Ihr Produkt oder Ihre Dienstleistung auf der dynamischen LED-Wand erstrahlen. Ein erh\u00f6hter Boden verleiht Ihrer Pr\u00e4sentation zus\u00e4tzliche Wertigkeit, und f\u00fcr den Komfort im Hintergrund ist eine praktische Speisekammer vorhanden.   <\/p>\n<p>Dies ist nur ein Beispiel! Wir sind gerne bereit, jeden Stand an Ihre speziellen Bed\u00fcrfnisse und Anforderungen anzupassen. M\u00f6chten Sie mehr wissen oder \u00fcber Ihr ideales Design nachdenken? F\u00fcllen Sie das Kontaktformular unten aus und entdecken Sie die M\u00f6glichkeiten f\u00fcr Ihre Marke. Machen Sie noch heute den Schritt zum ultimativen Messeerlebnis!    <\/p>\n","protected":false},"excerpt":{"rendered":"<p>Muster f\u00fcr einen Messestand 102 \u2013 Gestalten Sie Ihren einzigartigen Stand! Betreten Sie eine Welt voller M\u00f6glichkeiten mit unserem Eckstand Messestand Design 102. Mit einer gro\u00dfz\u00fcgigen Gr\u00f6\u00dfe von mehr als 16 m\u00b2 bietet dieser Stand einen idealen Rahmen f\u00fcr eindrucksvolle Markenpr\u00e4sentationen. Begr\u00fc\u00dfen Sie Ihre G\u00e4ste an der stilvollen Bar, und lassen Sie Ihr Produkt oder [&hellip;]<\/p>\n","protected":false},"featured_media":12392,"comment_status":"closed","ping_status":"open","template":"","meta":{"_acf_changed":false,"site-sidebar-layout":"default","site-content-layout":"","ast-site-content-layout":"default","site-content-style":"default","site-sidebar-style":"default","ast-global-header-display":"","ast-banner-title-visibility":"","ast-main-header-display":"","ast-hfb-above-header-display":"","ast-hfb-below-header-display":"","ast-hfb-mobile-header-display":"","site-post-title":"","ast-breadcrumbs-content":"","ast-featured-img":"","footer-sml-layout":"","ast-disable-related-posts":"","theme-transparent-header-meta":"","adv-header-id-meta":"","stick-header-meta":"","header-above-stick-meta":"","header-main-stick-meta":"","header-below-stick-meta":"","astra-migrate-meta-layouts":"default","ast-page-background-enabled":"default","ast-page-background-meta":{"desktop":{"background-color":"","background-image":"","background-repeat":"repeat","background-position":"center center","background-size":"auto","background-attachment":"scroll","background-type":"","background-media":"","overlay-type":"","overlay-color":"","overlay-opacity":"","overlay-gradient":""},"tablet":{"background-color":"","background-image":"","background-repeat":"repeat","background-position":"center center","background-size":"auto","background-attachment":"scroll","background-type":"","background-media":"","overlay-type":"","overlay-color":"","overlay-opacity":"","overlay-gradient":""},"mobile":{"background-color":"","background-image":"","background-repeat":"repeat","background-position":"center center","background-size":"auto","background-attachment":"scroll","background-type":"","background-media":"","overlay-type":"","overlay-color":"","overlay-opacity":"","overlay-gradient":""}},"ast-content-background-meta":{"desktop":{"background-color":"var(--ast-global-color-5)","background-image":"","background-repeat":"repeat","background-position":"center center","background-size":"auto","background-attachment":"scroll","background-type":"","background-media":"","overlay-type":"","overlay-color":"","overlay-opacity":"","overlay-gradient":""},"tablet":{"background-color":"var(--ast-global-color-5)","background-image":"","background-repeat":"repeat","background-position":"center center","background-size":"auto","background-attachment":"scroll","background-type":"","background-media":"","overlay-type":"","overlay-color":"","overlay-opacity":"","overlay-gradient":""},"mobile":{"background-color":"var(--ast-global-color-5)","background-image":"","background-repeat":"repeat","background-position":"center center","background-size":"auto","background-attachment":"scroll","background-type":"","background-media":"","overlay-type":"","overlay-color":"","overlay-opacity":"","overlay-gradient":""}}},"breedte":[],"design-oppervlakte":[368],"design-opstelling":[414],"design-optie":[449,415,418,381],"diepte":[],"oppervlakte":[],"opstelling":[],"optie":[],"pijler":[],"product_brand":[],"product_cat":[376,451,416,371,417,372,419,374,373,383],"product_tag":[],"class_list":{"0":"post-15202","1":"product","2":"type-product","3":"status-publish","4":"has-post-thumbnail","6":"design-oppervlakte-1-24-m2-de","7":"design-opstelling-eckstand","8":"design-optie-bar-de","9":"design-optie-erhohter-boden","10":"design-optie-led-wand-de","11":"design-optie-speisekammer","12":"product_cat-1-24-m2-de","13":"product_cat-bar-de","14":"product_cat-eckstand","15":"product_cat-entwurf","16":"product_cat-erhohter-boden","17":"product_cat-flache","18":"product_cat-led-wand-de","19":"product_cat-messestand-typ","20":"product_cat-optionen","21":"product_cat-speisekammer","22":"desktop-align-left","23":"tablet-align-left","24":"mobile-align-left","26":"first","27":"instock","28":"shipping-taxable","29":"product-type-simple"},"acf":[],"_links":{"self":[{"href":"https:\/\/beurswand2026.webdeveloperz.nl\/de\/wp-json\/wp\/v2\/product\/15202","targetHints":{"allow":["GET"]}}],"collection":[{"href":"https:\/\/beurswand2026.webdeveloperz.nl\/de\/wp-json\/wp\/v2\/product"}],"about":[{"href":"https:\/\/beurswand2026.webdeveloperz.nl\/de\/wp-json\/wp\/v2\/types\/product"}],"replies":[{"embeddable":true,"href":"https:\/\/beurswand2026.webdeveloperz.nl\/de\/wp-json\/wp\/v2\/comments?post=15202"}],"version-history":[{"count":1,"href":"https:\/\/beurswand2026.webdeveloperz.nl\/de\/wp-json\/wp\/v2\/product\/15202\/revisions"}],"predecessor-version":[{"id":15800,"href":"https:\/\/beurswand2026.webdeveloperz.nl\/de\/wp-json\/wp\/v2\/product\/15202\/revisions\/15800"}],"wp:featuredmedia":[{"embeddable":true,"href":"https:\/\/beurswand2026.webdeveloperz.nl\/de\/wp-json\/wp\/v2\/media\/12392"}],"wp:attachment":[{"href":"https:\/\/beurswand2026.webdeveloperz.nl\/de\/wp-json\/wp\/v2\/media?parent=15202"}],"wp:term":[{"taxonomy":"breedte","embeddable":true,"href":"https:\/\/beurswand2026.webdeveloperz.nl\/de\/wp-json\/wp\/v2\/breedte?post=15202"},{"taxonomy":"design-oppervlakte","embeddable":true,"href":"https:\/\/beurswand2026.webdeveloperz.nl\/de\/wp-json\/wp\/v2\/design-oppervlakte?post=15202"},{"taxonomy":"design-opstelling","embeddable":true,"href":"https:\/\/beurswand2026.webdeveloperz.nl\/de\/wp-json\/wp\/v2\/design-opstelling?post=15202"},{"taxonomy":"design-optie","embeddable":true,"href":"https:\/\/beurswand2026.webdeveloperz.nl\/de\/wp-json\/wp\/v2\/design-optie?post=15202"},{"taxonomy":"diepte","embeddable":true,"href":"https:\/\/beurswand2026.webdeveloperz.nl\/de\/wp-json\/wp\/v2\/diepte?post=15202"},{"taxonomy":"oppervlakte","embeddable":true,"href":"https:\/\/beurswand2026.webdeveloperz.nl\/de\/wp-json\/wp\/v2\/oppervlakte?post=15202"},{"taxonomy":"opstelling","embeddable":true,"href":"https:\/\/beurswand2026.webdeveloperz.nl\/de\/wp-json\/wp\/v2\/opstelling?post=15202"},{"taxonomy":"optie","embeddable":true,"href":"https:\/\/beurswand2026.webdeveloperz.nl\/de\/wp-json\/wp\/v2\/optie?post=15202"},{"taxonomy":"pijler","embeddable":true,"href":"https:\/\/beurswand2026.webdeveloperz.nl\/de\/wp-json\/wp\/v2\/pijler?post=15202"},{"taxonomy":"product_brand","embeddable":true,"href":"https:\/\/beurswand2026.webdeveloperz.nl\/de\/wp-json\/wp\/v2\/product_brand?post=15202"},{"taxonomy":"product_cat","embeddable":true,"href":"https:\/\/beurswand2026.webdeveloperz.nl\/de\/wp-json\/wp\/v2\/product_cat?post=15202"},{"taxonomy":"product_tag","embeddable":true,"href":"https:\/\/beurswand2026.webdeveloperz.nl\/de\/wp-json\/wp\/v2\/product_tag?post=15202"}],"curies":[{"name":"wp","href":"https:\/\/api.w.org\/{rel}","templated":true}]}}