{"id":15193,"date":"2023-10-15T08:08:09","date_gmt":"2023-10-15T08:08:09","guid":{"rendered":"https:\/\/beurswand.nl\/product\/beursstand-design-103\/"},"modified":"2025-03-13T09:33:06","modified_gmt":"2025-03-13T09:33:06","slug":"beursstand-design-103","status":"publish","type":"product","link":"https:\/\/beurswand2026.webdeveloperz.nl\/de\/product\/beursstand-design-103\/","title":{"rendered":"Messestand Design 103"},"content":{"rendered":"<p><strong>Neu! Messestand Design 103 \u2013 Der ultimative Inselstand <\/strong><\/p>\n<p>Betreten Sie eine neue Dimension der Gesch\u00e4ftspr\u00e4sentation mit unserem exklusiven Messestanddesign 103. Mit einer gro\u00dfz\u00fcgigen Fl\u00e4che von mehr als 130 m2 bietet dieses Inseldesign Platz und Stil f\u00fcr Ihre Marke, um sich wirklich abzuheben. Verw\u00f6hnen Sie Ihre G\u00e4ste an der luxuri\u00f6sen Bar, w\u00e4hrend eine beeindruckende LED-Wand Ihre Marke zum Leben erweckt. Eine praktische Speisekammer sorgt daf\u00fcr, dass Sie und Ihr Team immer vorbereitet sind, und die Fachwerkkonstruktion bietet sowohl Funktionalit\u00e4t als auch einen modernen Look. Das Ganze wird durch einen erh\u00f6hten Boden ausgeglichen, so dass Ihr Stand sofort ins Auge sticht.    <\/p>\n<p>Dies ist nur ein Beispiel; wir passen das Design gerne an Ihre individuellen Bed\u00fcrfnisse und W\u00fcnsche an. Sind Sie interessiert? Fordern Sie sofort weitere Informationen \u00fcber das Kontaktformular unten an und entdecken Sie die grenzenlosen M\u00f6glichkeiten f\u00fcr Ihr Unternehmen.  <\/p>\n","protected":false},"excerpt":{"rendered":"<p>Neu! Messestand Design 103 \u2013 Der ultimative Inselstand Betreten Sie eine neue Dimension der Gesch\u00e4ftspr\u00e4sentation mit unserem exklusiven Messestanddesign 103. Mit einer gro\u00dfz\u00fcgigen Fl\u00e4che von mehr als 130 m2 bietet dieses Inseldesign Platz und Stil f\u00fcr Ihre Marke, um sich wirklich abzuheben. Verw\u00f6hnen Sie Ihre G\u00e4ste an der luxuri\u00f6sen Bar, w\u00e4hrend eine beeindruckende LED-Wand Ihre [&hellip;]<\/p>\n","protected":false},"featured_media":12414,"comment_status":"closed","ping_status":"open","template":"","meta":{"_acf_changed":false,"site-sidebar-layout":"default","site-content-layout":"","ast-site-content-layout":"default","site-content-style":"default","site-sidebar-style":"default","ast-global-header-display":"","ast-banner-title-visibility":"","ast-main-header-display":"","ast-hfb-above-header-display":"","ast-hfb-below-header-display":"","ast-hfb-mobile-header-display":"","site-post-title":"","ast-breadcrumbs-content":"","ast-featured-img":"","footer-sml-layout":"","ast-disable-related-posts":"","theme-transparent-header-meta":"","adv-header-id-meta":"","stick-header-meta":"","header-above-stick-meta":"","header-main-stick-meta":"","header-below-stick-meta":"","astra-migrate-meta-layouts":"default","ast-page-background-enabled":"default","ast-page-background-meta":{"desktop":{"background-color":"","background-image":"","background-repeat":"repeat","background-position":"center center","background-size":"auto","background-attachment":"scroll","background-type":"","background-media":"","overlay-type":"","overlay-color":"","overlay-opacity":"","overlay-gradient":""},"tablet":{"background-color":"","background-image":"","background-repeat":"repeat","background-position":"center center","background-size":"auto","background-attachment":"scroll","background-type":"","background-media":"","overlay-type":"","overlay-color":"","overlay-opacity":"","overlay-gradient":""},"mobile":{"background-color":"","background-image":"","background-repeat":"repeat","background-position":"center center","background-size":"auto","background-attachment":"scroll","background-type":"","background-media":"","overlay-type":"","overlay-color":"","overlay-opacity":"","overlay-gradient":""}},"ast-content-background-meta":{"desktop":{"background-color":"var(--ast-global-color-5)","background-image":"","background-repeat":"repeat","background-position":"center center","background-size":"auto","background-attachment":"scroll","background-type":"","background-media":"","overlay-type":"","overlay-color":"","overlay-opacity":"","overlay-gradient":""},"tablet":{"background-color":"var(--ast-global-color-5)","background-image":"","background-repeat":"repeat","background-position":"center center","background-size":"auto","background-attachment":"scroll","background-type":"","background-media":"","overlay-type":"","overlay-color":"","overlay-opacity":"","overlay-gradient":""},"mobile":{"background-color":"var(--ast-global-color-5)","background-image":"","background-repeat":"repeat","background-position":"center center","background-size":"auto","background-attachment":"scroll","background-type":"","background-media":"","overlay-type":"","overlay-color":"","overlay-opacity":"","overlay-gradient":""}}},"breedte":[],"design-oppervlakte":[430],"design-opstelling":[472],"design-optie":[449,415,448,473,418,381],"diepte":[],"oppervlakte":[],"opstelling":[],"optie":[],"pijler":[],"product_brand":[],"product_cat":[431,451,371,417,450,372,474,419,374,373,383],"product_tag":[],"class_list":{"0":"post-15193","1":"product","2":"type-product","3":"status-publish","4":"has-post-thumbnail","6":"design-oppervlakte-40-m2-und-groser","7":"design-opstelling-insel-stand","8":"design-optie-bar-de","9":"design-optie-erhohter-boden","10":"design-optie-fachwerk","11":"design-optie-insel-stand","12":"design-optie-led-wand-de","13":"design-optie-speisekammer","14":"product_cat-40-m2-und-groser","15":"product_cat-bar-de","16":"product_cat-entwurf","17":"product_cat-erhohter-boden","18":"product_cat-fachwerk","19":"product_cat-flache","20":"product_cat-insel-stand","21":"product_cat-led-wand-de","22":"product_cat-messestand-typ","23":"product_cat-optionen","24":"product_cat-speisekammer","25":"desktop-align-left","26":"tablet-align-left","27":"mobile-align-left","29":"first","30":"instock","31":"shipping-taxable","32":"product-type-simple"},"acf":[],"_links":{"self":[{"href":"https:\/\/beurswand2026.webdeveloperz.nl\/de\/wp-json\/wp\/v2\/product\/15193","targetHints":{"allow":["GET"]}}],"collection":[{"href":"https:\/\/beurswand2026.webdeveloperz.nl\/de\/wp-json\/wp\/v2\/product"}],"about":[{"href":"https:\/\/beurswand2026.webdeveloperz.nl\/de\/wp-json\/wp\/v2\/types\/product"}],"replies":[{"embeddable":true,"href":"https:\/\/beurswand2026.webdeveloperz.nl\/de\/wp-json\/wp\/v2\/comments?post=15193"}],"version-history":[{"count":1,"href":"https:\/\/beurswand2026.webdeveloperz.nl\/de\/wp-json\/wp\/v2\/product\/15193\/revisions"}],"predecessor-version":[{"id":15799,"href":"https:\/\/beurswand2026.webdeveloperz.nl\/de\/wp-json\/wp\/v2\/product\/15193\/revisions\/15799"}],"wp:featuredmedia":[{"embeddable":true,"href":"https:\/\/beurswand2026.webdeveloperz.nl\/de\/wp-json\/wp\/v2\/media\/12414"}],"wp:attachment":[{"href":"https:\/\/beurswand2026.webdeveloperz.nl\/de\/wp-json\/wp\/v2\/media?parent=15193"}],"wp:term":[{"taxonomy":"breedte","embeddable":true,"href":"https:\/\/beurswand2026.webdeveloperz.nl\/de\/wp-json\/wp\/v2\/breedte?post=15193"},{"taxonomy":"design-oppervlakte","embeddable":true,"href":"https:\/\/beurswand2026.webdeveloperz.nl\/de\/wp-json\/wp\/v2\/design-oppervlakte?post=15193"},{"taxonomy":"design-opstelling","embeddable":true,"href":"https:\/\/beurswand2026.webdeveloperz.nl\/de\/wp-json\/wp\/v2\/design-opstelling?post=15193"},{"taxonomy":"design-optie","embeddable":true,"href":"https:\/\/beurswand2026.webdeveloperz.nl\/de\/wp-json\/wp\/v2\/design-optie?post=15193"},{"taxonomy":"diepte","embeddable":true,"href":"https:\/\/beurswand2026.webdeveloperz.nl\/de\/wp-json\/wp\/v2\/diepte?post=15193"},{"taxonomy":"oppervlakte","embeddable":true,"href":"https:\/\/beurswand2026.webdeveloperz.nl\/de\/wp-json\/wp\/v2\/oppervlakte?post=15193"},{"taxonomy":"opstelling","embeddable":true,"href":"https:\/\/beurswand2026.webdeveloperz.nl\/de\/wp-json\/wp\/v2\/opstelling?post=15193"},{"taxonomy":"optie","embeddable":true,"href":"https:\/\/beurswand2026.webdeveloperz.nl\/de\/wp-json\/wp\/v2\/optie?post=15193"},{"taxonomy":"pijler","embeddable":true,"href":"https:\/\/beurswand2026.webdeveloperz.nl\/de\/wp-json\/wp\/v2\/pijler?post=15193"},{"taxonomy":"product_brand","embeddable":true,"href":"https:\/\/beurswand2026.webdeveloperz.nl\/de\/wp-json\/wp\/v2\/product_brand?post=15193"},{"taxonomy":"product_cat","embeddable":true,"href":"https:\/\/beurswand2026.webdeveloperz.nl\/de\/wp-json\/wp\/v2\/product_cat?post=15193"},{"taxonomy":"product_tag","embeddable":true,"href":"https:\/\/beurswand2026.webdeveloperz.nl\/de\/wp-json\/wp\/v2\/product_tag?post=15193"}],"curies":[{"name":"wp","href":"https:\/\/api.w.org\/{rel}","templated":true}]}}