{"id":15179,"date":"2023-10-15T08:13:35","date_gmt":"2023-10-15T08:13:35","guid":{"rendered":"https:\/\/beurswand.nl\/product\/beursstand-design-106\/"},"modified":"2025-03-13T09:33:04","modified_gmt":"2025-03-13T09:33:04","slug":"beursstand-design-106","status":"publish","type":"product","link":"https:\/\/beurswand2026.webdeveloperz.nl\/de\/product\/beursstand-design-106\/","title":{"rendered":"Messestand Design 106"},"content":{"rendered":"<p><strong>Exklusives Messestand-Design 106: Ihre Marke im Rampenlicht!<\/strong><\/p>\n<p>Suchen Sie nach einer einzigartigen und auff\u00e4lligen M\u00f6glichkeit, Ihr Unternehmen zu pr\u00e4sentieren? Unser neues Messestanddesign 106 ist genau das, was Sie brauchen. Mit einer beeindruckenden Gr\u00f6\u00dfe von \u00fcber 60 m2 und einem strategischen Kopfstanddesign wird Ihr Stand der Blickfang jeder Messe sein.  <\/p>\n<p>Genie\u00dfen Sie luxuri\u00f6se Optionen wie eine stilvolle Bar zur Begr\u00fc\u00dfung Ihrer G\u00e4ste, eine atemberaubende LED-Wand, die Ihre Bilder zum Leben erweckt, eine praktische Speisekammer f\u00fcr Ihren Catering-Bedarf, ein Traversensystem f\u00fcr zus\u00e4tzliche Beleuchtung oder Displays und einen erh\u00f6hten Boden, der Ihre Pr\u00e4senz noch mehr unterstreicht.<\/p>\n<p>Dies ist nur ein Beispiel; alle unsere St\u00e4nde sind vollst\u00e4ndig an Ihre Anforderungen anpassbar. Sind Sie interessiert und w\u00fcnschen Sie weitere Informationen oder ein individuelles Design? Dann f\u00fcllen Sie schnell das untenstehende Kontaktformular aus. Wir helfen Ihnen gerne weiter!   <\/p>\n","protected":false},"excerpt":{"rendered":"<p>Exklusives Messestand-Design 106: Ihre Marke im Rampenlicht! Suchen Sie nach einer einzigartigen und auff\u00e4lligen M\u00f6glichkeit, Ihr Unternehmen zu pr\u00e4sentieren? Unser neues Messestanddesign 106 ist genau das, was Sie brauchen. Mit einer beeindruckenden Gr\u00f6\u00dfe von \u00fcber 60 m2 und einem strategischen Kopfstanddesign wird Ihr Stand der Blickfang jeder Messe sein. Genie\u00dfen Sie luxuri\u00f6se Optionen wie eine [&hellip;]<\/p>\n","protected":false},"featured_media":12490,"comment_status":"closed","ping_status":"open","template":"","meta":{"_acf_changed":false,"site-sidebar-layout":"default","site-content-layout":"","ast-site-content-layout":"default","site-content-style":"default","site-sidebar-style":"default","ast-global-header-display":"","ast-banner-title-visibility":"","ast-main-header-display":"","ast-hfb-above-header-display":"","ast-hfb-below-header-display":"","ast-hfb-mobile-header-display":"","site-post-title":"","ast-breadcrumbs-content":"","ast-featured-img":"","footer-sml-layout":"","ast-disable-related-posts":"","theme-transparent-header-meta":"","adv-header-id-meta":"","stick-header-meta":"","header-above-stick-meta":"","header-main-stick-meta":"","header-below-stick-meta":"","astra-migrate-meta-layouts":"default","ast-page-background-enabled":"default","ast-page-background-meta":{"desktop":{"background-color":"","background-image":"","background-repeat":"repeat","background-position":"center center","background-size":"auto","background-attachment":"scroll","background-type":"","background-media":"","overlay-type":"","overlay-color":"","overlay-opacity":"","overlay-gradient":""},"tablet":{"background-color":"","background-image":"","background-repeat":"repeat","background-position":"center center","background-size":"auto","background-attachment":"scroll","background-type":"","background-media":"","overlay-type":"","overlay-color":"","overlay-opacity":"","overlay-gradient":""},"mobile":{"background-color":"","background-image":"","background-repeat":"repeat","background-position":"center center","background-size":"auto","background-attachment":"scroll","background-type":"","background-media":"","overlay-type":"","overlay-color":"","overlay-opacity":"","overlay-gradient":""}},"ast-content-background-meta":{"desktop":{"background-color":"var(--ast-global-color-5)","background-image":"","background-repeat":"repeat","background-position":"center center","background-size":"auto","background-attachment":"scroll","background-type":"","background-media":"","overlay-type":"","overlay-color":"","overlay-opacity":"","overlay-gradient":""},"tablet":{"background-color":"var(--ast-global-color-5)","background-image":"","background-repeat":"repeat","background-position":"center center","background-size":"auto","background-attachment":"scroll","background-type":"","background-media":"","overlay-type":"","overlay-color":"","overlay-opacity":"","overlay-gradient":""},"mobile":{"background-color":"var(--ast-global-color-5)","background-image":"","background-repeat":"repeat","background-position":"center center","background-size":"auto","background-attachment":"scroll","background-type":"","background-media":"","overlay-type":"","overlay-color":"","overlay-opacity":"","overlay-gradient":""}}},"breedte":[],"design-oppervlakte":[430],"design-opstelling":[369],"design-optie":[449,415,448,418,381],"diepte":[],"oppervlakte":[],"opstelling":[],"optie":[],"pijler":[],"product_brand":[],"product_cat":[431,451,371,417,450,372,375,419,374,373,383],"product_tag":[],"class_list":{"0":"post-15179","1":"product","2":"type-product","3":"status-publish","4":"has-post-thumbnail","6":"design-oppervlakte-40-m2-und-groser","7":"design-opstelling-kopfstand","8":"design-optie-bar-de","9":"design-optie-erhohter-boden","10":"design-optie-fachwerk","11":"design-optie-led-wand-de","12":"design-optie-speisekammer","13":"product_cat-40-m2-und-groser","14":"product_cat-bar-de","15":"product_cat-entwurf","16":"product_cat-erhohter-boden","17":"product_cat-fachwerk","18":"product_cat-flache","19":"product_cat-kopfstand","20":"product_cat-led-wand-de","21":"product_cat-messestand-typ","22":"product_cat-optionen","23":"product_cat-speisekammer","24":"desktop-align-left","25":"tablet-align-left","26":"mobile-align-left","28":"first","29":"instock","30":"shipping-taxable","31":"product-type-simple"},"acf":[],"_links":{"self":[{"href":"https:\/\/beurswand2026.webdeveloperz.nl\/de\/wp-json\/wp\/v2\/product\/15179","targetHints":{"allow":["GET"]}}],"collection":[{"href":"https:\/\/beurswand2026.webdeveloperz.nl\/de\/wp-json\/wp\/v2\/product"}],"about":[{"href":"https:\/\/beurswand2026.webdeveloperz.nl\/de\/wp-json\/wp\/v2\/types\/product"}],"replies":[{"embeddable":true,"href":"https:\/\/beurswand2026.webdeveloperz.nl\/de\/wp-json\/wp\/v2\/comments?post=15179"}],"version-history":[{"count":1,"href":"https:\/\/beurswand2026.webdeveloperz.nl\/de\/wp-json\/wp\/v2\/product\/15179\/revisions"}],"predecessor-version":[{"id":15796,"href":"https:\/\/beurswand2026.webdeveloperz.nl\/de\/wp-json\/wp\/v2\/product\/15179\/revisions\/15796"}],"wp:featuredmedia":[{"embeddable":true,"href":"https:\/\/beurswand2026.webdeveloperz.nl\/de\/wp-json\/wp\/v2\/media\/12490"}],"wp:attachment":[{"href":"https:\/\/beurswand2026.webdeveloperz.nl\/de\/wp-json\/wp\/v2\/media?parent=15179"}],"wp:term":[{"taxonomy":"breedte","embeddable":true,"href":"https:\/\/beurswand2026.webdeveloperz.nl\/de\/wp-json\/wp\/v2\/breedte?post=15179"},{"taxonomy":"design-oppervlakte","embeddable":true,"href":"https:\/\/beurswand2026.webdeveloperz.nl\/de\/wp-json\/wp\/v2\/design-oppervlakte?post=15179"},{"taxonomy":"design-opstelling","embeddable":true,"href":"https:\/\/beurswand2026.webdeveloperz.nl\/de\/wp-json\/wp\/v2\/design-opstelling?post=15179"},{"taxonomy":"design-optie","embeddable":true,"href":"https:\/\/beurswand2026.webdeveloperz.nl\/de\/wp-json\/wp\/v2\/design-optie?post=15179"},{"taxonomy":"diepte","embeddable":true,"href":"https:\/\/beurswand2026.webdeveloperz.nl\/de\/wp-json\/wp\/v2\/diepte?post=15179"},{"taxonomy":"oppervlakte","embeddable":true,"href":"https:\/\/beurswand2026.webdeveloperz.nl\/de\/wp-json\/wp\/v2\/oppervlakte?post=15179"},{"taxonomy":"opstelling","embeddable":true,"href":"https:\/\/beurswand2026.webdeveloperz.nl\/de\/wp-json\/wp\/v2\/opstelling?post=15179"},{"taxonomy":"optie","embeddable":true,"href":"https:\/\/beurswand2026.webdeveloperz.nl\/de\/wp-json\/wp\/v2\/optie?post=15179"},{"taxonomy":"pijler","embeddable":true,"href":"https:\/\/beurswand2026.webdeveloperz.nl\/de\/wp-json\/wp\/v2\/pijler?post=15179"},{"taxonomy":"product_brand","embeddable":true,"href":"https:\/\/beurswand2026.webdeveloperz.nl\/de\/wp-json\/wp\/v2\/product_brand?post=15179"},{"taxonomy":"product_cat","embeddable":true,"href":"https:\/\/beurswand2026.webdeveloperz.nl\/de\/wp-json\/wp\/v2\/product_cat?post=15179"},{"taxonomy":"product_tag","embeddable":true,"href":"https:\/\/beurswand2026.webdeveloperz.nl\/de\/wp-json\/wp\/v2\/product_tag?post=15179"}],"curies":[{"name":"wp","href":"https:\/\/api.w.org\/{rel}","templated":true}]}}