{"id":15162,"date":"2023-10-15T18:40:11","date_gmt":"2023-10-15T18:40:11","guid":{"rendered":"https:\/\/beurswand.nl\/product\/beursstand-design-115\/"},"modified":"2025-03-13T09:33:02","modified_gmt":"2025-03-13T09:33:02","slug":"beursstand-design-115","status":"publish","type":"product","link":"https:\/\/beurswand2026.webdeveloperz.nl\/de\/product\/beursstand-design-115\/","title":{"rendered":"Messestand Design 115"},"content":{"rendered":"<p><strong>Neu! Messestand Design 115 \u2013 Ein Statement auf jeder Messe! <\/strong><\/p>\n<p>Suchen Sie einen Messestand, der auff\u00e4llt und beeindruckt? Design 115 ist genau das, was Sie brauchen. Mit gro\u00dfz\u00fcgigen Abmessungen von mehr als 60 m2 garantiert dieser Inselstand eine herausragende Pr\u00e4senz auf jeder Ausstellungsfl\u00e4che. Beleuchten Sie Ihre Produkte und Dienstleistungen mit der integrierten LED-Wand und verw\u00f6hnen Sie Ihre Besucher mit einem Getr\u00e4nk aus Ihrer eigenen Speisekammer.   <\/p>\n<p>Aber das ist noch nicht alles! Wir wissen, dass jede Marke einzigartig ist. Daher kann dieses Beispiel ganz nach Ihren W\u00fcnschen angepasst werden. Sind Sie neugierig auf die M\u00f6glichkeiten oder m\u00f6chten Sie mehr Details erfahren? Hinterlassen Sie Ihre Daten im untenstehenden Kontaktformular und unser Team wird sich bald bei Ihnen melden.    <\/p>\n<p><strong>Design 115 \u2013 Wo Qualit\u00e4t und Flexibilit\u00e4t zusammenkommen. Verpassen Sie diese Gelegenheit nicht! <\/strong><\/p>\n","protected":false},"excerpt":{"rendered":"<p>Neu! Messestand Design 115 \u2013 Ein Statement auf jeder Messe! Suchen Sie einen Messestand, der auff\u00e4llt und beeindruckt? Design 115 ist genau das, was Sie brauchen. Mit gro\u00dfz\u00fcgigen Abmessungen von mehr als 60 m2 garantiert dieser Inselstand eine herausragende Pr\u00e4senz auf jeder Ausstellungsfl\u00e4che. Beleuchten Sie Ihre Produkte und Dienstleistungen mit der integrierten LED-Wand und verw\u00f6hnen [&hellip;]<\/p>\n","protected":false},"featured_media":12678,"comment_status":"closed","ping_status":"open","template":"","meta":{"_acf_changed":false,"site-sidebar-layout":"default","site-content-layout":"","ast-site-content-layout":"default","site-content-style":"default","site-sidebar-style":"default","ast-global-header-display":"","ast-banner-title-visibility":"","ast-main-header-display":"","ast-hfb-above-header-display":"","ast-hfb-below-header-display":"","ast-hfb-mobile-header-display":"","site-post-title":"","ast-breadcrumbs-content":"","ast-featured-img":"","footer-sml-layout":"","ast-disable-related-posts":"","theme-transparent-header-meta":"","adv-header-id-meta":"","stick-header-meta":"","header-above-stick-meta":"","header-main-stick-meta":"","header-below-stick-meta":"","astra-migrate-meta-layouts":"default","ast-page-background-enabled":"default","ast-page-background-meta":{"desktop":{"background-color":"","background-image":"","background-repeat":"repeat","background-position":"center center","background-size":"auto","background-attachment":"scroll","background-type":"","background-media":"","overlay-type":"","overlay-color":"","overlay-opacity":"","overlay-gradient":""},"tablet":{"background-color":"","background-image":"","background-repeat":"repeat","background-position":"center center","background-size":"auto","background-attachment":"scroll","background-type":"","background-media":"","overlay-type":"","overlay-color":"","overlay-opacity":"","overlay-gradient":""},"mobile":{"background-color":"","background-image":"","background-repeat":"repeat","background-position":"center center","background-size":"auto","background-attachment":"scroll","background-type":"","background-media":"","overlay-type":"","overlay-color":"","overlay-opacity":"","overlay-gradient":""}},"ast-content-background-meta":{"desktop":{"background-color":"var(--ast-global-color-5)","background-image":"","background-repeat":"repeat","background-position":"center center","background-size":"auto","background-attachment":"scroll","background-type":"","background-media":"","overlay-type":"","overlay-color":"","overlay-opacity":"","overlay-gradient":""},"tablet":{"background-color":"var(--ast-global-color-5)","background-image":"","background-repeat":"repeat","background-position":"center center","background-size":"auto","background-attachment":"scroll","background-type":"","background-media":"","overlay-type":"","overlay-color":"","overlay-opacity":"","overlay-gradient":""},"mobile":{"background-color":"var(--ast-global-color-5)","background-image":"","background-repeat":"repeat","background-position":"center center","background-size":"auto","background-attachment":"scroll","background-type":"","background-media":"","overlay-type":"","overlay-color":"","overlay-opacity":"","overlay-gradient":""}}},"breedte":[],"design-oppervlakte":[430],"design-opstelling":[472],"design-optie":[473,418,381],"diepte":[],"oppervlakte":[],"opstelling":[],"optie":[],"pijler":[],"product_brand":[],"product_cat":[431,371,372,474,419,374,373,383],"product_tag":[],"class_list":{"0":"post-15162","1":"product","2":"type-product","3":"status-publish","4":"has-post-thumbnail","6":"design-oppervlakte-40-m2-und-groser","7":"design-opstelling-insel-stand","8":"design-optie-insel-stand","9":"design-optie-led-wand-de","10":"design-optie-speisekammer","11":"product_cat-40-m2-und-groser","12":"product_cat-entwurf","13":"product_cat-flache","14":"product_cat-insel-stand","15":"product_cat-led-wand-de","16":"product_cat-messestand-typ","17":"product_cat-optionen","18":"product_cat-speisekammer","19":"desktop-align-left","20":"tablet-align-left","21":"mobile-align-left","23":"first","24":"instock","25":"shipping-taxable","26":"product-type-simple"},"acf":[],"_links":{"self":[{"href":"https:\/\/beurswand2026.webdeveloperz.nl\/de\/wp-json\/wp\/v2\/product\/15162","targetHints":{"allow":["GET"]}}],"collection":[{"href":"https:\/\/beurswand2026.webdeveloperz.nl\/de\/wp-json\/wp\/v2\/product"}],"about":[{"href":"https:\/\/beurswand2026.webdeveloperz.nl\/de\/wp-json\/wp\/v2\/types\/product"}],"replies":[{"embeddable":true,"href":"https:\/\/beurswand2026.webdeveloperz.nl\/de\/wp-json\/wp\/v2\/comments?post=15162"}],"version-history":[{"count":1,"href":"https:\/\/beurswand2026.webdeveloperz.nl\/de\/wp-json\/wp\/v2\/product\/15162\/revisions"}],"predecessor-version":[{"id":15787,"href":"https:\/\/beurswand2026.webdeveloperz.nl\/de\/wp-json\/wp\/v2\/product\/15162\/revisions\/15787"}],"wp:featuredmedia":[{"embeddable":true,"href":"https:\/\/beurswand2026.webdeveloperz.nl\/de\/wp-json\/wp\/v2\/media\/12678"}],"wp:attachment":[{"href":"https:\/\/beurswand2026.webdeveloperz.nl\/de\/wp-json\/wp\/v2\/media?parent=15162"}],"wp:term":[{"taxonomy":"breedte","embeddable":true,"href":"https:\/\/beurswand2026.webdeveloperz.nl\/de\/wp-json\/wp\/v2\/breedte?post=15162"},{"taxonomy":"design-oppervlakte","embeddable":true,"href":"https:\/\/beurswand2026.webdeveloperz.nl\/de\/wp-json\/wp\/v2\/design-oppervlakte?post=15162"},{"taxonomy":"design-opstelling","embeddable":true,"href":"https:\/\/beurswand2026.webdeveloperz.nl\/de\/wp-json\/wp\/v2\/design-opstelling?post=15162"},{"taxonomy":"design-optie","embeddable":true,"href":"https:\/\/beurswand2026.webdeveloperz.nl\/de\/wp-json\/wp\/v2\/design-optie?post=15162"},{"taxonomy":"diepte","embeddable":true,"href":"https:\/\/beurswand2026.webdeveloperz.nl\/de\/wp-json\/wp\/v2\/diepte?post=15162"},{"taxonomy":"oppervlakte","embeddable":true,"href":"https:\/\/beurswand2026.webdeveloperz.nl\/de\/wp-json\/wp\/v2\/oppervlakte?post=15162"},{"taxonomy":"opstelling","embeddable":true,"href":"https:\/\/beurswand2026.webdeveloperz.nl\/de\/wp-json\/wp\/v2\/opstelling?post=15162"},{"taxonomy":"optie","embeddable":true,"href":"https:\/\/beurswand2026.webdeveloperz.nl\/de\/wp-json\/wp\/v2\/optie?post=15162"},{"taxonomy":"pijler","embeddable":true,"href":"https:\/\/beurswand2026.webdeveloperz.nl\/de\/wp-json\/wp\/v2\/pijler?post=15162"},{"taxonomy":"product_brand","embeddable":true,"href":"https:\/\/beurswand2026.webdeveloperz.nl\/de\/wp-json\/wp\/v2\/product_brand?post=15162"},{"taxonomy":"product_cat","embeddable":true,"href":"https:\/\/beurswand2026.webdeveloperz.nl\/de\/wp-json\/wp\/v2\/product_cat?post=15162"},{"taxonomy":"product_tag","embeddable":true,"href":"https:\/\/beurswand2026.webdeveloperz.nl\/de\/wp-json\/wp\/v2\/product_tag?post=15162"}],"curies":[{"name":"wp","href":"https:\/\/api.w.org\/{rel}","templated":true}]}}