{"id":15156,"date":"2024-09-24T07:40:40","date_gmt":"2024-09-24T07:40:40","guid":{"rendered":"https:\/\/beurswand.nl\/product\/beursstand-design-138\/"},"modified":"2025-03-13T09:32:51","modified_gmt":"2025-03-13T09:32:51","slug":"beursstand-design-138","status":"publish","type":"product","link":"https:\/\/beurswand2026.webdeveloperz.nl\/de\/product\/beursstand-design-138\/","title":{"rendered":"Messestand Design 138"},"content":{"rendered":"<p>Der Messestand Design 138 bietet maximale Flexibilit\u00e4t f\u00fcr Unternehmen, die ihre Pr\u00e4sentation individuell gestalten m\u00f6chten. Das Design kann vollst\u00e4ndig personalisiert werden, von der Form und Gr\u00f6\u00dfe des Standes bis hin zum Boden, den M\u00f6beln und dem Bildmaterial. Kunden k\u00f6nnen aus einer breiten Palette von LED-Rahmen, W\u00e4nden und Multimedia-Optionen w\u00e4hlen, um ihre Marke wirkungsvoll zu pr\u00e4sentieren.  <\/p>\n<p>Dieser Stand ist ideal f\u00fcr Unternehmen, die sich auf gro\u00dfen Messen profilieren wollen, mit Optionen wie einer Bar, einer Speisekammer und einem Inselaufbau. So ist es einfach, Besucher zu empfangen und ein professionelles Erscheinungsbild zu wahren. <\/p>\n<p>Dank der umfangreichen Personalisierungsm\u00f6glichkeiten k\u00f6nnen Kunden einen einzigartigen Stand gestalten, der perfekt zu ihrer Markenidentit\u00e4t und ihren Ausstellungszielen passt. Das macht das Messestand-Design 138 zu einer vielseitigen Wahl f\u00fcr jede Veranstaltung. <\/p>\n","protected":false},"excerpt":{"rendered":"<p>Der Messestand Design 138 bietet maximale Flexibilit\u00e4t f\u00fcr Unternehmen, die ihre Pr\u00e4sentation individuell gestalten m\u00f6chten. Das Design kann vollst\u00e4ndig personalisiert werden, von der Form und Gr\u00f6\u00dfe des Standes bis hin zum Boden, den M\u00f6beln und dem Bildmaterial. Kunden k\u00f6nnen aus einer breiten Palette von LED-Rahmen, W\u00e4nden und Multimedia-Optionen w\u00e4hlen, um ihre Marke wirkungsvoll zu pr\u00e4sentieren. [&hellip;]<\/p>\n","protected":false},"featured_media":14439,"comment_status":"closed","ping_status":"open","template":"","meta":{"_acf_changed":false,"site-sidebar-layout":"default","site-content-layout":"","ast-site-content-layout":"default","site-content-style":"default","site-sidebar-style":"default","ast-global-header-display":"","ast-banner-title-visibility":"","ast-main-header-display":"","ast-hfb-above-header-display":"","ast-hfb-below-header-display":"","ast-hfb-mobile-header-display":"","site-post-title":"","ast-breadcrumbs-content":"","ast-featured-img":"","footer-sml-layout":"","ast-disable-related-posts":"","theme-transparent-header-meta":"","adv-header-id-meta":"","stick-header-meta":"","header-above-stick-meta":"","header-main-stick-meta":"","header-below-stick-meta":"","astra-migrate-meta-layouts":"default","ast-page-background-enabled":"default","ast-page-background-meta":{"desktop":{"background-color":"","background-image":"","background-repeat":"repeat","background-position":"center center","background-size":"auto","background-attachment":"scroll","background-type":"","background-media":"","overlay-type":"","overlay-color":"","overlay-opacity":"","overlay-gradient":""},"tablet":{"background-color":"","background-image":"","background-repeat":"repeat","background-position":"center center","background-size":"auto","background-attachment":"scroll","background-type":"","background-media":"","overlay-type":"","overlay-color":"","overlay-opacity":"","overlay-gradient":""},"mobile":{"background-color":"","background-image":"","background-repeat":"repeat","background-position":"center center","background-size":"auto","background-attachment":"scroll","background-type":"","background-media":"","overlay-type":"","overlay-color":"","overlay-opacity":"","overlay-gradient":""}},"ast-content-background-meta":{"desktop":{"background-color":"var(--ast-global-color-5)","background-image":"","background-repeat":"repeat","background-position":"center center","background-size":"auto","background-attachment":"scroll","background-type":"","background-media":"","overlay-type":"","overlay-color":"","overlay-opacity":"","overlay-gradient":""},"tablet":{"background-color":"var(--ast-global-color-5)","background-image":"","background-repeat":"repeat","background-position":"center center","background-size":"auto","background-attachment":"scroll","background-type":"","background-media":"","overlay-type":"","overlay-color":"","overlay-opacity":"","overlay-gradient":""},"mobile":{"background-color":"var(--ast-global-color-5)","background-image":"","background-repeat":"repeat","background-position":"center center","background-size":"auto","background-attachment":"scroll","background-type":"","background-media":"","overlay-type":"","overlay-color":"","overlay-opacity":"","overlay-gradient":""}}},"breedte":[],"design-oppervlakte":[430],"design-opstelling":[472],"design-optie":[449,473,381],"diepte":[],"oppervlakte":[],"opstelling":[],"optie":[],"pijler":[],"product_brand":[],"product_cat":[431,451,371,372,474,374,373,383],"product_tag":[],"class_list":{"0":"post-15156","1":"product","2":"type-product","3":"status-publish","4":"has-post-thumbnail","6":"design-oppervlakte-40-m2-und-groser","7":"design-opstelling-insel-stand","8":"design-optie-bar-de","9":"design-optie-insel-stand","10":"design-optie-speisekammer","11":"product_cat-40-m2-und-groser","12":"product_cat-bar-de","13":"product_cat-entwurf","14":"product_cat-flache","15":"product_cat-insel-stand","16":"product_cat-messestand-typ","17":"product_cat-optionen","18":"product_cat-speisekammer","19":"desktop-align-left","20":"tablet-align-left","21":"mobile-align-left","23":"first","24":"instock","25":"shipping-taxable","26":"product-type-simple"},"acf":[],"_links":{"self":[{"href":"https:\/\/beurswand2026.webdeveloperz.nl\/de\/wp-json\/wp\/v2\/product\/15156","targetHints":{"allow":["GET"]}}],"collection":[{"href":"https:\/\/beurswand2026.webdeveloperz.nl\/de\/wp-json\/wp\/v2\/product"}],"about":[{"href":"https:\/\/beurswand2026.webdeveloperz.nl\/de\/wp-json\/wp\/v2\/types\/product"}],"replies":[{"embeddable":true,"href":"https:\/\/beurswand2026.webdeveloperz.nl\/de\/wp-json\/wp\/v2\/comments?post=15156"}],"version-history":[{"count":1,"href":"https:\/\/beurswand2026.webdeveloperz.nl\/de\/wp-json\/wp\/v2\/product\/15156\/revisions"}],"predecessor-version":[{"id":15764,"href":"https:\/\/beurswand2026.webdeveloperz.nl\/de\/wp-json\/wp\/v2\/product\/15156\/revisions\/15764"}],"wp:featuredmedia":[{"embeddable":true,"href":"https:\/\/beurswand2026.webdeveloperz.nl\/de\/wp-json\/wp\/v2\/media\/14439"}],"wp:attachment":[{"href":"https:\/\/beurswand2026.webdeveloperz.nl\/de\/wp-json\/wp\/v2\/media?parent=15156"}],"wp:term":[{"taxonomy":"breedte","embeddable":true,"href":"https:\/\/beurswand2026.webdeveloperz.nl\/de\/wp-json\/wp\/v2\/breedte?post=15156"},{"taxonomy":"design-oppervlakte","embeddable":true,"href":"https:\/\/beurswand2026.webdeveloperz.nl\/de\/wp-json\/wp\/v2\/design-oppervlakte?post=15156"},{"taxonomy":"design-opstelling","embeddable":true,"href":"https:\/\/beurswand2026.webdeveloperz.nl\/de\/wp-json\/wp\/v2\/design-opstelling?post=15156"},{"taxonomy":"design-optie","embeddable":true,"href":"https:\/\/beurswand2026.webdeveloperz.nl\/de\/wp-json\/wp\/v2\/design-optie?post=15156"},{"taxonomy":"diepte","embeddable":true,"href":"https:\/\/beurswand2026.webdeveloperz.nl\/de\/wp-json\/wp\/v2\/diepte?post=15156"},{"taxonomy":"oppervlakte","embeddable":true,"href":"https:\/\/beurswand2026.webdeveloperz.nl\/de\/wp-json\/wp\/v2\/oppervlakte?post=15156"},{"taxonomy":"opstelling","embeddable":true,"href":"https:\/\/beurswand2026.webdeveloperz.nl\/de\/wp-json\/wp\/v2\/opstelling?post=15156"},{"taxonomy":"optie","embeddable":true,"href":"https:\/\/beurswand2026.webdeveloperz.nl\/de\/wp-json\/wp\/v2\/optie?post=15156"},{"taxonomy":"pijler","embeddable":true,"href":"https:\/\/beurswand2026.webdeveloperz.nl\/de\/wp-json\/wp\/v2\/pijler?post=15156"},{"taxonomy":"product_brand","embeddable":true,"href":"https:\/\/beurswand2026.webdeveloperz.nl\/de\/wp-json\/wp\/v2\/product_brand?post=15156"},{"taxonomy":"product_cat","embeddable":true,"href":"https:\/\/beurswand2026.webdeveloperz.nl\/de\/wp-json\/wp\/v2\/product_cat?post=15156"},{"taxonomy":"product_tag","embeddable":true,"href":"https:\/\/beurswand2026.webdeveloperz.nl\/de\/wp-json\/wp\/v2\/product_tag?post=15156"}],"curies":[{"name":"wp","href":"https:\/\/api.w.org\/{rel}","templated":true}]}}