{"id":15116,"date":"2023-10-15T07:34:11","date_gmt":"2023-10-15T07:34:11","guid":{"rendered":"https:\/\/beurswand.nl\/product\/beursstand-design-90\/"},"modified":"2025-03-13T09:33:12","modified_gmt":"2025-03-13T09:33:12","slug":"beursstand-design-90","status":"publish","type":"product","link":"https:\/\/beurswand2026.webdeveloperz.nl\/de\/product\/beursstand-design-90\/","title":{"rendered":"Messestand Design 90"},"content":{"rendered":"<p><strong>Exklusives Messestanddesign 90 \u2013 Eine Klasse f\u00fcr sich<\/strong><\/p>\n<p>Sie suchen nach einer einzigartigen, professionellen und funktionalen Messepr\u00e4sentation? Lernen Sie unseren Messestand Design 90 kennen. Mit einer gro\u00dfz\u00fcgigen Gr\u00f6\u00dfe von mehr als 54 m\u00b2 und einer strategischen Eckstandposition ist Ihnen eine optimale Sichtbarkeit garantiert.  <\/p>\n<p>Dieser Messestand besticht nicht nur durch sein Design, sondern auch durch seine Funktionalit\u00e4t. Verw\u00f6hnen Sie Ihre Besucher mit einem Drink an der integrierten Bar, w\u00e4hrend Sie sich in einer praktischen Speisekammer um Ihr Catering k\u00fcmmern. Und f\u00fcr den zus\u00e4tzlichen Hauch von Luxus? Unser Doppelboden sorgt nicht nur f\u00fcr einen eleganten Look, sondern bietet auch praktische Vorteile.   <\/p>\n<p>Dies ist nur ein Beispiel! Wir k\u00f6nnen alles an Ihre individuellen Bed\u00fcrfnisse anpassen. Warten Sie nicht und fordern Sie noch heute weitere Informationen \u00fcber das untenstehende Kontaktformular an. Ihr Traumstand ist zum Greifen nah!   <\/p>\n","protected":false},"excerpt":{"rendered":"<p>Exklusives Messestanddesign 90 \u2013 Eine Klasse f\u00fcr sich Sie suchen nach einer einzigartigen, professionellen und funktionalen Messepr\u00e4sentation? Lernen Sie unseren Messestand Design 90 kennen. Mit einer gro\u00dfz\u00fcgigen Gr\u00f6\u00dfe von mehr als 54 m\u00b2 und einer strategischen Eckstandposition ist Ihnen eine optimale Sichtbarkeit garantiert. Dieser Messestand besticht nicht nur durch sein Design, sondern auch durch seine [&hellip;]<\/p>\n","protected":false},"featured_media":12138,"comment_status":"closed","ping_status":"open","template":"","meta":{"_acf_changed":false,"site-sidebar-layout":"default","site-content-layout":"","ast-site-content-layout":"default","site-content-style":"default","site-sidebar-style":"default","ast-global-header-display":"","ast-banner-title-visibility":"","ast-main-header-display":"","ast-hfb-above-header-display":"","ast-hfb-below-header-display":"","ast-hfb-mobile-header-display":"","site-post-title":"","ast-breadcrumbs-content":"","ast-featured-img":"","footer-sml-layout":"","ast-disable-related-posts":"","theme-transparent-header-meta":"","adv-header-id-meta":"","stick-header-meta":"","header-above-stick-meta":"","header-main-stick-meta":"","header-below-stick-meta":"","astra-migrate-meta-layouts":"default","ast-page-background-enabled":"default","ast-page-background-meta":{"desktop":{"background-color":"","background-image":"","background-repeat":"repeat","background-position":"center center","background-size":"auto","background-attachment":"scroll","background-type":"","background-media":"","overlay-type":"","overlay-color":"","overlay-opacity":"","overlay-gradient":""},"tablet":{"background-color":"","background-image":"","background-repeat":"repeat","background-position":"center center","background-size":"auto","background-attachment":"scroll","background-type":"","background-media":"","overlay-type":"","overlay-color":"","overlay-opacity":"","overlay-gradient":""},"mobile":{"background-color":"","background-image":"","background-repeat":"repeat","background-position":"center center","background-size":"auto","background-attachment":"scroll","background-type":"","background-media":"","overlay-type":"","overlay-color":"","overlay-opacity":"","overlay-gradient":""}},"ast-content-background-meta":{"desktop":{"background-color":"var(--ast-global-color-5)","background-image":"","background-repeat":"repeat","background-position":"center center","background-size":"auto","background-attachment":"scroll","background-type":"","background-media":"","overlay-type":"","overlay-color":"","overlay-opacity":"","overlay-gradient":""},"tablet":{"background-color":"var(--ast-global-color-5)","background-image":"","background-repeat":"repeat","background-position":"center center","background-size":"auto","background-attachment":"scroll","background-type":"","background-media":"","overlay-type":"","overlay-color":"","overlay-opacity":"","overlay-gradient":""},"mobile":{"background-color":"var(--ast-global-color-5)","background-image":"","background-repeat":"repeat","background-position":"center center","background-size":"auto","background-attachment":"scroll","background-type":"","background-media":"","overlay-type":"","overlay-color":"","overlay-opacity":"","overlay-gradient":""}}},"breedte":[],"design-oppervlakte":[430],"design-opstelling":[414],"design-optie":[449,415,381],"diepte":[],"oppervlakte":[],"opstelling":[],"optie":[],"pijler":[],"product_brand":[],"product_cat":[431,451,416,371,417,372,374,373,383],"product_tag":[],"class_list":{"0":"post-15116","1":"product","2":"type-product","3":"status-publish","4":"has-post-thumbnail","6":"design-oppervlakte-40-m2-und-groser","7":"design-opstelling-eckstand","8":"design-optie-bar-de","9":"design-optie-erhohter-boden","10":"design-optie-speisekammer","11":"product_cat-40-m2-und-groser","12":"product_cat-bar-de","13":"product_cat-eckstand","14":"product_cat-entwurf","15":"product_cat-erhohter-boden","16":"product_cat-flache","17":"product_cat-messestand-typ","18":"product_cat-optionen","19":"product_cat-speisekammer","20":"desktop-align-left","21":"tablet-align-left","22":"mobile-align-left","24":"first","25":"instock","26":"shipping-taxable","27":"product-type-simple"},"acf":[],"_links":{"self":[{"href":"https:\/\/beurswand2026.webdeveloperz.nl\/de\/wp-json\/wp\/v2\/product\/15116","targetHints":{"allow":["GET"]}}],"collection":[{"href":"https:\/\/beurswand2026.webdeveloperz.nl\/de\/wp-json\/wp\/v2\/product"}],"about":[{"href":"https:\/\/beurswand2026.webdeveloperz.nl\/de\/wp-json\/wp\/v2\/types\/product"}],"replies":[{"embeddable":true,"href":"https:\/\/beurswand2026.webdeveloperz.nl\/de\/wp-json\/wp\/v2\/comments?post=15116"}],"version-history":[{"count":1,"href":"https:\/\/beurswand2026.webdeveloperz.nl\/de\/wp-json\/wp\/v2\/product\/15116\/revisions"}],"predecessor-version":[{"id":15812,"href":"https:\/\/beurswand2026.webdeveloperz.nl\/de\/wp-json\/wp\/v2\/product\/15116\/revisions\/15812"}],"wp:featuredmedia":[{"embeddable":true,"href":"https:\/\/beurswand2026.webdeveloperz.nl\/de\/wp-json\/wp\/v2\/media\/12138"}],"wp:attachment":[{"href":"https:\/\/beurswand2026.webdeveloperz.nl\/de\/wp-json\/wp\/v2\/media?parent=15116"}],"wp:term":[{"taxonomy":"breedte","embeddable":true,"href":"https:\/\/beurswand2026.webdeveloperz.nl\/de\/wp-json\/wp\/v2\/breedte?post=15116"},{"taxonomy":"design-oppervlakte","embeddable":true,"href":"https:\/\/beurswand2026.webdeveloperz.nl\/de\/wp-json\/wp\/v2\/design-oppervlakte?post=15116"},{"taxonomy":"design-opstelling","embeddable":true,"href":"https:\/\/beurswand2026.webdeveloperz.nl\/de\/wp-json\/wp\/v2\/design-opstelling?post=15116"},{"taxonomy":"design-optie","embeddable":true,"href":"https:\/\/beurswand2026.webdeveloperz.nl\/de\/wp-json\/wp\/v2\/design-optie?post=15116"},{"taxonomy":"diepte","embeddable":true,"href":"https:\/\/beurswand2026.webdeveloperz.nl\/de\/wp-json\/wp\/v2\/diepte?post=15116"},{"taxonomy":"oppervlakte","embeddable":true,"href":"https:\/\/beurswand2026.webdeveloperz.nl\/de\/wp-json\/wp\/v2\/oppervlakte?post=15116"},{"taxonomy":"opstelling","embeddable":true,"href":"https:\/\/beurswand2026.webdeveloperz.nl\/de\/wp-json\/wp\/v2\/opstelling?post=15116"},{"taxonomy":"optie","embeddable":true,"href":"https:\/\/beurswand2026.webdeveloperz.nl\/de\/wp-json\/wp\/v2\/optie?post=15116"},{"taxonomy":"pijler","embeddable":true,"href":"https:\/\/beurswand2026.webdeveloperz.nl\/de\/wp-json\/wp\/v2\/pijler?post=15116"},{"taxonomy":"product_brand","embeddable":true,"href":"https:\/\/beurswand2026.webdeveloperz.nl\/de\/wp-json\/wp\/v2\/product_brand?post=15116"},{"taxonomy":"product_cat","embeddable":true,"href":"https:\/\/beurswand2026.webdeveloperz.nl\/de\/wp-json\/wp\/v2\/product_cat?post=15116"},{"taxonomy":"product_tag","embeddable":true,"href":"https:\/\/beurswand2026.webdeveloperz.nl\/de\/wp-json\/wp\/v2\/product_tag?post=15116"}],"curies":[{"name":"wp","href":"https:\/\/api.w.org\/{rel}","templated":true}]}}