{"id":15115,"date":"2023-10-15T07:32:57","date_gmt":"2023-10-15T07:32:57","guid":{"rendered":"https:\/\/beurswand.nl\/product\/beursstand-design-89\/"},"modified":"2025-03-13T09:33:13","modified_gmt":"2025-03-13T09:33:13","slug":"beursstand-design-89","status":"publish","type":"product","link":"https:\/\/beurswand2026.webdeveloperz.nl\/de\/product\/beursstand-design-89\/","title":{"rendered":"Messestand Design 89"},"content":{"rendered":"<p><strong>Messestand Design 89 \u2013 Wo Professionalit\u00e4t und Stil zusammenkommen<\/strong><\/p>\n<p>Entdecken Sie Design 89: ein atemberaubender Eckstand mit mehr als 35 m2 innovativer Pr\u00e4sentationsfl\u00e4che. Der Stand ist nicht nur ein F\u00fcller f\u00fcr Ihre Ausstellungsfl\u00e4che; er ist ein Statement! Mit einer eleganten LED-Wand ziehen Sie sofort die Aufmerksamkeit der Passanten auf sich. Ein Doppelboden bietet sowohl einen exklusiven Look als auch praktische Vorteile. Praktische Regale erleichtern die Pr\u00e4sentation Ihrer Produkte, w\u00e4hrend ein eleganter Schreibtisch und eine versteckte Speisekammer f\u00fcr zus\u00e4tzliche Funktionalit\u00e4t sorgen.    <\/p>\n<p>Finden Sie Design 89 bereits beeindruckend? Dann denken Sie daran, dass dies nur ein Beispiel ist. Wir passen alles an Ihre W\u00fcnsche an! Neugierig auf die M\u00f6glichkeiten? F\u00fcllen Sie das Kontaktformular unten aus und entdecken Sie, wie wir gemeinsam Ihren perfekten Messestand gestalten k\u00f6nnen. Ihr zuk\u00fcnftiger Stand wartet schon auf Sie!     <\/p>\n","protected":false},"excerpt":{"rendered":"<p>Messestand Design 89 \u2013 Wo Professionalit\u00e4t und Stil zusammenkommen Entdecken Sie Design 89: ein atemberaubender Eckstand mit mehr als 35 m2 innovativer Pr\u00e4sentationsfl\u00e4che. Der Stand ist nicht nur ein F\u00fcller f\u00fcr Ihre Ausstellungsfl\u00e4che; er ist ein Statement! Mit einer eleganten LED-Wand ziehen Sie sofort die Aufmerksamkeit der Passanten auf sich. Ein Doppelboden bietet sowohl einen [&hellip;]<\/p>\n","protected":false},"featured_media":12116,"comment_status":"closed","ping_status":"open","template":"","meta":{"_acf_changed":false,"site-sidebar-layout":"default","site-content-layout":"","ast-site-content-layout":"default","site-content-style":"default","site-sidebar-style":"default","ast-global-header-display":"","ast-banner-title-visibility":"","ast-main-header-display":"","ast-hfb-above-header-display":"","ast-hfb-below-header-display":"","ast-hfb-mobile-header-display":"","site-post-title":"","ast-breadcrumbs-content":"","ast-featured-img":"","footer-sml-layout":"","ast-disable-related-posts":"","theme-transparent-header-meta":"","adv-header-id-meta":"","stick-header-meta":"","header-above-stick-meta":"","header-main-stick-meta":"","header-below-stick-meta":"","astra-migrate-meta-layouts":"default","ast-page-background-enabled":"default","ast-page-background-meta":{"desktop":{"background-color":"","background-image":"","background-repeat":"repeat","background-position":"center center","background-size":"auto","background-attachment":"scroll","background-type":"","background-media":"","overlay-type":"","overlay-color":"","overlay-opacity":"","overlay-gradient":""},"tablet":{"background-color":"","background-image":"","background-repeat":"repeat","background-position":"center center","background-size":"auto","background-attachment":"scroll","background-type":"","background-media":"","overlay-type":"","overlay-color":"","overlay-opacity":"","overlay-gradient":""},"mobile":{"background-color":"","background-image":"","background-repeat":"repeat","background-position":"center center","background-size":"auto","background-attachment":"scroll","background-type":"","background-media":"","overlay-type":"","overlay-color":"","overlay-opacity":"","overlay-gradient":""}},"ast-content-background-meta":{"desktop":{"background-color":"var(--ast-global-color-5)","background-image":"","background-repeat":"repeat","background-position":"center center","background-size":"auto","background-attachment":"scroll","background-type":"","background-media":"","overlay-type":"","overlay-color":"","overlay-opacity":"","overlay-gradient":""},"tablet":{"background-color":"var(--ast-global-color-5)","background-image":"","background-repeat":"repeat","background-position":"center center","background-size":"auto","background-attachment":"scroll","background-type":"","background-media":"","overlay-type":"","overlay-color":"","overlay-opacity":"","overlay-gradient":""},"mobile":{"background-color":"var(--ast-global-color-5)","background-image":"","background-repeat":"repeat","background-position":"center center","background-size":"auto","background-attachment":"scroll","background-type":"","background-media":"","overlay-type":"","overlay-color":"","overlay-opacity":"","overlay-gradient":""}}},"breedte":[],"design-oppervlakte":[379],"design-opstelling":[414],"design-optie":[415,418,467,380,381],"diepte":[],"oppervlakte":[],"opstelling":[],"optie":[],"pijler":[],"product_brand":[],"product_cat":[384,416,371,417,372,419,374,373,468,382,383],"product_tag":[],"class_list":{"0":"post-15115","1":"product","2":"type-product","3":"status-publish","4":"has-post-thumbnail","6":"design-oppervlakte-25-40-m2-de","7":"design-opstelling-eckstand","8":"design-optie-erhohter-boden","9":"design-optie-led-wand-de","10":"design-optie-regale","11":"design-optie-schreibtisch","12":"design-optie-speisekammer","13":"product_cat-25-40-m2-de","14":"product_cat-eckstand","15":"product_cat-entwurf","16":"product_cat-erhohter-boden","17":"product_cat-flache","18":"product_cat-led-wand-de","19":"product_cat-messestand-typ","20":"product_cat-optionen","21":"product_cat-regale","22":"product_cat-schreibtisch","23":"product_cat-speisekammer","24":"desktop-align-left","25":"tablet-align-left","26":"mobile-align-left","28":"first","29":"instock","30":"shipping-taxable","31":"product-type-simple"},"acf":[],"_links":{"self":[{"href":"https:\/\/beurswand2026.webdeveloperz.nl\/de\/wp-json\/wp\/v2\/product\/15115","targetHints":{"allow":["GET"]}}],"collection":[{"href":"https:\/\/beurswand2026.webdeveloperz.nl\/de\/wp-json\/wp\/v2\/product"}],"about":[{"href":"https:\/\/beurswand2026.webdeveloperz.nl\/de\/wp-json\/wp\/v2\/types\/product"}],"replies":[{"embeddable":true,"href":"https:\/\/beurswand2026.webdeveloperz.nl\/de\/wp-json\/wp\/v2\/comments?post=15115"}],"version-history":[{"count":1,"href":"https:\/\/beurswand2026.webdeveloperz.nl\/de\/wp-json\/wp\/v2\/product\/15115\/revisions"}],"predecessor-version":[{"id":15813,"href":"https:\/\/beurswand2026.webdeveloperz.nl\/de\/wp-json\/wp\/v2\/product\/15115\/revisions\/15813"}],"wp:featuredmedia":[{"embeddable":true,"href":"https:\/\/beurswand2026.webdeveloperz.nl\/de\/wp-json\/wp\/v2\/media\/12116"}],"wp:attachment":[{"href":"https:\/\/beurswand2026.webdeveloperz.nl\/de\/wp-json\/wp\/v2\/media?parent=15115"}],"wp:term":[{"taxonomy":"breedte","embeddable":true,"href":"https:\/\/beurswand2026.webdeveloperz.nl\/de\/wp-json\/wp\/v2\/breedte?post=15115"},{"taxonomy":"design-oppervlakte","embeddable":true,"href":"https:\/\/beurswand2026.webdeveloperz.nl\/de\/wp-json\/wp\/v2\/design-oppervlakte?post=15115"},{"taxonomy":"design-opstelling","embeddable":true,"href":"https:\/\/beurswand2026.webdeveloperz.nl\/de\/wp-json\/wp\/v2\/design-opstelling?post=15115"},{"taxonomy":"design-optie","embeddable":true,"href":"https:\/\/beurswand2026.webdeveloperz.nl\/de\/wp-json\/wp\/v2\/design-optie?post=15115"},{"taxonomy":"diepte","embeddable":true,"href":"https:\/\/beurswand2026.webdeveloperz.nl\/de\/wp-json\/wp\/v2\/diepte?post=15115"},{"taxonomy":"oppervlakte","embeddable":true,"href":"https:\/\/beurswand2026.webdeveloperz.nl\/de\/wp-json\/wp\/v2\/oppervlakte?post=15115"},{"taxonomy":"opstelling","embeddable":true,"href":"https:\/\/beurswand2026.webdeveloperz.nl\/de\/wp-json\/wp\/v2\/opstelling?post=15115"},{"taxonomy":"optie","embeddable":true,"href":"https:\/\/beurswand2026.webdeveloperz.nl\/de\/wp-json\/wp\/v2\/optie?post=15115"},{"taxonomy":"pijler","embeddable":true,"href":"https:\/\/beurswand2026.webdeveloperz.nl\/de\/wp-json\/wp\/v2\/pijler?post=15115"},{"taxonomy":"product_brand","embeddable":true,"href":"https:\/\/beurswand2026.webdeveloperz.nl\/de\/wp-json\/wp\/v2\/product_brand?post=15115"},{"taxonomy":"product_cat","embeddable":true,"href":"https:\/\/beurswand2026.webdeveloperz.nl\/de\/wp-json\/wp\/v2\/product_cat?post=15115"},{"taxonomy":"product_tag","embeddable":true,"href":"https:\/\/beurswand2026.webdeveloperz.nl\/de\/wp-json\/wp\/v2\/product_tag?post=15115"}],"curies":[{"name":"wp","href":"https:\/\/api.w.org\/{rel}","templated":true}]}}