{"id":15113,"date":"2023-10-15T07:36:46","date_gmt":"2023-10-15T07:36:46","guid":{"rendered":"https:\/\/beurswand.nl\/product\/beursstand-design-92\/"},"modified":"2025-03-13T09:33:12","modified_gmt":"2025-03-13T09:33:12","slug":"beursstand-design-92","status":"publish","type":"product","link":"https:\/\/beurswand2026.webdeveloperz.nl\/de\/product\/beursstand-design-92\/","title":{"rendered":"Messestand Design 92"},"content":{"rendered":"<p><strong>Messestand Design 92 \u2013 Ihre perfekte Pr\u00e4sentation!<\/strong><\/p>\n<p>Pr\u00e4sentieren Sie Ihr Unternehmen mit Flair und Funktionalit\u00e4t mit unserem Messestanddesign 92! Mit einer gro\u00dfz\u00fcgigen Gr\u00f6\u00dfe von mehr als 16 m2 bietet Ihnen dieser Zwischenstand den n\u00f6tigen Platz, um Ihre Produkte und Dienstleistungen optimal zu pr\u00e4sentieren. Und das ist noch nicht alles: Zu Ihrer Bequemlichkeit ist dieser Stand auch mit einer praktischen Speisekammer ausgestattet, in der Sie Werbematerialien aufbewahren oder Ihren Besuchern ein erfrischendes Getr\u00e4nk servieren k\u00f6nnen.  <\/p>\n<p>Sind Sie auf der Suche nach einer bestimmten Anpassung oder haben Sie andere W\u00fcnsche? Kein Problem! Dieses Design ist nur ein Beispiel und kann ganz nach Ihren W\u00fcnschen angepasst werden.  <\/p>\n<p>Sind Sie interessiert oder w\u00fcnschen Sie weitere Informationen? F\u00fcllen Sie das untenstehende Kontaktformular aus und wir helfen Ihnen gerne weiter! Hinterlassen Sie auf Ihrer n\u00e4chsten Messe einen unvergesslichen Eindruck mit Design 92.  <\/p>\n","protected":false},"excerpt":{"rendered":"<p>Messestand Design 92 \u2013 Ihre perfekte Pr\u00e4sentation! Pr\u00e4sentieren Sie Ihr Unternehmen mit Flair und Funktionalit\u00e4t mit unserem Messestanddesign 92! Mit einer gro\u00dfz\u00fcgigen Gr\u00f6\u00dfe von mehr als 16 m2 bietet Ihnen dieser Zwischenstand den n\u00f6tigen Platz, um Ihre Produkte und Dienstleistungen optimal zu pr\u00e4sentieren. Und das ist noch nicht alles: Zu Ihrer Bequemlichkeit ist dieser Stand [&hellip;]<\/p>\n","protected":false},"featured_media":12187,"comment_status":"closed","ping_status":"open","template":"","meta":{"_acf_changed":false,"site-sidebar-layout":"default","site-content-layout":"","ast-site-content-layout":"default","site-content-style":"default","site-sidebar-style":"default","ast-global-header-display":"","ast-banner-title-visibility":"","ast-main-header-display":"","ast-hfb-above-header-display":"","ast-hfb-below-header-display":"","ast-hfb-mobile-header-display":"","site-post-title":"","ast-breadcrumbs-content":"","ast-featured-img":"","footer-sml-layout":"","ast-disable-related-posts":"","theme-transparent-header-meta":"","adv-header-id-meta":"","stick-header-meta":"","header-above-stick-meta":"","header-main-stick-meta":"","header-below-stick-meta":"","astra-migrate-meta-layouts":"default","ast-page-background-enabled":"default","ast-page-background-meta":{"desktop":{"background-color":"","background-image":"","background-repeat":"repeat","background-position":"center center","background-size":"auto","background-attachment":"scroll","background-type":"","background-media":"","overlay-type":"","overlay-color":"","overlay-opacity":"","overlay-gradient":""},"tablet":{"background-color":"","background-image":"","background-repeat":"repeat","background-position":"center center","background-size":"auto","background-attachment":"scroll","background-type":"","background-media":"","overlay-type":"","overlay-color":"","overlay-opacity":"","overlay-gradient":""},"mobile":{"background-color":"","background-image":"","background-repeat":"repeat","background-position":"center center","background-size":"auto","background-attachment":"scroll","background-type":"","background-media":"","overlay-type":"","overlay-color":"","overlay-opacity":"","overlay-gradient":""}},"ast-content-background-meta":{"desktop":{"background-color":"var(--ast-global-color-5)","background-image":"","background-repeat":"repeat","background-position":"center center","background-size":"auto","background-attachment":"scroll","background-type":"","background-media":"","overlay-type":"","overlay-color":"","overlay-opacity":"","overlay-gradient":""},"tablet":{"background-color":"var(--ast-global-color-5)","background-image":"","background-repeat":"repeat","background-position":"center center","background-size":"auto","background-attachment":"scroll","background-type":"","background-media":"","overlay-type":"","overlay-color":"","overlay-opacity":"","overlay-gradient":""},"mobile":{"background-color":"var(--ast-global-color-5)","background-image":"","background-repeat":"repeat","background-position":"center center","background-size":"auto","background-attachment":"scroll","background-type":"","background-media":"","overlay-type":"","overlay-color":"","overlay-opacity":"","overlay-gradient":""}}},"breedte":[],"design-oppervlakte":[368],"design-opstelling":[436],"design-optie":[381],"diepte":[],"oppervlakte":[],"opstelling":[],"optie":[],"pijler":[],"product_brand":[],"product_cat":[376,371,372,374,373,383,437],"product_tag":[],"class_list":{"0":"post-15113","1":"product","2":"type-product","3":"status-publish","4":"has-post-thumbnail","6":"design-oppervlakte-1-24-m2-de","7":"design-opstelling-zwischenstand","8":"design-optie-speisekammer","9":"product_cat-1-24-m2-de","10":"product_cat-entwurf","11":"product_cat-flache","12":"product_cat-messestand-typ","13":"product_cat-optionen","14":"product_cat-speisekammer","15":"product_cat-tabellenstand","16":"desktop-align-left","17":"tablet-align-left","18":"mobile-align-left","20":"first","21":"instock","22":"shipping-taxable","23":"product-type-simple"},"acf":[],"_links":{"self":[{"href":"https:\/\/beurswand2026.webdeveloperz.nl\/de\/wp-json\/wp\/v2\/product\/15113","targetHints":{"allow":["GET"]}}],"collection":[{"href":"https:\/\/beurswand2026.webdeveloperz.nl\/de\/wp-json\/wp\/v2\/product"}],"about":[{"href":"https:\/\/beurswand2026.webdeveloperz.nl\/de\/wp-json\/wp\/v2\/types\/product"}],"replies":[{"embeddable":true,"href":"https:\/\/beurswand2026.webdeveloperz.nl\/de\/wp-json\/wp\/v2\/comments?post=15113"}],"version-history":[{"count":1,"href":"https:\/\/beurswand2026.webdeveloperz.nl\/de\/wp-json\/wp\/v2\/product\/15113\/revisions"}],"predecessor-version":[{"id":15810,"href":"https:\/\/beurswand2026.webdeveloperz.nl\/de\/wp-json\/wp\/v2\/product\/15113\/revisions\/15810"}],"wp:featuredmedia":[{"embeddable":true,"href":"https:\/\/beurswand2026.webdeveloperz.nl\/de\/wp-json\/wp\/v2\/media\/12187"}],"wp:attachment":[{"href":"https:\/\/beurswand2026.webdeveloperz.nl\/de\/wp-json\/wp\/v2\/media?parent=15113"}],"wp:term":[{"taxonomy":"breedte","embeddable":true,"href":"https:\/\/beurswand2026.webdeveloperz.nl\/de\/wp-json\/wp\/v2\/breedte?post=15113"},{"taxonomy":"design-oppervlakte","embeddable":true,"href":"https:\/\/beurswand2026.webdeveloperz.nl\/de\/wp-json\/wp\/v2\/design-oppervlakte?post=15113"},{"taxonomy":"design-opstelling","embeddable":true,"href":"https:\/\/beurswand2026.webdeveloperz.nl\/de\/wp-json\/wp\/v2\/design-opstelling?post=15113"},{"taxonomy":"design-optie","embeddable":true,"href":"https:\/\/beurswand2026.webdeveloperz.nl\/de\/wp-json\/wp\/v2\/design-optie?post=15113"},{"taxonomy":"diepte","embeddable":true,"href":"https:\/\/beurswand2026.webdeveloperz.nl\/de\/wp-json\/wp\/v2\/diepte?post=15113"},{"taxonomy":"oppervlakte","embeddable":true,"href":"https:\/\/beurswand2026.webdeveloperz.nl\/de\/wp-json\/wp\/v2\/oppervlakte?post=15113"},{"taxonomy":"opstelling","embeddable":true,"href":"https:\/\/beurswand2026.webdeveloperz.nl\/de\/wp-json\/wp\/v2\/opstelling?post=15113"},{"taxonomy":"optie","embeddable":true,"href":"https:\/\/beurswand2026.webdeveloperz.nl\/de\/wp-json\/wp\/v2\/optie?post=15113"},{"taxonomy":"pijler","embeddable":true,"href":"https:\/\/beurswand2026.webdeveloperz.nl\/de\/wp-json\/wp\/v2\/pijler?post=15113"},{"taxonomy":"product_brand","embeddable":true,"href":"https:\/\/beurswand2026.webdeveloperz.nl\/de\/wp-json\/wp\/v2\/product_brand?post=15113"},{"taxonomy":"product_cat","embeddable":true,"href":"https:\/\/beurswand2026.webdeveloperz.nl\/de\/wp-json\/wp\/v2\/product_cat?post=15113"},{"taxonomy":"product_tag","embeddable":true,"href":"https:\/\/beurswand2026.webdeveloperz.nl\/de\/wp-json\/wp\/v2\/product_tag?post=15113"}],"curies":[{"name":"wp","href":"https:\/\/api.w.org\/{rel}","templated":true}]}}