{"id":15109,"date":"2023-10-15T07:35:37","date_gmt":"2023-10-15T07:35:37","guid":{"rendered":"https:\/\/beurswand.nl\/product\/beursstand-design-91\/"},"modified":"2025-03-13T09:33:12","modified_gmt":"2025-03-13T09:33:12","slug":"beursstand-design-91","status":"publish","type":"product","link":"https:\/\/beurswand2026.webdeveloperz.nl\/de\/product\/beursstand-design-91\/","title":{"rendered":"Messestand Design 91"},"content":{"rendered":"<p><strong>Entdecken Sie Exhibition Stand Design 91 \u2013 die perfekte B\u00fchne f\u00fcr Ihre Marke!<\/strong><\/p>\n<p>Stellen Sie sich einen markanten Messestand mit einer Gr\u00f6\u00dfe von mehr als 36 m2 vor, der strategisch als Kopfstand f\u00fcr maximale Sichtbarkeit konzipiert ist. Mit Exhibition Stand Design 91 erhalten Sie mehr als nur Platz: eine moderne LED-Wand sorgt f\u00fcr eine dynamische Darstellung Ihrer Markenbotschaft, w\u00e4hrend der erh\u00f6hte Boden f\u00fcr zus\u00e4tzlichen Reiz sorgt. F\u00fcgen Sie einen praktischen Schreibtisch f\u00fcr professionelle Interaktionen und eine Pantry f\u00fcr Gastfreundschaft und Bequemlichkeit hinzu, und Sie haben die ultimative Plattform, um zu beeindrucken.  <\/p>\n<p>Dies ist nur ein Beispiel und kann vollst\u00e4ndig nach Ihren W\u00fcnschen angepasst werden! Interessieren Sie sich f\u00fcr die M\u00f6glichkeiten? Fordern Sie weitere Informationen \u00fcber das Kontaktformular unten an und machen Sie den Sprung zu einem au\u00dfergew\u00f6hnlichen Messeerlebnis.  <\/p>\n","protected":false},"excerpt":{"rendered":"<p>Entdecken Sie Exhibition Stand Design 91 \u2013 die perfekte B\u00fchne f\u00fcr Ihre Marke! Stellen Sie sich einen markanten Messestand mit einer Gr\u00f6\u00dfe von mehr als 36 m2 vor, der strategisch als Kopfstand f\u00fcr maximale Sichtbarkeit konzipiert ist. Mit Exhibition Stand Design 91 erhalten Sie mehr als nur Platz: eine moderne LED-Wand sorgt f\u00fcr eine dynamische [&hellip;]<\/p>\n","protected":false},"featured_media":12165,"comment_status":"closed","ping_status":"open","template":"","meta":{"_acf_changed":false,"site-sidebar-layout":"default","site-content-layout":"","ast-site-content-layout":"default","site-content-style":"default","site-sidebar-style":"default","ast-global-header-display":"","ast-banner-title-visibility":"","ast-main-header-display":"","ast-hfb-above-header-display":"","ast-hfb-below-header-display":"","ast-hfb-mobile-header-display":"","site-post-title":"","ast-breadcrumbs-content":"","ast-featured-img":"","footer-sml-layout":"","ast-disable-related-posts":"","theme-transparent-header-meta":"","adv-header-id-meta":"","stick-header-meta":"","header-above-stick-meta":"","header-main-stick-meta":"","header-below-stick-meta":"","astra-migrate-meta-layouts":"default","ast-page-background-enabled":"default","ast-page-background-meta":{"desktop":{"background-color":"","background-image":"","background-repeat":"repeat","background-position":"center center","background-size":"auto","background-attachment":"scroll","background-type":"","background-media":"","overlay-type":"","overlay-color":"","overlay-opacity":"","overlay-gradient":""},"tablet":{"background-color":"","background-image":"","background-repeat":"repeat","background-position":"center center","background-size":"auto","background-attachment":"scroll","background-type":"","background-media":"","overlay-type":"","overlay-color":"","overlay-opacity":"","overlay-gradient":""},"mobile":{"background-color":"","background-image":"","background-repeat":"repeat","background-position":"center center","background-size":"auto","background-attachment":"scroll","background-type":"","background-media":"","overlay-type":"","overlay-color":"","overlay-opacity":"","overlay-gradient":""}},"ast-content-background-meta":{"desktop":{"background-color":"var(--ast-global-color-5)","background-image":"","background-repeat":"repeat","background-position":"center center","background-size":"auto","background-attachment":"scroll","background-type":"","background-media":"","overlay-type":"","overlay-color":"","overlay-opacity":"","overlay-gradient":""},"tablet":{"background-color":"var(--ast-global-color-5)","background-image":"","background-repeat":"repeat","background-position":"center center","background-size":"auto","background-attachment":"scroll","background-type":"","background-media":"","overlay-type":"","overlay-color":"","overlay-opacity":"","overlay-gradient":""},"mobile":{"background-color":"var(--ast-global-color-5)","background-image":"","background-repeat":"repeat","background-position":"center center","background-size":"auto","background-attachment":"scroll","background-type":"","background-media":"","overlay-type":"","overlay-color":"","overlay-opacity":"","overlay-gradient":""}}},"breedte":[],"design-oppervlakte":[379],"design-opstelling":[369],"design-optie":[415,418,380,381],"diepte":[],"oppervlakte":[],"opstelling":[],"optie":[],"pijler":[],"product_brand":[],"product_cat":[384,371,417,372,375,419,374,373,382,383],"product_tag":[],"class_list":{"0":"post-15109","1":"product","2":"type-product","3":"status-publish","4":"has-post-thumbnail","6":"design-oppervlakte-25-40-m2-de","7":"design-opstelling-kopfstand","8":"design-optie-erhohter-boden","9":"design-optie-led-wand-de","10":"design-optie-schreibtisch","11":"design-optie-speisekammer","12":"product_cat-25-40-m2-de","13":"product_cat-entwurf","14":"product_cat-erhohter-boden","15":"product_cat-flache","16":"product_cat-kopfstand","17":"product_cat-led-wand-de","18":"product_cat-messestand-typ","19":"product_cat-optionen","20":"product_cat-schreibtisch","21":"product_cat-speisekammer","22":"desktop-align-left","23":"tablet-align-left","24":"mobile-align-left","26":"first","27":"instock","28":"shipping-taxable","29":"product-type-simple"},"acf":[],"_links":{"self":[{"href":"https:\/\/beurswand2026.webdeveloperz.nl\/de\/wp-json\/wp\/v2\/product\/15109","targetHints":{"allow":["GET"]}}],"collection":[{"href":"https:\/\/beurswand2026.webdeveloperz.nl\/de\/wp-json\/wp\/v2\/product"}],"about":[{"href":"https:\/\/beurswand2026.webdeveloperz.nl\/de\/wp-json\/wp\/v2\/types\/product"}],"replies":[{"embeddable":true,"href":"https:\/\/beurswand2026.webdeveloperz.nl\/de\/wp-json\/wp\/v2\/comments?post=15109"}],"version-history":[{"count":1,"href":"https:\/\/beurswand2026.webdeveloperz.nl\/de\/wp-json\/wp\/v2\/product\/15109\/revisions"}],"predecessor-version":[{"id":15811,"href":"https:\/\/beurswand2026.webdeveloperz.nl\/de\/wp-json\/wp\/v2\/product\/15109\/revisions\/15811"}],"wp:featuredmedia":[{"embeddable":true,"href":"https:\/\/beurswand2026.webdeveloperz.nl\/de\/wp-json\/wp\/v2\/media\/12165"}],"wp:attachment":[{"href":"https:\/\/beurswand2026.webdeveloperz.nl\/de\/wp-json\/wp\/v2\/media?parent=15109"}],"wp:term":[{"taxonomy":"breedte","embeddable":true,"href":"https:\/\/beurswand2026.webdeveloperz.nl\/de\/wp-json\/wp\/v2\/breedte?post=15109"},{"taxonomy":"design-oppervlakte","embeddable":true,"href":"https:\/\/beurswand2026.webdeveloperz.nl\/de\/wp-json\/wp\/v2\/design-oppervlakte?post=15109"},{"taxonomy":"design-opstelling","embeddable":true,"href":"https:\/\/beurswand2026.webdeveloperz.nl\/de\/wp-json\/wp\/v2\/design-opstelling?post=15109"},{"taxonomy":"design-optie","embeddable":true,"href":"https:\/\/beurswand2026.webdeveloperz.nl\/de\/wp-json\/wp\/v2\/design-optie?post=15109"},{"taxonomy":"diepte","embeddable":true,"href":"https:\/\/beurswand2026.webdeveloperz.nl\/de\/wp-json\/wp\/v2\/diepte?post=15109"},{"taxonomy":"oppervlakte","embeddable":true,"href":"https:\/\/beurswand2026.webdeveloperz.nl\/de\/wp-json\/wp\/v2\/oppervlakte?post=15109"},{"taxonomy":"opstelling","embeddable":true,"href":"https:\/\/beurswand2026.webdeveloperz.nl\/de\/wp-json\/wp\/v2\/opstelling?post=15109"},{"taxonomy":"optie","embeddable":true,"href":"https:\/\/beurswand2026.webdeveloperz.nl\/de\/wp-json\/wp\/v2\/optie?post=15109"},{"taxonomy":"pijler","embeddable":true,"href":"https:\/\/beurswand2026.webdeveloperz.nl\/de\/wp-json\/wp\/v2\/pijler?post=15109"},{"taxonomy":"product_brand","embeddable":true,"href":"https:\/\/beurswand2026.webdeveloperz.nl\/de\/wp-json\/wp\/v2\/product_brand?post=15109"},{"taxonomy":"product_cat","embeddable":true,"href":"https:\/\/beurswand2026.webdeveloperz.nl\/de\/wp-json\/wp\/v2\/product_cat?post=15109"},{"taxonomy":"product_tag","embeddable":true,"href":"https:\/\/beurswand2026.webdeveloperz.nl\/de\/wp-json\/wp\/v2\/product_tag?post=15109"}],"curies":[{"name":"wp","href":"https:\/\/api.w.org\/{rel}","templated":true}]}}